{"id":6931,"date":"2023-11-11T03:40:22","date_gmt":"2023-11-11T03:40:22","guid":{"rendered":"https:\/\/yume-silm.com\/?post_type=product&#038;p=6931"},"modified":"2024-05-11T07:04:50","modified_gmt":"2024-05-11T07:04:50","slug":"sutia-plus-size-com-botoes-frontais-push-up-e-suporte-lateral-2","status":"publish","type":"product","link":"https:\/\/yume-silm.com\/pt\/produto\/sutia-plus-size-com-botoes-frontais-push-up-e-suporte-lateral-2\/","title":{"rendered":"Suti\u00e3 el\u00e1stico sem costura feminino personaliz\u00e1vel por atacado"},"content":{"rendered":"<h5>Caracter\u00edsticas de design<\/h5>\n<ul>\n<li><strong>PROJETO SEM EMENDA:<\/strong> O design sem costuras da roupa \u00edntima levemente forrada permite que voc\u00ea desfrute de um ajuste suave para qualquer ocasi\u00e3o, proporcionando o m\u00e1ximo conforto.<\/li>\n<li><strong>TECIDO DE QUALIDADE PREMIUM:<\/strong> Nossos conjuntos de lingerie feminina com bojo grande s\u00e3o feitos com tecidos macios e respir\u00e1veis, el\u00e1sticos e dur\u00e1veis, adaptando-se ao formato do seu corpo e proporcionando conforto e durabilidade durante todo o dia.<\/li>\n<li><strong>LOGOTIPOS PERSONALIZ\u00c1VEIS:<\/strong> Adicione seu logotipo a esses conjuntos de lingerie feminina premium para aumentar o reconhecimento da marca ou o estilo pessoal.<\/li>\n<li><strong>FUN\u00c7\u00c3O VERS\u00c1TIL:<\/strong> Lingerie invis\u00edvel que permite que voc\u00ea a use diariamente sem nenhuma marca, ou voc\u00ea pode facilmente escond\u00ea-la sob seus vestidos e ternos favoritos. O conforto da roupa \u00edntima, que pode at\u00e9 ser usada enquanto voc\u00ea dorme, far\u00e1 voc\u00ea se apaixonar pela sensa\u00e7\u00e3o.<\/li>\n<li><strong>V\u00c1RIOS TAMANHOS DISPON\u00cdVEIS:<\/strong> Suti\u00e3 push-up triangular dispon\u00edvel em v\u00e1rios tamanhos para garantir um bom ajuste para todas.<\/li>\n<\/ul>\n<h6><em>Suti\u00e3 feminino sem costura, macio e confort\u00e1vel, com bojo grande<\/em><\/h6>\n<ul>\n<li>Este suti\u00e3 el\u00e1stico sem costura feminino personaliz\u00e1vel com pre\u00e7os competitivos de atacado e op\u00e7\u00f5es de personaliza\u00e7\u00e3o \u00e9 ideal para varejistas e promo\u00e7\u00f5es. Bem-vindo para comprar!<\/li>\n<\/ul>","protected":false},"excerpt":{"rendered":"<p>Eleve sua cole\u00e7\u00e3o de roupas \u00edntimas com nosso suti\u00e3 el\u00e1stico sem costura feminino personaliz\u00e1vel. Projetados para conforto e estilo, esses conjuntos oferecem a op\u00e7\u00e3o de adicionar seu logotipo, tornando-os perfeitos para promo\u00e7\u00e3o de marca ou personaliza\u00e7\u00e3o exclusiva.<\/p>","protected":false},"featured_media":6968,"comment_status":"open","ping_status":"closed","template":"","meta":{"site-sidebar-layout":"default","site-content-layout":"","ast-site-content-layout":"default","site-content-style":"default","site-sidebar-style":"default","ast-global-header-display":"","ast-banner-title-visibility":"","ast-main-header-display":"","ast-hfb-above-header-display":"","ast-hfb-below-header-display":"","ast-hfb-mobile-header-display":"","site-post-title":"","ast-breadcrumbs-content":"","ast-featured-img":"","footer-sml-layout":"","ast-disable-related-posts":"","theme-transparent-header-meta":"default","adv-header-id-meta":"","stick-header-meta":"default","header-above-stick-meta":"","header-main-stick-meta":"","header-below-stick-meta":"","astra-migrate-meta-layouts":"set","ast-page-background-enabled":"default","ast-page-background-meta":{"desktop":{"background-color":"","background-image":"","background-repeat":"repeat","background-position":"center center","background-size":"auto","background-attachment":"scroll","background-type":"","background-media":"","overlay-type":"","overlay-color":"","overlay-opacity":"","overlay-gradient":""},"tablet":{"background-color":"","background-image":"","background-repeat":"repeat","background-position":"center center","background-size":"auto","background-attachment":"scroll","background-type":"","background-media":"","overlay-type":"","overlay-color":"","overlay-opacity":"","overlay-gradient":""},"mobile":{"background-color":"","background-image":"","background-repeat":"repeat","background-position":"center center","background-size":"auto","background-attachment":"scroll","background-type":"","background-media":"","overlay-type":"","overlay-color":"","overlay-opacity":"","overlay-gradient":""}},"ast-content-background-meta":{"desktop":{"background-color":"var(--ast-global-color-5)","background-image":"","background-repeat":"repeat","background-position":"center center","background-size":"auto","background-attachment":"scroll","background-type":"","background-media":"","overlay-type":"","overlay-color":"","overlay-opacity":"","overlay-gradient":""},"tablet":{"background-color":"var(--ast-global-color-5)","background-image":"","background-repeat":"repeat","background-position":"center center","background-size":"auto","background-attachment":"scroll","background-type":"","background-media":"","overlay-type":"","overlay-color":"","overlay-opacity":"","overlay-gradient":""},"mobile":{"background-color":"var(--ast-global-color-5)","background-image":"","background-repeat":"repeat","background-position":"center center","background-size":"auto","background-attachment":"scroll","background-type":"","background-media":"","overlay-type":"","overlay-color":"","overlay-opacity":"","overlay-gradient":""}}},"product_brand":[],"product_cat":[76,259,583],"product_tag":[428,429,430],"class_list":{"0":"post-6931","1":"product","2":"type-product","3":"status-publish","4":"has-post-thumbnail","6":"product_cat-new-arrivels","7":"product_cat-lingerie","8":"product_cat-plus-size-underwear","9":"product_tag-customizable-underwear","10":"product_tag-leisure","11":"product_tag-push-up-bra","12":"pa_color-beige","13":"pa_color-black","14":"pa_color-coffee","15":"pa_color-pink","16":"pa_color-red","17":"pa_color-white","18":"pa_size-m-l","19":"pa_size-s-m","20":"desktop-align-center","21":"tablet-align-left","22":"mobile-align-left","23":"ast-product-gallery-layout-horizontal-slider","24":"ast-product-single-variable","25":"ast-product-tabs-layout-horizontal","26":"ast-qv-on-image","28":"first","29":"instock","30":"shipping-taxable","31":"purchasable","32":"product-type-variable"},"tiered_pricing_type":"fixed","tiered_pricing_fixed_rules":{"2":7.68,"30":7.39,"100":7.19},"tiered_pricing_product_settings":{"layout":"default","base_unit_name":{"singular":null,"plural":null},"default_variation":{}},"tiered_pricing_minimum_quantity":null,"tiered_pricing_roles_data":[],"tiered_pricing_percentage_rules":[],"_links":{"self":[{"href":"https:\/\/yume-silm.com\/pt\/wp-json\/wp\/v2\/product\/6931","targetHints":{"allow":["GET"]}}],"collection":[{"href":"https:\/\/yume-silm.com\/pt\/wp-json\/wp\/v2\/product"}],"about":[{"href":"https:\/\/yume-silm.com\/pt\/wp-json\/wp\/v2\/types\/product"}],"replies":[{"embeddable":true,"href":"https:\/\/yume-silm.com\/pt\/wp-json\/wp\/v2\/comments?post=6931"}],"wp:featuredmedia":[{"embeddable":true,"href":"https:\/\/yume-silm.com\/pt\/wp-json\/wp\/v2\/media\/6968"}],"wp:attachment":[{"href":"https:\/\/yume-silm.com\/pt\/wp-json\/wp\/v2\/media?parent=6931"}],"wp:term":[{"taxonomy":"product_brand","embeddable":true,"href":"https:\/\/yume-silm.com\/pt\/wp-json\/wp\/v2\/product_brand?post=6931"},{"taxonomy":"product_cat","embeddable":true,"href":"https:\/\/yume-silm.com\/pt\/wp-json\/wp\/v2\/product_cat?post=6931"},{"taxonomy":"product_tag","embeddable":true,"href":"https:\/\/yume-silm.com\/pt\/wp-json\/wp\/v2\/product_tag?post=6931"}],"curies":[{"name":"wp","href":"https:\/\/api.w.org\/{rel}","templated":true}]}}