{"id":6999,"date":"2023-11-11T06:53:51","date_gmt":"2023-11-11T06:53:51","guid":{"rendered":"https:\/\/yume-silm.com\/?post_type=product&#038;p=6999"},"modified":"2023-11-16T05:10:41","modified_gmt":"2023-11-16T05:10:41","slug":"shorts-masculinos-de-cintura-alta-para-controle-de-barriga-no-atacado","status":"publish","type":"product","link":"https:\/\/yume-silm.com\/pt\/produto\/shorts-masculinos-de-cintura-alta-para-controle-de-barriga-no-atacado\/","title":{"rendered":"Shorts masculinos com cintura alta ajust\u00e1vel para controle de barriga"},"content":{"rendered":"<h5>Caracter\u00edsticas de design<\/h5>\n<ul>\n<li>Design ajust\u00e1vel de cintura alta: o design de cintura alta de nossos shorts modeladores masculinos tem como alvo a \u00e1rea central para fornecer suporte e elasticidade, e o design exclusivo de cintura alta permite que voc\u00ea experimente uma curva de barriga mais suave e apertada. Com seu design ajust\u00e1vel, a modelagem ajust\u00e1vel \u00e9 f\u00e1cil e conveniente.<\/li>\n<li>ALMOFADAS DE BUTT REMOV\u00cdVEIS: Esses modeladores de compress\u00e3o t\u00eam borracha fixada na borda superior, tornando-os f\u00e1ceis de prender e evitando que escorreguem. N\u00e3o se preocupe em se espalhar devido ao movimento.<\/li>\n<li>ALMOFADAS DE QUADRIL REMOV\u00cdVEIS: Os quadris remov\u00edveis do modelador masculino de cintura alta para perda de peso podem dar a voc\u00ea uma apar\u00eancia geral rechonchuda, natural e atraente quando voc\u00ea usa roupas formais, camisas ou at\u00e9 mesmo roupas emagrecedoras como jeans por fora.<\/li>\n<li>SUPORTE 3D: Nossas cuecas boxer masculinas possuem design de virilha, suporte de bolsa 3D e aberturas de portas laterais, tornando-as f\u00e1ceis de colocar e tirar, fazendo voc\u00ea se sentir muito conveniente.<\/li>\n<li>Tamanho inclu\u00eddo: nossa roupa \u00edntima de compress\u00e3o para abdominoplastia est\u00e1 dispon\u00edvel em uma ampla variedade de tamanhos para se adequar a diferentes formatos e tamanhos de corpo. O tamanho flex\u00edvel e os recursos ajust\u00e1veis garantem um ajuste personalizado e os benef\u00edcios da modelagem, independentemente da silhueta \u00fanica.<\/li>\n<li>PERSONALIZAR: Podem ser personalizados com seu logotipo ou embalagem preferida, tornando-os ideais para branding ou produtos exclusivos.<\/li>\n<\/ul>\n<h6><em>Modelador masculino ajust\u00e1vel de cintura alta com almofadas de quadril remov\u00edveis<\/em><\/h6>\n<ul>\n<li>Nossos shorts masculinos ajust\u00e1veis com cintura alta e controle de barriga combinam funcionalidade e estilo, tornando-os ideais para atacadistas que buscam expandir sua gama de produtos modeladores masculinos. Encomende j\u00e1 e proporcione aos seus clientes um produto que alia conforto e efic\u00e1cia!<\/li>\n<\/ul>","protected":false},"excerpt":{"rendered":"<p>Enrique\u00e7a seu estoque de atacado com nossos shorts masculinos ajust\u00e1veis com controle de barriga de cintura alta e deixe seus clientes sentirem a combina\u00e7\u00e3o perfeita de discri\u00e7\u00e3o, conforto e confian\u00e7a em seu uso di\u00e1rio. Estes shorts modeladores s\u00e3o projetados para serem elegantes e de suporte sem esfor\u00e7o, permitindo que eles abracem o que t\u00eam de melhor.<\/p>","protected":false},"featured_media":7016,"comment_status":"open","ping_status":"closed","template":"","meta":{"site-sidebar-layout":"default","site-content-layout":"","ast-site-content-layout":"default","site-content-style":"default","site-sidebar-style":"default","ast-global-header-display":"","ast-banner-title-visibility":"","ast-main-header-display":"","ast-hfb-above-header-display":"","ast-hfb-below-header-display":"","ast-hfb-mobile-header-display":"","site-post-title":"","ast-breadcrumbs-content":"","ast-featured-img":"","footer-sml-layout":"","ast-disable-related-posts":"","theme-transparent-header-meta":"default","adv-header-id-meta":"","stick-header-meta":"default","header-above-stick-meta":"","header-main-stick-meta":"","header-below-stick-meta":"","astra-migrate-meta-layouts":"set","ast-page-background-enabled":"default","ast-page-background-meta":{"desktop":{"background-color":"","background-image":"","background-repeat":"repeat","background-position":"center center","background-size":"auto","background-attachment":"scroll","background-type":"","background-media":"","overlay-type":"","overlay-color":"","overlay-opacity":"","overlay-gradient":""},"tablet":{"background-color":"","background-image":"","background-repeat":"repeat","background-position":"center center","background-size":"auto","background-attachment":"scroll","background-type":"","background-media":"","overlay-type":"","overlay-color":"","overlay-opacity":"","overlay-gradient":""},"mobile":{"background-color":"","background-image":"","background-repeat":"repeat","background-position":"center center","background-size":"auto","background-attachment":"scroll","background-type":"","background-media":"","overlay-type":"","overlay-color":"","overlay-opacity":"","overlay-gradient":""}},"ast-content-background-meta":{"desktop":{"background-color":"var(--ast-global-color-5)","background-image":"","background-repeat":"repeat","background-position":"center center","background-size":"auto","background-attachment":"scroll","background-type":"","background-media":"","overlay-type":"","overlay-color":"","overlay-opacity":"","overlay-gradient":""},"tablet":{"background-color":"var(--ast-global-color-5)","background-image":"","background-repeat":"repeat","background-position":"center center","background-size":"auto","background-attachment":"scroll","background-type":"","background-media":"","overlay-type":"","overlay-color":"","overlay-opacity":"","overlay-gradient":""},"mobile":{"background-color":"var(--ast-global-color-5)","background-image":"","background-repeat":"repeat","background-position":"center center","background-size":"auto","background-attachment":"scroll","background-type":"","background-media":"","overlay-type":"","overlay-color":"","overlay-opacity":"","overlay-gradient":""}}},"product_brand":[],"product_cat":[85,87],"product_tag":[412,413,410,414,411],"class_list":{"0":"post-6999","1":"product","2":"type-product","3":"status-publish","4":"has-post-thumbnail","6":"product_cat-wholesale-mens-shapewear","7":"product_cat-wholesale-men-control-panties","8":"product_tag-body-shaping","9":"product_tag-fitness","10":"product_tag-mens-shapewear","11":"product_tag-shaping-shorts","12":"product_tag-sports","13":"pa_color-black","14":"pa_size-4xl","15":"pa_size-5xl","16":"pa_size-6xl","17":"pa_size-l","18":"pa_size-m","19":"pa_size-s","20":"pa_size-xl","21":"pa_size-xxl","22":"pa_size-xxxl","23":"desktop-align-center","24":"tablet-align-left","25":"mobile-align-left","26":"ast-product-gallery-layout-horizontal-slider","27":"ast-product-single-variable","28":"ast-product-tabs-layout-horizontal","29":"ast-qv-on-image","31":"first","32":"instock","33":"shipping-taxable","34":"purchasable","35":"product-type-variable"},"tiered_pricing_type":"fixed","tiered_pricing_fixed_rules":{"2":8.69,"30":8.09,"500":6.79},"tiered_pricing_product_settings":{"layout":"default","base_unit_name":{"singular":null,"plural":null},"default_variation":{}},"tiered_pricing_minimum_quantity":null,"tiered_pricing_roles_data":[],"tiered_pricing_percentage_rules":[],"_links":{"self":[{"href":"https:\/\/yume-silm.com\/pt\/wp-json\/wp\/v2\/product\/6999","targetHints":{"allow":["GET"]}}],"collection":[{"href":"https:\/\/yume-silm.com\/pt\/wp-json\/wp\/v2\/product"}],"about":[{"href":"https:\/\/yume-silm.com\/pt\/wp-json\/wp\/v2\/types\/product"}],"replies":[{"embeddable":true,"href":"https:\/\/yume-silm.com\/pt\/wp-json\/wp\/v2\/comments?post=6999"}],"wp:featuredmedia":[{"embeddable":true,"href":"https:\/\/yume-silm.com\/pt\/wp-json\/wp\/v2\/media\/7016"}],"wp:attachment":[{"href":"https:\/\/yume-silm.com\/pt\/wp-json\/wp\/v2\/media?parent=6999"}],"wp:term":[{"taxonomy":"product_brand","embeddable":true,"href":"https:\/\/yume-silm.com\/pt\/wp-json\/wp\/v2\/product_brand?post=6999"},{"taxonomy":"product_cat","embeddable":true,"href":"https:\/\/yume-silm.com\/pt\/wp-json\/wp\/v2\/product_cat?post=6999"},{"taxonomy":"product_tag","embeddable":true,"href":"https:\/\/yume-silm.com\/pt\/wp-json\/wp\/v2\/product_tag?post=6999"}],"curies":[{"name":"wp","href":"https:\/\/api.w.org\/{rel}","templated":true}]}}