{"id":7017,"date":"2023-11-11T07:28:13","date_gmt":"2023-11-11T07:28:13","guid":{"rendered":"https:\/\/yume-silm.com\/?post_type=product&#038;p=7017"},"modified":"2024-05-11T05:54:11","modified_gmt":"2024-05-11T05:54:11","slug":"atacado-plus-size-treinador-de-cintura-de-latex-de-dupla-camada-com-ziper","status":"publish","type":"product","link":"https:\/\/yume-silm.com\/pt\/produto\/atacado-plus-size-treinador-de-cintura-de-latex-de-dupla-camada-com-ziper\/","title":{"rendered":"Treinador de cintura de l\u00e1tex de camada dupla por atacado com z\u00edper"},"content":{"rendered":"<h5>Caracter\u00edsticas de design<\/h5>\n<ul>\n<li><strong>COMPRESS\u00c3O DUPLA PARA MODELAR:<\/strong> A camada interna do modelador de cintura com z\u00edper possui um fecho de gancho e olho para f\u00e1cil ajuste para se ajustar ao seu corpo o mais pr\u00f3ximo poss\u00edvel. A camada externa do modelador de cintura com z\u00edper \u00e9 projetada com z\u00edper para obter compress\u00e3o de camada dupla, refor\u00e7ando o suporte e achatando sua barriga rapidamente.<\/li>\n<li><strong>CONFORT\u00c1VEL E RESPIR\u00c1VEL:<\/strong> O tensor de cintura feminino tem pequenos orif\u00edcios, tornando-o confort\u00e1vel e respir\u00e1vel. Mesmo durante atividades intensas, mant\u00e9m uma boa transpira\u00e7\u00e3o e n\u00e3o \u00e9 pegajoso. A cinta modeladora \u00e9 feita de l\u00e1tex de alta qualidade, que \u00e9 dur\u00e1vel e el\u00e1stico para se mover com o corpo e se adapta melhor \u00e0 pele para m\u00e1ximo conforto.<\/li>\n<li><strong>POSTURA MELHORADA:<\/strong> O treinador de cintura de l\u00e1tex de camada dupla plus size com z\u00edper ajuda a apoiar as costas e promove a postura adequada, adequado para usar durante treinos ou atividades di\u00e1rias. Enquanto isso, este modelador de cintura feminino ajuda voc\u00ea a aparar instantaneamente a cintura e tamb\u00e9m auxilia na perda de peso.<\/li>\n<li><strong>TAMANHO INCLUSIVO:<\/strong> Espartilho de treino de cintura, v\u00e1rios tamanhos para voc\u00ea escolher como quiser. Adicionando opcionalidade para pessoas plus size para garantir um uso confort\u00e1vel e bem ajustado. Projetado para figuras curvil\u00edneas, acentua as curvas naturais ao mesmo tempo que fornece suporte superior.<\/li>\n<li><strong>DESCONTOS POR VOLUME:<\/strong> Compre no atacado e aproveite pre\u00e7os competitivos e descontos atraentes por volume para maximizar os lucros do seu neg\u00f3cio.<\/li>\n<\/ul>\n<h6><em>Apertador de cintura modelador de corpo feminino<\/em><\/h6>\n<ul>\n<li>Nosso revolucion\u00e1rio treinador de cintura de l\u00e1tex de camada dupla plus size com z\u00edper \u00e9 essencial para atacadistas que desejam oferecer produtos de modelagem corporal de qualidade, confort\u00e1veis e eficazes. Perfeito para treinadores de cintura que procuram uma combina\u00e7\u00e3o de moda e fun\u00e7\u00e3o. Apare instantaneamente sua cintura e tenha uma cintura mais fina.<\/li>\n<\/ul>","protected":false},"excerpt":{"rendered":"<p>Melhore a sua cole\u00e7\u00e3o de modeladores com nosso modelador de cintura de l\u00e1tex de camada dupla com z\u00edper. Perfeito para treinadores de cintura que procuram uma combina\u00e7\u00e3o de moda e fun\u00e7\u00e3o. Apare instantaneamente sua cintura e tenha uma cintura mais fina.<\/p>","protected":false},"featured_media":7031,"comment_status":"open","ping_status":"closed","template":"","meta":{"site-sidebar-layout":"default","site-content-layout":"","ast-site-content-layout":"default","site-content-style":"default","site-sidebar-style":"default","ast-global-header-display":"","ast-banner-title-visibility":"","ast-main-header-display":"","ast-hfb-above-header-display":"","ast-hfb-below-header-display":"","ast-hfb-mobile-header-display":"","site-post-title":"","ast-breadcrumbs-content":"","ast-featured-img":"","footer-sml-layout":"","ast-disable-related-posts":"","theme-transparent-header-meta":"default","adv-header-id-meta":"","stick-header-meta":"default","header-above-stick-meta":"","header-main-stick-meta":"","header-below-stick-meta":"","astra-migrate-meta-layouts":"set","ast-page-background-enabled":"default","ast-page-background-meta":{"desktop":{"background-color":"","background-image":"","background-repeat":"repeat","background-position":"center center","background-size":"auto","background-attachment":"scroll","background-type":"","background-media":"","overlay-type":"","overlay-color":"","overlay-opacity":"","overlay-gradient":""},"tablet":{"background-color":"","background-image":"","background-repeat":"repeat","background-position":"center center","background-size":"auto","background-attachment":"scroll","background-type":"","background-media":"","overlay-type":"","overlay-color":"","overlay-opacity":"","overlay-gradient":""},"mobile":{"background-color":"","background-image":"","background-repeat":"repeat","background-position":"center center","background-size":"auto","background-attachment":"scroll","background-type":"","background-media":"","overlay-type":"","overlay-color":"","overlay-opacity":"","overlay-gradient":""}},"ast-content-background-meta":{"desktop":{"background-color":"var(--ast-global-color-5)","background-image":"","background-repeat":"repeat","background-position":"center center","background-size":"auto","background-attachment":"scroll","background-type":"","background-media":"","overlay-type":"","overlay-color":"","overlay-opacity":"","overlay-gradient":""},"tablet":{"background-color":"var(--ast-global-color-5)","background-image":"","background-repeat":"repeat","background-position":"center center","background-size":"auto","background-attachment":"scroll","background-type":"","background-media":"","overlay-type":"","overlay-color":"","overlay-opacity":"","overlay-gradient":""},"mobile":{"background-color":"var(--ast-global-color-5)","background-image":"","background-repeat":"repeat","background-position":"center center","background-size":"auto","background-attachment":"scroll","background-type":"","background-media":"","overlay-type":"","overlay-color":"","overlay-opacity":"","overlay-gradient":""}}},"product_brand":[],"product_cat":[90,93],"product_tag":[415,416,417,418,185],"class_list":{"0":"post-7017","1":"product","2":"type-product","3":"status-publish","4":"has-post-thumbnail","6":"product_cat-wholesale-waist-trainer","7":"product_cat-wholesale-plus-size-waist-trainer","8":"product_tag-lose-weight","9":"product_tag-shapewear","10":"product_tag-slim-fit","11":"product_tag-womens-waist-trainer","12":"product_tag-workout","13":"pa_color-beige","14":"pa_color-black","15":"pa_size-l","16":"pa_size-m","17":"pa_size-s","18":"pa_size-xl","19":"pa_size-xxl","20":"pa_size-xxxl","21":"desktop-align-center","22":"tablet-align-left","23":"mobile-align-left","24":"ast-product-gallery-layout-horizontal-slider","25":"ast-product-single-variable","26":"ast-product-tabs-layout-horizontal","27":"ast-qv-on-image","29":"first","30":"instock","31":"shipping-taxable","32":"purchasable","33":"product-type-variable"},"tiered_pricing_type":"fixed","tiered_pricing_fixed_rules":{"2":11.19,"30":10.19,"100":9.69},"tiered_pricing_product_settings":{"layout":"default","base_unit_name":{"singular":null,"plural":null},"default_variation":{}},"tiered_pricing_minimum_quantity":null,"tiered_pricing_roles_data":[],"tiered_pricing_percentage_rules":[],"_links":{"self":[{"href":"https:\/\/yume-silm.com\/pt\/wp-json\/wp\/v2\/product\/7017","targetHints":{"allow":["GET"]}}],"collection":[{"href":"https:\/\/yume-silm.com\/pt\/wp-json\/wp\/v2\/product"}],"about":[{"href":"https:\/\/yume-silm.com\/pt\/wp-json\/wp\/v2\/types\/product"}],"replies":[{"embeddable":true,"href":"https:\/\/yume-silm.com\/pt\/wp-json\/wp\/v2\/comments?post=7017"}],"wp:featuredmedia":[{"embeddable":true,"href":"https:\/\/yume-silm.com\/pt\/wp-json\/wp\/v2\/media\/7031"}],"wp:attachment":[{"href":"https:\/\/yume-silm.com\/pt\/wp-json\/wp\/v2\/media?parent=7017"}],"wp:term":[{"taxonomy":"product_brand","embeddable":true,"href":"https:\/\/yume-silm.com\/pt\/wp-json\/wp\/v2\/product_brand?post=7017"},{"taxonomy":"product_cat","embeddable":true,"href":"https:\/\/yume-silm.com\/pt\/wp-json\/wp\/v2\/product_cat?post=7017"},{"taxonomy":"product_tag","embeddable":true,"href":"https:\/\/yume-silm.com\/pt\/wp-json\/wp\/v2\/product_tag?post=7017"}],"curies":[{"name":"wp","href":"https:\/\/api.w.org\/{rel}","templated":true}]}}