{"id":7050,"date":"2023-11-11T09:23:43","date_gmt":"2023-11-11T09:23:43","guid":{"rendered":"https:\/\/yume-silm.com\/?post_type=product&#038;p=7050"},"modified":"2023-11-17T06:22:57","modified_gmt":"2023-11-17T06:22:57","slug":"atacado-calcinha-modeladora-de-bumbum-com-acabamento-em-renda","status":"publish","type":"product","link":"https:\/\/yume-silm.com\/pt\/produto\/atacado-calcinha-modeladora-de-bumbum-com-acabamento-em-renda\/","title":{"rendered":"Venda por atacado de calcinha modeladora de bunda com acabamento em renda"},"content":{"rendered":"<h5>Caracter\u00edsticas de design<\/h5>\n<ul>\n<li>TEMPO DE RENDA ELEGANTE: O delicado detalhe de acabamento em renda no short modelador de barriga adiciona um toque de suavidade e sofistica\u00e7\u00e3o ao seu modelador. Adiciona um toque de feminilidade e real\u00e7a a beleza.<\/li>\n<li>Levantamento e modelagem do quadril: abdominais e roupas \u00edntimas para levantar o quadril podem efetivamente levantar suas n\u00e1degas e achatar sua barriga. Molde facilmente uma silhueta atraente e sedutora. O design da roupa \u00edntima sem costuras garante uma apar\u00eancia suave sob qualquer roupa, mantendo o usu\u00e1rio confiante e confort\u00e1vel durante todo o dia.<\/li>\n<li>Ajuste suave: os shorts modeladores de cintura m\u00e9dia s\u00e3o feitos de tecido de alta qualidade que \u00e9 macio, macio, el\u00e1stico e dur\u00e1vel e confort\u00e1vel para uso o dia todo. O design anti-ondula\u00e7\u00e3o da cueca modeladora garante que a calcinha ficar\u00e1 no lugar.<\/li>\n<li>RECEBA CONFIAN\u00c7A: Estas calcinhas femininas para levantar o bumbum s\u00e3o bem feitas com efeito modelador direcionado para acentuar as curvas naturais, melhorar instantaneamente as curvas e proporcionar um efeito lifting sutil. Usar calcinha modeladora de bumbum com acabamento em renda sob vestidos e jeans enquanto participa de casamentos, festas, bailes e outros eventos sociais deixar\u00e1 voc\u00ea mais bonita e confiante.<\/li>\n<\/ul>\n<h6><em>Calcinha feminina sexy de renda com levantamento de quadril e abdominoplastia<\/em><\/h6>\n<ul>\n<li>Nosso pre\u00e7o de atacado exclusivo e com pre\u00e7os competitivos nesta roupa \u00edntima modeladora de renda feminina permite que voc\u00ea forne\u00e7a aos seus clientes produtos procurados e de alta qualidade enquanto maximiza os lucros.<\/li>\n<li>Nossas calcinhas modeladoras de bumbum com acabamento em renda s\u00e3o a melhor escolha para atacadistas oferecerem roupas \u00edntimas modeladoras de alta qualidade, modernas e funcionais. \u00c9 a solu\u00e7\u00e3o ideal para modelagem corporal para clientes que buscam conforto e eleg\u00e2ncia. Encomende agora para oferecer a combina\u00e7\u00e3o perfeita de praticidade e moda!<\/li>\n<\/ul>","protected":false},"excerpt":{"rendered":"<p>Quer eleg\u00e2ncia e confian\u00e7a? Melhore a sua silhueta com a nossa calcinha modeladora de bumbum com acabamento em renda. Projetada para moldar e real\u00e7ar suas curvas, esta calcinha oferece a combina\u00e7\u00e3o perfeita de conforto, estilo e confian\u00e7a.<\/p>","protected":false},"featured_media":7069,"comment_status":"open","ping_status":"closed","template":"","meta":{"site-sidebar-layout":"default","site-content-layout":"","ast-site-content-layout":"default","site-content-style":"default","site-sidebar-style":"default","ast-global-header-display":"","ast-banner-title-visibility":"","ast-main-header-display":"","ast-hfb-above-header-display":"","ast-hfb-below-header-display":"","ast-hfb-mobile-header-display":"","site-post-title":"","ast-breadcrumbs-content":"","ast-featured-img":"","footer-sml-layout":"","ast-disable-related-posts":"","theme-transparent-header-meta":"default","adv-header-id-meta":"","stick-header-meta":"default","header-above-stick-meta":"","header-main-stick-meta":"","header-below-stick-meta":"","astra-migrate-meta-layouts":"set","ast-page-background-enabled":"default","ast-page-background-meta":{"desktop":{"background-color":"","background-image":"","background-repeat":"repeat","background-position":"center center","background-size":"auto","background-attachment":"scroll","background-type":"","background-media":"","overlay-type":"","overlay-color":"","overlay-opacity":"","overlay-gradient":""},"tablet":{"background-color":"","background-image":"","background-repeat":"repeat","background-position":"center center","background-size":"auto","background-attachment":"scroll","background-type":"","background-media":"","overlay-type":"","overlay-color":"","overlay-opacity":"","overlay-gradient":""},"mobile":{"background-color":"","background-image":"","background-repeat":"repeat","background-position":"center center","background-size":"auto","background-attachment":"scroll","background-type":"","background-media":"","overlay-type":"","overlay-color":"","overlay-opacity":"","overlay-gradient":""}},"ast-content-background-meta":{"desktop":{"background-color":"var(--ast-global-color-5)","background-image":"","background-repeat":"repeat","background-position":"center center","background-size":"auto","background-attachment":"scroll","background-type":"","background-media":"","overlay-type":"","overlay-color":"","overlay-opacity":"","overlay-gradient":""},"tablet":{"background-color":"var(--ast-global-color-5)","background-image":"","background-repeat":"repeat","background-position":"center center","background-size":"auto","background-attachment":"scroll","background-type":"","background-media":"","overlay-type":"","overlay-color":"","overlay-opacity":"","overlay-gradient":""},"mobile":{"background-color":"var(--ast-global-color-5)","background-image":"","background-repeat":"repeat","background-position":"center center","background-size":"auto","background-attachment":"scroll","background-type":"","background-media":"","overlay-type":"","overlay-color":"","overlay-opacity":"","overlay-gradient":""}}},"product_brand":[],"product_cat":[77,80],"product_tag":[423,416,396],"class_list":{"0":"post-7050","1":"product","2":"type-product","3":"status-publish","4":"has-post-thumbnail","6":"product_cat-wholesale-womens-shapewear","7":"product_cat-wholesale-butt-lift-underwear","8":"product_tag-hip-lifting-panties","9":"product_tag-shapewear","10":"product_tag-womens-underwear","11":"pa_color-beige","12":"pa_color-black","13":"pa_size-l","14":"pa_size-m","15":"pa_size-s","16":"pa_size-xl","17":"pa_size-xxl","18":"pa_size-xxxl","19":"desktop-align-center","20":"tablet-align-left","21":"mobile-align-left","22":"ast-product-gallery-layout-horizontal-slider","23":"ast-product-single-variable","24":"ast-product-tabs-layout-horizontal","25":"ast-qv-on-image","27":"first","28":"instock","29":"shipping-taxable","30":"purchasable","31":"product-type-variable"},"tiered_pricing_type":"fixed","tiered_pricing_fixed_rules":{"2":8.99,"50":8.69,"300":7.99},"tiered_pricing_product_settings":{"layout":"default","base_unit_name":{"singular":null,"plural":null},"default_variation":null},"tiered_pricing_minimum_quantity":null,"tiered_pricing_roles_data":[],"tiered_pricing_percentage_rules":[],"_links":{"self":[{"href":"https:\/\/yume-silm.com\/pt\/wp-json\/wp\/v2\/product\/7050","targetHints":{"allow":["GET"]}}],"collection":[{"href":"https:\/\/yume-silm.com\/pt\/wp-json\/wp\/v2\/product"}],"about":[{"href":"https:\/\/yume-silm.com\/pt\/wp-json\/wp\/v2\/types\/product"}],"replies":[{"embeddable":true,"href":"https:\/\/yume-silm.com\/pt\/wp-json\/wp\/v2\/comments?post=7050"}],"wp:featuredmedia":[{"embeddable":true,"href":"https:\/\/yume-silm.com\/pt\/wp-json\/wp\/v2\/media\/7069"}],"wp:attachment":[{"href":"https:\/\/yume-silm.com\/pt\/wp-json\/wp\/v2\/media?parent=7050"}],"wp:term":[{"taxonomy":"product_brand","embeddable":true,"href":"https:\/\/yume-silm.com\/pt\/wp-json\/wp\/v2\/product_brand?post=7050"},{"taxonomy":"product_cat","embeddable":true,"href":"https:\/\/yume-silm.com\/pt\/wp-json\/wp\/v2\/product_cat?post=7050"},{"taxonomy":"product_tag","embeddable":true,"href":"https:\/\/yume-silm.com\/pt\/wp-json\/wp\/v2\/product_tag?post=7050"}],"curies":[{"name":"wp","href":"https:\/\/api.w.org\/{rel}","templated":true}]}}