{"id":7172,"date":"2023-11-30T06:19:20","date_gmt":"2023-11-30T06:19:20","guid":{"rendered":"https:\/\/yume-silm.com\/?post_type=product&#038;p=7172"},"modified":"2024-05-09T02:58:26","modified_gmt":"2024-05-09T02:58:26","slug":"body-modelador-feminino-plus-size-em-renda","status":"publish","type":"product","link":"https:\/\/yume-silm.com\/pt\/produto\/body-modelador-feminino-plus-size-em-renda\/","title":{"rendered":"Bodysuit feminino de renda plus size por atacado"},"content":{"rendered":"<h5>Caracter\u00edsticas de design<\/h5>\n<ul>\n<li><strong>RENDA:<\/strong> Nossas requintadas meias-cal\u00e7as de renda real\u00e7am e acentuam facilmente a beleza do busto, quadris e curvas da barriga. Aumente a sua confian\u00e7a enquanto desfruta do m\u00e1ximo conforto e eleg\u00e2ncia elegante.<\/li>\n<li><strong>AL\u00c7AS DE DUAS VIAS:<\/strong> Nosso modelador possui al\u00e7as que permitem o uso bidirecional. Proporcionando um caimento personalizado, projetando a forma como voc\u00ea usa no dia a dia com seu humor, cheio de design e est\u00e9tica. Seja seu pr\u00f3prio designer!<\/li>\n<li><strong>CONFORT\u00c1VEL E LEVE:<\/strong> O modelador \u00e9 feito de material de poli\u00e9ster de alta qualidade, leve e respir\u00e1vel, el\u00e1stico e justo. N\u00e3o h\u00e1 sensa\u00e7\u00e3o de aperto ou amarra\u00e7\u00e3o, experimente o m\u00e1ximo conforto. Voc\u00ea se sentir\u00e1 fresco e confort\u00e1vel dia e noite.<\/li>\n<li><strong>V\u00c1RIOS TAMANHOS:<\/strong> Nossos modeladores v\u00eam em uma variedade de tamanhos para voc\u00ea escolher. Mesmo em tamanhos extra grandes, podemos atender facilmente \u00e0s suas necessidades. \u00c9 f\u00e1cil encontrar o seu tamanho!<\/li>\n<li><strong>MODA E VERS\u00c1TIL:<\/strong> Adquira um dos nossos macac\u00f5es shapewear e tenha a eleg\u00e2ncia e o conforto de us\u00e1-lo ao mesmo tempo. Abrace a sua silhueta, sinta-se no seu melhor e sinta-se confiante em cada passo do caminho. Quer voc\u00ea o use como uma camada inferior para seu vestido de noiva ou sozinho, com jeans, etc., este body modelador de renda plus size atender\u00e1 \u00e0s suas vers\u00e1teis necessidades de moda.<\/li>\n<\/ul>\n<h6><em>Body feminino que aperta a barriga e modela o corpo<\/em><\/h6>\n<ul>\n<li>Mostre confian\u00e7a e eleg\u00e2ncia em nosso body modelador plus size de renda \u2013 uma mistura harmoniosa de estilo e suporte modelador. Abrace as suas curvas, exiba a sua confian\u00e7a e deleite-se com a beleza da sua silhueta, que \u00e9 elegantemente real\u00e7ada por esta pe\u00e7a requintada.<\/li>\n<\/ul>","protected":false},"excerpt":{"rendered":"<p>Ainda est\u00e1 preocupado com que tipo de lingerie modeladora escolher? Escolha nossos macac\u00f5es modeladores plus size de renda para o m\u00e1ximo em conforto f\u00edsico e estilo, modelando e abra\u00e7ando instantaneamente as curvas naturais do seu corpo!<\/p>","protected":false},"featured_media":7173,"comment_status":"open","ping_status":"closed","template":"","meta":{"site-sidebar-layout":"default","site-content-layout":"","ast-site-content-layout":"default","site-content-style":"default","site-sidebar-style":"default","ast-global-header-display":"","ast-banner-title-visibility":"","ast-main-header-display":"","ast-hfb-above-header-display":"","ast-hfb-below-header-display":"","ast-hfb-mobile-header-display":"","site-post-title":"","ast-breadcrumbs-content":"","ast-featured-img":"","footer-sml-layout":"","ast-disable-related-posts":"","theme-transparent-header-meta":"default","adv-header-id-meta":"","stick-header-meta":"default","header-above-stick-meta":"","header-main-stick-meta":"","header-below-stick-meta":"","astra-migrate-meta-layouts":"set","ast-page-background-enabled":"default","ast-page-background-meta":{"desktop":{"background-color":"","background-image":"","background-repeat":"repeat","background-position":"center center","background-size":"auto","background-attachment":"scroll","background-type":"","background-media":"","overlay-type":"","overlay-color":"","overlay-opacity":"","overlay-gradient":""},"tablet":{"background-color":"","background-image":"","background-repeat":"repeat","background-position":"center center","background-size":"auto","background-attachment":"scroll","background-type":"","background-media":"","overlay-type":"","overlay-color":"","overlay-opacity":"","overlay-gradient":""},"mobile":{"background-color":"","background-image":"","background-repeat":"repeat","background-position":"center center","background-size":"auto","background-attachment":"scroll","background-type":"","background-media":"","overlay-type":"","overlay-color":"","overlay-opacity":"","overlay-gradient":""}},"ast-content-background-meta":{"desktop":{"background-color":"var(--ast-global-color-5)","background-image":"","background-repeat":"repeat","background-position":"center center","background-size":"auto","background-attachment":"scroll","background-type":"","background-media":"","overlay-type":"","overlay-color":"","overlay-opacity":"","overlay-gradient":""},"tablet":{"background-color":"var(--ast-global-color-5)","background-image":"","background-repeat":"repeat","background-position":"center center","background-size":"auto","background-attachment":"scroll","background-type":"","background-media":"","overlay-type":"","overlay-color":"","overlay-opacity":"","overlay-gradient":""},"mobile":{"background-color":"var(--ast-global-color-5)","background-image":"","background-repeat":"repeat","background-position":"center center","background-size":"auto","background-attachment":"scroll","background-type":"","background-media":"","overlay-type":"","overlay-color":"","overlay-opacity":"","overlay-gradient":""}}},"product_brand":[],"product_cat":[65,77,82],"product_tag":[442,441,443,444],"class_list":{"0":"post-7172","1":"product","2":"type-product","3":"status-publish","4":"has-post-thumbnail","6":"product_cat-best-sellers","7":"product_cat-wholesale-womens-shapewear","8":"product_cat-wholesale-shapewear-bodysuit","9":"product_tag-plus-size-shapewear","10":"product_tag-shapewear-bodysuits","11":"product_tag-shapewear-wholesale","12":"product_tag-womens-shapewear","13":"pa_color-beige-with-lace","14":"pa_color-black-with-lace","15":"pa_size-4xl","16":"pa_size-l","17":"pa_size-m","18":"pa_size-s","19":"pa_size-xl","20":"pa_size-xxl","21":"pa_size-xxxl","22":"desktop-align-center","23":"tablet-align-left","24":"mobile-align-left","25":"ast-product-gallery-layout-horizontal-slider","26":"ast-product-single-variable","27":"ast-product-tabs-layout-horizontal","28":"ast-qv-on-image","30":"first","31":"instock","32":"shipping-taxable","33":"purchasable","34":"product-type-variable"},"tiered_pricing_type":"fixed","tiered_pricing_fixed_rules":{"2":9.85,"50":8.6,"100":7.4},"tiered_pricing_product_settings":{"layout":"default","base_unit_name":{"singular":null,"plural":null},"default_variation":null},"tiered_pricing_minimum_quantity":null,"tiered_pricing_roles_data":[],"tiered_pricing_percentage_rules":[],"_links":{"self":[{"href":"https:\/\/yume-silm.com\/pt\/wp-json\/wp\/v2\/product\/7172","targetHints":{"allow":["GET"]}}],"collection":[{"href":"https:\/\/yume-silm.com\/pt\/wp-json\/wp\/v2\/product"}],"about":[{"href":"https:\/\/yume-silm.com\/pt\/wp-json\/wp\/v2\/types\/product"}],"replies":[{"embeddable":true,"href":"https:\/\/yume-silm.com\/pt\/wp-json\/wp\/v2\/comments?post=7172"}],"wp:featuredmedia":[{"embeddable":true,"href":"https:\/\/yume-silm.com\/pt\/wp-json\/wp\/v2\/media\/7173"}],"wp:attachment":[{"href":"https:\/\/yume-silm.com\/pt\/wp-json\/wp\/v2\/media?parent=7172"}],"wp:term":[{"taxonomy":"product_brand","embeddable":true,"href":"https:\/\/yume-silm.com\/pt\/wp-json\/wp\/v2\/product_brand?post=7172"},{"taxonomy":"product_cat","embeddable":true,"href":"https:\/\/yume-silm.com\/pt\/wp-json\/wp\/v2\/product_cat?post=7172"},{"taxonomy":"product_tag","embeddable":true,"href":"https:\/\/yume-silm.com\/pt\/wp-json\/wp\/v2\/product_tag?post=7172"}],"curies":[{"name":"wp","href":"https:\/\/api.w.org\/{rel}","templated":true}]}}