{"id":7325,"date":"2023-12-25T08:50:45","date_gmt":"2023-12-25T08:50:45","guid":{"rendered":"https:\/\/yume-silm.com\/?post_type=product&#038;p=7325"},"modified":"2024-04-25T05:10:08","modified_gmt":"2024-04-25T05:10:08","slug":"shapewear-de-camisa-de-compressao-sem-costura-masculina","status":"publish","type":"product","link":"https:\/\/yume-silm.com\/pt\/produto\/shapewear-de-camisa-de-compressao-sem-costura-masculina\/","title":{"rendered":"Camisa de compress\u00e3o sem costura masculina por atacado Shapewear Top"},"content":{"rendered":"<h5>Caracter\u00edsticas de design<\/h5>\n<ul>\n<li data-slate-node=\"element\"><span class=\"\" data-slate-node=\"text\"><span class=\"181\" data-slate-leaf=\"true\"><span data-slate-string=\"true\"><strong>Modelagem corporal perfeita:<\/strong> A regata de ginecomastia utiliza tecnologia avan\u00e7ada de compress\u00e3o sem costura para fornecer linhas instantaneamente mais proeminentes e uma apar\u00eancia mais confiante. <\/span><\/span><\/span><span data-slate-node=\"text\"><span class=\"182\" data-slate-leaf=\"true\">Seja modelando sua barriga ou melhorando sua postura, faz maravilhas.<\/span><\/span><\/li>\n<li data-slate-node=\"element\"><span class=\"\" data-slate-node=\"text\"><span class=\"201\" data-slate-leaf=\"true\"><span data-slate-string=\"true\"><strong>AJUSTE CONFORT\u00c1VEL:<\/strong> N\u00e3o tolere o desconforto de tentar moldar o seu corpo! <\/span><\/span><\/span><span class=\"\" data-slate-node=\"text\"><span class=\"202\" data-slate-leaf=\"true\"><span data-slate-string=\"true\">Nosso modelador mais fino com controle de barriga \u00e9 feito de tecidos macios de alta qualidade que se ajustam perfeitamente \u00e0 pele enquanto permanecem respir\u00e1veis, permitindo que voc\u00ea os use com facilidade.<\/span><\/span><\/span><\/li>\n<li data-slate-node=\"element\"><span class=\"\" data-slate-node=\"text\"><span class=\"221\" data-slate-leaf=\"true\"><span data-slate-string=\"true\"><strong>INVIS\u00cdVEL E SEM TRA\u00c7OS:<\/strong> Mesmo no trabalho, na pr\u00e1tica de esportes ou no dia a dia, as regatas modeladoras se ajustam ao seu corpo de forma invis\u00edvel e perfeita, permitindo que voc\u00ea se sinta confort\u00e1vel em todos os tipos de roupas sem deixar vest\u00edgios.<\/span><\/span><\/span><\/li>\n<li data-slate-node=\"element\"><span class=\"\" data-slate-node=\"text\"><span class=\"241\" data-slate-leaf=\"true\"><span data-slate-string=\"true\"><strong>COMBINA\u00c7\u00c3O VERS\u00c1TIL:<\/strong> O estilo simples do colete modelador masculino \u00e9 f\u00e1cil de combinar e pode ser usado n\u00e3o apenas como roupa \u00edntima, mas tamb\u00e9m de forma independente como agasalho. <\/span><\/span><\/span><span data-slate-node=\"text\"><span class=\"242\" data-slate-leaf=\"true\">Quer voc\u00ea combine com um terno ou roupa casual, ele ir\u00e1 adicionar ao seu visual.<\/span><\/span><\/li>\n<li data-slate-node=\"element\" data-slate-fragment=\"JTVCJTdCJTIydHlwZSUyMiUzQSUyMnBhcmFncmFwaCUyMiUyQyUyMmNoaWxkcmVuJTIyJTNBJTVCJTdCJTIydGV4dCUyMiUzQSUyMlBFUkZFQ1QlMjBCT0RZJTIwU0hBUElORyUzQSUyMFRoZSUyMGd5bmVjb21hc3RpYSUyMHVuZGVyc2hpcnQlMjB0YW5rJTIwdG9wJTIwdXRpbGl6ZXMlMjBhZHZhbmNlZCUyMHNlYW1sZXNzJTIwY29tcHJlc3Npb24lMjB0ZWNobm9sb2d5JTIwdG8lMjBnaXZlJTIweW91JTIwaW5zdGFudGx5JTIwbW9yZSUyMHByb21pbmVudCUyMGxpbmVzJTIwYW5kJTIwYSUyMG1vcmUlMjBjb25maWRlbnQlMjBhcHBlYXJhbmNlLiUyMCUyMiUyQyUyMnNlbnRlbmNlJTIyJTNBMTglMkMlMjJjaGlsZFNlbnRlbmNlJTIyJTNBMSU3RCUyQyU3QiUyMnRleHQlMjIlM0ElMjJXaGV0aGVyJTIwaXQncyUyMHNoYXBpbmclMjB5b3VyJTIwdHVtbXklMjBvciUyMGltcHJvdmluZyUyMHlvdXIlMjBwb3N0dXJlJTJDJTIwaXQlMjB3b3JrcyUyMHdvbmRlcnMuJTIyJTJDJTIyc2VudGVuY2UlMjIlM0ExOCUyQyUyMmNoaWxkU2VudGVuY2UlMjIlM0EyJTdEJTVEJTdEJTJDJTdCJTIydHlwZSUyMiUzQSUyMnBhcmFncmFwaCUyMiUyQyUyMmNoaWxkcmVuJTIyJTNBJTVCJTdCJTIydGV4dCUyMiUzQSUyMiUyMiUyQyUyMnNlbnRlbmNlJTIyJTNBMTklMkMlMjJjaGlsZFNlbnRlbmNlJTIyJTNBMSU3RCU1RCU3RCUyQyU3QiUyMnR5cGUlMjIlM0ElMjJwYXJhZ3JhcGglMjIlMkMlMjJjaGlsZHJlbiUyMiUzQSU1QiU3QiUyMnRleHQlMjIlM0ElMjJDT01GT1JUQUJMRSUyMEZJVCUzQSUyMERvbid0JTIwcHV0JTIwdXAlMjB3aXRoJTIwdGhlJTIwZGlzY29tZm9ydCUyMG9mJTIwdHJ5aW5nJTIwdG8lMjBzaGFwZSUyMHlvdXIlMjBib2R5ISUyMCUyMiUyQyUyMnNlbnRlbmNlJTIyJTNBMjAlMkMlMjJjaGlsZFNlbnRlbmNlJTIyJTNBMSU3RCUyQyU3QiUyMnRleHQlMjIlM0ElMjJPdXIlMjBib2R5JTIwc2xpbW1lciUyMHNoYXBld2VhciUyMHdpdGglMjB0dW1teSUyMGNvbnRyb2wlMjBhcmUlMjBtYWRlJTIwb2YlMjBoaWdoJTIwcXVhbGl0eSUyMHNvZnQlMjBmYWJyaWNzJTIwdGhhdCUyMGZpdCUyMHBlcmZlY3RseSUyMGFnYWluc3QlMjB0aGUlMjBza2luJTIwd2hpbGUlMjByZW1haW5pbmclMjBicmVhdGhhYmxlJTJDJTIwYWxsb3dpbmclMjB5b3UlMjB0byUyMHdlYXIlMjB0aGVtJTIwd2l0aCUyMGVhc2UuJTIyJTJDJTIyc2VudGVuY2UlMjIlM0EyMCUyQyUyMmNoaWxkU2VudGVuY2UlMjIlM0EyJTdEJTVEJTdEJTJDJTdCJTIydHlwZSUyMiUzQSUyMnBhcmFncmFwaCUyMiUyQyUyMmNoaWxkcmVuJTIyJTNBJTVCJTdCJTIydGV4dCUyMiUzQSUyMiUyMiUyQyUyMnNlbnRlbmNlJTIyJTNBMjElMkMlMjJjaGlsZFNlbnRlbmNlJTIyJTNBMSU3RCU1RCU3RCUyQyU3QiUyMnR5cGUlMjIlM0ElMjJwYXJhZ3JhcGglMjIlMkMlMjJjaGlsZHJlbiUyMiUzQSU1QiU3QiUyMnRleHQlMjIlM0ElMjJJTlZJU0lCTEUlMjBBTkQlMjBUUkFDRS1GUkVFJTNBJTIwRXZlbiUyMGF0JTIwd29yayUyQyUyMGR1cmluZyUyMHNwb3J0cyUyMG9yJTIwaW4lMjBldmVyeWRheSUyMGxpZmUlMkMlMjB0aGUlMjBzaGFwZXdlYXIlMjB0YW5rJTIwdG9wcyUyMGZpdCUyMHlvdXIlMjBib2R5JTIwaW52aXNpYmx5JTIwYW5kJTIwcGVyZmVjdGx5JTJDJTIwYWxsb3dpbmclMjB5b3UlMjB0byUyMGZlZWwlMjBjb21mb3J0YWJsZSUyMGluJTIwYWxsJTIwa2luZHMlMjBvZiUyMG91dGZpdHMlMjB3aXRob3V0JTIwYSUyMHRyYWNlLiUyMiUyQyUyMnNlbnRlbmNlJTIyJTNBMjIlMkMlMjJjaGlsZFNlbnRlbmNlJTIyJTNBMSU3RCU1RCU3RCUyQyU3QiUyMnR5cGUlMjIlM0ElMjJwYXJhZ3JhcGglMjIlMkMlMjJjaGlsZHJlbiUyMiUzQSU1QiU3QiUyMnRleHQlMjIlM0ElMjIlMjIlMkMlMjJzZW50ZW5jZSUyMiUzQTIzJTJDJTIyY2hpbGRTZW50ZW5jZSUyMiUzQTElN0QlNUQlN0QlMkMlN0IlMjJ0eXBlJTIyJTNBJTIycGFyYWdyYXBoJTIyJTJDJTIyY2hpbGRyZW4lMjIlM0ElNUIlN0IlMjJ0ZXh0JTIyJTNBJTIyVkVSU0FUSUxFJTIwTUFUQ0hJTkclM0ElMjBUaGUlMjBzaW1wbGUlMjBzdHlsZSUyMG9mJTIwdGhlJTIwbWVuJ3MlMjBzbGltbWluZyUyMHNoYXBld2VhciUyMHZlc3QlMjBpcyUyMGVhc3klMjB0byUyMG1hdGNoJTIwYW5kJTIwY2FuJTIwYmUlMjB3b3JuJTIwbm90JTIwb25seSUyMGFzJTIwYW4lMjB1bmRlcndlYXIlMjBidXQlMjBhbHNvJTIwaW5kZXBlbmRlbnRseSUyMGFzJTIwYW4lMjBvdXRlcndlYXIuJTIwJTIyJTJDJTIyc2VudGVuY2UlMjIlM0EyNCUyQyUyMmNoaWxkU2VudGVuY2UlMjIlM0ExJTdEJTJDJTdCJTIydGV4dCUyMiUzQSUyMldoZXRoZXIlMjB5b3UlMjBwYWlyJTIwaXQlMjB3aXRoJTIwYSUyMHN1aXQlMjBvciUyMGNhc3VhbCUyMHdlYXIlMkMlMjBpdCUyMHdpbGwlMjBhZGQlMjB0byUyMHlvdXIlMjBsb29rLiUyMiUyQyUyMnNlbnRlbmNlJTIyJTNBMjQlMkMlMjJjaGlsZFNlbnRlbmNlJTIyJTNBMiU3RCU1RCU3RCUyQyU3QiUyMnR5cGUlMjIlM0ElMjJwYXJhZ3JhcGglMjIlMkMlMjJjaGlsZHJlbiUyMiUzQSU1QiU3QiUyMnRleHQlMjIlM0ElMjIlMjIlMkMlMjJzZW50ZW5jZSUyMiUzQTI1JTJDJTIyY2hpbGRTZW50ZW5jZSUyMiUzQTElN0QlNUQlN0QlMkMlN0IlMjJ0eXBlJTIyJTNBJTIycGFyYWdyYXBoJTIyJTJDJTIyY2hpbGRyZW4lMjIlM0ElNUIlN0IlMjJ0ZXh0JTIyJTNBJTIyQ09SUkVDVElPTkFMJTIwQU5EJTIwRFVSQUJMRSUzQSUyMFRoZSUyMGJlc3QlMjBzaGFwZXdlYXIlMjBmb3IlMjBtZW4lMjBpcyUyMGRlc2lnbmVkJTIwd2l0aCUyMGNyb3Nzb3ZlciUyMGVyZ29ub21pY3MlMjB0byUyMGFjaGlldmUlMjBiYWNrJTIwY29ycmVjdGlvbi4lMjAlMjIlMkMlMjJzZW50ZW5jZSUyMiUzQTI2JTJDJTIyY2hpbGRTZW50ZW5jZSUyMiUzQTElN0QlMkMlN0IlMjJ0ZXh0JTIyJTNBJTIyQWxzbyUyMG1hZGUlMjBvZiUyMHdlYXItcmVzaXN0YW50JTIwbWF0ZXJpYWwlMkMlMjBpdCUyMGlzJTIwZHVyYWJsZSUyMGFuZCUyMG5vdCUyMGVhc3klMjB0byUyMGRlZm9ybSUyMG9yJTIwZmFkZSUyQyUyMHNvJTIweW91JTIwY2FuJTIwZW5qb3klMjB0aGUlMjBzaGFwaW5nJTIwZWZmZWN0JTIwYW5kJTIwY29tZm9ydCUyMGZvciUyMGElMjBsb25nJTIwdGltZS4lMjIlMkMlMjJzZW50ZW5jZSUyMiUzQTI2JTJDJTIyY2hpbGRTZW50ZW5jZSUyMiUzQTIlN0QlNUQlN0QlMkMlN0IlMjJ0eXBlJTIyJTNBJTIycGFyYWdyYXBoJTIyJTJDJTIyY2hpbGRyZW4lMjIlM0ElNUIlN0IlMjJ0ZXh0JTIyJTNBJTIyJTIyJTJDJTIyc2VudGVuY2UlMjIlM0EyNyUyQyUyMmNoaWxkU2VudGVuY2UlMjIlM0ExJTdEJTVEJTdEJTVE\"><span class=\"\" data-slate-node=\"text\"><span class=\"261\" data-slate-leaf=\"true\"><span data-slate-string=\"true\"><strong>CORRECIONAL E DUR\u00c1VEL:<\/strong> O <a href=\"https:\/\/yume-silm.com\/product\/wholesale-compression-tank-top-shapewear\/\">melhores modeladores para homens<\/a> foi projetado com ergonomia cruzada para obter corre\u00e7\u00e3o nas costas. <\/span><\/span><\/span><span class=\"\" data-slate-node=\"text\"><span class=\"262\" data-slate-leaf=\"true\"><span data-slate-string=\"true\">Tamb\u00e9m feito de material resistente ao desgaste, \u00e9 dur\u00e1vel e n\u00e3o \u00e9 f\u00e1cil de deformar ou desbotar, para que voc\u00ea possa aproveitar o efeito modelador e o conforto por muito tempo.<\/span><\/span><\/span><\/li>\n<\/ul>\n<h6><em>Modelador de camisa de compress\u00e3o sem costura masculina com controle de barriga<\/em><\/h6>\n<ul>\n<li><span class=\"\" data-slate-node=\"text\"><span class=\"281\" data-slate-leaf=\"true\"><span data-slate-string=\"true\">A blusa modeladora de camisa de compress\u00e3o sem costura masculina \u00e9 uma ferramenta de modelagem corporal da moda indispens\u00e1vel para homens modernos. <\/span><\/span><\/span><span data-slate-node=\"text\"><span class=\"282\" data-slate-leaf=\"true\">Ele permite que voc\u00ea exale confian\u00e7a e molde seu corpo perfeito em qualquer ocasi\u00e3o. <\/span><\/span><span data-slate-node=\"text\" data-slate-fragment=\"JTVCJTdCJTIydHlwZSUyMiUzQSUyMnBhcmFncmFwaCUyMiUyQyUyMmNoaWxkcmVuJTIyJTNBJTVCJTdCJTIydGV4dCUyMiUzQSUyMk1lbidzJTIwc2VhbWxlc3MlMjBjb21wcmVzc2lvbiUyMHNoaXJ0JTIwc2hhcGV3ZWFyJTIwdG9wJTIwaXMlMjBhJTIwbXVzdC1oYXZlJTIwZmFzaGlvbmFibGUlMjBib2R5JTIwc2hhcGluZyUyMHRvb2wlMjBmb3IlMjBtb2Rlcm4lMjBtZW4uJTIwJTIyJTJDJTIyc2VudGVuY2UlMjIlM0EyOCUyQyUyMmNoaWxkU2VudGVuY2UlMjIlM0ExJTdEJTJDJTdCJTIydGV4dCUyMiUzQSUyMkl0JTIwYWxsb3dzJTIweW91JTIwdG8lMjBleHVkZSUyMGNvbmZpZGVuY2UlMjBhbmQlMjBzaGFwZSUyMHlvdXIlMjBwZXJmZWN0JTIwYm9keSUyMGluJTIwYW55JTIwb2NjYXNpb24uJTIwJTIyJTJDJTIyc2VudGVuY2UlMjIlM0EyOCUyQyUyMmNoaWxkU2VudGVuY2UlMjIlM0EyJTdEJTJDJTdCJTIydGV4dCUyMiUzQSUyMkh1cnJ5JTIwdXAlMjB0byUyMGV4cGVyaWVuY2UlMjBpdHMlMjBhbWF6aW5nJTIwZWZmZWN0ISUyMiUyQyUyMnNlbnRlbmNlJTIyJTNBMjglMkMlMjJjaGlsZFNlbnRlbmNlJTIyJTNBMyU3RCU1RCU3RCU1RA==\"><span class=\"283\" data-slate-leaf=\"true\">Apresse-se para experimentar seu efeito incr\u00edvel!<\/span><\/span><\/li>\n<\/ul>","protected":false},"excerpt":{"rendered":"<p>Escolher nosso modelador de camisa de compress\u00e3o masculina sem costura \u00e9 a combina\u00e7\u00e3o perfeita de modelagem corporal, conforto e estilo para homens! Confie nesta regata modeladora para entregar o corpo perfeito que \u00e9 a motiva\u00e7\u00e3o para a perda de peso e a fonte de boa sa\u00fade.<\/p>","protected":false},"featured_media":7326,"comment_status":"open","ping_status":"closed","template":"","meta":{"site-sidebar-layout":"default","site-content-layout":"","ast-site-content-layout":"default","site-content-style":"default","site-sidebar-style":"default","ast-global-header-display":"","ast-banner-title-visibility":"","ast-main-header-display":"","ast-hfb-above-header-display":"","ast-hfb-below-header-display":"","ast-hfb-mobile-header-display":"","site-post-title":"","ast-breadcrumbs-content":"","ast-featured-img":"","footer-sml-layout":"","ast-disable-related-posts":"","theme-transparent-header-meta":"default","adv-header-id-meta":"","stick-header-meta":"default","header-above-stick-meta":"","header-main-stick-meta":"","header-below-stick-meta":"","astra-migrate-meta-layouts":"set","ast-page-background-enabled":"default","ast-page-background-meta":{"desktop":{"background-color":"","background-image":"","background-repeat":"repeat","background-position":"center center","background-size":"auto","background-attachment":"scroll","background-type":"","background-media":"","overlay-type":"","overlay-color":"","overlay-opacity":"","overlay-gradient":""},"tablet":{"background-color":"","background-image":"","background-repeat":"repeat","background-position":"center center","background-size":"auto","background-attachment":"scroll","background-type":"","background-media":"","overlay-type":"","overlay-color":"","overlay-opacity":"","overlay-gradient":""},"mobile":{"background-color":"","background-image":"","background-repeat":"repeat","background-position":"center center","background-size":"auto","background-attachment":"scroll","background-type":"","background-media":"","overlay-type":"","overlay-color":"","overlay-opacity":"","overlay-gradient":""}},"ast-content-background-meta":{"desktop":{"background-color":"var(--ast-global-color-5)","background-image":"","background-repeat":"repeat","background-position":"center center","background-size":"auto","background-attachment":"scroll","background-type":"","background-media":"","overlay-type":"","overlay-color":"","overlay-opacity":"","overlay-gradient":""},"tablet":{"background-color":"var(--ast-global-color-5)","background-image":"","background-repeat":"repeat","background-position":"center center","background-size":"auto","background-attachment":"scroll","background-type":"","background-media":"","overlay-type":"","overlay-color":"","overlay-opacity":"","overlay-gradient":""},"mobile":{"background-color":"var(--ast-global-color-5)","background-image":"","background-repeat":"repeat","background-position":"center center","background-size":"auto","background-attachment":"scroll","background-type":"","background-media":"","overlay-type":"","overlay-color":"","overlay-opacity":"","overlay-gradient":""}}},"product_brand":[],"product_cat":[85,76,86],"product_tag":[494,492,489,490,495,415,491,411,493],"class_list":{"0":"post-7325","1":"product","2":"type-product","3":"status-publish","4":"has-post-thumbnail","6":"product_cat-wholesale-mens-shapewear","7":"product_cat-new-arrivels","8":"product_cat-wholesale-men-sliming-vest","9":"product_tag-body-shaper","10":"product_tag-breathable","11":"product_tag-compression","12":"product_tag-corset","13":"product_tag-keep-fit","14":"product_tag-lose-weight","15":"product_tag-seamless","16":"product_tag-sports","17":"product_tag-tummy-tank-top","18":"pa_color-black","19":"pa_color-blue","20":"pa_color-white","21":"pa_size-l","22":"pa_size-m","23":"pa_size-xl","24":"pa_size-xxl","25":"desktop-align-center","26":"tablet-align-left","27":"mobile-align-left","28":"ast-product-gallery-layout-horizontal-slider","29":"ast-product-single-variable","30":"ast-product-tabs-layout-horizontal","31":"ast-qv-on-image","33":"first","34":"instock","35":"shipping-taxable","36":"purchasable","37":"product-type-variable"},"tiered_pricing_type":"fixed","tiered_pricing_fixed_rules":{"5":4.65,"100":5.9,"300":6.75},"tiered_pricing_product_settings":{"layout":"default","base_unit_name":{"singular":null,"plural":null},"default_variation":null},"tiered_pricing_minimum_quantity":null,"tiered_pricing_roles_data":[],"tiered_pricing_percentage_rules":[],"_links":{"self":[{"href":"https:\/\/yume-silm.com\/pt\/wp-json\/wp\/v2\/product\/7325","targetHints":{"allow":["GET"]}}],"collection":[{"href":"https:\/\/yume-silm.com\/pt\/wp-json\/wp\/v2\/product"}],"about":[{"href":"https:\/\/yume-silm.com\/pt\/wp-json\/wp\/v2\/types\/product"}],"replies":[{"embeddable":true,"href":"https:\/\/yume-silm.com\/pt\/wp-json\/wp\/v2\/comments?post=7325"}],"wp:featuredmedia":[{"embeddable":true,"href":"https:\/\/yume-silm.com\/pt\/wp-json\/wp\/v2\/media\/7326"}],"wp:attachment":[{"href":"https:\/\/yume-silm.com\/pt\/wp-json\/wp\/v2\/media?parent=7325"}],"wp:term":[{"taxonomy":"product_brand","embeddable":true,"href":"https:\/\/yume-silm.com\/pt\/wp-json\/wp\/v2\/product_brand?post=7325"},{"taxonomy":"product_cat","embeddable":true,"href":"https:\/\/yume-silm.com\/pt\/wp-json\/wp\/v2\/product_cat?post=7325"},{"taxonomy":"product_tag","embeddable":true,"href":"https:\/\/yume-silm.com\/pt\/wp-json\/wp\/v2\/product_tag?post=7325"}],"curies":[{"name":"wp","href":"https:\/\/api.w.org\/{rel}","templated":true}]}}