{"id":7418,"date":"2024-01-26T08:17:59","date_gmt":"2024-01-26T08:17:59","guid":{"rendered":"https:\/\/yume-silm.com\/?post_type=product&#038;p=7418"},"modified":"2024-11-08T08:53:59","modified_gmt":"2024-11-08T08:53:59","slug":"atacado-ajustavel-gancho-e-olho-fechamento-frontal-shapewear","status":"publish","type":"product","link":"https:\/\/yume-silm.com\/pt\/produto\/atacado-ajustavel-gancho-e-olho-fechamento-frontal-shapewear\/","title":{"rendered":"Venda por atacado de modeladores com fecho frontal ajust\u00e1vel com gancho e olho"},"content":{"rendered":"<h5>Caracter\u00edsticas de design<\/h5>\n<ul>\n<li><strong>AL\u00c7AS LARGAS AJUST\u00c1VEIS:<\/strong> As al\u00e7as largas do nosso modelador sem mangas s\u00e3o projetadas para aliviar melhor a press\u00e3o nos ombros. O fecho ajust\u00e1vel de velcro permite que voc\u00ea ajuste livremente conforme necess\u00e1rio. Excelente flexibilidade para se ajustar perfeitamente ao seu corpo.<\/li>\n<li><strong>GUARNI\u00c7\u00c3O DO LA\u00c7O:<\/strong> As pernas do modelador plus size de corpo inteiro s\u00e3o adicionadas com design de renda para adicionar um toque elegante e garantir que o contato com a pele seja macio e n\u00e3o irritante.<\/li>\n<li><strong>Modelagem de corpo inteiro:<\/strong> Estas fajas de controle de barriga oferecem cobertura e controle total. sua cobertura total das costas ajuda a melhorar a postura evitando a lombar. Pode ajudar a obter simultaneamente suporte dos seios, corre\u00e7\u00e3o das costas, levantamento das n\u00e1degas e modelagem das pernas para criar uma silhueta mais aerodin\u00e2mica.<\/li>\n<li><strong>PROJETO DE VIRILHA ABERTA:<\/strong> O design de virilha aberta do modelador \u00e9 muito conveniente para resolver o problema de ir ao banheiro. Sua fun\u00e7\u00e3o pr\u00e1tica traz mais comodidade e permite que voc\u00ea descanse no banheiro sem esfor\u00e7o.<\/li>\n<li><strong>CONFORT\u00c1VEL E ESTILO:<\/strong> O modelador feminino ajust\u00e1vel com gancho e fecho frontal com suti\u00e3 \u00e9 confort\u00e1vel e elegante, garantindo confian\u00e7a e beleza de dentro para fora. A elasticidade atende \u00e0s suas necessidades normais e pode ser facilmente colocada e retirada. Ajuda voc\u00ea a se sentir confiante em seu lindo corpo curvil\u00edneo em qualquer ocasi\u00e3o.<\/li>\n<\/ul>\n<h6><em>Fajas ajust\u00e1veis com gancho e olho frontal para controle de barriga <\/em><\/h6>\n<ul>\n<li>Nosso modelador ajust\u00e1vel com fecho frontal de gancho e olho \u00e9 uma mistura de eleg\u00e2ncia, conforto e funcionalidade. Para atacadistas que desejam oferecer solu\u00e7\u00f5es de shapewear de primeira linha, este produto \u00e9 obrigat\u00f3rio. Mergulhe no mundo do atacado com esta pe\u00e7a excepcional. Encomende hoje!<\/li>\n<\/ul>","protected":false},"excerpt":{"rendered":"<p>Experimente eleg\u00e2ncia e conforto com nosso modelador ajust\u00e1vel com fecho frontal de gancho e olho. Apresentando malha el\u00e1stica de peito longo e punhos com acabamento em renda, esta pe\u00e7a sem virilha redefine sua silhueta, garantindo que suas clientes se sintam confiantes e femininas.<\/p>","protected":false},"featured_media":7437,"comment_status":"open","ping_status":"closed","template":"","meta":{"site-sidebar-layout":"default","site-content-layout":"","ast-site-content-layout":"default","site-content-style":"default","site-sidebar-style":"default","ast-global-header-display":"","ast-banner-title-visibility":"","ast-main-header-display":"","ast-hfb-above-header-display":"","ast-hfb-below-header-display":"","ast-hfb-mobile-header-display":"","site-post-title":"","ast-breadcrumbs-content":"","ast-featured-img":"","footer-sml-layout":"","ast-disable-related-posts":"","theme-transparent-header-meta":"default","adv-header-id-meta":"","stick-header-meta":"default","header-above-stick-meta":"","header-main-stick-meta":"","header-below-stick-meta":"","astra-migrate-meta-layouts":"set","ast-page-background-enabled":"default","ast-page-background-meta":{"desktop":{"background-color":"","background-image":"","background-repeat":"repeat","background-position":"center center","background-size":"auto","background-attachment":"scroll","background-type":"","background-media":"","overlay-type":"","overlay-color":"","overlay-opacity":"","overlay-gradient":""},"tablet":{"background-color":"","background-image":"","background-repeat":"repeat","background-position":"center center","background-size":"auto","background-attachment":"scroll","background-type":"","background-media":"","overlay-type":"","overlay-color":"","overlay-opacity":"","overlay-gradient":""},"mobile":{"background-color":"","background-image":"","background-repeat":"repeat","background-position":"center center","background-size":"auto","background-attachment":"scroll","background-type":"","background-media":"","overlay-type":"","overlay-color":"","overlay-opacity":"","overlay-gradient":""}},"ast-content-background-meta":{"desktop":{"background-color":"var(--ast-global-color-5)","background-image":"","background-repeat":"repeat","background-position":"center center","background-size":"auto","background-attachment":"scroll","background-type":"","background-media":"","overlay-type":"","overlay-color":"","overlay-opacity":"","overlay-gradient":""},"tablet":{"background-color":"var(--ast-global-color-5)","background-image":"","background-repeat":"repeat","background-position":"center center","background-size":"auto","background-attachment":"scroll","background-type":"","background-media":"","overlay-type":"","overlay-color":"","overlay-opacity":"","overlay-gradient":""},"mobile":{"background-color":"var(--ast-global-color-5)","background-image":"","background-repeat":"repeat","background-position":"center center","background-size":"auto","background-attachment":"scroll","background-type":"","background-media":"","overlay-type":"","overlay-color":"","overlay-opacity":"","overlay-gradient":""}}},"product_brand":[],"product_cat":[78,77,1092],"product_tag":[137,141,134,154],"class_list":{"0":"post-7418","1":"product","2":"type-product","3":"status-publish","4":"has-post-thumbnail","6":"product_cat-wholesale-full-body-shaper","7":"product_cat-wholesale-womens-shapewear","8":"product_cat-plus-size-shapewear","9":"product_tag-butt-lift","10":"product_tag-plus-size","11":"product_tag-tummy-tucker","12":"product_tag-with-hooks","13":"pa_color-beige","14":"pa_color-black","15":"pa_size-4xl","16":"pa_size-5xl","17":"pa_size-6xl","18":"pa_size-l","19":"pa_size-m","20":"pa_size-s","21":"pa_size-xl","22":"pa_size-xxl","23":"pa_size-xxxl","24":"desktop-align-center","25":"tablet-align-left","26":"mobile-align-left","27":"ast-product-gallery-layout-horizontal-slider","28":"ast-product-single-variable","29":"ast-product-tabs-layout-horizontal","30":"ast-qv-on-image","32":"first","33":"instock","34":"shipping-taxable","35":"purchasable","36":"product-type-variable"},"tiered_pricing_type":"fixed","tiered_pricing_fixed_rules":{"2":15.39,"30":14.39,"500":11.99},"tiered_pricing_product_settings":{"layout":"default","base_unit_name":{"singular":null,"plural":null},"default_variation":null},"tiered_pricing_minimum_quantity":null,"tiered_pricing_roles_data":[],"tiered_pricing_percentage_rules":[],"_links":{"self":[{"href":"https:\/\/yume-silm.com\/pt\/wp-json\/wp\/v2\/product\/7418","targetHints":{"allow":["GET"]}}],"collection":[{"href":"https:\/\/yume-silm.com\/pt\/wp-json\/wp\/v2\/product"}],"about":[{"href":"https:\/\/yume-silm.com\/pt\/wp-json\/wp\/v2\/types\/product"}],"replies":[{"embeddable":true,"href":"https:\/\/yume-silm.com\/pt\/wp-json\/wp\/v2\/comments?post=7418"}],"wp:featuredmedia":[{"embeddable":true,"href":"https:\/\/yume-silm.com\/pt\/wp-json\/wp\/v2\/media\/7437"}],"wp:attachment":[{"href":"https:\/\/yume-silm.com\/pt\/wp-json\/wp\/v2\/media?parent=7418"}],"wp:term":[{"taxonomy":"product_brand","embeddable":true,"href":"https:\/\/yume-silm.com\/pt\/wp-json\/wp\/v2\/product_brand?post=7418"},{"taxonomy":"product_cat","embeddable":true,"href":"https:\/\/yume-silm.com\/pt\/wp-json\/wp\/v2\/product_cat?post=7418"},{"taxonomy":"product_tag","embeddable":true,"href":"https:\/\/yume-silm.com\/pt\/wp-json\/wp\/v2\/product_tag?post=7418"}],"curies":[{"name":"wp","href":"https:\/\/api.w.org\/{rel}","templated":true}]}}