{"id":7634,"date":"2024-04-27T01:28:04","date_gmt":"2024-04-27T01:28:04","guid":{"rendered":"https:\/\/yume-silm.com\/?post_type=product&#038;p=7634"},"modified":"2025-09-23T01:28:36","modified_gmt":"2025-09-23T01:28:36","slug":"atacado-conjunto-de-suor-para-exercicios-de-queima-de-gordura-em-pvc","status":"publish","type":"product","link":"https:\/\/yume-silm.com\/pt\/produto\/atacado-conjunto-de-suor-para-exercicios-de-queima-de-gordura-em-pvc\/","title":{"rendered":"Conjunto de suor para exerc\u00edcios para queima de gordura em PVC por atacado"},"content":{"rendered":"<h5>Caracter\u00edsticas de design<\/h5>\n<ul>\n<li><strong>SUOR:<\/strong> Este nosso traje para perda de peso \u00e9 adicionado com material de PVC, o que pode efetivamente estimular o corpo a suar muito. Obtenha o melhor efeito de sauna durante o exerc\u00edcio, para que as toxinas e res\u00edduos corporais sejam rapidamente descarregados do corpo, refrescando o corpo e a mente, com mais energia.<\/li>\n<li><strong>AJUSTE CONFORT\u00c1VEL:<\/strong> O design humanizado e o corte ergon\u00f4mico tornam o moletom fitness da sauna pr\u00f3ximo ao corpo. A abertura el\u00e1stica nas m\u00e3os e tornozelos \u00e9 muito eficaz para reter o suor. Nosso traje esportivo de sauna em PVC \u00e9 feito de material \u00e0 prova d&#039;\u00e1gua e \u00e0 prova de vento, adequado para todas as esta\u00e7\u00f5es e adequado para qualquer clima e qualquer esporte.<\/li>\n<li><strong>ACELERAR O METABOLISMO:<\/strong> Usar um traje de treino de sauna para perda de peso, exerc\u00edcios de gin\u00e1stica para homens e mulheres sob exerc\u00edcios quentes, promove a circula\u00e7\u00e3o sangu\u00ednea e acelera o metabolismo. Isso n\u00e3o s\u00f3 ajuda a reduzir o peso, mas tamb\u00e9m melhora a imunidade, a textura da pele e a juventude.<\/li>\n<li><strong>DESIGN DE MODA:<\/strong> Ver? Este nosso moletom e cal\u00e7a de sauna n\u00e3o s\u00e3o apenas pr\u00e1ticos, mas tamb\u00e9m est\u00e3o na moda. Seu estilo est\u00e1 muito na moda e est\u00e1 dispon\u00edvel em diversas cores. \u00c9 a garantia de mant\u00ea-lo estiloso e confiante enquanto aproveita seus momentos de sauna e se torna um fashionista com um estilo de vida saud\u00e1vel.<\/li>\n<\/ul>\n<p><img fetchpriority=\"high\" decoding=\"async\" class=\"alignnone size-medium wp-image-7974\" src=\"https:\/\/yume-silm.com\/wp-content\/uploads\/2024\/04\/wholesale-PVC-fat-burning-exercise-sweat-sauna-suit-set-300x300.jpg\" alt=\"Conjunto de suor para exerc\u00edcios para queima de gordura em PVC por atacado\" width=\"300\" height=\"300\" title=\"\" srcset=\"https:\/\/yume-silm.com\/wp-content\/uploads\/2024\/04\/wholesale-PVC-fat-burning-exercise-sweat-sauna-suit-set-300x300.jpg 300w, https:\/\/yume-silm.com\/wp-content\/uploads\/2024\/04\/wholesale-PVC-fat-burning-exercise-sweat-sauna-suit-set-150x150.jpg 150w, https:\/\/yume-silm.com\/wp-content\/uploads\/2024\/04\/wholesale-PVC-fat-burning-exercise-sweat-sauna-suit-set-768x768.jpg 768w, https:\/\/yume-silm.com\/wp-content\/uploads\/2024\/04\/wholesale-PVC-fat-burning-exercise-sweat-sauna-suit-set-12x12.jpg 12w, https:\/\/yume-silm.com\/wp-content\/uploads\/2024\/04\/wholesale-PVC-fat-burning-exercise-sweat-sauna-suit-set-800x800.jpg 800w, https:\/\/yume-silm.com\/wp-content\/uploads\/2024\/04\/wholesale-PVC-fat-burning-exercise-sweat-sauna-suit-set-100x100.jpg 100w, https:\/\/yume-silm.com\/wp-content\/uploads\/2024\/04\/wholesale-PVC-fat-burning-exercise-sweat-sauna-suit-set.jpg 1000w\" sizes=\"(max-width: 300px) 100vw, 300px\" \/><\/p>\n<p>&nbsp;<\/p>\n<h6><em>Conjunto de roupa de sauna para academia masculina e feminina, treino, suor, perda de peso<\/em><\/h6>\n<ul>\n<li><strong>APLIC\u00c1VEL A MUITAS OCASI\u00d5ES:<\/strong> Escolher um conjunto de suor para exerc\u00edcios de queima de gordura em PVC \u00e9 escolher um estilo de vida saud\u00e1vel. As roupas de sauna ir\u00e3o liberar o estresse e brilhar na experi\u00eancia de exerc\u00edcios na sauna; voc\u00ea tamb\u00e9m pode perder peso atrav\u00e9s da transpira\u00e7\u00e3o na sauna. Perfeito para momentos de sauna na privacidade da sua casa, treinar na academia, correr mais ao ar livre.<\/li>\n<\/ul>","protected":false},"excerpt":{"rendered":"<ul>\n<li>Whether you&#8217;re looking to get healthy, lose weight, or relieve stress, our range of PVC fat-burning exercise sweat sets will fulfill your exercise and weight loss needs.<\/li>\n<li>Come and choose our PVC fat-burning exercise sweat set for a healthier, more comfortable stylish life! New products are here, order today!<\/li>\n<\/ul>","protected":false},"featured_media":7972,"comment_status":"open","ping_status":"closed","template":"","meta":{"site-sidebar-layout":"default","site-content-layout":"","ast-site-content-layout":"default","site-content-style":"default","site-sidebar-style":"default","ast-global-header-display":"","ast-banner-title-visibility":"","ast-main-header-display":"","ast-hfb-above-header-display":"","ast-hfb-below-header-display":"","ast-hfb-mobile-header-display":"","site-post-title":"","ast-breadcrumbs-content":"","ast-featured-img":"","footer-sml-layout":"","ast-disable-related-posts":"","theme-transparent-header-meta":"default","adv-header-id-meta":"","stick-header-meta":"default","header-above-stick-meta":"","header-main-stick-meta":"","header-below-stick-meta":"","astra-migrate-meta-layouts":"set","ast-page-background-enabled":"default","ast-page-background-meta":{"desktop":{"background-color":"","background-image":"","background-repeat":"repeat","background-position":"center center","background-size":"auto","background-attachment":"scroll","background-type":"","background-media":"","overlay-type":"","overlay-color":"","overlay-opacity":"","overlay-gradient":""},"tablet":{"background-color":"","background-image":"","background-repeat":"repeat","background-position":"center center","background-size":"auto","background-attachment":"scroll","background-type":"","background-media":"","overlay-type":"","overlay-color":"","overlay-opacity":"","overlay-gradient":""},"mobile":{"background-color":"","background-image":"","background-repeat":"repeat","background-position":"center center","background-size":"auto","background-attachment":"scroll","background-type":"","background-media":"","overlay-type":"","overlay-color":"","overlay-opacity":"","overlay-gradient":""}},"ast-content-background-meta":{"desktop":{"background-color":"var(--ast-global-color-5)","background-image":"","background-repeat":"repeat","background-position":"center center","background-size":"auto","background-attachment":"scroll","background-type":"","background-media":"","overlay-type":"","overlay-color":"","overlay-opacity":"","overlay-gradient":""},"tablet":{"background-color":"var(--ast-global-color-5)","background-image":"","background-repeat":"repeat","background-position":"center center","background-size":"auto","background-attachment":"scroll","background-type":"","background-media":"","overlay-type":"","overlay-color":"","overlay-opacity":"","overlay-gradient":""},"mobile":{"background-color":"var(--ast-global-color-5)","background-image":"","background-repeat":"repeat","background-position":"center center","background-size":"auto","background-attachment":"scroll","background-type":"","background-media":"","overlay-type":"","overlay-color":"","overlay-opacity":"","overlay-gradient":""}}},"product_brand":[],"product_cat":[97,65,76,102,98,99],"product_tag":[421,549,569,570,548,185],"class_list":{"0":"post-7634","1":"product","2":"type-product","3":"status-publish","4":"has-post-thumbnail","6":"product_cat-sauna-suit","7":"product_cat-best-sellers","8":"product_cat-new-arrivels","9":"product_cat-full-body-sweat-suit","10":"product_cat-sauna-jacket","11":"product_cat-sauna-pants","12":"product_tag-fashions","13":"product_tag-gym","14":"product_tag-pvc","15":"product_tag-sauna-set","16":"product_tag-sauna-sweat","17":"product_tag-workout","18":"pa_color-black","19":"pa_color-silver","20":"pa_size-4xl","21":"pa_size-l","22":"pa_size-m","23":"pa_size-s","24":"pa_size-xl","25":"pa_size-xxl","26":"pa_size-xxxl","27":"desktop-align-center","28":"tablet-align-left","29":"mobile-align-left","30":"ast-product-gallery-layout-horizontal-slider","31":"ast-product-single-variable","32":"ast-product-tabs-layout-horizontal","33":"ast-qv-on-image","35":"first","36":"instock","37":"shipping-taxable","38":"purchasable","39":"product-type-variable"},"tiered_pricing_type":"fixed","tiered_pricing_fixed_rules":{"5":5.8,"50":5.15,"100":4.5},"tiered_pricing_product_settings":{"layout":"default","base_unit_name":{"singular":null,"plural":null},"default_variation":null},"tiered_pricing_minimum_quantity":null,"tiered_pricing_roles_data":[],"tiered_pricing_percentage_rules":[],"_links":{"self":[{"href":"https:\/\/yume-silm.com\/pt\/wp-json\/wp\/v2\/product\/7634","targetHints":{"allow":["GET"]}}],"collection":[{"href":"https:\/\/yume-silm.com\/pt\/wp-json\/wp\/v2\/product"}],"about":[{"href":"https:\/\/yume-silm.com\/pt\/wp-json\/wp\/v2\/types\/product"}],"replies":[{"embeddable":true,"href":"https:\/\/yume-silm.com\/pt\/wp-json\/wp\/v2\/comments?post=7634"}],"wp:featuredmedia":[{"embeddable":true,"href":"https:\/\/yume-silm.com\/pt\/wp-json\/wp\/v2\/media\/7972"}],"wp:attachment":[{"href":"https:\/\/yume-silm.com\/pt\/wp-json\/wp\/v2\/media?parent=7634"}],"wp:term":[{"taxonomy":"product_brand","embeddable":true,"href":"https:\/\/yume-silm.com\/pt\/wp-json\/wp\/v2\/product_brand?post=7634"},{"taxonomy":"product_cat","embeddable":true,"href":"https:\/\/yume-silm.com\/pt\/wp-json\/wp\/v2\/product_cat?post=7634"},{"taxonomy":"product_tag","embeddable":true,"href":"https:\/\/yume-silm.com\/pt\/wp-json\/wp\/v2\/product_tag?post=7634"}],"curies":[{"name":"wp","href":"https:\/\/api.w.org\/{rel}","templated":true}]}}