{"id":7686,"date":"2024-04-27T05:22:33","date_gmt":"2024-04-27T05:22:33","guid":{"rendered":"https:\/\/yume-silm.com\/?post_type=product&#038;p=7686"},"modified":"2025-04-09T00:44:43","modified_gmt":"2025-04-09T00:44:43","slug":"conjunto-de-calcas-compridas-de-manga-comprida-aquecida-para-sauna-de-ioga-por-atacado","status":"publish","type":"product","link":"https:\/\/yume-silm.com\/pt\/produto\/conjunto-de-calcas-compridas-de-manga-comprida-aquecida-para-sauna-de-ioga-por-atacado\/","title":{"rendered":"Conjunto de cal\u00e7as compridas de manga comprida com aquecimento para sauna de ioga por atacado"},"content":{"rendered":"<h5><span data-slate-fragment=\"JTVCJTdCJTIydHlwZSUyMiUzQSUyMnBhcmFncmFwaCUyMiUyQyUyMmNoaWxkcmVuJTIyJTNBJTVCJTdCJTIydGV4dCUyMiUzQSUyMkRlc2lnbiUyMGZlYXR1cmVzJTIyJTJDJTIyc2VudGVuY2UlMjIlM0EyJTJDJTIyY2hpbGRTZW50ZW5jZSUyMiUzQTElN0QlNUQlN0QlNUQ=\">Caracter\u00edsticas de design<\/span><\/h5>\n<ul>\n<li data-slate-node=\"element\"><span data-slate-node=\"text\"><span class=\"71\" data-slate-leaf=\"true\"><strong>LIBERA\u00c7\u00c3O TOTAL DO SUOR:<\/strong> O traje de sauna de corpo inteiro ir\u00e1 lev\u00e1-lo a aproveitar o momento da sauna, homenageando a libera\u00e7\u00e3o do suor por todo o corpo, para que as toxinas e res\u00edduos possam ser rapidamente eliminados do corpo, refrescando o corpo, a mente e a energia.<\/span><\/span><\/li>\n<li data-slate-node=\"element\"><span data-slate-node=\"text\"><span class=\"91\" data-slate-leaf=\"true\"><strong>SENTIDO DE MODA ESPORTIVA:<\/strong> Este nosso conjunto de cal\u00e7as compridas de manga comprida com aquecimento para sauna de ioga \u00e9 feito unindo as cores vermelho e preto, destacando um sentido mais moderno e esportivo.<\/span><\/span><\/li>\n<li data-slate-node=\"element\"><span data-slate-node=\"text\"><span class=\"111\" data-slate-leaf=\"true\"><strong>DESINTOXIFICA\u00c7\u00c3O NATURAL:<\/strong> O conjunto de cal\u00e7as de corrida masculino feminino pul\u00f4ver sauna esportiva promove suor durante o exerc\u00edcio, acelerando seu metabolismo, revitalizando seu corpo e ganhando um corpo saud\u00e1vel. <\/span><\/span><span data-slate-node=\"text\"><span class=\"112\" data-slate-leaf=\"true\">Se voc\u00ea deseja relaxar o corpo e a mente, reduzir o estresse ou melhorar seu condicionamento f\u00edsico, o conjunto de roupa de sauna ir\u00e1 ajud\u00e1-lo.<\/span><\/span><\/li>\n<li data-slate-node=\"element\"><span data-slate-node=\"text\"><span class=\"131\" data-slate-leaf=\"true\"><strong>M\u00daLTIPLOS CEN\u00c1RIOS APLIC\u00c1VEIS:<\/strong> Esteja voc\u00ea aproveitando seu tempo de sauna em casa com ioga, corrida, pulando corda, etc., ou se exercitando na academia para relaxar ap\u00f3s o treino, o conjunto esportivo de sauna para treinamento de fitness para academia \u00e9 a melhor escolha para voc\u00ea. <\/span><\/span><span data-slate-node=\"text\"><span class=\"132\" data-slate-leaf=\"true\">Confort\u00e1vel de usar, design moderno, para que voc\u00ea mantenha a confian\u00e7a e o conforto mesmo no momento da sauna.<\/span><\/span><\/li>\n<\/ul>\n<h6><em>Sauna suor terno manga longa magro yoga treino perda de peso exerc\u00edcio de fitness<\/em><\/h6>\n<ul>\n<li data-slate-node=\"element\" data-slate-fragment=\"JTVCJTdCJTIydHlwZSUyMiUzQSUyMnBhcmFncmFwaCUyMiUyQyUyMmNoaWxkcmVuJTIyJTNBJTVCJTdCJTIydGV4dCUyMiUzQSUyMlRPVEFMJTIwU1dFQVQlMjBSRUxFQVNFJTNBJTIwVGhlJTIwZnVsbC1ib2R5JTIwc2F1bmElMjBzdWl0JTIwd2lsbCUyMHRha2UlMjB5b3UlMjB0byUyMGVuam95JTIwdGhlJTIwc2F1bmElMjBtb21lbnQlMkMlMjBob25vcmluZyUyMHRoZSUyMHJlbGVhc2UlMjBvZiUyMHN3ZWF0JTIwYWxsJTIwb3ZlciUyMHRoZSUyMGJvZHklMkMlMjBzbyUyMHRoYXQlMjB0b3hpbnMlMjBhbmQlMjB3YXN0ZSUyMGNhbiUyMGJlJTIwcXVpY2tseSUyMGZsdXNoZWQlMjBvdXQlMjBvZiUyMHRoZSUyMGJvZHklMkMlMjByZWZyZXNoaW5nJTIwdGhlJTIwYm9keSUyQyUyMG1pbmQlMkMlMjBhbmQlMjBlbmVyZ3kuJTIyJTJDJTIyc2VudGVuY2UlMjIlM0E3JTJDJTIyY2hpbGRTZW50ZW5jZSUyMiUzQTElN0QlNUQlN0QlMkMlN0IlMjJ0eXBlJTIyJTNBJTIycGFyYWdyYXBoJTIyJTJDJTIyY2hpbGRyZW4lMjIlM0ElNUIlN0IlMjJ0ZXh0JTIyJTNBJTIyJTIyJTJDJTIyc2VudGVuY2UlMjIlM0E4JTJDJTIyY2hpbGRTZW50ZW5jZSUyMiUzQTElN0QlNUQlN0QlMkMlN0IlMjJ0eXBlJTIyJTNBJTIycGFyYWdyYXBoJTIyJTJDJTIyY2hpbGRyZW4lMjIlM0ElNUIlN0IlMjJ0ZXh0JTIyJTNBJTIyU1BPUlRTJTIwRkFTSElPTiUyMFNFTlNFJTNBJTIwVGhpcyUyMHlvZ2ElMjBzYXVuYSUyMGhlYXRlZCUyMGZpdG5lc3MlMjBjbG90aGluZyUyMGxvbmclMjBzbGVldmUlMjBsb25nJTIwcGFudHMlMjBzZXQlMjBvZiUyMG91cnMlMjBpcyUyMG1hZGUlMjBieSUyMHNwbGljaW5nJTIwY29sb3JzJTJDJTIwcmVkJTIwYW5kJTIwYmxhY2slMjB0b2dldGhlciUyQyUyMHdoaWNoJTIwaGlnaGxpZ2h0cyUyMGElMjBtb3JlJTIwZmFzaGlvbmFibGUlMjBhbmQlMjBzcG9ydHklMjBzZW5zZS4lMjIlMkMlMjJzZW50ZW5jZSUyMiUzQTklMkMlMjJjaGlsZFNlbnRlbmNlJTIyJTNBMSU3RCU1RCU3RCUyQyU3QiUyMnR5cGUlMjIlM0ElMjJwYXJhZ3JhcGglMjIlMkMlMjJjaGlsZHJlbiUyMiUzQSU1QiU3QiUyMnRleHQlMjIlM0ElMjIlMjIlMkMlMjJzZW50ZW5jZSUyMiUzQTEwJTJDJTIyY2hpbGRTZW50ZW5jZSUyMiUzQTElN0QlNUQlN0QlMkMlN0IlMjJ0eXBlJTIyJTNBJTIycGFyYWdyYXBoJTIyJTJDJTIyY2hpbGRyZW4lMjIlM0ElNUIlN0IlMjJ0ZXh0JTIyJTNBJTIyTkFUVVJBTCUyMERFVE9YSUZJQ0FUSU9OJTNBJTIwVGhlJTIwcnVubmluZyUyMHRvcCUyMHBhbnQlMjBzZXQlMjBtZW4ncyUyMHdvbWVuJ3MlMjBwdWxsb3ZlciUyMHNhdW5hJTIwc3BvcnRzd2VhciUyMHByb21vdGVzJTIwc3dlYXQlMjBvdXQlMjBkdXJpbmclMjB5b3VyJTIwZXhlcmNpc2UlMkMlMjBhY2NlbGVyYXRpbmclMjB5b3VyJTIwbWV0YWJvbGlzbSUyQyUyMHJldml0YWxpemluZyUyMHlvdXIlMjBib2R5JTJDJTIwYW5kJTIwZ2FpbmluZyUyMGElMjBoZWFsdGh5JTIwYm9keS4lMjAlMjIlMkMlMjJzZW50ZW5jZSUyMiUzQTExJTJDJTIyY2hpbGRTZW50ZW5jZSUyMiUzQTElN0QlMkMlN0IlMjJ0ZXh0JTIyJTNBJTIyV2hldGhlciUyMHlvdSUyMHdhbnQlMjB0byUyMHJlbGF4JTIweW91ciUyMGJvZHklMjBhbmQlMjBtaW5kJTJDJTIwcmVkdWNlJTIwc3RyZXNzJTJDJTIwb3IlMjBlbmhhbmNlJTIweW91ciUyMHBoeXNpY2FsJTIwZml0bmVzcyUyQyUyMHRoZSUyMHN3ZWF0JTIwc2F1bmElMjBzdWl0JTIwc2V0JTIwd2lsbCUyMGhlbHAlMjB5b3UuJTIyJTJDJTIyc2VudGVuY2UlMjIlM0ExMSUyQyUyMmNoaWxkU2VudGVuY2UlMjIlM0EyJTdEJTVEJTdEJTJDJTdCJTIydHlwZSUyMiUzQSUyMnBhcmFncmFwaCUyMiUyQyUyMmNoaWxkcmVuJTIyJTNBJTVCJTdCJTIydGV4dCUyMiUzQSUyMiUyMiUyQyUyMnNlbnRlbmNlJTIyJTNBMTIlMkMlMjJjaGlsZFNlbnRlbmNlJTIyJTNBMSU3RCU1RCU3RCUyQyU3QiUyMnR5cGUlMjIlM0ElMjJwYXJhZ3JhcGglMjIlMkMlMjJjaGlsZHJlbiUyMiUzQSU1QiU3QiUyMnRleHQlMjIlM0ElMjJNVUxUSVBMRSUyMFNDRU5BUklPUyUyMEFQUExJQ0FCTEUlM0ElMjBXaGV0aGVyJTIweW91JTIwYXJlJTIwZW5qb3lpbmclMjB5b3VyJTIwc2F1bmElMjB0aW1lJTIwYXQlMjBob21lJTIwd2l0aCUyMHlvZ2ElMkMlMjBqb2dnaW5nJTJDJTIwanVtcGluZyUyMHJvcGUlMkMlMjBldGMuJTJDJTIwb3IlMjB3b3JraW5nJTIwb3V0JTIwaW4lMjB0aGUlMjBneW0lMjB0byUyMHJlbGF4JTIwYWZ0ZXIlMjB5b3VyJTIwdHJhaW5pbmclMkMlMjB0aGUlMjBneW0lMjBmaXRuZXNzJTIwdHJhaW5pbmclMjB3ZWlnaHQlMjBsb3NzJTIwc3dlYXRpbmclMjBzYXVuYSUyMHNwb3J0JTIwc2V0JTIwaXMlMjB0aGUlMjBiZXN0JTIwY2hvaWNlJTIwZm9yJTIweW91LiUyMCUyMiUyQyUyMnNlbnRlbmNlJTIyJTNBMTMlMkMlMjJjaGlsZFNlbnRlbmNlJTIyJTNBMSU3RCUyQyU3QiUyMnRleHQlMjIlM0ElMjJDb21mb3J0YWJsZSUyMHRvJTIwd2VhciUyQyUyMGZhc2hpb25hYmxlJTIwZGVzaWduJTJDJTIwc28lMjB0aGF0JTIweW91JTIwY2FuJTIwbWFpbnRhaW4lMjBjb25maWRlbmNlJTIwYW5kJTIwY29tZm9ydCUyMGV2ZW4lMjBpbiUyMHRoZSUyMHNhdW5hJTIwbW9tZW50LiUyMiUyQyUyMnNlbnRlbmNlJTIyJTNBMTMlMkMlMjJjaGlsZFNlbnRlbmNlJTIyJTNBMiU3RCU1RCU3RCUyQyU3QiUyMnR5cGUlMjIlM0ElMjJwYXJhZ3JhcGglMjIlMkMlMjJjaGlsZHJlbiUyMiUzQSU1QiU3QiUyMnRleHQlMjIlM0ElMjIlMjIlMkMlMjJzZW50ZW5jZSUyMiUzQTE0JTJDJTIyY2hpbGRTZW50ZW5jZSUyMiUzQTElN0QlNUQlN0QlMkMlN0IlMjJ0eXBlJTIyJTNBJTIycGFyYWdyYXBoJTIyJTJDJTIyY2hpbGRyZW4lMjIlM0ElNUIlN0IlMjJ0ZXh0JTIyJTNBJTIyUkVMRUFTRSUyMEFORCUyMFJFSlVWRU5BVEUlM0ElMjBFbWJyYWNlJTIwdGhlJTIwY29tZm9ydCUyMG9mJTIwdGhlJTIwc2F1bmElMjBleHBlcmllbmNlJTIwYW5kJTIwbGV0JTIweW91ciUyMGZhdGlndWUlMjBhbmQlMjB0b3hpbnMlMjBzd2VhdCUyMGF3YXkuJTIwJTIyJTJDJTIyc2VudGVuY2UlMjIlM0ExNSUyQyUyMmNoaWxkU2VudGVuY2UlMjIlM0ExJTdEJTJDJTdCJTIydGV4dCUyMiUzQSUyMlRoZSUyMHNhdW5hJTIwc3dlYXQlMjBzdWl0cyUyMGxvbmclMjBzbGVldmUlMjBmaXRuZXNzJTIwc2V0JTIwaXMlMjB0aGUlMjBpZGVhbCUyMGNvbXBhbmlvbiUyMGZvciUyMHlvdXIlMjBzYXVuYSUyMGpvdXJuZXklMkMlMjBhbGxvd2luZyUyMHlvdSUyMHRvJTIwZW5qb3klMjBjb21mb3J0JTIwZXZlbiUyMGluJTIwaGlnaC10ZW1wZXJhdHVyZSUyMGVudmlyb25tZW50cy4lMjIlMkMlMjJzZW50ZW5jZSUyMiUzQTE1JTJDJTIyY2hpbGRTZW50ZW5jZSUyMiUzQTIlN0QlNUQlN0QlNUQ=\"><span data-slate-node=\"text\"><span class=\"151\" data-slate-leaf=\"true\"><strong>LIBERAR E REJUVENESCER:<\/strong> Abrace o conforto da experi\u00eancia da sauna e deixe o cansa\u00e7o e as toxinas suarem. <\/span><\/span><span data-slate-node=\"text\"><span class=\"152\" data-slate-leaf=\"true\">O conjunto de fitness de manga comprida para sauna \u00e9 o companheiro ideal para sua jornada na sauna, permitindo que voc\u00ea desfrute de conforto mesmo em ambientes de alta temperatura.<\/span><\/span><\/li>\n<\/ul>","protected":false},"excerpt":{"rendered":"<p><span data-slate-node=\"text\"><span class=\"00\" data-slate-leaf=\"true\">Esteja voc\u00ea procurando ficar saud\u00e1vel, perder peso ou aliviar o estresse, nossa linha de conjuntos de roupas de sauna para suor atender\u00e1 \u00e0s suas necessidades de exerc\u00edcios e perda de peso. <\/span><\/span><span data-slate-node=\"text\"><span class=\"01\" data-slate-leaf=\"true\">Venha e escolha nosso conjunto de cal\u00e7as compridas de manga comprida aquecida para sauna de ioga para uma vida elegante e mais saud\u00e1vel e confort\u00e1vel! <\/span><\/span><span data-slate-node=\"text\" data-slate-fragment=\"JTVCJTdCJTIydHlwZSUyMiUzQSUyMnBhcmFncmFwaCUyMiUyQyUyMmNoaWxkcmVuJTIyJTNBJTVCJTdCJTIydGV4dCUyMiUzQSUyMldoZXRoZXIlMjB5b3UncmUlMjBsb29raW5nJTIwdG8lMjBnZXQlMjBoZWFsdGh5JTJDJTIwbG9zZSUyMHdlaWdodCUyQyUyMG9yJTIwcmVsaWV2ZSUyMHN0cmVzcyUyQyUyMG91ciUyMHJhbmdlJTIwb2YlMjBzd2VhdCUyMHNhdW5hJTIwc3VpdCUyMHNldHMlMjB3aWxsJTIwZnVsZmlsbCUyMHlvdXIlMjBleGVyY2lzZSUyMGFuZCUyMHdlaWdodCUyMGxvc3MlMjBuZWVkcy4lMjAlMjIlMkMlMjJzZW50ZW5jZSUyMiUzQTAlMkMlMjJjaGlsZFNlbnRlbmNlJTIyJTNBMCU3RCUyQyU3QiUyMnRleHQlMjIlM0ElMjJDb21lJTIwYW5kJTIwY2hvb3NlJTIwb3VyJTIweW9nYSUyMHNhdW5hJTIwaGVhdGVkJTIwZml0bmVzcyUyMHN1aXQlMjBsb25nJTIwc2xlZXZlJTIwbG9uZyUyMHBhbnRzJTIwc2V0JTIwZm9yJTIwYSUyMGhlYWx0aGllciUyQyUyMG1vcmUlMjBjb21mb3J0YWJsZSUyMHN0eWxpc2glMjBsaWZlISUyMCUyMiUyQyUyMnNlbnRlbmNlJTIyJTNBMCUyQyUyMmNoaWxkU2VudGVuY2UlMjIlM0ExJTdEJTJDJTdCJTIydGV4dCUyMiUzQSUyMk5ldyUyMHByb2R1Y3RzJTIwYXJlJTIwaGVyZSUyQyUyMG9yZGVyJTIwdG9kYXkhJTIyJTJDJTIyc2VudGVuY2UlMjIlM0EwJTJDJTIyY2hpbGRTZW50ZW5jZSUyMiUzQTIlN0QlNUQlN0QlNUQ=\"><span class=\"02\" data-slate-leaf=\"true\">Novos produtos est\u00e3o aqui, fa\u00e7a seu pedido hoje!<\/span><\/span><\/p>","protected":false},"featured_media":8895,"comment_status":"open","ping_status":"closed","template":"","meta":{"site-sidebar-layout":"default","site-content-layout":"","ast-site-content-layout":"default","site-content-style":"default","site-sidebar-style":"default","ast-global-header-display":"","ast-banner-title-visibility":"","ast-main-header-display":"","ast-hfb-above-header-display":"","ast-hfb-below-header-display":"","ast-hfb-mobile-header-display":"","site-post-title":"","ast-breadcrumbs-content":"","ast-featured-img":"","footer-sml-layout":"","ast-disable-related-posts":"","theme-transparent-header-meta":"default","adv-header-id-meta":"","stick-header-meta":"default","header-above-stick-meta":"","header-main-stick-meta":"","header-below-stick-meta":"","astra-migrate-meta-layouts":"set","ast-page-background-enabled":"default","ast-page-background-meta":{"desktop":{"background-color":"","background-image":"","background-repeat":"repeat","background-position":"center center","background-size":"auto","background-attachment":"scroll","background-type":"","background-media":"","overlay-type":"","overlay-color":"","overlay-opacity":"","overlay-gradient":""},"tablet":{"background-color":"","background-image":"","background-repeat":"repeat","background-position":"center center","background-size":"auto","background-attachment":"scroll","background-type":"","background-media":"","overlay-type":"","overlay-color":"","overlay-opacity":"","overlay-gradient":""},"mobile":{"background-color":"","background-image":"","background-repeat":"repeat","background-position":"center center","background-size":"auto","background-attachment":"scroll","background-type":"","background-media":"","overlay-type":"","overlay-color":"","overlay-opacity":"","overlay-gradient":""}},"ast-content-background-meta":{"desktop":{"background-color":"var(--ast-global-color-5)","background-image":"","background-repeat":"repeat","background-position":"center center","background-size":"auto","background-attachment":"scroll","background-type":"","background-media":"","overlay-type":"","overlay-color":"","overlay-opacity":"","overlay-gradient":""},"tablet":{"background-color":"var(--ast-global-color-5)","background-image":"","background-repeat":"repeat","background-position":"center center","background-size":"auto","background-attachment":"scroll","background-type":"","background-media":"","overlay-type":"","overlay-color":"","overlay-opacity":"","overlay-gradient":""},"mobile":{"background-color":"var(--ast-global-color-5)","background-image":"","background-repeat":"repeat","background-position":"center center","background-size":"auto","background-attachment":"scroll","background-type":"","background-media":"","overlay-type":"","overlay-color":"","overlay-opacity":"","overlay-gradient":""}}},"product_brand":[],"product_cat":[65,76,97,102,99,100],"product_tag":[575,183,577,576,574,185],"class_list":{"0":"post-7686","1":"product","2":"type-product","3":"status-publish","4":"has-post-thumbnail","6":"product_cat-best-sellers","7":"product_cat-new-arrivels","8":"product_cat-sauna-suit","9":"product_cat-full-body-sweat-suit","10":"product_cat-sauna-pants","11":"product_cat-sauna-tops","12":"product_tag-gympak","13":"product_tag-long-sleeve","14":"product_tag-sport-set-dames","15":"product_tag-sport-suit","16":"product_tag-sweatpak","17":"product_tag-workout","18":"pa_color-black-jacket","19":"pa_color-black-pant","20":"pa_color-black-suit","21":"pa_size-l","22":"pa_size-m","23":"pa_size-s","24":"pa_size-xl","25":"pa_size-xxl","26":"pa_size-xxxl","27":"desktop-align-center","28":"tablet-align-left","29":"mobile-align-left","30":"ast-product-gallery-layout-horizontal-slider","31":"ast-product-single-variable","32":"ast-product-tabs-layout-horizontal","33":"ast-qv-on-image","35":"first","36":"instock","37":"shipping-taxable","38":"purchasable","39":"product-type-variable"},"tiered_pricing_type":"fixed","tiered_pricing_fixed_rules":[],"tiered_pricing_product_settings":{"layout":"default","base_unit_name":{"singular":null,"plural":null},"default_variation":null},"tiered_pricing_minimum_quantity":null,"tiered_pricing_roles_data":[],"tiered_pricing_percentage_rules":[],"_links":{"self":[{"href":"https:\/\/yume-silm.com\/pt\/wp-json\/wp\/v2\/product\/7686","targetHints":{"allow":["GET"]}}],"collection":[{"href":"https:\/\/yume-silm.com\/pt\/wp-json\/wp\/v2\/product"}],"about":[{"href":"https:\/\/yume-silm.com\/pt\/wp-json\/wp\/v2\/types\/product"}],"replies":[{"embeddable":true,"href":"https:\/\/yume-silm.com\/pt\/wp-json\/wp\/v2\/comments?post=7686"}],"wp:featuredmedia":[{"embeddable":true,"href":"https:\/\/yume-silm.com\/pt\/wp-json\/wp\/v2\/media\/8895"}],"wp:attachment":[{"href":"https:\/\/yume-silm.com\/pt\/wp-json\/wp\/v2\/media?parent=7686"}],"wp:term":[{"taxonomy":"product_brand","embeddable":true,"href":"https:\/\/yume-silm.com\/pt\/wp-json\/wp\/v2\/product_brand?post=7686"},{"taxonomy":"product_cat","embeddable":true,"href":"https:\/\/yume-silm.com\/pt\/wp-json\/wp\/v2\/product_cat?post=7686"},{"taxonomy":"product_tag","embeddable":true,"href":"https:\/\/yume-silm.com\/pt\/wp-json\/wp\/v2\/product_tag?post=7686"}],"curies":[{"name":"wp","href":"https:\/\/api.w.org\/{rel}","templated":true}]}}