{"id":7782,"date":"2024-05-06T03:27:55","date_gmt":"2024-05-06T03:27:55","guid":{"rendered":"https:\/\/yume-silm.com\/?post_type=product&#038;p=7782"},"modified":"2025-05-26T00:36:34","modified_gmt":"2025-05-26T00:36:34","slug":"atacado-mulheres-hot-sexy-biquini-sutia-de-silicone-pasteis-de-mamilo","status":"publish","type":"product","link":"https:\/\/yume-silm.com\/pt\/produto\/atacado-mulheres-hot-sexy-biquini-sutia-de-silicone-pasteis-de-mamilo\/","title":{"rendered":"Mulheres por atacado Hot Sexy Bikini Silicone Bra Mamilo Past\u00e9is"},"content":{"rendered":"<h5>Caracter\u00edsticas de design<\/h5>\n<ul>\n<li><strong>INVISIBILIDADE SEM EMENDA:<\/strong> Nossos suti\u00e3s push-up reutiliz\u00e1veis de silicone autoadesivos s\u00e3o macios e transparentes e se ajustam \u00e0 sua pele confortavelmente e sem press\u00e3o, permitindo que voc\u00ea exiba suas curvas atraentes. E \u00e9 opcional sem al\u00e7as, design de micro bordas e silicone colado em cor nude podem torn\u00e1-lo perfeitamente invis\u00edvel sob suas roupas, confort\u00e1vel e naturalmente. Tenha certeza de que ningu\u00e9m notar\u00e1 que voc\u00ea est\u00e1 usando nosso suti\u00e3.<\/li>\n<li><strong>REUNI\u00c3O PROFUNDA V:<\/strong> Nossos suti\u00e3s de biqu\u00edni em forma de V apresentam um design exclusivo de fecho frontal que voc\u00ea pode abrir ou apertar com apenas um pouco de press\u00e3o. O alongamento forte ajuda a reunir os seios e proporciona um decote em V profundo, cheio e atraente.<\/li>\n<li><strong>M\u00daLTIPLAS OCASI\u00d5ES:<\/strong> O suti\u00e3 pegajoso feminino \u00e9 confort\u00e1vel, conveniente e economiza tempo. Voc\u00ea pode us\u00e1-lo para uso di\u00e1rio com confian\u00e7a ou para ocasi\u00f5es importantes, como jantares e festas, como vestidos de noiva, vestidos de noite, vestidos em V profundo, vestidos bustier, vestidos sem costas e assim por diante. Por serem f\u00e1ceis de transportar, os suti\u00e3s transparentes adesivos far\u00e3o voc\u00ea exalar um temperamento confiante e din\u00e2mico em todos os momentos.<\/li>\n<li><strong>ALTA ADES\u00c3O, SEM ESCORREGAMENTO:<\/strong> O suti\u00e3 de silicone push-up invis\u00edvel sem al\u00e7as e sem al\u00e7as com boa ader\u00eancia deixar\u00e1 seus seios livres, n\u00e3o h\u00e1 necessidade de se preocupar com atividades maiores que far\u00e3o com que eles caiam. Fique \u00e0 vontade para usar o suti\u00e3, pois \u00e9 confort\u00e1vel, macio e n\u00e3o irrita a pele, proporcionando uma experi\u00eancia de uso confort\u00e1vel.<\/li>\n<li><strong>F\u00c1CIL DE LIMPAR E REUTILIZ\u00c1VEL:<\/strong> Nossos suti\u00e3s de silicone transparente em formato de abalone s\u00e3o f\u00e1ceis de cuidar. Voc\u00ea pode lav\u00e1-lo normalmente, enxug\u00e1-lo suavemente e depois deixar secar naturalmente. Ap\u00f3s a secagem, recoloque o filme anexado ao melhor suti\u00e3 de silicone macio e guarde-o para a pr\u00f3xima vez.<\/li>\n<\/ul>","protected":false},"excerpt":{"rendered":"<p><span data-slate-fragment=\"JTVCJTdCJTIydHlwZSUyMiUzQSUyMnBhcmFncmFwaCUyMiUyQyUyMmNoaWxkcmVuJTIyJTNBJTVCJTdCJTIydGV4dCUyMiUzQSUyMldvbWVuJ3MlMjBwdXNoLXVwJTIwc2VsZi1hZGhlc2l2ZSUyMGJyYSUyMGlzJTIwY29tZm9ydGFibGUlMkMlMjBjb252ZW5pZW50JTJDJTIwYW5kJTIwdGltZS1zYXZpbmcuJTIwWW91JTIwY2FuJTIwd2VhciUyMGl0JTIwZm9yJTIwZGFpbHklMjB3ZWFyJTIwd2l0aCUyMGNvbmZpZGVuY2UlMkMlMjBvciUyMHVzZSUyMGl0JTIwZm9yJTIwaW1wb3J0YW50JTIwb2NjYXNpb25zJTIwc3VjaCUyMGFzJTIwZGlubmVycyUyMGFuZCUyMHBhcnRpZXMlMkMlMjBzdWNoJTIwYXMlMjB3ZWRkaW5nJTIwZHJlc3NlcyUyQyUyMGV2ZW5pbmclMjBkcmVzc2VzJTJDJTIwZGVlcCUyMFYlMjBkcmVzc2VzJTJDJTIwYnVzdGllciUyMGRyZXNzZXMlMkMlMjBiYWNrbGVzcyUyMGRyZXNzZXMlMkMlMjBhbmQlMjBzbyUyMG9uLiUyMEJlY2F1c2UlMjBpdCUyMGlzJTIwZWFzeSUyMHRvJTIwY2FycnklMkMlMjBBZGhlc2l2ZSUyMGNsZWFyJTIwYnJhcyUyMHdpbGwlMjBtYWtlJTIweW91JTIwZXh1ZGUlMjBhJTIwY29uZmlkZW50JTIwYW5kJTIwZHluYW1pYyUyMHRlbXBlcmFtZW50JTIwYXQlMjBhbGwlMjB0aW1lcy4lMjIlMkMlMjJzZW50ZW5jZSUyMiUzQTUlMkMlMjJjaGlsZFNlbnRlbmNlJTIyJTNBMCU3RCU1RCU3RCU1RA==\">Os past\u00e9is de mamilo de suti\u00e3 de silicone sexy para mulheres s\u00e3o confort\u00e1veis, convenientes e economizam tempo. Voc\u00ea pode us\u00e1-lo para uso di\u00e1rio com confian\u00e7a ou para ocasi\u00f5es importantes, como jantares e festas, como vestidos de noiva, vestidos de noite, vestidos em V profundo, vestidos bustier, vestidos sem costas e assim por diante. Por serem f\u00e1ceis de transportar, os suti\u00e3s transparentes adesivos far\u00e3o voc\u00ea exalar um temperamento confiante e din\u00e2mico em todos os momentos.<\/span><\/p>","protected":false},"featured_media":7784,"comment_status":"open","ping_status":"closed","template":"","meta":{"site-sidebar-layout":"default","site-content-layout":"","ast-site-content-layout":"default","site-content-style":"default","site-sidebar-style":"default","ast-global-header-display":"","ast-banner-title-visibility":"","ast-main-header-display":"","ast-hfb-above-header-display":"","ast-hfb-below-header-display":"","ast-hfb-mobile-header-display":"","site-post-title":"","ast-breadcrumbs-content":"","ast-featured-img":"","footer-sml-layout":"","ast-disable-related-posts":"","theme-transparent-header-meta":"default","adv-header-id-meta":"","stick-header-meta":"default","header-above-stick-meta":"","header-main-stick-meta":"","header-below-stick-meta":"","astra-migrate-meta-layouts":"set","ast-page-background-enabled":"default","ast-page-background-meta":{"desktop":{"background-color":"","background-image":"","background-repeat":"repeat","background-position":"center center","background-size":"auto","background-attachment":"scroll","background-type":"","background-media":"","overlay-type":"","overlay-color":"","overlay-opacity":"","overlay-gradient":""},"tablet":{"background-color":"","background-image":"","background-repeat":"repeat","background-position":"center center","background-size":"auto","background-attachment":"scroll","background-type":"","background-media":"","overlay-type":"","overlay-color":"","overlay-opacity":"","overlay-gradient":""},"mobile":{"background-color":"","background-image":"","background-repeat":"repeat","background-position":"center center","background-size":"auto","background-attachment":"scroll","background-type":"","background-media":"","overlay-type":"","overlay-color":"","overlay-opacity":"","overlay-gradient":""}},"ast-content-background-meta":{"desktop":{"background-color":"var(--ast-global-color-5)","background-image":"","background-repeat":"repeat","background-position":"center center","background-size":"auto","background-attachment":"scroll","background-type":"","background-media":"","overlay-type":"","overlay-color":"","overlay-opacity":"","overlay-gradient":""},"tablet":{"background-color":"var(--ast-global-color-5)","background-image":"","background-repeat":"repeat","background-position":"center center","background-size":"auto","background-attachment":"scroll","background-type":"","background-media":"","overlay-type":"","overlay-color":"","overlay-opacity":"","overlay-gradient":""},"mobile":{"background-color":"var(--ast-global-color-5)","background-image":"","background-repeat":"repeat","background-position":"center center","background-size":"auto","background-attachment":"scroll","background-type":"","background-media":"","overlay-type":"","overlay-color":"","overlay-opacity":"","overlay-gradient":""}}},"product_brand":[],"product_cat":[259,76,584],"product_tag":[603,600,602,601,597,604],"class_list":{"0":"post-7782","1":"product","2":"type-product","3":"status-publish","4":"has-post-thumbnail","6":"product_cat-lingerie","7":"product_cat-new-arrivels","8":"product_cat-adhesive-bras","9":"product_tag-adhesive","10":"product_tag-bikini","11":"product_tag-push-up","12":"product_tag-silicone","13":"product_tag-stick-on-bras","14":"product_tag-sticky-bra","15":"pa_size-a","16":"pa_size-b","17":"pa_size-c","18":"pa_size-d","19":"desktop-align-center","20":"tablet-align-left","21":"mobile-align-left","22":"ast-product-gallery-layout-horizontal-slider","23":"ast-product-single-variable","24":"ast-product-tabs-layout-horizontal","25":"ast-qv-on-image","27":"first","28":"instock","29":"shipping-taxable","30":"purchasable","31":"product-type-variable"},"tiered_pricing_type":"fixed","tiered_pricing_fixed_rules":[],"tiered_pricing_product_settings":{"layout":"default","base_unit_name":{"singular":null,"plural":null},"default_variation":null},"tiered_pricing_minimum_quantity":null,"tiered_pricing_roles_data":[],"tiered_pricing_percentage_rules":[],"_links":{"self":[{"href":"https:\/\/yume-silm.com\/pt\/wp-json\/wp\/v2\/product\/7782","targetHints":{"allow":["GET"]}}],"collection":[{"href":"https:\/\/yume-silm.com\/pt\/wp-json\/wp\/v2\/product"}],"about":[{"href":"https:\/\/yume-silm.com\/pt\/wp-json\/wp\/v2\/types\/product"}],"replies":[{"embeddable":true,"href":"https:\/\/yume-silm.com\/pt\/wp-json\/wp\/v2\/comments?post=7782"}],"wp:featuredmedia":[{"embeddable":true,"href":"https:\/\/yume-silm.com\/pt\/wp-json\/wp\/v2\/media\/7784"}],"wp:attachment":[{"href":"https:\/\/yume-silm.com\/pt\/wp-json\/wp\/v2\/media?parent=7782"}],"wp:term":[{"taxonomy":"product_brand","embeddable":true,"href":"https:\/\/yume-silm.com\/pt\/wp-json\/wp\/v2\/product_brand?post=7782"},{"taxonomy":"product_cat","embeddable":true,"href":"https:\/\/yume-silm.com\/pt\/wp-json\/wp\/v2\/product_cat?post=7782"},{"taxonomy":"product_tag","embeddable":true,"href":"https:\/\/yume-silm.com\/pt\/wp-json\/wp\/v2\/product_tag?post=7782"}],"curies":[{"name":"wp","href":"https:\/\/api.w.org\/{rel}","templated":true}]}}