{"id":7871,"date":"2024-05-07T03:56:42","date_gmt":"2024-05-07T03:56:42","guid":{"rendered":"https:\/\/yume-silm.com\/?post_type=product&#038;p=7871"},"modified":"2024-11-08T08:39:44","modified_gmt":"2024-11-08T08:39:44","slug":"copos-de-manga-atualizados-por-atacado-remendos-de-mamilo-invisiveis-de-silicone-respiravel","status":"publish","type":"product","link":"https:\/\/yume-silm.com\/pt\/produto\/copos-de-manga-atualizados-por-atacado-remendos-de-mamilo-invisiveis-de-silicone-respiravel\/","title":{"rendered":"Copos de manga atualizados por atacado remendos de mamilo invis\u00edveis de silicone respir\u00e1vel"},"content":{"rendered":"<h5><span data-slate-fragment=\"JTVCJTdCJTIydHlwZSUyMiUzQSUyMnBhcmFncmFwaCUyMiUyQyUyMmNoaWxkcmVuJTIyJTNBJTVCJTdCJTIyc2VudGVuY2UlMjIlM0ExJTJDJTIyY2hpbGRTZW50ZW5jZSUyMiUzQTIlMkMlMjJ0ZXh0JTIyJTNBJTIyRGVzaWduJTIwZmVhdHVyZXMlMjIlN0QlNUQlN0QlNUQ=\">Caracter\u00edsticas de design<\/span><\/h5>\n<ul>\n<li data-slate-node=\"element\"><span data-slate-node=\"text\"><span class=\"12\" data-slate-leaf=\"true\"><strong>INVISIBILIDADE SEM EMENDA:<\/strong> Nossos adesivos de mamilo invis\u00edveis de silicone respir\u00e1veis atualizados s\u00e3o macios e se ajustam \u00e0 sua pele confortavelmente e sem press\u00e3o, permitindo que voc\u00ea exiba suas curvas atraentes. Usar nosso suti\u00e3 invis\u00edvel pegajoso de silicone far\u00e1 voc\u00ea se sentir livre e invis\u00edvel, ningu\u00e9m notar\u00e1 que voc\u00ea est\u00e1 usando este suti\u00e3 autoadesivo push-up sem al\u00e7as e sem costas.<\/span><\/span><\/li>\n<li data-slate-node=\"element\"><span data-slate-node=\"text\"><span class=\"12\" data-slate-leaf=\"true\"><strong>REUNINDO PROFUNDO V:<\/strong> O suti\u00e3 adesivo de silicone push-up sem costura faz com que os seios das mulheres pare\u00e7am mais cheios e lindamente sedutores. Os suti\u00e3s adesivos sem al\u00e7as n\u00e3o apenas ajudam a deixar seus seios mais firmes, mas os protetores de mamilo adesivos push-up tamb\u00e9m protegem e evitam a flacidez dos seios.<\/span><\/span><\/li>\n<li data-slate-node=\"element\"><span data-slate-node=\"text\"><span class=\"12\" data-slate-leaf=\"true\"><strong>M\u00daLTIPLAS OCASI\u00d5ES:<\/strong> Os suti\u00e3s de silicone pegajosos sem al\u00e7as femininos s\u00e3o confort\u00e1veis, convenientes e economizam tempo. Voc\u00ea pode us\u00e1-lo para uso di\u00e1rio com confian\u00e7a ou para ocasi\u00f5es importantes, como jantares e festas, como vestidos de noiva, vestidos de noite, vestidos em V profundo, vestidos bustier, vestidos sem costas e assim por diante. Por ser f\u00e1cil de transportar, o suti\u00e3 de silicone macio e confort\u00e1vel de venda quente far\u00e1 com que voc\u00ea exale um temperamento confiante e din\u00e2mico em todos os momentos.<\/span><\/span><\/li>\n<\/ul>\n<p><img fetchpriority=\"high\" decoding=\"async\" class=\"alignnone wp-image-7872 size-medium\" src=\"https:\/\/yume-silm.com\/wp-content\/uploads\/2024\/05\/wholesale-upgraded-mango-cups-breathable-silicone-invisible-nipple-patch-02-300x300.jpg\" alt=\"Copos de manga atualizados remendos de mamilo invis\u00edveis de silicone respir\u00e1vel Suti\u00e3 autoadesivo invis\u00edvel\" width=\"300\" height=\"300\" title=\"\" srcset=\"https:\/\/yume-silm.com\/wp-content\/uploads\/2024\/05\/wholesale-upgraded-mango-cups-breathable-silicone-invisible-nipple-patch-02-300x300.jpg 300w, https:\/\/yume-silm.com\/wp-content\/uploads\/2024\/05\/wholesale-upgraded-mango-cups-breathable-silicone-invisible-nipple-patch-02-150x150.jpg 150w, https:\/\/yume-silm.com\/wp-content\/uploads\/2024\/05\/wholesale-upgraded-mango-cups-breathable-silicone-invisible-nipple-patch-02-768x768.jpg 768w, https:\/\/yume-silm.com\/wp-content\/uploads\/2024\/05\/wholesale-upgraded-mango-cups-breathable-silicone-invisible-nipple-patch-02-12x12.jpg 12w, https:\/\/yume-silm.com\/wp-content\/uploads\/2024\/05\/wholesale-upgraded-mango-cups-breathable-silicone-invisible-nipple-patch-02-100x100.jpg 100w, https:\/\/yume-silm.com\/wp-content\/uploads\/2024\/05\/wholesale-upgraded-mango-cups-breathable-silicone-invisible-nipple-patch-02.jpg 800w\" sizes=\"(max-width: 300px) 100vw, 300px\" \/><\/p>\n<h6><em>Adesivos de suti\u00e3 de lingerie com p\u00e9talas de flores sem al\u00e7as reutiliz\u00e1veis todos os dias para mulheres<\/em><\/h6>\n<ul>\n<li data-slate-node=\"element\"><span data-slate-node=\"text\"><span class=\"12\" data-slate-leaf=\"true\"><strong>ALTA ADES\u00c3O, SEM ESCORREGAMENTO:<\/strong> O suti\u00e3 de silicone push-up invis\u00edvel sem al\u00e7as e sem al\u00e7as com boa ader\u00eancia deixar\u00e1 seus seios livres, n\u00e3o h\u00e1 necessidade de se preocupar com atividades maiores que far\u00e3o com que eles caiam. Fique \u00e0 vontade para usar o suti\u00e3 push-up adesivo para mulheres, pois \u00e9 confort\u00e1vel, macio e n\u00e3o irrita a pele, proporcionando uma experi\u00eancia de uso confort\u00e1vel.<\/span><\/span><\/li>\n<li data-slate-node=\"element\" data-slate-fragment=\"JTVCJTdCJTIydHlwZSUyMiUzQSUyMnBhcmFncmFwaCUyMiUyQyUyMmNoaWxkcmVuJTIyJTNBJTVCJTdCJTIyc2VudGVuY2UlMjIlM0ExJTJDJTIyY2hpbGRTZW50ZW5jZSUyMiUzQTIlMkMlMjJ0ZXh0JTIyJTNBJTIyU0VBTUxFU1MlMjBJTlZJU0lCSUxJVFklM0ElMjBPdXIlMjB1cGdyYWRlZCUyMG1hbmdvJTIwY3VwcyclMjBicmVhdGhhYmxlJTIwc2lsaWNvbmUlMjBpbnZpc2libGUlMjBuaXBwbGUlMjBwYXRjaGVzJTIwYXJlJTIwc29mdCUyMGFuZCUyMGZpdCUyMHlvdXIlMjBza2luJTIwY29tZm9ydGFibHklMjBhbmQlMjB3aXRob3V0JTIwcHJlc3N1cmUlMkMlMjBhbGxvd2luZyUyMHlvdSUyMHRvJTIwc2hvdyUyMG9mZiUyMHlvdXIlMjBhdHRyYWN0aXZlJTIwY3VydmVzLiUyMFdlYXJpbmclMjBvdXIlMjBzaWxpY29uZS1zdGlja3klMjBpbnZpc2libGUlMjBicmElMjB3aWxsJTIwbWFrZSUyMHlvdSUyMGZlZWwlMjBmcmVlJTIwYW5kJTIwaW52aXNpYmxlJTJDJTIwbm8lMjBvbmUlMjB3aWxsJTIwbm90aWNlJTIwdGhhdCUyMHlvdSUyMGFyZSUyMHdlYXJpbmclMjB0aGlzJTIwc3RyYXBsZXNzJTIwYmFja2xlc3MlMjBwdXNoLXVwJTIwc2VsZi1hZGhlc2l2ZSUyMGJyYS4lMjIlN0QlNUQlN0QlMkMlN0IlMjJ0eXBlJTIyJTNBJTIycGFyYWdyYXBoJTIyJTJDJTIyY2hpbGRyZW4lMjIlM0ElNUIlN0IlMjJzZW50ZW5jZSUyMiUzQTElMkMlMjJjaGlsZFNlbnRlbmNlJTIyJTNBMiUyQyUyMnRleHQlMjIlM0ElMjJHQVRIRVJJTkclMjBERUVQJTIwViUzQSUyMFRoZSUyMHNlYW1sZXNzJTIwcHVzaC11cCUyMHNpbGljb25lJTIwYWRoZXNpdmUlMjBicmElMjBtYWtlcyUyMHdvbWVuJ3MlMjBicmVhc3RzJTIwbG9vayUyMGZ1bGxlciUyMGFuZCUyMGJlYXV0aWZ1bGx5JTIwc2VkdWN0aXZlLiUyMFN0cmFwbGVzcyUyMGFkaGVzaXZlJTIwYnJhcyUyMG5vdCUyMG9ubHklMjBoZWxwJTIwdG8lMjBtYWtlJTIweW91ciUyMGJyZWFzdHMlMjBmaXJtZXIlMjBidXQlMjB0aGUlMjBwdXNoLXVwJTIwbGlmdGluZyUyMGFkaGVzaXZlJTIwbmlwcGxlJTIwcGFzdGllcyUyMGFsc28lMjBzZWN1cmUlMjBhbmQlMjBwcmV2ZW50JTIwYnJlYXN0JTIwc2FnZ2luZy4lMjIlN0QlNUQlN0QlMkMlN0IlMjJ0eXBlJTIyJTNBJTIycGFyYWdyYXBoJTIyJTJDJTIyY2hpbGRyZW4lMjIlM0ElNUIlN0IlMjJzZW50ZW5jZSUyMiUzQTElMkMlMjJjaGlsZFNlbnRlbmNlJTIyJTNBMiUyQyUyMnRleHQlMjIlM0ElMjJNVUxUSVBMRSUyME9DQ0FTSU9OUyUzQSUyMFdvbWVuJ3MlMjBzdHJhcGxlc3MlMjBzdGlja3klMjBzaWxpY29uZSUyMGJyYXMlMjBhcmUlMjBjb21mb3J0YWJsZSUyQyUyMGNvbnZlbmllbnQlMkMlMjBhbmQlMjB0aW1lLXNhdmluZy4lMjBZb3UlMjBjYW4lMjB3ZWFyJTIwaXQlMjBmb3IlMjBkYWlseSUyMHdlYXIlMjB3aXRoJTIwY29uZmlkZW5jZSUyQyUyMG9yJTIwdXNlJTIwaXQlMjBmb3IlMjBpbXBvcnRhbnQlMjBvY2Nhc2lvbnMlMjBzdWNoJTIwYXMlMjBkaW5uZXJzJTIwYW5kJTIwcGFydGllcyUyQyUyMHN1Y2glMjBhcyUyMHdlZGRpbmclMjBkcmVzc2VzJTJDJTIwZXZlbmluZyUyMGRyZXNzZXMlMkMlMjBkZWVwJTIwViUyMGRyZXNzZXMlMkMlMjBidXN0aWVyJTIwZHJlc3NlcyUyQyUyMGJhY2tsZXNzJTIwZHJlc3NlcyUyQyUyMGFuZCUyMHNvJTIwb24uJTIwQmVjYXVzZSUyMGl0JTIwaXMlMjBlYXN5JTIwdG8lMjBjYXJyeSUyQyUyMGhvdCUyMHNlbGxpbmclMjBzb2Z0JTIwY29tZm9ydGFibGUlMjBzdGljay1vbiUyMHNpbGljb25lJTIwYnJhJTIwd2lsbCUyMG1ha2UlMjB5b3UlMjBleHVkZSUyMGElMjBjb25maWRlbnQlMjBhbmQlMjBkeW5hbWljJTIwdGVtcGVyYW1lbnQlMjBhdCUyMGFsbCUyMHRpbWVzLiUyMiU3RCU1RCU3RCUyQyU3QiUyMnR5cGUlMjIlM0ElMjJwYXJhZ3JhcGglMjIlMkMlMjJjaGlsZHJlbiUyMiUzQSU1QiU3QiUyMnNlbnRlbmNlJTIyJTNBMSUyQyUyMmNoaWxkU2VudGVuY2UlMjIlM0EyJTJDJTIydGV4dCUyMiUzQSUyMkhJR0glMjBBREhFU0lPTiUyQyUyME5PJTIwU0xJUFBJTkclM0ElMjBUaGUlMjBzdGlja3klMjBzdHJhcGxlc3MlMjBiYWNrbGVzcyUyMGludmlzaWJsZSUyMHB1c2gtdXAlMjBzaWxpY29uZSUyMGJyYSUyMHdpdGglMjBnb29kJTIwYWRoZXNpb24lMjB3aWxsJTIwbWFrZSUyMHlvdXIlMjBicmVhc3RzJTIwZnJlZSUyQyUyMG5vJTIwbmVlZCUyMHRvJTIwd29ycnklMjBhYm91dCUyMGxhcmdlciUyMGFjdGl2aXRpZXMlMjB0aGF0JTIwd2lsbCUyMGNhdXNlJTIwdGhlbSUyMHRvJTIwZmFsbCUyMG9mZi4lMjBQbGVhc2UlMjBmZWVsJTIwZnJlZSUyMHRvJTIwd2VhciUyMHRoZSUyMGFkaGVzaXZlJTIwcHVzaC11cCUyMGJyYSUyMGZvciUyMHdvbWVuJTIwYXMlMjBpdCUyMGlzJTIwY29tZm9ydGFibGUlMkMlMjBhbmQlMjBzb2Z0JTIwYW5kJTIwZG9lcyUyMG5vdCUyMGlycml0YXRlJTIweW91ciUyMHNraW4lMkMlMjBwcm92aWRpbmclMjB5b3UlMjB3aXRoJTIwYSUyMGNvbWZvcnRhYmxlJTIwd2VhcmluZyUyMGV4cGVyaWVuY2UuJTIyJTdEJTVEJTdEJTJDJTdCJTIydHlwZSUyMiUzQSUyMnBhcmFncmFwaCUyMiUyQyUyMmNoaWxkcmVuJTIyJTNBJTVCJTdCJTIyc2VudGVuY2UlMjIlM0ExJTJDJTIyY2hpbGRTZW50ZW5jZSUyMiUzQTIlMkMlMjJ0ZXh0JTIyJTNBJTIyTk8lMjBTSE9VTERFUiUyMFNUUkFQUyUyMFJFUVVJUkVEJTNBJTIwT3VyJTIwdXBncmFkZWQlMjBtYW5nbyUyMGN1cCdzJTIwYnJlYXRoYWJsZSUyMHNpbGljb25lJTIwaW52aXNpYmxlJTIwbmlwcGxlJTIwcGF0Y2glMjBoYXMlMjBkaXJlY3QlMjBjb250YWN0JTIwYW5kJTIwd3JhcHMlMjB0aWdodGx5JTIwYXJvdW5kJTIweW91ciUyMHNvZnQlMjBicmVhc3RzLiUyMEl0JTIwaXMlMjB2ZXJ5JTIwYnJlYXRoYWJsZSUyMGFuZCUyMGNvbWZvcnRhYmxlJTJDJTIwYW5kJTIwd2lsbCUyMG5vdCUyMGNhdXNlJTIwc3RyYW5ndWxhdGlvbiUyMG9uJTIweW91ciUyMHNob3VsZGVycy4lMjBQZXJmZWN0JTIwZm9yJTIwc3VtbWVyJTIwb3V0aW5ncy4lMjIlN0QlNUQlN0QlNUQ=\"><span data-slate-node=\"text\"><span class=\"12\" data-slate-leaf=\"true\"><strong>N\u00c3O \u00c9 NECESS\u00c1RIA AL\u00c7AS DE OMBRO:<\/strong> O adesivo invis\u00edvel de silicone respir\u00e1vel do nosso copo de manga atualizado tem contato direto e envolve firmemente seus seios macios. \u00c9 muito respir\u00e1vel e confort\u00e1vel e n\u00e3o causa estrangulamento nos ombros. Perfeito para passeios de ver\u00e3o.<\/span><\/span><\/li>\n<\/ul>","protected":false},"excerpt":{"rendered":"<p>Os remendos de mamilo invis\u00edveis de silicone respir\u00e1vel atualizados para mulheres s\u00e3o confort\u00e1veis, convenientes e economizam tempo. Voc\u00ea pode us\u00e1-lo para uso di\u00e1rio com confian\u00e7a ou para ocasi\u00f5es importantes, como jantares e festas, como vestidos de noiva, vestidos de noite, vestidos em V profundo, vestidos bustier, vestidos sem costas e assim por diante. Por ser f\u00e1cil de transportar, um suti\u00e3 de silicone macio e confort\u00e1vel sempre far\u00e1 voc\u00ea exalar um temperamento confiante e din\u00e2mico.<\/p>","protected":false},"featured_media":8031,"comment_status":"open","ping_status":"closed","template":"","meta":{"site-sidebar-layout":"default","site-content-layout":"","ast-site-content-layout":"default","site-content-style":"default","site-sidebar-style":"default","ast-global-header-display":"","ast-banner-title-visibility":"","ast-main-header-display":"","ast-hfb-above-header-display":"","ast-hfb-below-header-display":"","ast-hfb-mobile-header-display":"","site-post-title":"","ast-breadcrumbs-content":"","ast-featured-img":"","footer-sml-layout":"","ast-disable-related-posts":"","theme-transparent-header-meta":"default","adv-header-id-meta":"","stick-header-meta":"default","header-above-stick-meta":"","header-main-stick-meta":"","header-below-stick-meta":"","astra-migrate-meta-layouts":"set","ast-page-background-enabled":"default","ast-page-background-meta":{"desktop":{"background-color":"","background-image":"","background-repeat":"repeat","background-position":"center center","background-size":"auto","background-attachment":"scroll","background-type":"","background-media":"","overlay-type":"","overlay-color":"","overlay-opacity":"","overlay-gradient":""},"tablet":{"background-color":"","background-image":"","background-repeat":"repeat","background-position":"center center","background-size":"auto","background-attachment":"scroll","background-type":"","background-media":"","overlay-type":"","overlay-color":"","overlay-opacity":"","overlay-gradient":""},"mobile":{"background-color":"","background-image":"","background-repeat":"repeat","background-position":"center center","background-size":"auto","background-attachment":"scroll","background-type":"","background-media":"","overlay-type":"","overlay-color":"","overlay-opacity":"","overlay-gradient":""}},"ast-content-background-meta":{"desktop":{"background-color":"var(--ast-global-color-5)","background-image":"","background-repeat":"repeat","background-position":"center center","background-size":"auto","background-attachment":"scroll","background-type":"","background-media":"","overlay-type":"","overlay-color":"","overlay-opacity":"","overlay-gradient":""},"tablet":{"background-color":"var(--ast-global-color-5)","background-image":"","background-repeat":"repeat","background-position":"center center","background-size":"auto","background-attachment":"scroll","background-type":"","background-media":"","overlay-type":"","overlay-color":"","overlay-opacity":"","overlay-gradient":""},"mobile":{"background-color":"var(--ast-global-color-5)","background-image":"","background-repeat":"repeat","background-position":"center center","background-size":"auto","background-attachment":"scroll","background-type":"","background-media":"","overlay-type":"","overlay-color":"","overlay-opacity":"","overlay-gradient":""}}},"product_brand":[],"product_cat":[65,76,259,584],"product_tag":[598,492,613,601],"class_list":{"0":"post-7871","1":"product","2":"type-product","3":"status-publish","4":"has-post-thumbnail","6":"product_cat-best-sellers","7":"product_cat-new-arrivels","8":"product_cat-lingerie","9":"product_cat-adhesive-bras","10":"product_tag-adhesive-bra","11":"product_tag-breathable","12":"product_tag-mango-cups","13":"product_tag-silicone","14":"pa_color-beige","15":"pa_color-black","16":"pa_size-a","17":"pa_size-b","18":"pa_size-c","19":"pa_size-d","20":"desktop-align-center","21":"tablet-align-left","22":"mobile-align-left","23":"ast-product-gallery-layout-horizontal-slider","24":"ast-product-single-variable","25":"ast-product-tabs-layout-horizontal","26":"ast-qv-on-image","28":"first","29":"instock","30":"shipping-taxable","31":"purchasable","32":"product-type-variable"},"tiered_pricing_type":"fixed","tiered_pricing_fixed_rules":{"5":1.2,"50":1.1,"100":0.95},"tiered_pricing_product_settings":{"layout":"default","base_unit_name":{"singular":null,"plural":null},"default_variation":null},"tiered_pricing_minimum_quantity":null,"tiered_pricing_roles_data":[],"tiered_pricing_percentage_rules":[],"_links":{"self":[{"href":"https:\/\/yume-silm.com\/pt\/wp-json\/wp\/v2\/product\/7871","targetHints":{"allow":["GET"]}}],"collection":[{"href":"https:\/\/yume-silm.com\/pt\/wp-json\/wp\/v2\/product"}],"about":[{"href":"https:\/\/yume-silm.com\/pt\/wp-json\/wp\/v2\/types\/product"}],"replies":[{"embeddable":true,"href":"https:\/\/yume-silm.com\/pt\/wp-json\/wp\/v2\/comments?post=7871"}],"wp:featuredmedia":[{"embeddable":true,"href":"https:\/\/yume-silm.com\/pt\/wp-json\/wp\/v2\/media\/8031"}],"wp:attachment":[{"href":"https:\/\/yume-silm.com\/pt\/wp-json\/wp\/v2\/media?parent=7871"}],"wp:term":[{"taxonomy":"product_brand","embeddable":true,"href":"https:\/\/yume-silm.com\/pt\/wp-json\/wp\/v2\/product_brand?post=7871"},{"taxonomy":"product_cat","embeddable":true,"href":"https:\/\/yume-silm.com\/pt\/wp-json\/wp\/v2\/product_cat?post=7871"},{"taxonomy":"product_tag","embeddable":true,"href":"https:\/\/yume-silm.com\/pt\/wp-json\/wp\/v2\/product_tag?post=7871"}],"curies":[{"name":"wp","href":"https:\/\/api.w.org\/{rel}","templated":true}]}}