{"id":8060,"date":"2024-05-16T07:02:32","date_gmt":"2024-05-16T07:02:32","guid":{"rendered":"https:\/\/yume-silm.com\/?post_type=product&#038;p=8060"},"modified":"2025-05-26T00:52:36","modified_gmt":"2025-05-26T00:52:36","slug":"atacado-sauna-suor-terno-ginasio-fitness-com-capuz-perda-de-peso","status":"publish","type":"product","link":"https:\/\/yume-silm.com\/pt\/produto\/atacado-sauna-suor-terno-ginasio-fitness-com-capuz-perda-de-peso\/","title":{"rendered":"Sauna por atacado roupa de suor para academia fitness com capuz para perda de peso"},"content":{"rendered":"<h5>Caracter\u00edsticas de design<\/h5>\n<ul>\n<li><strong>DESIGN INOVADOR:<\/strong>\u00a0Uma camisa de sauna feminina \u00e9 o melhor assistente para modelagem corporal e perda de peso, o princ\u00edpio de funcionamento de uma roupa de sauna para perda de peso feminina \u00e9 acelerar a transpira\u00e7\u00e3o, promover a circula\u00e7\u00e3o sangu\u00ednea, reduzir a fadiga muscular e alcan\u00e7ar perda de peso e modelagem eficazes por meio de compress\u00e3o razo\u00e1vel e espa\u00e7o confinado adequado.<\/li>\n<li><strong>ROUPA DI\u00c1RIA DE SAUNA PARA PERDA DE PESO:<\/strong> Tops esportivos de manga comprida rosa perfeitos para ioga em casa, na academia ou exerc\u00edcios de corrida ao ar livre, bem como para o trabalho. Voc\u00ea pode usar este conjunto de sauna para perda de peso que modela o corpo. Ele pode efetivamente impedir a entrada do frio no inverno frio e pode ser usado para acelerar a transpira\u00e7\u00e3o para perda de peso na primavera, ver\u00e3o e outono.<\/li>\n<li><strong>CONFORT\u00c1VEL E CONVENIENTE:<\/strong>\u00a0O colete de manga comprida com prote\u00e7\u00e3o contra o calor, moletom leve com z\u00edper completo e casual \u00e9 feito de tecido de alta qualidade que \u00e9 mais confort\u00e1vel para a pele; \u00e9 f\u00e1cil de usar, assim como as roupas do dia a dia, e s\u00f3 precisa de um z\u00edper para abrir e fechar. \u00c9 leve, confort\u00e1vel e sem estresse, portanto, n\u00e3o importa que tipo de exerc\u00edcio voc\u00ea fa\u00e7a, voc\u00ea poder\u00e1 realiz\u00e1-lo com flexibilidade.<\/li>\n<\/ul>\n<p><img fetchpriority=\"high\" decoding=\"async\" class=\"alignnone size-medium wp-image-8059\" src=\"https:\/\/yume-silm.com\/wp-content\/uploads\/2024\/05\/wholesale-sauna-sweat-workout-sports-suit-pink-pvc-300x300.jpg\" alt=\"sauna suor terno gin\u00e1sio fitness perda de peso com capuz para homens e mulheres\" width=\"300\" height=\"300\" title=\"\" srcset=\"https:\/\/yume-silm.com\/wp-content\/uploads\/2024\/05\/wholesale-sauna-sweat-workout-sports-suit-pink-pvc-300x300.jpg 300w, https:\/\/yume-silm.com\/wp-content\/uploads\/2024\/05\/wholesale-sauna-sweat-workout-sports-suit-pink-pvc-150x150.jpg 150w, https:\/\/yume-silm.com\/wp-content\/uploads\/2024\/05\/wholesale-sauna-sweat-workout-sports-suit-pink-pvc-768x768.jpg 768w, https:\/\/yume-silm.com\/wp-content\/uploads\/2024\/05\/wholesale-sauna-sweat-workout-sports-suit-pink-pvc-12x12.jpg 12w, https:\/\/yume-silm.com\/wp-content\/uploads\/2024\/05\/wholesale-sauna-sweat-workout-sports-suit-pink-pvc-800x800.jpg 800w, https:\/\/yume-silm.com\/wp-content\/uploads\/2024\/05\/wholesale-sauna-sweat-workout-sports-suit-pink-pvc-100x100.jpg 100w, https:\/\/yume-silm.com\/wp-content\/uploads\/2024\/05\/wholesale-sauna-sweat-workout-sports-suit-pink-pvc.jpg 1000w\" sizes=\"(max-width: 300px) 100vw, 300px\" \/><\/p>\n<h6>Fatos de suor para sauna com logotipo personalizado, roupa esportiva para boxe, roupa de sauna para corrida<\/h6>\n<ul>\n<li><strong>FORMA DE MODA:<\/strong> O design com z\u00edper do terno de suor de sauna masculino e feminino para perda de peso com capuz de gin\u00e1stica \u00e9 moderno e esportivo. Voc\u00ea pode se divertir exercitando sua linda cintura e decote durante o exerc\u00edcio.<\/li>\n<\/ul>","protected":false},"excerpt":{"rendered":"<ul>\n<li>Se voc\u00ea deseja ficar saud\u00e1vel, perder peso ou aliviar o estresse.<\/li>\n<li>Venha e escolha nosso traje de suor de sauna masculino e feminino para academia e perda de peso com capuz para uma vida mais saud\u00e1vel, confort\u00e1vel e elegante! Novos produtos est\u00e3o aqui, fa\u00e7a seu pedido hoje!<\/li>\n<\/ul>","protected":false},"featured_media":8075,"comment_status":"open","ping_status":"closed","template":"","meta":{"site-sidebar-layout":"default","site-content-layout":"","ast-site-content-layout":"default","site-content-style":"default","site-sidebar-style":"default","ast-global-header-display":"","ast-banner-title-visibility":"","ast-main-header-display":"","ast-hfb-above-header-display":"","ast-hfb-below-header-display":"","ast-hfb-mobile-header-display":"","site-post-title":"","ast-breadcrumbs-content":"","ast-featured-img":"","footer-sml-layout":"","ast-disable-related-posts":"","theme-transparent-header-meta":"default","adv-header-id-meta":"","stick-header-meta":"default","header-above-stick-meta":"","header-main-stick-meta":"","header-below-stick-meta":"","astra-migrate-meta-layouts":"set","ast-page-background-enabled":"default","ast-page-background-meta":{"desktop":{"background-color":"","background-image":"","background-repeat":"repeat","background-position":"center center","background-size":"auto","background-attachment":"scroll","background-type":"","background-media":"","overlay-type":"","overlay-color":"","overlay-opacity":"","overlay-gradient":""},"tablet":{"background-color":"","background-image":"","background-repeat":"repeat","background-position":"center center","background-size":"auto","background-attachment":"scroll","background-type":"","background-media":"","overlay-type":"","overlay-color":"","overlay-opacity":"","overlay-gradient":""},"mobile":{"background-color":"","background-image":"","background-repeat":"repeat","background-position":"center center","background-size":"auto","background-attachment":"scroll","background-type":"","background-media":"","overlay-type":"","overlay-color":"","overlay-opacity":"","overlay-gradient":""}},"ast-content-background-meta":{"desktop":{"background-color":"var(--ast-global-color-5)","background-image":"","background-repeat":"repeat","background-position":"center center","background-size":"auto","background-attachment":"scroll","background-type":"","background-media":"","overlay-type":"","overlay-color":"","overlay-opacity":"","overlay-gradient":""},"tablet":{"background-color":"var(--ast-global-color-5)","background-image":"","background-repeat":"repeat","background-position":"center center","background-size":"auto","background-attachment":"scroll","background-type":"","background-media":"","overlay-type":"","overlay-color":"","overlay-opacity":"","overlay-gradient":""},"mobile":{"background-color":"var(--ast-global-color-5)","background-image":"","background-repeat":"repeat","background-position":"center center","background-size":"auto","background-attachment":"scroll","background-type":"","background-media":"","overlay-type":"","overlay-color":"","overlay-opacity":"","overlay-gradient":""}}},"product_brand":[],"product_cat":[65,76,97,102,98,99],"product_tag":[413,618,617,563,548,615,185,616],"class_list":{"0":"post-8060","1":"product","2":"type-product","3":"status-publish","4":"has-post-thumbnail","6":"product_cat-best-sellers","7":"product_cat-new-arrivels","8":"product_cat-sauna-suit","9":"product_cat-full-body-sweat-suit","10":"product_cat-sauna-jacket","11":"product_cat-sauna-pants","12":"product_tag-fitness","13":"product_tag-pink-suit","14":"product_tag-purple-suit","15":"product_tag-running","16":"product_tag-sauna-sweat","17":"product_tag-sportswear","18":"product_tag-workout","19":"product_tag-workout-set","20":"pa_color-pink","21":"pa_color-purple","22":"pa_size-4xl","23":"pa_size-l","24":"pa_size-m","25":"pa_size-s","26":"pa_size-xl","27":"pa_size-xxl","28":"pa_size-xxxl","29":"desktop-align-center","30":"tablet-align-left","31":"mobile-align-left","32":"ast-product-gallery-layout-horizontal-slider","33":"ast-product-single-variable","34":"ast-product-tabs-layout-horizontal","35":"ast-qv-on-image","37":"first","38":"instock","39":"sale","40":"shipping-taxable","41":"purchasable","42":"product-type-variable"},"tiered_pricing_type":"fixed","tiered_pricing_fixed_rules":{"5":18,"50":16,"100":14},"tiered_pricing_product_settings":{"layout":"default","base_unit_name":{"singular":null,"plural":null},"default_variation":null},"tiered_pricing_minimum_quantity":null,"tiered_pricing_roles_data":[],"tiered_pricing_percentage_rules":[],"_links":{"self":[{"href":"https:\/\/yume-silm.com\/pt\/wp-json\/wp\/v2\/product\/8060","targetHints":{"allow":["GET"]}}],"collection":[{"href":"https:\/\/yume-silm.com\/pt\/wp-json\/wp\/v2\/product"}],"about":[{"href":"https:\/\/yume-silm.com\/pt\/wp-json\/wp\/v2\/types\/product"}],"replies":[{"embeddable":true,"href":"https:\/\/yume-silm.com\/pt\/wp-json\/wp\/v2\/comments?post=8060"}],"wp:featuredmedia":[{"embeddable":true,"href":"https:\/\/yume-silm.com\/pt\/wp-json\/wp\/v2\/media\/8075"}],"wp:attachment":[{"href":"https:\/\/yume-silm.com\/pt\/wp-json\/wp\/v2\/media?parent=8060"}],"wp:term":[{"taxonomy":"product_brand","embeddable":true,"href":"https:\/\/yume-silm.com\/pt\/wp-json\/wp\/v2\/product_brand?post=8060"},{"taxonomy":"product_cat","embeddable":true,"href":"https:\/\/yume-silm.com\/pt\/wp-json\/wp\/v2\/product_cat?post=8060"},{"taxonomy":"product_tag","embeddable":true,"href":"https:\/\/yume-silm.com\/pt\/wp-json\/wp\/v2\/product_tag?post=8060"}],"curies":[{"name":"wp","href":"https:\/\/api.w.org\/{rel}","templated":true}]}}