{"id":8078,"date":"2024-05-16T07:35:26","date_gmt":"2024-05-16T07:35:26","guid":{"rendered":"https:\/\/yume-silm.com\/?post_type=product&#038;p=8078"},"modified":"2024-05-16T07:44:10","modified_gmt":"2024-05-16T07:44:10","slug":"sauna-calcas-de-moletom-academia-fitness-perda-de-peso","status":"publish","type":"product","link":"https:\/\/yume-silm.com\/pt\/produto\/sauna-calcas-de-moletom-academia-fitness-perda-de-peso\/","title":{"rendered":"Cal\u00e7as de suor pretas para sauna, academia, fitness, perda de peso"},"content":{"rendered":"<h5>Caracter\u00edsticas de design<\/h5>\n<ul>\n<li><strong>DESIGN INOVADOR:<\/strong> Uma cal\u00e7a de sauna feminina \u00e9 o melhor assistente para modelagem corporal e perda de peso, o princ\u00edpio de funcionamento de uma roupa de sauna para perda de peso feminina \u00e9 acelerar a transpira\u00e7\u00e3o, promover a circula\u00e7\u00e3o sangu\u00ednea, reduzir a fadiga muscular e alcan\u00e7ar perda de peso e modelagem eficazes por meio de compress\u00e3o razo\u00e1vel e espa\u00e7o confinado adequado.<\/li>\n<li><strong>ROUPA DI\u00c1RIA DE SAUNA PARA PERDA DE PESO:<\/strong> Cal\u00e7as esportivas pretas de manga comprida s\u00e3o perfeitas para ioga em casa, na academia ou exerc\u00edcios de corrida ao ar livre, bem como para o trabalho. Voc\u00ea pode usar este conjunto de sauna para perda de peso que modela o corpo. Ele pode efetivamente impedir a entrada do frio no inverno frio e pode ser usado para acelerar a transpira\u00e7\u00e3o para perda de peso na primavera, ver\u00e3o e outono.<\/li>\n<li><strong>CONFORT\u00c1VEL E CONVENIENTE:<\/strong> A cal\u00e7a de moletom leve e absorvente de calor preta, roupa casual, \u00e9 feita de tecido de alta qualidade que \u00e9 mais confort\u00e1vel para a pele; \u00e9 f\u00e1cil de usar, assim como as roupas do dia a dia. \u00c9 leve, confort\u00e1vel e sem estresse, portanto, n\u00e3o importa que tipo de exerc\u00edcio voc\u00ea fa\u00e7a, voc\u00ea poder\u00e1 realiz\u00e1-lo com flexibilidade.<\/li>\n<\/ul>\n<h6><em>Cal\u00e7a esportiva de moletom de sauna para homens e mulheres<\/em><\/h6>\n<ul>\n<li><strong>FORMA DE MODA:<\/strong> O design com z\u00edper das cal\u00e7as de suor para sauna masculina e feminina para academia e perda de peso \u00e9 moderno e esportivo. Voc\u00ea pode desfrutar de exercitar sua linda cintura e decote durante o exerc\u00edcio.<\/li>\n<\/ul>","protected":false},"excerpt":{"rendered":"<ul>\n<li>Se voc\u00ea deseja ficar saud\u00e1vel, perder peso ou aliviar o estresse.<\/li>\n<li>Venha e escolha nossas cal\u00e7as de suor de sauna masculina e feminina para perda de peso de gin\u00e1stica para uma vida mais saud\u00e1vel, confort\u00e1vel e elegante! Novos produtos est\u00e3o aqui, fa\u00e7a seu pedido hoje!<\/li>\n<\/ul>","protected":false},"featured_media":8081,"comment_status":"open","ping_status":"closed","template":"","meta":{"site-sidebar-layout":"default","site-content-layout":"","ast-site-content-layout":"default","site-content-style":"default","site-sidebar-style":"default","ast-global-header-display":"","ast-banner-title-visibility":"","ast-main-header-display":"","ast-hfb-above-header-display":"","ast-hfb-below-header-display":"","ast-hfb-mobile-header-display":"","site-post-title":"","ast-breadcrumbs-content":"","ast-featured-img":"","footer-sml-layout":"","ast-disable-related-posts":"","theme-transparent-header-meta":"default","adv-header-id-meta":"","stick-header-meta":"default","header-above-stick-meta":"","header-main-stick-meta":"","header-below-stick-meta":"","astra-migrate-meta-layouts":"set","ast-page-background-enabled":"default","ast-page-background-meta":{"desktop":{"background-color":"","background-image":"","background-repeat":"repeat","background-position":"center center","background-size":"auto","background-attachment":"scroll","background-type":"","background-media":"","overlay-type":"","overlay-color":"","overlay-opacity":"","overlay-gradient":""},"tablet":{"background-color":"","background-image":"","background-repeat":"repeat","background-position":"center center","background-size":"auto","background-attachment":"scroll","background-type":"","background-media":"","overlay-type":"","overlay-color":"","overlay-opacity":"","overlay-gradient":""},"mobile":{"background-color":"","background-image":"","background-repeat":"repeat","background-position":"center center","background-size":"auto","background-attachment":"scroll","background-type":"","background-media":"","overlay-type":"","overlay-color":"","overlay-opacity":"","overlay-gradient":""}},"ast-content-background-meta":{"desktop":{"background-color":"var(--ast-global-color-5)","background-image":"","background-repeat":"repeat","background-position":"center center","background-size":"auto","background-attachment":"scroll","background-type":"","background-media":"","overlay-type":"","overlay-color":"","overlay-opacity":"","overlay-gradient":""},"tablet":{"background-color":"var(--ast-global-color-5)","background-image":"","background-repeat":"repeat","background-position":"center center","background-size":"auto","background-attachment":"scroll","background-type":"","background-media":"","overlay-type":"","overlay-color":"","overlay-opacity":"","overlay-gradient":""},"mobile":{"background-color":"var(--ast-global-color-5)","background-image":"","background-repeat":"repeat","background-position":"center center","background-size":"auto","background-attachment":"scroll","background-type":"","background-media":"","overlay-type":"","overlay-color":"","overlay-opacity":"","overlay-gradient":""}}},"product_brand":[],"product_cat":[65,76,97,99],"product_tag":[460,548],"class_list":{"0":"post-8078","1":"product","2":"type-product","3":"status-publish","4":"has-post-thumbnail","6":"product_cat-best-sellers","7":"product_cat-new-arrivels","8":"product_cat-sauna-suit","9":"product_cat-sauna-pants","10":"product_tag-high-elasticity","11":"product_tag-sauna-sweat","12":"pa_color-black","13":"pa_size-4xl","14":"pa_size-l","15":"pa_size-m","16":"pa_size-s","17":"pa_size-xl","18":"pa_size-xxl","19":"pa_size-xxxl","20":"desktop-align-center","21":"tablet-align-left","22":"mobile-align-left","23":"ast-product-gallery-layout-horizontal-slider","24":"ast-product-tabs-layout-horizontal","25":"ast-qv-on-image","27":"first","28":"instock","29":"shipping-taxable","30":"purchasable","31":"product-type-simple"},"tiered_pricing_type":"fixed","tiered_pricing_fixed_rules":{"2":5.5,"30":5,"100":4.5},"tiered_pricing_product_settings":{"layout":"default","base_unit_name":{"singular":null,"plural":null},"default_variation":null},"tiered_pricing_minimum_quantity":null,"tiered_pricing_roles_data":[],"tiered_pricing_percentage_rules":[],"_links":{"self":[{"href":"https:\/\/yume-silm.com\/pt\/wp-json\/wp\/v2\/product\/8078","targetHints":{"allow":["GET"]}}],"collection":[{"href":"https:\/\/yume-silm.com\/pt\/wp-json\/wp\/v2\/product"}],"about":[{"href":"https:\/\/yume-silm.com\/pt\/wp-json\/wp\/v2\/types\/product"}],"replies":[{"embeddable":true,"href":"https:\/\/yume-silm.com\/pt\/wp-json\/wp\/v2\/comments?post=8078"}],"wp:featuredmedia":[{"embeddable":true,"href":"https:\/\/yume-silm.com\/pt\/wp-json\/wp\/v2\/media\/8081"}],"wp:attachment":[{"href":"https:\/\/yume-silm.com\/pt\/wp-json\/wp\/v2\/media?parent=8078"}],"wp:term":[{"taxonomy":"product_brand","embeddable":true,"href":"https:\/\/yume-silm.com\/pt\/wp-json\/wp\/v2\/product_brand?post=8078"},{"taxonomy":"product_cat","embeddable":true,"href":"https:\/\/yume-silm.com\/pt\/wp-json\/wp\/v2\/product_cat?post=8078"},{"taxonomy":"product_tag","embeddable":true,"href":"https:\/\/yume-silm.com\/pt\/wp-json\/wp\/v2\/product_tag?post=8078"}],"curies":[{"name":"wp","href":"https:\/\/api.w.org\/{rel}","templated":true}]}}