{"id":8176,"date":"2024-05-24T02:55:32","date_gmt":"2024-05-24T02:55:32","guid":{"rendered":"https:\/\/yume-silm.com\/?post_type=product&#038;p=8176"},"modified":"2024-07-04T01:12:25","modified_gmt":"2024-07-04T01:12:25","slug":"body-feminino-sem-mangas-com-recorte-de-um-ombro-tanga-regata%ef%bc%88%e6%b5%8b%e8%af%95%ef%bc%89","status":"publish","type":"product","link":"https:\/\/yume-silm.com\/pt\/produto\/body-feminino-sem-mangas-com-recorte-de-um-ombro-tanga-regata%ef%bc%88%e6%b5%8b%e8%af%95%ef%bc%89\/","title":{"rendered":"Regata feminina sem mangas com recorte de um ombro e tanga"},"content":{"rendered":"<h5>Caracter\u00edsticas de design<\/h5>\n<ul>\n<li><strong>BODY TANGA DE MALHA:<\/strong> O recorte de um ombro do modelador de tanga \u00e9 assimetricamente chique. O corte tanga da lingerie tanga e o design do bot\u00e3o de press\u00e3o inferior s\u00e3o muito convenientes.<\/li>\n<li><strong>ROUPA ELEGANTE:<\/strong> O recorte sexy do modelador para levantar o bumbum com controle de barriga e o corte justo sem mangas s\u00e3o fofos e modernos, proporcionando inspira\u00e7\u00e3o ilimitada para roupas. Voc\u00ea pode combin\u00e1-lo facilmente com qualquer jeans, shorts, vestidos bonitos, etc. O body tanga de uma pe\u00e7a oferece grande capacidade de oculta\u00e7\u00e3o, perfeito para passeios di\u00e1rios, encontros ou at\u00e9 mesmo festas noturnas, coquet\u00e9is, f\u00e9rias, festas e assim por diante. . Um arm\u00e1rio \u00e9 indispens\u00e1vel para todas as esta\u00e7\u00f5es, dia e noite!<\/li>\n<li><strong>LUZ DA ESPERAN\u00c7A:<\/strong> Nosso mais novo body tanga sexy sem al\u00e7as 2024 \u00e9 inspirado na \u201cluz da esperan\u00e7a\u201d. Deseje uma figura de estrela, uma figura de ampulheta deslumbrante que atraia a aten\u00e7\u00e3o!<\/li>\n<li><strong>EL\u00c1STICO E CONFORT\u00c1VEL:<\/strong> O tecido da regata feminina sem mangas com recorte de um ombro e tanga \u00e9 respir\u00e1vel, leve e muito agrad\u00e1vel \u00e0 pele. \u00c9 muito el\u00e1stico, repetido v\u00e1rias vezes, pode ser lavado repetidamente, n\u00e3o deformado e sem bolinhas. N\u00e3o pode ser necess\u00e1rio usar outra cueca, pois ela \u00e9 opaca com forro.<\/li>\n<\/ul>\n<h6><em>Body feminino sexy de um ombro com costas nuas<\/em><\/h6>\n<ul>\n<li>Regata sem mangas com recorte de um ombro e tanga, d\u00e1 uma sensa\u00e7\u00e3o mais elegante, chique e sexy.<\/li>\n<li>Melhor para sair para festas, f\u00e9rias, f\u00e9rias, vida di\u00e1ria e assim por diante.<\/li>\n<li><span data-slate-fragment=\"JTVCJTdCJTIydHlwZSUyMiUzQSUyMnBhcmFncmFwaCUyMiUyQyUyMmNoaWxkcmVuJTIyJTNBJTVCJTdCJTIydGV4dCUyMiUzQSUyMlRoZSUyMHNsZWV2ZWxlc3MlMjBvbmUtc2hvdWxkZXIlMjBjdXRvdXQlMjB0aG9uZyUyMGJvZHlzdWl0JTIwdGFuayUyMHRvcCUyMHBlcmZlY3RseSUyMG91dGxpbmVzJTIwdGhlJTIwY2hhcm1pbmclMjBjdXJ2ZS4lMjBUaGUlMjB1bmlxdWUlMjBvbmUtc2hvdWxkZXIlMjBkZXNpZ24lMjBpcyUyMGZhc2hpb25hYmxlJTIwYW5kJTIwbW9kZXJuJTJDJTIwc2hvd2luZyUyMHNleGluZXNzJTIwYW5kJTIwY29uZmlkZW5jZS4lMjBXaGV0aGVyJTIweW91JTIwcGFpciUyMGl0JTIwd2l0aCUyMGplYW5zJTJDJTIwc2tpcnRzJTJDJTIwb3IlMjBldmVuaW5nJTIwZHJlc3NlcyUyQyUyMHlvdSUyMGNhbiUyMGluc3RhbnRseSUyMGVuaGFuY2UlMjB5b3VyJTIwbG9vayUyMGFuZCUyMGJlY29tZSUyMHRoZSUyMGNlbnRlciUyMG9mJTIwYXR0ZW50aW9uLiUyMiU3RCU1RCU3RCU1RA==\">A regata sem mangas com recorte de um ombro e tanga delineia perfeitamente a curva encantadora.<\/span><\/li>\n<\/ul>","protected":false},"excerpt":{"rendered":"<ul>\n<li><span data-slate-fragment=\"JTVCJTdCJTIydHlwZSUyMiUzQSUyMnBhcmFncmFwaCUyMiUyQyUyMmNoaWxkcmVuJTIyJTNBJTVCJTdCJTIydGV4dCUyMiUzQSUyMlRoZSUyMHNsZWV2ZWxlc3MlMjBvbmUtc2hvdWxkZXIlMjBjdXRvdXQlMjB0aG9uZyUyMGJvZHlzdWl0JTIwdGFuayUyMHRvcCUyMHBlcmZlY3RseSUyMG91dGxpbmVzJTIwdGhlJTIwY2hhcm1pbmclMjBjdXJ2ZS4lMjBUaGUlMjB1bmlxdWUlMjBvbmUtc2hvdWxkZXIlMjBkZXNpZ24lMjBpcyUyMGZhc2hpb25hYmxlJTIwYW5kJTIwbW9kZXJuJTJDJTIwc2hvd2luZyUyMHNleGluZXNzJTIwYW5kJTIwY29uZmlkZW5jZS4lMjBXaGV0aGVyJTIweW91JTIwcGFpciUyMGl0JTIwd2l0aCUyMGplYW5zJTJDJTIwc2tpcnRzJTJDJTIwb3IlMjBldmVuaW5nJTIwZHJlc3NlcyUyQyUyMHlvdSUyMGNhbiUyMGluc3RhbnRseSUyMGVuaGFuY2UlMjB5b3VyJTIwbG9vayUyMGFuZCUyMGJlY29tZSUyMHRoZSUyMGNlbnRlciUyMG9mJTIwYXR0ZW50aW9uLiUyMiU3RCU1RCU3RCU1RA==\">O design exclusivo da regata com recorte de um ombro sem mangas \u00e9 elegante e moderno, mostrando sensualidade e confian\u00e7a. <\/span><\/li>\n<li><span data-slate-fragment=\"JTVCJTdCJTIydHlwZSUyMiUzQSUyMnBhcmFncmFwaCUyMiUyQyUyMmNoaWxkcmVuJTIyJTNBJTVCJTdCJTIydGV4dCUyMiUzQSUyMlRoZSUyMHNsZWV2ZWxlc3MlMjBvbmUtc2hvdWxkZXIlMjBjdXRvdXQlMjB0aG9uZyUyMGJvZHlzdWl0JTIwdGFuayUyMHRvcCUyMHBlcmZlY3RseSUyMG91dGxpbmVzJTIwdGhlJTIwY2hhcm1pbmclMjBjdXJ2ZS4lMjBUaGUlMjB1bmlxdWUlMjBvbmUtc2hvdWxkZXIlMjBkZXNpZ24lMjBpcyUyMGZhc2hpb25hYmxlJTIwYW5kJTIwbW9kZXJuJTJDJTIwc2hvd2luZyUyMHNleGluZXNzJTIwYW5kJTIwY29uZmlkZW5jZS4lMjBXaGV0aGVyJTIweW91JTIwcGFpciUyMGl0JTIwd2l0aCUyMGplYW5zJTJDJTIwc2tpcnRzJTJDJTIwb3IlMjBldmVuaW5nJTIwZHJlc3NlcyUyQyUyMHlvdSUyMGNhbiUyMGluc3RhbnRseSUyMGVuaGFuY2UlMjB5b3VyJTIwbG9vayUyMGFuZCUyMGJlY29tZSUyMHRoZSUyMGNlbnRlciUyMG9mJTIwYXR0ZW50aW9uLiUyMiU3RCU1RCU3RCU1RA==\">Quer voc\u00ea combine com jeans, saias ou vestidos de noite, voc\u00ea pode melhorar instantaneamente seu visual e se tornar o centro das aten\u00e7\u00f5es.<\/span><\/li>\n<\/ul>","protected":false},"featured_media":8165,"comment_status":"open","ping_status":"closed","template":"","meta":{"site-sidebar-layout":"default","site-content-layout":"","ast-site-content-layout":"default","site-content-style":"default","site-sidebar-style":"default","ast-global-header-display":"","ast-banner-title-visibility":"","ast-main-header-display":"","ast-hfb-above-header-display":"","ast-hfb-below-header-display":"","ast-hfb-mobile-header-display":"","site-post-title":"","ast-breadcrumbs-content":"","ast-featured-img":"","footer-sml-layout":"","ast-disable-related-posts":"","theme-transparent-header-meta":"default","adv-header-id-meta":"","stick-header-meta":"default","header-above-stick-meta":"","header-main-stick-meta":"","header-below-stick-meta":"","astra-migrate-meta-layouts":"set","ast-page-background-enabled":"default","ast-page-background-meta":{"desktop":{"background-color":"","background-image":"","background-repeat":"repeat","background-position":"center center","background-size":"auto","background-attachment":"scroll","background-type":"","background-media":"","overlay-type":"","overlay-color":"","overlay-opacity":"","overlay-gradient":""},"tablet":{"background-color":"","background-image":"","background-repeat":"repeat","background-position":"center center","background-size":"auto","background-attachment":"scroll","background-type":"","background-media":"","overlay-type":"","overlay-color":"","overlay-opacity":"","overlay-gradient":""},"mobile":{"background-color":"","background-image":"","background-repeat":"repeat","background-position":"center center","background-size":"auto","background-attachment":"scroll","background-type":"","background-media":"","overlay-type":"","overlay-color":"","overlay-opacity":"","overlay-gradient":""}},"ast-content-background-meta":{"desktop":{"background-color":"var(--ast-global-color-5)","background-image":"","background-repeat":"repeat","background-position":"center center","background-size":"auto","background-attachment":"scroll","background-type":"","background-media":"","overlay-type":"","overlay-color":"","overlay-opacity":"","overlay-gradient":""},"tablet":{"background-color":"var(--ast-global-color-5)","background-image":"","background-repeat":"repeat","background-position":"center center","background-size":"auto","background-attachment":"scroll","background-type":"","background-media":"","overlay-type":"","overlay-color":"","overlay-opacity":"","overlay-gradient":""},"mobile":{"background-color":"var(--ast-global-color-5)","background-image":"","background-repeat":"repeat","background-position":"center center","background-size":"auto","background-attachment":"scroll","background-type":"","background-media":"","overlay-type":"","overlay-color":"","overlay-opacity":"","overlay-gradient":""}}},"product_brand":[],"product_cat":[77,65,76,82,81],"product_tag":[421,621,145,213],"class_list":{"0":"post-8176","1":"product","2":"type-product","3":"status-publish","4":"has-post-thumbnail","6":"product_cat-wholesale-womens-shapewear","7":"product_cat-best-sellers","8":"product_cat-new-arrivels","9":"product_cat-wholesale-shapewear-bodysuit","10":"product_cat-wholesale-slimming-tank-top","11":"product_tag-fashions","12":"product_tag-one-shoulder","13":"product_tag-sexy","14":"product_tag-sleeveless","15":"pa_color-beige","16":"pa_color-black","17":"pa_color-blue","18":"pa_color-brown","19":"pa_color-dark-brown","20":"pa_size-l","21":"pa_size-m","22":"pa_size-s","23":"pa_size-xl","24":"pa_size-xxl","25":"desktop-align-center","26":"tablet-align-left","27":"mobile-align-left","28":"ast-product-gallery-layout-horizontal-slider","29":"ast-product-single-variable","30":"ast-product-tabs-layout-horizontal","31":"ast-qv-on-image","33":"first","34":"instock","35":"shipping-taxable","36":"purchasable","37":"product-type-variable"},"tiered_pricing_type":"fixed","tiered_pricing_fixed_rules":{"2":7.4,"50":6.6,"100":5.8},"tiered_pricing_product_settings":{"layout":"default","base_unit_name":{"singular":null,"plural":null},"default_variation":null},"tiered_pricing_minimum_quantity":null,"tiered_pricing_roles_data":[],"tiered_pricing_percentage_rules":[],"_links":{"self":[{"href":"https:\/\/yume-silm.com\/pt\/wp-json\/wp\/v2\/product\/8176","targetHints":{"allow":["GET"]}}],"collection":[{"href":"https:\/\/yume-silm.com\/pt\/wp-json\/wp\/v2\/product"}],"about":[{"href":"https:\/\/yume-silm.com\/pt\/wp-json\/wp\/v2\/types\/product"}],"replies":[{"embeddable":true,"href":"https:\/\/yume-silm.com\/pt\/wp-json\/wp\/v2\/comments?post=8176"}],"wp:featuredmedia":[{"embeddable":true,"href":"https:\/\/yume-silm.com\/pt\/wp-json\/wp\/v2\/media\/8165"}],"wp:attachment":[{"href":"https:\/\/yume-silm.com\/pt\/wp-json\/wp\/v2\/media?parent=8176"}],"wp:term":[{"taxonomy":"product_brand","embeddable":true,"href":"https:\/\/yume-silm.com\/pt\/wp-json\/wp\/v2\/product_brand?post=8176"},{"taxonomy":"product_cat","embeddable":true,"href":"https:\/\/yume-silm.com\/pt\/wp-json\/wp\/v2\/product_cat?post=8176"},{"taxonomy":"product_tag","embeddable":true,"href":"https:\/\/yume-silm.com\/pt\/wp-json\/wp\/v2\/product_tag?post=8176"}],"curies":[{"name":"wp","href":"https:\/\/api.w.org\/{rel}","templated":true}]}}