{"id":8271,"date":"2024-05-29T09:14:39","date_gmt":"2024-05-29T09:14:39","guid":{"rendered":"https:\/\/yume-silm.com\/?post_type=product&#038;p=8271"},"modified":"2025-06-24T05:30:12","modified_gmt":"2025-06-24T05:30:12","slug":"luvas-pretas-de-sauna-de-neoprene","status":"publish","type":"product","link":"https:\/\/yume-silm.com\/pt\/produto\/luvas-pretas-de-sauna-de-neoprene\/","title":{"rendered":"Luvas pretas de neoprene para sauna"},"content":{"rendered":"<h5>Caracter\u00edsticas de design<\/h5>\n<ul>\n<li><strong>TAMANHO UNIVERSAL:<\/strong> Nossas mais novas luvas de sauna s\u00e3o oferecidas em tamanhos universais para atender a todos. Personalizado para conforto e divers\u00e3o de usar. Aproveite ao m\u00e1ximo este acess\u00f3rio de sauna de alta qualidade e aproveite seu tempo de sauna.<\/li>\n<li><strong>SAUNA DE M\u00c3O:<\/strong> Nossas luvas de sauna para m\u00e3os bonitas s\u00e3o projetadas para cuidar das suas m\u00e3os e s\u00e3o dedicadas a criar m\u00e3os bonitas, macias e suaves. Nossas luvas de sauna s\u00e3o feitas de neoprene de alta qualidade e podem suar rapidamente.<\/li>\n<li><strong>PRESENTE ESPECIAL:<\/strong> Este \u00faltimo design de luvas pretas de sauna com design dividido, cada dedo pode obter o melhor efeito de sauna. Quer se trate de momentos de lazer no trabalho, momentos de sauna em casa, exerc\u00edcios ao ar livre, exerc\u00edcios f\u00edsicos, etc., voc\u00ea pode usar essas luvas de sauna para obter dedos finos e bonitos. Voc\u00ea pode exibir sua Nail Art com confian\u00e7a com dedos finos. \u00c9 o melhor presente de sauna para suas namoradas e melhores amigos.<\/li>\n<\/ul>\n<p><img fetchpriority=\"high\" decoding=\"async\" class=\"alignnone size-medium wp-image-8274\" src=\"https:\/\/yume-silm.com\/wp-content\/uploads\/2024\/05\/black-neoprene-sauna-gloves-02-300x300.jpg\" alt=\"luvas pretas de sauna de neoprene\" width=\"300\" height=\"300\" title=\"\" srcset=\"https:\/\/yume-silm.com\/wp-content\/uploads\/2024\/05\/black-neoprene-sauna-gloves-02-300x300.jpg 300w, https:\/\/yume-silm.com\/wp-content\/uploads\/2024\/05\/black-neoprene-sauna-gloves-02-150x150.jpg 150w, https:\/\/yume-silm.com\/wp-content\/uploads\/2024\/05\/black-neoprene-sauna-gloves-02-768x768.jpg 768w, https:\/\/yume-silm.com\/wp-content\/uploads\/2024\/05\/black-neoprene-sauna-gloves-02-12x12.jpg 12w, https:\/\/yume-silm.com\/wp-content\/uploads\/2024\/05\/black-neoprene-sauna-gloves-02-100x100.jpg 100w, https:\/\/yume-silm.com\/wp-content\/uploads\/2024\/05\/black-neoprene-sauna-gloves-02.jpg 800w\" sizes=\"(max-width: 300px) 100vw, 300px\" \/><img decoding=\"async\" class=\"alignnone size-medium wp-image-8276\" src=\"https:\/\/yume-silm.com\/wp-content\/uploads\/2024\/05\/black-neoprene-sauna-gloves-04-300x300.jpg\" alt=\"luvas pretas de sauna de neoprene\" width=\"300\" height=\"300\" title=\"\" srcset=\"https:\/\/yume-silm.com\/wp-content\/uploads\/2024\/05\/black-neoprene-sauna-gloves-04-300x300.jpg 300w, https:\/\/yume-silm.com\/wp-content\/uploads\/2024\/05\/black-neoprene-sauna-gloves-04-150x150.jpg 150w, https:\/\/yume-silm.com\/wp-content\/uploads\/2024\/05\/black-neoprene-sauna-gloves-04-768x768.jpg 768w, https:\/\/yume-silm.com\/wp-content\/uploads\/2024\/05\/black-neoprene-sauna-gloves-04-12x12.jpg 12w, https:\/\/yume-silm.com\/wp-content\/uploads\/2024\/05\/black-neoprene-sauna-gloves-04-100x100.jpg 100w, https:\/\/yume-silm.com\/wp-content\/uploads\/2024\/05\/black-neoprene-sauna-gloves-04.jpg 800w\" sizes=\"(max-width: 300px) 100vw, 300px\" \/><\/p>\n<h6><em>Luvas de suor de sauna para homens e mulheres suportam OEM<\/em><\/h6>\n<ul>\n<li><strong>F\u00c1CIL DE LAVAR:<\/strong> As novas luvas de sauna da primavera de 2024 s\u00e3o uma escolha de acess\u00f3rio popular na sauna. Ele protege suas m\u00e3os do vapor e de objetos quentes em um ambiente de sauna ou banho turco.<\/li>\n<\/ul>","protected":false},"excerpt":{"rendered":"<ul>\n<li>Novidades de 2024 \u2013 Luvas pretas de neoprene para sauna<\/li>\n<li>Mostre sua Nail Art e Slim Fingers com a m\u00e1xima confian\u00e7a.<\/li>\n<li>Melhor presente para namoradas.<\/li>\n<\/ul>","protected":false},"featured_media":8265,"comment_status":"open","ping_status":"closed","template":"","meta":{"site-sidebar-layout":"default","site-content-layout":"","ast-site-content-layout":"default","site-content-style":"default","site-sidebar-style":"default","ast-global-header-display":"","ast-banner-title-visibility":"","ast-main-header-display":"","ast-hfb-above-header-display":"","ast-hfb-below-header-display":"","ast-hfb-mobile-header-display":"","site-post-title":"","ast-breadcrumbs-content":"","ast-featured-img":"","footer-sml-layout":"","ast-disable-related-posts":"","theme-transparent-header-meta":"default","adv-header-id-meta":"","stick-header-meta":"default","header-above-stick-meta":"","header-main-stick-meta":"","header-below-stick-meta":"","astra-migrate-meta-layouts":"set","ast-page-background-enabled":"default","ast-page-background-meta":{"desktop":{"background-color":"","background-image":"","background-repeat":"repeat","background-position":"center center","background-size":"auto","background-attachment":"scroll","background-type":"","background-media":"","overlay-type":"","overlay-color":"","overlay-opacity":"","overlay-gradient":""},"tablet":{"background-color":"","background-image":"","background-repeat":"repeat","background-position":"center center","background-size":"auto","background-attachment":"scroll","background-type":"","background-media":"","overlay-type":"","overlay-color":"","overlay-opacity":"","overlay-gradient":""},"mobile":{"background-color":"","background-image":"","background-repeat":"repeat","background-position":"center center","background-size":"auto","background-attachment":"scroll","background-type":"","background-media":"","overlay-type":"","overlay-color":"","overlay-opacity":"","overlay-gradient":""}},"ast-content-background-meta":{"desktop":{"background-color":"var(--ast-global-color-5)","background-image":"","background-repeat":"repeat","background-position":"center center","background-size":"auto","background-attachment":"scroll","background-type":"","background-media":"","overlay-type":"","overlay-color":"","overlay-opacity":"","overlay-gradient":""},"tablet":{"background-color":"var(--ast-global-color-5)","background-image":"","background-repeat":"repeat","background-position":"center center","background-size":"auto","background-attachment":"scroll","background-type":"","background-media":"","overlay-type":"","overlay-color":"","overlay-opacity":"","overlay-gradient":""},"mobile":{"background-color":"var(--ast-global-color-5)","background-image":"","background-repeat":"repeat","background-position":"center center","background-size":"auto","background-attachment":"scroll","background-type":"","background-media":"","overlay-type":"","overlay-color":"","overlay-opacity":"","overlay-gradient":""}}},"product_brand":[],"product_cat":[65,76,97,626],"product_tag":[625,548],"class_list":{"0":"post-8271","1":"product","2":"type-product","3":"status-publish","4":"has-post-thumbnail","6":"product_cat-best-sellers","7":"product_cat-new-arrivels","8":"product_cat-sauna-suit","9":"product_cat-sauna-accessories","10":"product_tag-neoprene","11":"product_tag-sauna-sweat","12":"pa_color-black","13":"pa_size-free","14":"desktop-align-center","15":"tablet-align-left","16":"mobile-align-left","17":"ast-product-gallery-layout-horizontal-slider","18":"ast-product-single-variable","19":"ast-product-tabs-layout-horizontal","20":"ast-qv-on-image","22":"first","23":"instock","24":"shipping-taxable","25":"purchasable","26":"product-type-variable"},"tiered_pricing_type":"fixed","tiered_pricing_fixed_rules":{"20":3,"50":2.5,"100":2},"tiered_pricing_product_settings":{"layout":"default","base_unit_name":{"singular":null,"plural":null},"default_variation":null},"tiered_pricing_minimum_quantity":null,"tiered_pricing_roles_data":[],"tiered_pricing_percentage_rules":[],"_links":{"self":[{"href":"https:\/\/yume-silm.com\/pt\/wp-json\/wp\/v2\/product\/8271","targetHints":{"allow":["GET"]}}],"collection":[{"href":"https:\/\/yume-silm.com\/pt\/wp-json\/wp\/v2\/product"}],"about":[{"href":"https:\/\/yume-silm.com\/pt\/wp-json\/wp\/v2\/types\/product"}],"replies":[{"embeddable":true,"href":"https:\/\/yume-silm.com\/pt\/wp-json\/wp\/v2\/comments?post=8271"}],"wp:featuredmedia":[{"embeddable":true,"href":"https:\/\/yume-silm.com\/pt\/wp-json\/wp\/v2\/media\/8265"}],"wp:attachment":[{"href":"https:\/\/yume-silm.com\/pt\/wp-json\/wp\/v2\/media?parent=8271"}],"wp:term":[{"taxonomy":"product_brand","embeddable":true,"href":"https:\/\/yume-silm.com\/pt\/wp-json\/wp\/v2\/product_brand?post=8271"},{"taxonomy":"product_cat","embeddable":true,"href":"https:\/\/yume-silm.com\/pt\/wp-json\/wp\/v2\/product_cat?post=8271"},{"taxonomy":"product_tag","embeddable":true,"href":"https:\/\/yume-silm.com\/pt\/wp-json\/wp\/v2\/product_tag?post=8271"}],"curies":[{"name":"wp","href":"https:\/\/api.w.org\/{rel}","templated":true}]}}