{"id":8287,"date":"2024-05-30T06:44:43","date_gmt":"2024-05-30T06:44:43","guid":{"rendered":"https:\/\/yume-silm.com\/?post_type=product&#038;p=8287"},"modified":"2024-06-14T05:29:40","modified_gmt":"2024-06-14T05:29:40","slug":"camisas-de-manga-curta-para-sauna-para-homens-e-mulheres","status":"publish","type":"product","link":"https:\/\/yume-silm.com\/pt\/produto\/camisas-de-manga-curta-para-sauna-para-homens-e-mulheres\/","title":{"rendered":"Sauna Camisas de manga curta Fato de suor para homens e mulheres"},"content":{"rendered":"<h5><span data-slate-fragment=\"JTVCJTdCJTIydHlwZSUyMiUzQSUyMnBhcmFncmFwaCUyMiUyQyUyMmNoaWxkcmVuJTIyJTNBJTVCJTdCJTIydGV4dCUyMiUzQSUyMkRlc2lnbiUyMEZlYXR1cmVzJTIyJTJDJTIyc2VudGVuY2UlMjIlM0EyJTJDJTIyY2hpbGRTZW50ZW5jZSUyMiUzQTElN0QlNUQlN0QlNUQ=\">Caracter\u00edsticas de design<\/span><\/h5>\n<ul>\n<li><strong>SIMPLES E CL\u00c1SSICO:<\/strong> Nossas camisas de manga curta para sauna para homens e mulheres s\u00e3o um cl\u00e1ssico mais vendido. O forro preto e prateado \u00e9 uma combina\u00e7\u00e3o de cores cl\u00e1ssica que nunca sai de moda. A gola redonda e as mangas curtas s\u00e3o bem cortadas e s\u00e3o muito adequadas para esportes de lazer ao ar livre.<\/li>\n<li><strong>EFEITO SAUNA:<\/strong> O colete de suor de sauna de manga curta para casa, academia, exerc\u00edcios, sauna, forro de material de neoprene promove rapidamente a produ\u00e7\u00e3o de suor e acelera a queima de gordura. Aumenta o suor mais de 5 vezes mais do que outras roupas esportivas, acelerando o metabolismo e conseguindo uma perda de peso saud\u00e1vel.<\/li>\n<li><strong>MATERIAL DE ALTA QUALIDADE:<\/strong> O exterior do macac\u00e3o de suor para sauna \u00e9 feito de poli\u00e9ster e o forro de neoprene \u00e9 justo e confort\u00e1vel; com alta elasticidade, n\u00e3o rasga e quebra facilmente, nem comprime ou enruga. Torne seu exerc\u00edcio mais agrad\u00e1vel.<\/li>\n<li><strong>M\u00daLTIPLAS OCASI\u00d5ES APLIC\u00c1VEIS:<\/strong> Nosso traje de sauna para exerc\u00edcios de gin\u00e1stica de mangas curtas para homens e mulheres \u00e9 adequado para todos os tipos de atividades esportivas, como corrida, boxe, ioga, ciclismo, fitness, academia, muscula\u00e7\u00e3o, jogar bola, exerc\u00edcios internos ou externos e assim por diante. Um aumento adequado da transpira\u00e7\u00e3o tamb\u00e9m ajuda a desintoxicar e limpar os poros.<\/li>\n<\/ul>\n<h6><em>Sauna suor terno manga curta compress\u00e3o camiseta perda de peso corpo shaper camisas para treino esportes exerc\u00edcio<\/em><\/h6>\n<p><img fetchpriority=\"high\" decoding=\"async\" class=\"alignnone size-medium wp-image-8288\" src=\"https:\/\/yume-silm.com\/wp-content\/uploads\/2024\/05\/sauna-short-sleeve-shirts-for-men-and-women-black-and-silver-03-300x300.jpg\" alt=\"camisas de manga curta para sauna para homens e mulheres\" width=\"300\" height=\"300\" title=\"\" srcset=\"https:\/\/yume-silm.com\/wp-content\/uploads\/2024\/05\/sauna-short-sleeve-shirts-for-men-and-women-black-and-silver-03-300x300.jpg 300w, https:\/\/yume-silm.com\/wp-content\/uploads\/2024\/05\/sauna-short-sleeve-shirts-for-men-and-women-black-and-silver-03-150x150.jpg 150w, https:\/\/yume-silm.com\/wp-content\/uploads\/2024\/05\/sauna-short-sleeve-shirts-for-men-and-women-black-and-silver-03-12x12.jpg 12w, https:\/\/yume-silm.com\/wp-content\/uploads\/2024\/05\/sauna-short-sleeve-shirts-for-men-and-women-black-and-silver-03-100x100.jpg 100w, https:\/\/yume-silm.com\/wp-content\/uploads\/2024\/05\/sauna-short-sleeve-shirts-for-men-and-women-black-and-silver-03.jpg 600w\" sizes=\"(max-width: 300px) 100vw, 300px\" \/><img decoding=\"async\" class=\"alignnone size-medium wp-image-8289\" src=\"https:\/\/yume-silm.com\/wp-content\/uploads\/2024\/05\/sauna-short-sleeve-shirts-for-men-and-women-black-and-silver-02-300x300.jpg\" alt=\"camisas de manga curta para sauna para homens e mulheres\" width=\"300\" height=\"300\" title=\"\" srcset=\"https:\/\/yume-silm.com\/wp-content\/uploads\/2024\/05\/sauna-short-sleeve-shirts-for-men-and-women-black-and-silver-02-300x300.jpg 300w, https:\/\/yume-silm.com\/wp-content\/uploads\/2024\/05\/sauna-short-sleeve-shirts-for-men-and-women-black-and-silver-02-150x150.jpg 150w, https:\/\/yume-silm.com\/wp-content\/uploads\/2024\/05\/sauna-short-sleeve-shirts-for-men-and-women-black-and-silver-02-12x12.jpg 12w, https:\/\/yume-silm.com\/wp-content\/uploads\/2024\/05\/sauna-short-sleeve-shirts-for-men-and-women-black-and-silver-02-100x100.jpg 100w, https:\/\/yume-silm.com\/wp-content\/uploads\/2024\/05\/sauna-short-sleeve-shirts-for-men-and-women-black-and-silver-02.jpg 600w\" sizes=\"(max-width: 300px) 100vw, 300px\" \/><\/p>","protected":false},"excerpt":{"rendered":"<ul>\n<li>Modelo cl\u00e1ssico mais vendido \u2013 camisas de manga curta para sauna para homens e mulheres.<\/li>\n<li>Design de gola redonda, f\u00e1cil de colocar e tirar; Revestimento prateado, \u00e0 prova de vento, \u00e0 prova de frio e \u00e0 prova d&#039;\u00e1gua; Tecido el\u00e1stico e design de manga curta, maior do que roupas esportivas comuns 5 vezes suor, perfeito para esportes casuais suados internos e externos.<\/li>\n<\/ul>","protected":false},"featured_media":8290,"comment_status":"open","ping_status":"closed","template":"","meta":{"site-sidebar-layout":"default","site-content-layout":"","ast-site-content-layout":"default","site-content-style":"default","site-sidebar-style":"default","ast-global-header-display":"","ast-banner-title-visibility":"","ast-main-header-display":"","ast-hfb-above-header-display":"","ast-hfb-below-header-display":"","ast-hfb-mobile-header-display":"","site-post-title":"","ast-breadcrumbs-content":"","ast-featured-img":"","footer-sml-layout":"","ast-disable-related-posts":"","theme-transparent-header-meta":"default","adv-header-id-meta":"","stick-header-meta":"default","header-above-stick-meta":"","header-main-stick-meta":"","header-below-stick-meta":"","astra-migrate-meta-layouts":"set","ast-page-background-enabled":"default","ast-page-background-meta":{"desktop":{"background-color":"","background-image":"","background-repeat":"repeat","background-position":"center center","background-size":"auto","background-attachment":"scroll","background-type":"","background-media":"","overlay-type":"","overlay-color":"","overlay-opacity":"","overlay-gradient":""},"tablet":{"background-color":"","background-image":"","background-repeat":"repeat","background-position":"center center","background-size":"auto","background-attachment":"scroll","background-type":"","background-media":"","overlay-type":"","overlay-color":"","overlay-opacity":"","overlay-gradient":""},"mobile":{"background-color":"","background-image":"","background-repeat":"repeat","background-position":"center center","background-size":"auto","background-attachment":"scroll","background-type":"","background-media":"","overlay-type":"","overlay-color":"","overlay-opacity":"","overlay-gradient":""}},"ast-content-background-meta":{"desktop":{"background-color":"var(--ast-global-color-5)","background-image":"","background-repeat":"repeat","background-position":"center center","background-size":"auto","background-attachment":"scroll","background-type":"","background-media":"","overlay-type":"","overlay-color":"","overlay-opacity":"","overlay-gradient":""},"tablet":{"background-color":"var(--ast-global-color-5)","background-image":"","background-repeat":"repeat","background-position":"center center","background-size":"auto","background-attachment":"scroll","background-type":"","background-media":"","overlay-type":"","overlay-color":"","overlay-opacity":"","overlay-gradient":""},"mobile":{"background-color":"var(--ast-global-color-5)","background-image":"","background-repeat":"repeat","background-position":"center center","background-size":"auto","background-attachment":"scroll","background-type":"","background-media":"","overlay-type":"","overlay-color":"","overlay-opacity":"","overlay-gradient":""}}},"product_brand":[],"product_cat":[65,76,97,102,99,100],"product_tag":[625,632,167,548,566],"class_list":{"0":"post-8287","1":"product","2":"type-product","3":"status-publish","4":"has-post-thumbnail","6":"product_cat-best-sellers","7":"product_cat-new-arrivels","8":"product_cat-sauna-suit","9":"product_cat-full-body-sweat-suit","10":"product_cat-sauna-pants","11":"product_cat-sauna-tops","12":"product_tag-neoprene","13":"product_tag-sauna-lover","14":"product_tag-sauna-suit","15":"product_tag-sauna-sweat","16":"product_tag-short-sleeves","17":"pa_color-sliver","18":"pa_size-4xl-5xl","19":"pa_size-l-xl","20":"pa_size-s-m","21":"pa_size-xxl-xxxl","22":"desktop-align-center","23":"tablet-align-left","24":"mobile-align-left","25":"ast-product-gallery-layout-horizontal-slider","26":"ast-product-single-variable","27":"ast-product-tabs-layout-horizontal","28":"ast-qv-on-image","30":"first","31":"instock","32":"shipping-taxable","33":"purchasable","34":"product-type-variable"},"tiered_pricing_type":"fixed","tiered_pricing_fixed_rules":{"2":9.3,"50":8.3,"100":7.25},"tiered_pricing_product_settings":{"layout":"default","base_unit_name":{"singular":null,"plural":null},"default_variation":null},"tiered_pricing_minimum_quantity":null,"tiered_pricing_roles_data":[],"tiered_pricing_percentage_rules":[],"_links":{"self":[{"href":"https:\/\/yume-silm.com\/pt\/wp-json\/wp\/v2\/product\/8287","targetHints":{"allow":["GET"]}}],"collection":[{"href":"https:\/\/yume-silm.com\/pt\/wp-json\/wp\/v2\/product"}],"about":[{"href":"https:\/\/yume-silm.com\/pt\/wp-json\/wp\/v2\/types\/product"}],"replies":[{"embeddable":true,"href":"https:\/\/yume-silm.com\/pt\/wp-json\/wp\/v2\/comments?post=8287"}],"wp:featuredmedia":[{"embeddable":true,"href":"https:\/\/yume-silm.com\/pt\/wp-json\/wp\/v2\/media\/8290"}],"wp:attachment":[{"href":"https:\/\/yume-silm.com\/pt\/wp-json\/wp\/v2\/media?parent=8287"}],"wp:term":[{"taxonomy":"product_brand","embeddable":true,"href":"https:\/\/yume-silm.com\/pt\/wp-json\/wp\/v2\/product_brand?post=8287"},{"taxonomy":"product_cat","embeddable":true,"href":"https:\/\/yume-silm.com\/pt\/wp-json\/wp\/v2\/product_cat?post=8287"},{"taxonomy":"product_tag","embeddable":true,"href":"https:\/\/yume-silm.com\/pt\/wp-json\/wp\/v2\/product_tag?post=8287"}],"curies":[{"name":"wp","href":"https:\/\/api.w.org\/{rel}","templated":true}]}}