{"id":8312,"date":"2024-06-06T06:46:57","date_gmt":"2024-06-06T06:46:57","guid":{"rendered":"https:\/\/yume-silm.com\/?post_type=product&#038;p=8312"},"modified":"2024-11-08T08:53:36","modified_gmt":"2024-11-08T08:53:36","slug":"jaqueta-de-suor-de-sauna-com-ziper-para-homens-e-mulheres","status":"publish","type":"product","link":"https:\/\/yume-silm.com\/pt\/produto\/jaqueta-de-suor-de-sauna-com-ziper-para-homens-e-mulheres\/","title":{"rendered":"Jaqueta de suor de sauna com z\u00edper para homens e mulheres"},"content":{"rendered":"<h5>Caracter\u00edsticas de design<\/h5>\n<ul>\n<li data-slate-node=\"element\"><span data-slate-node=\"text\"><span class=\"41\" data-slate-leaf=\"true\"><strong>CASAIS CL\u00c1SSICOS:<\/strong> A roupa de sauna para redu\u00e7\u00e3o de peso tem um design simples, cl\u00e1ssico e esportivo com linhas pretas e brancas por toda parte. Jaqueta de moletom de sauna com z\u00edper para homem e mulher<\/span><\/span><span data-slate-node=\"text\"><span class=\"42\" data-slate-leaf=\"true\">\u00a0moda, design com z\u00edper, muito f\u00e1cil de usar, adequado para homens e mulheres, tamb\u00e9m pode ser usado como vestido de casal.<\/span><\/span><\/li>\n<li data-slate-node=\"element\"><span data-slate-node=\"text\"><span class=\"61\" data-slate-leaf=\"true\"><strong>EFEITO SAUNA DE SUOR:<\/strong> indo a um casamento? <\/span><\/span><span data-slate-node=\"text\"><span class=\"62\" data-slate-leaf=\"true\">Combate de boxe? <\/span><\/span><span data-slate-node=\"text\"><span class=\"63\" data-slate-leaf=\"true\">Mai\u00f4 de ver\u00e3o? <\/span><\/span><span data-slate-node=\"text\"><span class=\"64\" data-slate-leaf=\"true\">A jaqueta de suor de sauna de mangas compridas proporciona um efeito de suor de sauna incompar\u00e1vel. <\/span><\/span><span data-slate-node=\"text\"><span class=\"65\" data-slate-leaf=\"true\">A regata de sauna para homem e mulher \u00e9 confeccionada em tecido de alta qualidade, que faz voc\u00ea suar r\u00e1pido, acelera a queima de calorias e promove o metabolismo.<\/span><\/span><\/li>\n<li data-slate-node=\"element\"><span data-slate-node=\"text\"><span class=\"81\" data-slate-leaf=\"true\"><strong>EXCELENTE P\u00c1RA-BRISA E IMPERME\u00c1VEL:<\/strong> Os punhos finos da jaqueta de sauna para perda de peso facilitam a reten\u00e7\u00e3o do calor e a experi\u00eancia de suor \u00e9 mais pronunciada. <\/span><\/span><span data-slate-node=\"text\"><span class=\"82\" data-slate-leaf=\"true\">Tem um bom efeito \u00e0 prova de vento e \u00e0 prova d&#039;\u00e1gua para aquecer o corpo.<\/span><\/span><\/li>\n<li data-slate-node=\"element\"><span data-slate-node=\"text\"><span class=\"101\" data-slate-leaf=\"true\"><strong>ADEQUA\u00c7\u00c3O E PERDA DE PESO:<\/strong> A jaqueta de sauna de boxe permite que voc\u00ea queime calorias a qualquer hora e em qualquer lugar e desfrute do prazer de treinar e suar, reduzindo o estresse. <\/span><\/span><span data-slate-node=\"text\"><span class=\"102\" data-slate-leaf=\"true\">Este treino de gin\u00e1stica com sauna de mangas compridas \u00e9 perfeito para corrida, ciclismo, ioga quente, levantamento de peso ou boxe na academia ou ao ar livre.<\/span><\/span><\/li>\n<li data-slate-node=\"element\" data-slate-fragment=\"JTVCJTdCJTIydHlwZSUyMiUzQSUyMnBhcmFncmFwaCUyMiUyQyUyMmNoaWxkcmVuJTIyJTNBJTVCJTdCJTIydGV4dCUyMiUzQSUyMkNMQVNTSUMlMjBDT1VQTEVTJTNBJTIwVGhlJTIwc2F1bmElMjBzdWl0JTIwZm9yJTIwd2VpZ2h0LWN1dHRpbmclMjBoYXMlMjBhJTIwc2ltcGxlJTJDJTIwY2xhc3NpYyUyQyUyMGFuZCUyMHNwb3J0eSUyMGRlc2lnbiUyMHdpdGglMjBibGFjayUyMGFuZCUyMHdoaXRlJTIwbGluZXMlMjB0aHJvdWdob3V0LiUyMCUyMiUyQyUyMnNlbnRlbmNlJTIyJTNBNCUyQyUyMmNoaWxkU2VudGVuY2UlMjIlM0ExJTdEJTJDJTdCJTIydGV4dCUyMiUzQSUyMlNhdW5hJTIwc3VpdCUyMGZhc2hpb24lMkMlMjB6aXBwZXIlMjBkZXNpZ24lMkMlMjB2ZXJ5JTIwZWFzeSUyMHRvJTIwd2VhciUyQyUyMHN1aXRhYmxlJTIwZm9yJTIwbWVuJTIwYW5kJTIwd29tZW4lMkMlMjBjYW4lMjBhbHNvJTIwYmUlMjB1c2VkJTIwYXMlMjBhJTIwY291cGxlJTIwZHJlc3MuJTIyJTJDJTIyc2VudGVuY2UlMjIlM0E0JTJDJTIyY2hpbGRTZW50ZW5jZSUyMiUzQTIlN0QlNUQlN0QlMkMlN0IlMjJ0eXBlJTIyJTNBJTIycGFyYWdyYXBoJTIyJTJDJTIyY2hpbGRyZW4lMjIlM0ElNUIlN0IlMjJ0ZXh0JTIyJTNBJTIyJTIyJTJDJTIyc2VudGVuY2UlMjIlM0E1JTJDJTIyY2hpbGRTZW50ZW5jZSUyMiUzQTElN0QlNUQlN0QlMkMlN0IlMjJ0eXBlJTIyJTNBJTIycGFyYWdyYXBoJTIyJTJDJTIyY2hpbGRyZW4lMjIlM0ElNUIlN0IlMjJ0ZXh0JTIyJTNBJTIyU3dlYXQlMjBzYXVuYSUyMGVmZmVjdCUzQSUyMGF0dGVuZGluZyUyMGElMjB3ZWRkaW5nJTNGJTIwJTIyJTJDJTIyc2VudGVuY2UlMjIlM0E2JTJDJTIyY2hpbGRTZW50ZW5jZSUyMiUzQTElN0QlMkMlN0IlMjJ0ZXh0JTIyJTNBJTIyQm94aW5nJTIwbWF0Y2glM0YlMjAlMjIlMkMlMjJzZW50ZW5jZSUyMiUzQTYlMkMlMjJjaGlsZFNlbnRlbmNlJTIyJTNBMiU3RCUyQyU3QiUyMnRleHQlMjIlM0ElMjJTdW1tZXIlMjBzd2ltc3VpdCUzRiUyMCUyMiUyQyUyMnNlbnRlbmNlJTIyJTNBNiUyQyUyMmNoaWxkU2VudGVuY2UlMjIlM0EzJTdEJTJDJTdCJTIydGV4dCUyMiUzQSUyMlRoZSUyMGxvbmctc2xlZXZlZCUyMHNhdW5hJTIwc3dlYXQlMjBqYWNrZXQlMjBnaXZlcyUyMHlvdSUyMGFuJTIwdW5yaXZhbGVkJTIwc2F1bmElMjBzd2VhdCUyMGVmZmVjdC4lMjAlMjIlMkMlMjJzZW50ZW5jZSUyMiUzQTYlMkMlMjJjaGlsZFNlbnRlbmNlJTIyJTNBNCU3RCUyQyU3QiUyMnRleHQlMjIlM0ElMjJUaGUlMjBzYXVuYSUyMGphY2tldCUyMGZvciUyMG1lbiUyMGFuZCUyMHdvbWVuJTIwaXMlMjBtYWRlJTIwb2YlMjBoaWdoLXF1YWxpdHklMjBmYWJyaWMlMkMlMjB3aGljaCUyMG1ha2VzJTIweW91JTIwc3dlYXQlMjBmYXN0JTJDJTIwYWNjZWxlcmF0ZXMlMjBjYWxvcmllJTIwYnVybmluZyUyQyUyMGFuZCUyMHByb21vdGVzJTIwbWV0YWJvbGlzbS4lMjIlMkMlMjJzZW50ZW5jZSUyMiUzQTYlMkMlMjJjaGlsZFNlbnRlbmNlJTIyJTNBNSU3RCU1RCU3RCUyQyU3QiUyMnR5cGUlMjIlM0ElMjJwYXJhZ3JhcGglMjIlMkMlMjJjaGlsZHJlbiUyMiUzQSU1QiU3QiUyMnRleHQlMjIlM0ElMjIlMjIlMkMlMjJzZW50ZW5jZSUyMiUzQTclMkMlMjJjaGlsZFNlbnRlbmNlJTIyJTNBMSU3RCU1RCU3RCUyQyU3QiUyMnR5cGUlMjIlM0ElMjJwYXJhZ3JhcGglMjIlMkMlMjJjaGlsZHJlbiUyMiUzQSU1QiU3QiUyMnRleHQlMjIlM0ElMjJFWENFTExFTlQlMjBXSU5EU0hJRUxEJTIwQU5EJTIwV0FURVJQUk9PRiUzQSUyMFRoZSUyMHNsaW0lMjBjdWZmcyUyMG9mJTIwdGhlJTIwc2F1bmElMjBqYWNrZXQlMjBmb3IlMjB3ZWlnaHQlMjBsb3NzJTIwbWFrZSUyMGl0JTIwZWFzaWVyJTIwdG8lMjBsb2NrJTIwaW4lMjB0aGUlMjBoZWF0JTJDJTIwYW5kJTIwdGhlJTIwc3dlYXR5JTIwZXhwZXJpZW5jZSUyMGlzJTIwbW9yZSUyMHByb25vdW5jZWQuJTIwJTIyJTJDJTIyc2VudGVuY2UlMjIlM0E4JTJDJTIyY2hpbGRTZW50ZW5jZSUyMiUzQTElN0QlMkMlN0IlMjJ0ZXh0JTIyJTNBJTIySXQlMjBoYXMlMjBhJTIwZ29vZCUyMHdpbmRwcm9vZiUyMGFuZCUyMHdhdGVycHJvb2YlMjBlZmZlY3QlMjB0byUyMHdhcm0lMjB5b3VyJTIwYm9keS4lMjIlMkMlMjJzZW50ZW5jZSUyMiUzQTglMkMlMjJjaGlsZFNlbnRlbmNlJTIyJTNBMiU3RCU1RCU3RCUyQyU3QiUyMnR5cGUlMjIlM0ElMjJwYXJhZ3JhcGglMjIlMkMlMjJjaGlsZHJlbiUyMiUzQSU1QiU3QiUyMnRleHQlMjIlM0ElMjIlMjIlMkMlMjJzZW50ZW5jZSUyMiUzQTklMkMlMjJjaGlsZFNlbnRlbmNlJTIyJTNBMSU3RCU1RCU3RCUyQyU3QiUyMnR5cGUlMjIlM0ElMjJwYXJhZ3JhcGglMjIlMkMlMjJjaGlsZHJlbiUyMiUzQSU1QiU3QiUyMnRleHQlMjIlM0ElMjJGSVRORVNTJTIwQU5EJTIwV0VJR0hUJTIwTE9TUyUzQSUyMFRoZSUyMGJveGluZyUyMHNhdW5hJTIwamFja2V0JTIwYWxsb3dzJTIweW91JTIwdG8lMjBidXJuJTIwY2Fsb3JpZXMlMjBhbnl0aW1lJTIwYW5kJTIwYW55d2hlcmUlMkMlMjBhbmQlMjBlbmpveSUyMHRoZSUyMHN0cmVzcy1yZWR1Y2luZyUyMHBsZWFzdXJlJTIwb2YlMjB3b3JraW5nJTIwb3V0JTIwYW5kJTIwc3dlYXRpbmcuJTIwJTIyJTJDJTIyc2VudGVuY2UlMjIlM0ExMCUyQyUyMmNoaWxkU2VudGVuY2UlMjIlM0ExJTdEJTJDJTdCJTIydGV4dCUyMiUzQSUyMlRoaXMlMjBsb25nLXNsZWV2ZWQlMjBzYXVuYSUyMHRvcCUyMGd5bSUyMHdvcmtvdXQlMjBpcyUyMHBlcmZlY3QlMjBmb3IlMjBydW5uaW5nJTJDJTIwY3ljbGluZyUyQyUyMGhvdCUyMHlvZ2ElMkMlMjB3ZWlnaHQlMjBsaWZ0aW5nJTJDJTIwb3IlMjBib3hpbmclMjBpbiUyMHRoZSUyMGd5bSUyMG9yJTIwb3V0ZG9vcnMuJTIyJTJDJTIyc2VudGVuY2UlMjIlM0ExMCUyQyUyMmNoaWxkU2VudGVuY2UlMjIlM0EyJTdEJTVEJTdEJTJDJTdCJTIydHlwZSUyMiUzQSUyMnBhcmFncmFwaCUyMiUyQyUyMmNoaWxkcmVuJTIyJTNBJTVCJTdCJTIydGV4dCUyMiUzQSUyMiUyMiUyQyUyMnNlbnRlbmNlJTIyJTNBMTElMkMlMjJjaGlsZFNlbnRlbmNlJTIyJTNBMSU3RCU1RCU3RCUyQyU3QiUyMnR5cGUlMjIlM0ElMjJwYXJhZ3JhcGglMjIlMkMlMjJjaGlsZHJlbiUyMiUzQSU1QiU3QiUyMnRleHQlMjIlM0ElMjJBQlJBU0lPTiUyMFJFU0lTVEFOVCUyMEFORCUyMEVBU1klMjBUTyUyMENMRUFOJTNBJTIwVGhpcyUyMGxvbmctc2xlZXZlZCUyMHNhdW5hJTIwc2xpbW1pbmclMjB0b3AlMjBvZiUyMG91cnMlMjBoYXMlMjBnb29kJTIwYWJyYXNpb24lMjByZXNpc3RhbmNlJTJDJTIwd2hpY2glMjBlbnN1cmVzJTIwdGhhdCUyMHNhdW5hJTIwc3dlYXQlMjBqYWNrZXQlMjB3aXRoJTIwemlwcGVyJTIwZm9yJTIwbWVuJTIwYW5kJTIwd29tZW4lMjB3aWxsJTIwbm90JTIwYmUlMjBlYXN5JTIwdG8lMjBwdWxsJTIwYW5kJTIwYnJlYWslMjBkdXJpbmclMjBhbnklMjBvZiUyMHlvdXIlMjB3b3Jrb3V0cy4lMjAlMjIlMkMlMjJzZW50ZW5jZSUyMiUzQTEyJTJDJTIyY2hpbGRTZW50ZW5jZSUyMiUzQTElN0QlMkMlN0IlMjJ0ZXh0JTIyJTNBJTIyU29mdCUyQyUyMGhpZ2glMjBlbGFzdGljaXR5JTJDJTIwdmVyeSUyMGNvbWZvcnRhYmxlJTIwdG8lMjB3ZWFyJTJDJTIwaGVscHMlMjB5b3UlMjBwdWxsJTIwdXAlMjB0aGUlMjBmZWVsaW5nJTIwb2YlMjBleGVyY2lzZSUyMGV4cGVyaWVuY2UuJTIyJTJDJTIyc2VudGVuY2UlMjIlM0ExMiUyQyUyMmNoaWxkU2VudGVuY2UlMjIlM0EyJTdEJTVEJTdEJTVE\"><span data-slate-node=\"text\"><span class=\"121\" data-slate-leaf=\"true\"><strong>RESISTENTE \u00c0 ABRAS\u00c3O E F\u00c1CIL DE LIMPAR:<\/strong> Este nosso top de manga comprida para emagrecimento de sauna tem boa resist\u00eancia \u00e0 abras\u00e3o, o que garante que a jaqueta de suor de sauna com z\u00edper para homens e mulheres n\u00e3o ser\u00e1 f\u00e1cil de puxar e quebrar durante qualquer um dos seus treinos. <\/span><\/span><span data-slate-node=\"text\"><span class=\"122\" data-slate-leaf=\"true\">Macio, de alta elasticidade, muito confort\u00e1vel de usar, ajuda a aumentar a sensa\u00e7\u00e3o de experi\u00eancia de exerc\u00edcio.<\/span><\/span><\/li>\n<\/ul>\n<div data-slate-node=\"element\" data-slate-fragment=\"JTVCJTdCJTIydHlwZSUyMiUzQSUyMnBhcmFncmFwaCUyMiUyQyUyMmNoaWxkcmVuJTIyJTNBJTVCJTdCJTIydGV4dCUyMiUzQSUyMkNMQVNTSUMlMjBDT1VQTEVTJTNBJTIwVGhlJTIwc2F1bmElMjBzdWl0JTIwZm9yJTIwd2VpZ2h0LWN1dHRpbmclMjBoYXMlMjBhJTIwc2ltcGxlJTJDJTIwY2xhc3NpYyUyQyUyMGFuZCUyMHNwb3J0eSUyMGRlc2lnbiUyMHdpdGglMjBibGFjayUyMGFuZCUyMHdoaXRlJTIwbGluZXMlMjB0aHJvdWdob3V0LiUyMCUyMiUyQyUyMnNlbnRlbmNlJTIyJTNBNCUyQyUyMmNoaWxkU2VudGVuY2UlMjIlM0ExJTdEJTJDJTdCJTIydGV4dCUyMiUzQSUyMlNhdW5hJTIwc3VpdCUyMGZhc2hpb24lMkMlMjB6aXBwZXIlMjBkZXNpZ24lMkMlMjB2ZXJ5JTIwZWFzeSUyMHRvJTIwd2VhciUyQyUyMHN1aXRhYmxlJTIwZm9yJTIwbWVuJTIwYW5kJTIwd29tZW4lMkMlMjBjYW4lMjBhbHNvJTIwYmUlMjB1c2VkJTIwYXMlMjBhJTIwY291cGxlJTIwZHJlc3MuJTIyJTJDJTIyc2VudGVuY2UlMjIlM0E0JTJDJTIyY2hpbGRTZW50ZW5jZSUyMiUzQTIlN0QlNUQlN0QlMkMlN0IlMjJ0eXBlJTIyJTNBJTIycGFyYWdyYXBoJTIyJTJDJTIyY2hpbGRyZW4lMjIlM0ElNUIlN0IlMjJ0ZXh0JTIyJTNBJTIyJTIyJTJDJTIyc2VudGVuY2UlMjIlM0E1JTJDJTIyY2hpbGRTZW50ZW5jZSUyMiUzQTElN0QlNUQlN0QlMkMlN0IlMjJ0eXBlJTIyJTNBJTIycGFyYWdyYXBoJTIyJTJDJTIyY2hpbGRyZW4lMjIlM0ElNUIlN0IlMjJ0ZXh0JTIyJTNBJTIyU3dlYXQlMjBzYXVuYSUyMGVmZmVjdCUzQSUyMGF0dGVuZGluZyUyMGElMjB3ZWRkaW5nJTNGJTIwJTIyJTJDJTIyc2VudGVuY2UlMjIlM0E2JTJDJTIyY2hpbGRTZW50ZW5jZSUyMiUzQTElN0QlMkMlN0IlMjJ0ZXh0JTIyJTNBJTIyQm94aW5nJTIwbWF0Y2glM0YlMjAlMjIlMkMlMjJzZW50ZW5jZSUyMiUzQTYlMkMlMjJjaGlsZFNlbnRlbmNlJTIyJTNBMiU3RCUyQyU3QiUyMnRleHQlMjIlM0ElMjJTdW1tZXIlMjBzd2ltc3VpdCUzRiUyMCUyMiUyQyUyMnNlbnRlbmNlJTIyJTNBNiUyQyUyMmNoaWxkU2VudGVuY2UlMjIlM0EzJTdEJTJDJTdCJTIydGV4dCUyMiUzQSUyMlRoZSUyMGxvbmctc2xlZXZlZCUyMHNhdW5hJTIwc3dlYXQlMjBqYWNrZXQlMjBnaXZlcyUyMHlvdSUyMGFuJTIwdW5yaXZhbGVkJTIwc2F1bmElMjBzd2VhdCUyMGVmZmVjdC4lMjAlMjIlMkMlMjJzZW50ZW5jZSUyMiUzQTYlMkMlMjJjaGlsZFNlbnRlbmNlJTIyJTNBNCU3RCUyQyU3QiUyMnRleHQlMjIlM0ElMjJUaGUlMjBzYXVuYSUyMGphY2tldCUyMGZvciUyMG1lbiUyMGFuZCUyMHdvbWVuJTIwaXMlMjBtYWRlJTIwb2YlMjBoaWdoLXF1YWxpdHklMjBmYWJyaWMlMkMlMjB3aGljaCUyMG1ha2VzJTIweW91JTIwc3dlYXQlMjBmYXN0JTJDJTIwYWNjZWxlcmF0ZXMlMjBjYWxvcmllJTIwYnVybmluZyUyQyUyMGFuZCUyMHByb21vdGVzJTIwbWV0YWJvbGlzbS4lMjIlMkMlMjJzZW50ZW5jZSUyMiUzQTYlMkMlMjJjaGlsZFNlbnRlbmNlJTIyJTNBNSU3RCU1RCU3RCUyQyU3QiUyMnR5cGUlMjIlM0ElMjJwYXJhZ3JhcGglMjIlMkMlMjJjaGlsZHJlbiUyMiUzQSU1QiU3QiUyMnRleHQlMjIlM0ElMjIlMjIlMkMlMjJzZW50ZW5jZSUyMiUzQTclMkMlMjJjaGlsZFNlbnRlbmNlJTIyJTNBMSU3RCU1RCU3RCUyQyU3QiUyMnR5cGUlMjIlM0ElMjJwYXJhZ3JhcGglMjIlMkMlMjJjaGlsZHJlbiUyMiUzQSU1QiU3QiUyMnRleHQlMjIlM0ElMjJFWENFTExFTlQlMjBXSU5EU0hJRUxEJTIwQU5EJTIwV0FURVJQUk9PRiUzQSUyMFRoZSUyMHNsaW0lMjBjdWZmcyUyMG9mJTIwdGhlJTIwc2F1bmElMjBqYWNrZXQlMjBmb3IlMjB3ZWlnaHQlMjBsb3NzJTIwbWFrZSUyMGl0JTIwZWFzaWVyJTIwdG8lMjBsb2NrJTIwaW4lMjB0aGUlMjBoZWF0JTJDJTIwYW5kJTIwdGhlJTIwc3dlYXR5JTIwZXhwZXJpZW5jZSUyMGlzJTIwbW9yZSUyMHByb25vdW5jZWQuJTIwJTIyJTJDJTIyc2VudGVuY2UlMjIlM0E4JTJDJTIyY2hpbGRTZW50ZW5jZSUyMiUzQTElN0QlMkMlN0IlMjJ0ZXh0JTIyJTNBJTIySXQlMjBoYXMlMjBhJTIwZ29vZCUyMHdpbmRwcm9vZiUyMGFuZCUyMHdhdGVycHJvb2YlMjBlZmZlY3QlMjB0byUyMHdhcm0lMjB5b3VyJTIwYm9keS4lMjIlMkMlMjJzZW50ZW5jZSUyMiUzQTglMkMlMjJjaGlsZFNlbnRlbmNlJTIyJTNBMiU3RCU1RCU3RCUyQyU3QiUyMnR5cGUlMjIlM0ElMjJwYXJhZ3JhcGglMjIlMkMlMjJjaGlsZHJlbiUyMiUzQSU1QiU3QiUyMnRleHQlMjIlM0ElMjIlMjIlMkMlMjJzZW50ZW5jZSUyMiUzQTklMkMlMjJjaGlsZFNlbnRlbmNlJTIyJTNBMSU3RCU1RCU3RCUyQyU3QiUyMnR5cGUlMjIlM0ElMjJwYXJhZ3JhcGglMjIlMkMlMjJjaGlsZHJlbiUyMiUzQSU1QiU3QiUyMnRleHQlMjIlM0ElMjJGSVRORVNTJTIwQU5EJTIwV0VJR0hUJTIwTE9TUyUzQSUyMFRoZSUyMGJveGluZyUyMHNhdW5hJTIwamFja2V0JTIwYWxsb3dzJTIweW91JTIwdG8lMjBidXJuJTIwY2Fsb3JpZXMlMjBhbnl0aW1lJTIwYW5kJTIwYW55d2hlcmUlMkMlMjBhbmQlMjBlbmpveSUyMHRoZSUyMHN0cmVzcy1yZWR1Y2luZyUyMHBsZWFzdXJlJTIwb2YlMjB3b3JraW5nJTIwb3V0JTIwYW5kJTIwc3dlYXRpbmcuJTIwJTIyJTJDJTIyc2VudGVuY2UlMjIlM0ExMCUyQyUyMmNoaWxkU2VudGVuY2UlMjIlM0ExJTdEJTJDJTdCJTIydGV4dCUyMiUzQSUyMlRoaXMlMjBsb25nLXNsZWV2ZWQlMjBzYXVuYSUyMHRvcCUyMGd5bSUyMHdvcmtvdXQlMjBpcyUyMHBlcmZlY3QlMjBmb3IlMjBydW5uaW5nJTJDJTIwY3ljbGluZyUyQyUyMGhvdCUyMHlvZ2ElMkMlMjB3ZWlnaHQlMjBsaWZ0aW5nJTJDJTIwb3IlMjBib3hpbmclMjBpbiUyMHRoZSUyMGd5bSUyMG9yJTIwb3V0ZG9vcnMuJTIyJTJDJTIyc2VudGVuY2UlMjIlM0ExMCUyQyUyMmNoaWxkU2VudGVuY2UlMjIlM0EyJTdEJTVEJTdEJTJDJTdCJTIydHlwZSUyMiUzQSUyMnBhcmFncmFwaCUyMiUyQyUyMmNoaWxkcmVuJTIyJTNBJTVCJTdCJTIydGV4dCUyMiUzQSUyMiUyMiUyQyUyMnNlbnRlbmNlJTIyJTNBMTElMkMlMjJjaGlsZFNlbnRlbmNlJTIyJTNBMSU3RCU1RCU3RCUyQyU3QiUyMnR5cGUlMjIlM0ElMjJwYXJhZ3JhcGglMjIlMkMlMjJjaGlsZHJlbiUyMiUzQSU1QiU3QiUyMnRleHQlMjIlM0ElMjJBQlJBU0lPTiUyMFJFU0lTVEFOVCUyMEFORCUyMEVBU1klMjBUTyUyMENMRUFOJTNBJTIwVGhpcyUyMGxvbmctc2xlZXZlZCUyMHNhdW5hJTIwc2xpbW1pbmclMjB0b3AlMjBvZiUyMG91cnMlMjBoYXMlMjBnb29kJTIwYWJyYXNpb24lMjByZXNpc3RhbmNlJTJDJTIwd2hpY2glMjBlbnN1cmVzJTIwdGhhdCUyMHNhdW5hJTIwc3dlYXQlMjBqYWNrZXQlMjB3aXRoJTIwemlwcGVyJTIwZm9yJTIwbWVuJTIwYW5kJTIwd29tZW4lMjB3aWxsJTIwbm90JTIwYmUlMjBlYXN5JTIwdG8lMjBwdWxsJTIwYW5kJTIwYnJlYWslMjBkdXJpbmclMjBhbnklMjBvZiUyMHlvdXIlMjB3b3Jrb3V0cy4lMjAlMjIlMkMlMjJzZW50ZW5jZSUyMiUzQTEyJTJDJTIyY2hpbGRTZW50ZW5jZSUyMiUzQTElN0QlMkMlN0IlMjJ0ZXh0JTIyJTNBJTIyU29mdCUyQyUyMGhpZ2glMjBlbGFzdGljaXR5JTJDJTIwdmVyeSUyMGNvbWZvcnRhYmxlJTIwdG8lMjB3ZWFyJTJDJTIwaGVscHMlMjB5b3UlMjBwdWxsJTIwdXAlMjB0aGUlMjBmZWVsaW5nJTIwb2YlMjBleGVyY2lzZSUyMGV4cGVyaWVuY2UuJTIyJTJDJTIyc2VudGVuY2UlMjIlM0ExMiUyQyUyMmNoaWxkU2VudGVuY2UlMjIlM0EyJTdEJTVEJTdEJTVE\">\n<h6 data-slate-node=\"element\" data-slate-fragment=\"JTVCJTdCJTIydHlwZSUyMiUzQSUyMnBhcmFncmFwaCUyMiUyQyUyMmNoaWxkcmVuJTIyJTNBJTVCJTdCJTIydGV4dCUyMiUzQSUyMkxvbmclMjBzbGVldmUlMjBzYXVuYSUyMHN3ZWF0JTIwamFja2V0JTIwdG9wJTIwd2VpZ2h0JTIwbG9zcyUyMGd5bSUyMHdvcmtvdXQlMjBoZWF0JTIwY3ljbGUlMjIlMkMlMjJzZW50ZW5jZSUyMiUzQTElMkMlMjJjaGlsZFNlbnRlbmNlJTIyJTNBMSU3RCU1RCU3RCUyQyU3QiUyMnR5cGUlMjIlM0ElMjJwYXJhZ3JhcGglMjIlMkMlMjJjaGlsZHJlbiUyMiUzQSU1QiU3QiUyMnRleHQlMjIlM0ElMjIlMjIlMkMlMjJzZW50ZW5jZSUyMiUzQTIlMkMlMjJjaGlsZFNlbnRlbmNlJTIyJTNBMSU3RCU1RCU3RCU1RA==\"><em><span class=\"11\" data-slate-leaf=\"true\">Jaqueta de suor de manga comprida para perda de peso, treino de academia, ciclo de calor<\/span><\/em><\/h6>\n<div data-slate-node=\"element\"><img fetchpriority=\"high\" decoding=\"async\" class=\"alignnone size-medium wp-image-8327\" src=\"https:\/\/yume-silm.com\/wp-content\/uploads\/2024\/06\/sauna-sweat-jacket-with-zipper-for-men-and-women-02-300x300.jpg\" alt=\"jaqueta de suor de sauna com z\u00edper para homens e mulheres\" width=\"300\" height=\"300\" title=\"\" srcset=\"https:\/\/yume-silm.com\/wp-content\/uploads\/2024\/06\/sauna-sweat-jacket-with-zipper-for-men-and-women-02-300x300.jpg 300w, https:\/\/yume-silm.com\/wp-content\/uploads\/2024\/06\/sauna-sweat-jacket-with-zipper-for-men-and-women-02-150x150.jpg 150w, https:\/\/yume-silm.com\/wp-content\/uploads\/2024\/06\/sauna-sweat-jacket-with-zipper-for-men-and-women-02-12x12.jpg 12w, https:\/\/yume-silm.com\/wp-content\/uploads\/2024\/06\/sauna-sweat-jacket-with-zipper-for-men-and-women-02-100x100.jpg 100w, https:\/\/yume-silm.com\/wp-content\/uploads\/2024\/06\/sauna-sweat-jacket-with-zipper-for-men-and-women-02.jpg 600w\" sizes=\"(max-width: 300px) 100vw, 300px\" \/><img decoding=\"async\" class=\"alignnone size-medium wp-image-8331\" src=\"https:\/\/yume-silm.com\/wp-content\/uploads\/2024\/06\/sauna-sweat-jacket-with-zipper-for-men-and-women-detail-03-300x300.jpg\" alt=\"jaqueta de suor de sauna com z\u00edper para homens e mulheres\" width=\"300\" height=\"300\" title=\"\" srcset=\"https:\/\/yume-silm.com\/wp-content\/uploads\/2024\/06\/sauna-sweat-jacket-with-zipper-for-men-and-women-detail-03-300x300.jpg 300w, https:\/\/yume-silm.com\/wp-content\/uploads\/2024\/06\/sauna-sweat-jacket-with-zipper-for-men-and-women-detail-03-150x150.jpg 150w, https:\/\/yume-silm.com\/wp-content\/uploads\/2024\/06\/sauna-sweat-jacket-with-zipper-for-men-and-women-detail-03-12x12.jpg 12w, https:\/\/yume-silm.com\/wp-content\/uploads\/2024\/06\/sauna-sweat-jacket-with-zipper-for-men-and-women-detail-03-100x100.jpg 100w, https:\/\/yume-silm.com\/wp-content\/uploads\/2024\/06\/sauna-sweat-jacket-with-zipper-for-men-and-women-detail-03.jpg 600w\" sizes=\"(max-width: 300px) 100vw, 300px\" \/><\/div>\n<\/div>","protected":false},"excerpt":{"rendered":"<ul>\n<li data-slate-node=\"element\"><span data-slate-node=\"text\"><span class=\"171\" data-slate-leaf=\"true\">Sauna Sweat Jacket com z\u00edper para homens e mulheres \u00e9 o seu melhor parceiro de exerc\u00edcios no caminho para a perda de peso.<\/span><\/span><\/li>\n<li data-slate-node=\"element\" data-slate-fragment=\"JTVCJTdCJTIydHlwZSUyMiUzQSUyMnBhcmFncmFwaCUyMiUyQyUyMmNoaWxkcmVuJTIyJTNBJTVCJTdCJTIydGV4dCUyMiUzQSUyMlNhdW5hJTIwU3dlYXQlMjBKYWNrZXQlMjB3aXRoJTIwWmlwcGVyJTIwZm9yJTIwTWVuJTIwYW5kJTIwV29tZW4lMjBpcyUyMHlvdXIlMjBiZXN0JTIwZXhlcmNpc2UlMjBwYXJ0bmVyJTIwb24lMjB0aGUlMjByb2FkJTIwdG8lMjB3ZWlnaHQlMjBsb3NzLiUyMiUyQyUyMnNlbnRlbmNlJTIyJTNBMTclMkMlMjJjaGlsZFNlbnRlbmNlJTIyJTNBMSU3RCU1RCU3RCUyQyU3QiUyMnR5cGUlMjIlM0ElMjJwYXJhZ3JhcGglMjIlMkMlMjJjaGlsZHJlbiUyMiUzQSU1QiU3QiUyMnRleHQlMjIlM0ElMjJZdU1lU2lsbSUyMFNhdW5hJTIwU3VpdCUyMGlzJTIwaGlnaGx5JTIwZWxhc3RpYyUyQyUyMG9kb3JsZXNzJTJDJTIwbm9uLWlycml0YXRpbmclMjB0byUyMHRoZSUyMHNraW4lMkMlMjBsaWdodGVyJTIwYW5kJTIwdGhpbm5lciUyQyUyMGhpZ2glMjBjb2xsYXIlMjBkZXNpZ24lMkMlMjBhbmQlMjBlbGFzdGljJTIwY3VmZnMlMjBoZWxwJTIweW91JTIwbWFpbnRhaW4lMjBib2R5JTIwdGVtcGVyYXR1cmUuJTIwJTIyJTJDJTIyc2VudGVuY2UlMjIlM0ExOCUyQyUyMmNoaWxkU2VudGVuY2UlMjIlM0ExJTdEJTJDJTdCJTIydGV4dCUyMiUzQSUyMkNsYXNzaWMlMjBibGFjayUyMGFuZCUyMHdoaXRlJTIwc3RyaXBlcyUyMG1hdGNoJTIwdGhlJTIwb3V0LW9mLXRoZS1ib3glMjBjb3VwbGUncyUyMG91dGZpdC4lMjIlMkMlMjJzZW50ZW5jZSUyMiUzQTE4JTJDJTIyY2hpbGRTZW50ZW5jZSUyMiUzQTIlN0QlNUQlN0QlNUQ=\"><span data-slate-node=\"text\"><span class=\"181\" data-slate-leaf=\"true\">O traje de sauna YuMeSilm \u00e9 altamente el\u00e1stico, inodoro, n\u00e3o irritante para a pele, mais leve e mais fino, design de gola alta e punhos el\u00e1sticos ajudam a manter a temperatura corporal. <\/span><\/span><span data-slate-node=\"text\"><span class=\"182\" data-slate-leaf=\"true\">As cl\u00e1ssicas listras pretas e brancas combinam com a roupa original do casal.<\/span><\/span><\/li>\n<\/ul>","protected":false},"featured_media":8325,"comment_status":"open","ping_status":"closed","template":"","meta":{"site-sidebar-layout":"default","site-content-layout":"","ast-site-content-layout":"default","site-content-style":"default","site-sidebar-style":"default","ast-global-header-display":"","ast-banner-title-visibility":"","ast-main-header-display":"","ast-hfb-above-header-display":"","ast-hfb-below-header-display":"","ast-hfb-mobile-header-display":"","site-post-title":"","ast-breadcrumbs-content":"","ast-featured-img":"","footer-sml-layout":"","ast-disable-related-posts":"","theme-transparent-header-meta":"default","adv-header-id-meta":"","stick-header-meta":"default","header-above-stick-meta":"","header-main-stick-meta":"","header-below-stick-meta":"","astra-migrate-meta-layouts":"set","ast-page-background-enabled":"default","ast-page-background-meta":{"desktop":{"background-color":"","background-image":"","background-repeat":"repeat","background-position":"center center","background-size":"auto","background-attachment":"scroll","background-type":"","background-media":"","overlay-type":"","overlay-color":"","overlay-opacity":"","overlay-gradient":""},"tablet":{"background-color":"","background-image":"","background-repeat":"repeat","background-position":"center center","background-size":"auto","background-attachment":"scroll","background-type":"","background-media":"","overlay-type":"","overlay-color":"","overlay-opacity":"","overlay-gradient":""},"mobile":{"background-color":"","background-image":"","background-repeat":"repeat","background-position":"center center","background-size":"auto","background-attachment":"scroll","background-type":"","background-media":"","overlay-type":"","overlay-color":"","overlay-opacity":"","overlay-gradient":""}},"ast-content-background-meta":{"desktop":{"background-color":"var(--ast-global-color-5)","background-image":"","background-repeat":"repeat","background-position":"center center","background-size":"auto","background-attachment":"scroll","background-type":"","background-media":"","overlay-type":"","overlay-color":"","overlay-opacity":"","overlay-gradient":""},"tablet":{"background-color":"var(--ast-global-color-5)","background-image":"","background-repeat":"repeat","background-position":"center center","background-size":"auto","background-attachment":"scroll","background-type":"","background-media":"","overlay-type":"","overlay-color":"","overlay-opacity":"","overlay-gradient":""},"mobile":{"background-color":"var(--ast-global-color-5)","background-image":"","background-repeat":"repeat","background-position":"center center","background-size":"auto","background-attachment":"scroll","background-type":"","background-media":"","overlay-type":"","overlay-color":"","overlay-opacity":"","overlay-gradient":""}}},"product_brand":[],"product_cat":[65,76,97,98],"product_tag":[637,635,634,632,548,636,558,550],"class_list":{"0":"post-8312","1":"product","2":"type-product","3":"status-publish","4":"has-post-thumbnail","6":"product_cat-best-sellers","7":"product_cat-new-arrivels","8":"product_cat-sauna-suit","9":"product_cat-sauna-jacket","10":"product_tag-classic","11":"product_tag-men-and-women","12":"product_tag-sauna-jacket","13":"product_tag-sauna-lover","14":"product_tag-sauna-sweat","15":"product_tag-weight-cutting","16":"product_tag-weight-loss","17":"product_tag-with-zipper","18":"pa_color-blue-jacket","19":"pa_color-silver-jacket","20":"pa_size-l","21":"pa_size-m","22":"pa_size-s","23":"pa_size-xl","24":"pa_size-xxl","25":"pa_size-xxxl","26":"desktop-align-center","27":"tablet-align-left","28":"mobile-align-left","29":"ast-product-gallery-layout-horizontal-slider","30":"ast-product-single-variable","31":"ast-product-tabs-layout-horizontal","32":"ast-qv-on-image","34":"first","35":"instock","36":"shipping-taxable","37":"purchasable","38":"product-type-variable"},"tiered_pricing_type":"fixed","tiered_pricing_fixed_rules":{"2":7.05,"50":6.25,"100":5.45},"tiered_pricing_product_settings":{"layout":"default","base_unit_name":{"singular":null,"plural":null},"default_variation":null},"tiered_pricing_minimum_quantity":null,"tiered_pricing_roles_data":[],"tiered_pricing_percentage_rules":[],"_links":{"self":[{"href":"https:\/\/yume-silm.com\/pt\/wp-json\/wp\/v2\/product\/8312","targetHints":{"allow":["GET"]}}],"collection":[{"href":"https:\/\/yume-silm.com\/pt\/wp-json\/wp\/v2\/product"}],"about":[{"href":"https:\/\/yume-silm.com\/pt\/wp-json\/wp\/v2\/types\/product"}],"replies":[{"embeddable":true,"href":"https:\/\/yume-silm.com\/pt\/wp-json\/wp\/v2\/comments?post=8312"}],"wp:featuredmedia":[{"embeddable":true,"href":"https:\/\/yume-silm.com\/pt\/wp-json\/wp\/v2\/media\/8325"}],"wp:attachment":[{"href":"https:\/\/yume-silm.com\/pt\/wp-json\/wp\/v2\/media?parent=8312"}],"wp:term":[{"taxonomy":"product_brand","embeddable":true,"href":"https:\/\/yume-silm.com\/pt\/wp-json\/wp\/v2\/product_brand?post=8312"},{"taxonomy":"product_cat","embeddable":true,"href":"https:\/\/yume-silm.com\/pt\/wp-json\/wp\/v2\/product_cat?post=8312"},{"taxonomy":"product_tag","embeddable":true,"href":"https:\/\/yume-silm.com\/pt\/wp-json\/wp\/v2\/product_tag?post=8312"}],"curies":[{"name":"wp","href":"https:\/\/api.w.org\/{rel}","templated":true}]}}