{"id":8371,"date":"2024-06-13T03:54:31","date_gmt":"2024-06-13T03:54:31","guid":{"rendered":"https:\/\/yume-silm.com\/?post_type=product&#038;p=8371"},"modified":"2024-06-13T03:59:42","modified_gmt":"2024-06-13T03:59:42","slug":"blusa-de-moletom-de-manga-curta-para-sauna-e-calcas-de-sauna","status":"publish","type":"product","link":"https:\/\/yume-silm.com\/pt\/produto\/blusa-de-moletom-de-manga-curta-para-sauna-e-calcas-de-sauna\/","title":{"rendered":"Top de moletom para sauna de manga curta e cal\u00e7as de sauna"},"content":{"rendered":"<h5>Caracter\u00edsticas de design<\/h5>\n<ul>\n<li><strong>EFEITO SAUNA:<\/strong> Um traje de sauna para homens e mulheres pode ser uma sauna ambulante. O traje de sauna para perda de peso pode ajudar a acelerar a transpira\u00e7\u00e3o, produzir um efeito de sauna, acelerar o metabolismo, promover a desintoxica\u00e7\u00e3o do corpo e ajud\u00e1-lo a moldar facilmente um corpo perfeito.<\/li>\n<li><strong>DESIGN DE MODA:<\/strong> O novo traje de sauna de boxe para academia de emagrecimento esportivo tem um estilo moderno de manga curta. Os cl\u00e1ssicos detalhes brancos do traje de sauna leve n\u00e3o s\u00f3 deixam voc\u00ea atraente na academia, mas tamb\u00e9m mostram seu gosto fashion no dia a dia, tornando voc\u00ea o centro das aten\u00e7\u00f5es na rua.<\/li>\n<li><strong>AJUSTE CONFORT\u00c1VEL:<\/strong> A regata e as cal\u00e7as da sauna podem bloquear bem o suor, o que n\u00e3o s\u00f3 proporciona uma boa experi\u00eancia de uso e reduz efetivamente o desconforto durante o exerc\u00edcio, mas tamb\u00e9m transpira melhor todo o corpo, acelera o metabolismo e perda de peso saud\u00e1vel.<\/li>\n<li><strong>M\u00daLTIPLAS OCASI\u00d5ES:<\/strong> O design com z\u00edper do melhor traje de sauna para perder peso torna-o muito conveniente para colocar e tirar. Esteja voc\u00ea correndo, pulando corda, ioga ou boxe, ou fazendo exerc\u00edcios f\u00edsicos, os moletons de sauna s\u00e3o sua melhor escolha para ajud\u00e1-lo a atingir seus objetivos de treino e avan\u00e7ar em dire\u00e7\u00e3o a uma vida mais saud\u00e1vel e confiante.<\/li>\n<\/ul>\n<h6><em>Tops e cal\u00e7as de sauna a vapor para exerc\u00edcios de gin\u00e1stica para perda de peso<\/em><br \/>\n<img fetchpriority=\"high\" decoding=\"async\" class=\"alignnone size-medium wp-image-8372\" src=\"https:\/\/yume-silm.com\/wp-content\/uploads\/2024\/06\/short-sleeve-sauna-sweat-top-and-sauna-pants-01-300x300.jpg\" alt=\"Suor de sauna de manga curta e cal\u00e7as de sauna terno de sauna para homens e mulheres\" width=\"300\" height=\"300\" title=\"\" srcset=\"https:\/\/yume-silm.com\/wp-content\/uploads\/2024\/06\/short-sleeve-sauna-sweat-top-and-sauna-pants-01-300x300.jpg 300w, https:\/\/yume-silm.com\/wp-content\/uploads\/2024\/06\/short-sleeve-sauna-sweat-top-and-sauna-pants-01-150x150.jpg 150w, https:\/\/yume-silm.com\/wp-content\/uploads\/2024\/06\/short-sleeve-sauna-sweat-top-and-sauna-pants-01-768x768.jpg 768w, https:\/\/yume-silm.com\/wp-content\/uploads\/2024\/06\/short-sleeve-sauna-sweat-top-and-sauna-pants-01-12x12.jpg 12w, https:\/\/yume-silm.com\/wp-content\/uploads\/2024\/06\/short-sleeve-sauna-sweat-top-and-sauna-pants-01-100x100.jpg 100w, https:\/\/yume-silm.com\/wp-content\/uploads\/2024\/06\/short-sleeve-sauna-sweat-top-and-sauna-pants-01.jpg 800w\" sizes=\"(max-width: 300px) 100vw, 300px\" \/><img decoding=\"async\" class=\"alignnone size-medium wp-image-8373\" src=\"https:\/\/yume-silm.com\/wp-content\/uploads\/2024\/06\/short-sleeve-sauna-sweat-top-and-sauna-pants-300x300.jpg\" alt=\"Suor de sauna de manga curta e cal\u00e7as de sauna terno de sauna para homens e mulheres\" width=\"300\" height=\"300\" title=\"\" srcset=\"https:\/\/yume-silm.com\/wp-content\/uploads\/2024\/06\/short-sleeve-sauna-sweat-top-and-sauna-pants-300x300.jpg 300w, https:\/\/yume-silm.com\/wp-content\/uploads\/2024\/06\/short-sleeve-sauna-sweat-top-and-sauna-pants-150x150.jpg 150w, https:\/\/yume-silm.com\/wp-content\/uploads\/2024\/06\/short-sleeve-sauna-sweat-top-and-sauna-pants-768x768.jpg 768w, https:\/\/yume-silm.com\/wp-content\/uploads\/2024\/06\/short-sleeve-sauna-sweat-top-and-sauna-pants-12x12.jpg 12w, https:\/\/yume-silm.com\/wp-content\/uploads\/2024\/06\/short-sleeve-sauna-sweat-top-and-sauna-pants-800x800.jpg 800w, https:\/\/yume-silm.com\/wp-content\/uploads\/2024\/06\/short-sleeve-sauna-sweat-top-and-sauna-pants-100x100.jpg 100w, https:\/\/yume-silm.com\/wp-content\/uploads\/2024\/06\/short-sleeve-sauna-sweat-top-and-sauna-pants.jpg 1000w\" sizes=\"(max-width: 300px) 100vw, 300px\" \/><\/h6>","protected":false},"excerpt":{"rendered":"<p>Vista uma blusa elegante de manga curta para sauna e cal\u00e7as de sauna, libere o suor, ganhe confian\u00e7a e redefina uma vida saud\u00e1vel!<\/p>","protected":false},"featured_media":8374,"comment_status":"open","ping_status":"closed","template":"","meta":{"site-sidebar-layout":"default","site-content-layout":"","ast-site-content-layout":"default","site-content-style":"default","site-sidebar-style":"default","ast-global-header-display":"","ast-banner-title-visibility":"","ast-main-header-display":"","ast-hfb-above-header-display":"","ast-hfb-below-header-display":"","ast-hfb-mobile-header-display":"","site-post-title":"","ast-breadcrumbs-content":"","ast-featured-img":"","footer-sml-layout":"","ast-disable-related-posts":"","theme-transparent-header-meta":"default","adv-header-id-meta":"","stick-header-meta":"default","header-above-stick-meta":"","header-main-stick-meta":"","header-below-stick-meta":"","astra-migrate-meta-layouts":"set","ast-page-background-enabled":"default","ast-page-background-meta":{"desktop":{"background-color":"","background-image":"","background-repeat":"repeat","background-position":"center center","background-size":"auto","background-attachment":"scroll","background-type":"","background-media":"","overlay-type":"","overlay-color":"","overlay-opacity":"","overlay-gradient":""},"tablet":{"background-color":"","background-image":"","background-repeat":"repeat","background-position":"center center","background-size":"auto","background-attachment":"scroll","background-type":"","background-media":"","overlay-type":"","overlay-color":"","overlay-opacity":"","overlay-gradient":""},"mobile":{"background-color":"","background-image":"","background-repeat":"repeat","background-position":"center center","background-size":"auto","background-attachment":"scroll","background-type":"","background-media":"","overlay-type":"","overlay-color":"","overlay-opacity":"","overlay-gradient":""}},"ast-content-background-meta":{"desktop":{"background-color":"var(--ast-global-color-5)","background-image":"","background-repeat":"repeat","background-position":"center center","background-size":"auto","background-attachment":"scroll","background-type":"","background-media":"","overlay-type":"","overlay-color":"","overlay-opacity":"","overlay-gradient":""},"tablet":{"background-color":"var(--ast-global-color-5)","background-image":"","background-repeat":"repeat","background-position":"center center","background-size":"auto","background-attachment":"scroll","background-type":"","background-media":"","overlay-type":"","overlay-color":"","overlay-opacity":"","overlay-gradient":""},"mobile":{"background-color":"var(--ast-global-color-5)","background-image":"","background-repeat":"repeat","background-position":"center center","background-size":"auto","background-attachment":"scroll","background-type":"","background-media":"","overlay-type":"","overlay-color":"","overlay-opacity":"","overlay-gradient":""}}},"product_brand":[],"product_cat":[65,76,97,102,99,100],"product_tag":[625,548,566,550],"class_list":{"0":"post-8371","1":"product","2":"type-product","3":"status-publish","4":"has-post-thumbnail","6":"product_cat-best-sellers","7":"product_cat-new-arrivels","8":"product_cat-sauna-suit","9":"product_cat-full-body-sweat-suit","10":"product_cat-sauna-pants","11":"product_cat-sauna-tops","12":"product_tag-neoprene","13":"product_tag-sauna-sweat","14":"product_tag-short-sleeves","15":"product_tag-with-zipper","16":"pa_color-black-jacket","17":"pa_color-black-pant","18":"pa_color-black-suit","19":"pa_size-4xl","20":"pa_size-l","21":"pa_size-m","22":"pa_size-s","23":"pa_size-xl","24":"pa_size-xxl","25":"pa_size-xxxl","26":"desktop-align-center","27":"tablet-align-left","28":"mobile-align-left","29":"ast-product-gallery-layout-horizontal-slider","30":"ast-product-single-variable","31":"ast-product-tabs-layout-horizontal","32":"ast-qv-on-image","34":"first","35":"instock","36":"shipping-taxable","37":"purchasable","38":"product-type-variable"},"tiered_pricing_type":"fixed","tiered_pricing_fixed_rules":[],"tiered_pricing_product_settings":{"layout":"default","base_unit_name":{"singular":null,"plural":null},"default_variation":null},"tiered_pricing_minimum_quantity":null,"tiered_pricing_roles_data":[],"tiered_pricing_percentage_rules":[],"_links":{"self":[{"href":"https:\/\/yume-silm.com\/pt\/wp-json\/wp\/v2\/product\/8371","targetHints":{"allow":["GET"]}}],"collection":[{"href":"https:\/\/yume-silm.com\/pt\/wp-json\/wp\/v2\/product"}],"about":[{"href":"https:\/\/yume-silm.com\/pt\/wp-json\/wp\/v2\/types\/product"}],"replies":[{"embeddable":true,"href":"https:\/\/yume-silm.com\/pt\/wp-json\/wp\/v2\/comments?post=8371"}],"wp:featuredmedia":[{"embeddable":true,"href":"https:\/\/yume-silm.com\/pt\/wp-json\/wp\/v2\/media\/8374"}],"wp:attachment":[{"href":"https:\/\/yume-silm.com\/pt\/wp-json\/wp\/v2\/media?parent=8371"}],"wp:term":[{"taxonomy":"product_brand","embeddable":true,"href":"https:\/\/yume-silm.com\/pt\/wp-json\/wp\/v2\/product_brand?post=8371"},{"taxonomy":"product_cat","embeddable":true,"href":"https:\/\/yume-silm.com\/pt\/wp-json\/wp\/v2\/product_cat?post=8371"},{"taxonomy":"product_tag","embeddable":true,"href":"https:\/\/yume-silm.com\/pt\/wp-json\/wp\/v2\/product_tag?post=8371"}],"curies":[{"name":"wp","href":"https:\/\/api.w.org\/{rel}","templated":true}]}}