{"id":8411,"date":"2024-06-13T06:06:35","date_gmt":"2024-06-13T06:06:35","guid":{"rendered":"https:\/\/yume-silm.com\/?post_type=product&#038;p=8411"},"modified":"2025-04-12T03:38:46","modified_gmt":"2025-04-12T03:38:46","slug":"sauna-de-emagrecimento-de-manga-comprida-com-ziper","status":"publish","type":"product","link":"https:\/\/yume-silm.com\/pt\/produto\/sauna-de-emagrecimento-de-manga-comprida-com-ziper\/","title":{"rendered":"Fato de suor de manga comprida para sauna emagrecedora com z\u00edper"},"content":{"rendered":"<h5>Caracter\u00edsticas de design<\/h5>\n<ul>\n<li><strong>EFEITO SAUNA:<\/strong> Fatos de sauna para mulheres e homens s\u00e3o saunas ambulantes. O traje de sauna para perda de peso pode ajudar a acelerar a transpira\u00e7\u00e3o, produzir efeito de sauna, acelerar o metabolismo, promover a desintoxica\u00e7\u00e3o do corpo e ajud\u00e1-lo a moldar facilmente um corpo perfeito.<\/li>\n<li><strong>PROJETO ELEGANTE:<\/strong> O novo traje de sauna de boxe para academia de emagrecimento esportivo tem um estilo moderno de manga comprida. O cl\u00e1ssico enfeite de linha amarela do traje de sauna de neoprene n\u00e3o s\u00f3 deixa voc\u00ea atraente na academia, mas tamb\u00e9m mostra seu gosto fashion no dia a dia, tornando voc\u00ea o centro das aten\u00e7\u00f5es na rua.<\/li>\n<li><strong>AJUSTE CONFORT\u00c1VEL:<\/strong> Jaquetas e cal\u00e7as de sauna de mangas compridas podem bloquear bem o suor, o que n\u00e3o apenas proporciona uma boa experi\u00eancia de uso e reduz efetivamente o desconforto durante o exerc\u00edcio, mas tamb\u00e9m proporciona melhor transpira\u00e7\u00e3o de todo o corpo, acelera o metabolismo e perda de peso saud\u00e1vel.<\/li>\n<li><strong>M\u00daLTIPLAS OCASI\u00d5ES:<\/strong> O design com z\u00edper do melhor traje para perda de peso para sauna torna-o muito f\u00e1cil de colocar e tirar. Esteja voc\u00ea correndo, pulando corda, ioga, boxe ou treinamento f\u00edsico, uma jaqueta de suor para sauna \u00e9 sua melhor escolha para ajud\u00e1-lo a atingir seus objetivos de treino e avan\u00e7ar em dire\u00e7\u00e3o a uma vida mais saud\u00e1vel e confiante.<\/li>\n<\/ul>\n<h6><em>Fato de suor de sauna de mangas compridas adequado para exerc\u00edcios de gin\u00e1stica e perda de peso<\/em><\/h6>\n<p><img fetchpriority=\"high\" decoding=\"async\" class=\"alignnone size-medium wp-image-8412\" src=\"https:\/\/yume-silm.com\/wp-content\/uploads\/2024\/06\/Slimming-Sauna-Long-Sleeve-Sweat-Suit-with-Zipper-for-men-and-women-05-300x300.jpg\" alt=\"Fato de suor de manga comprida para sauna emagrecedora com z\u00edper para homens e mulheres\" width=\"300\" height=\"300\" title=\"\" srcset=\"https:\/\/yume-silm.com\/wp-content\/uploads\/2024\/06\/Slimming-Sauna-Long-Sleeve-Sweat-Suit-with-Zipper-for-men-and-women-05-300x300.jpg 300w, https:\/\/yume-silm.com\/wp-content\/uploads\/2024\/06\/Slimming-Sauna-Long-Sleeve-Sweat-Suit-with-Zipper-for-men-and-women-05-150x150.jpg 150w, https:\/\/yume-silm.com\/wp-content\/uploads\/2024\/06\/Slimming-Sauna-Long-Sleeve-Sweat-Suit-with-Zipper-for-men-and-women-05-768x768.jpg 768w, https:\/\/yume-silm.com\/wp-content\/uploads\/2024\/06\/Slimming-Sauna-Long-Sleeve-Sweat-Suit-with-Zipper-for-men-and-women-05-12x12.jpg 12w, https:\/\/yume-silm.com\/wp-content\/uploads\/2024\/06\/Slimming-Sauna-Long-Sleeve-Sweat-Suit-with-Zipper-for-men-and-women-05-100x100.jpg 100w, https:\/\/yume-silm.com\/wp-content\/uploads\/2024\/06\/Slimming-Sauna-Long-Sleeve-Sweat-Suit-with-Zipper-for-men-and-women-05.jpg 800w\" sizes=\"(max-width: 300px) 100vw, 300px\" \/><img decoding=\"async\" class=\"alignnone size-medium wp-image-8413\" src=\"https:\/\/yume-silm.com\/wp-content\/uploads\/2024\/06\/Slimming-Sauna-Long-Sleeve-Sweat-Suit-with-Zipper-for-men-and-women-06-300x300.jpg\" alt=\"Fato de suor de manga comprida para sauna emagrecedora com z\u00edper para homens e mulheres\" width=\"300\" height=\"300\" title=\"\" srcset=\"https:\/\/yume-silm.com\/wp-content\/uploads\/2024\/06\/Slimming-Sauna-Long-Sleeve-Sweat-Suit-with-Zipper-for-men-and-women-06-300x300.jpg 300w, https:\/\/yume-silm.com\/wp-content\/uploads\/2024\/06\/Slimming-Sauna-Long-Sleeve-Sweat-Suit-with-Zipper-for-men-and-women-06-150x150.jpg 150w, https:\/\/yume-silm.com\/wp-content\/uploads\/2024\/06\/Slimming-Sauna-Long-Sleeve-Sweat-Suit-with-Zipper-for-men-and-women-06-768x768.jpg 768w, https:\/\/yume-silm.com\/wp-content\/uploads\/2024\/06\/Slimming-Sauna-Long-Sleeve-Sweat-Suit-with-Zipper-for-men-and-women-06-12x12.jpg 12w, https:\/\/yume-silm.com\/wp-content\/uploads\/2024\/06\/Slimming-Sauna-Long-Sleeve-Sweat-Suit-with-Zipper-for-men-and-women-06-100x100.jpg 100w, https:\/\/yume-silm.com\/wp-content\/uploads\/2024\/06\/Slimming-Sauna-Long-Sleeve-Sweat-Suit-with-Zipper-for-men-and-women-06.jpg 800w\" sizes=\"(max-width: 300px) 100vw, 300px\" \/><\/p>\n<p>O moletom de manga comprida para sauna emagrecedora com z\u00edper tem um design de bandagem abdominal com dupla compress\u00e3o para controle abdominal eficiente e uma cintura mais firme e bem torneada.<\/p>","protected":false},"excerpt":{"rendered":"<p><span data-slate-fragment=\"JTVCJTdCJTIydHlwZSUyMiUzQSUyMnBhcmFncmFwaCUyMiUyQyUyMmNoaWxkcmVuJTIyJTNBJTVCJTdCJTIydGV4dCUyMiUzQSUyMlB1dCUyMG9uJTIwYSUyMHN0eWxpc2glMjBzbGltbWluZyUyMHNhdW5hJTIwbG9uZyUyMHNsZWV2ZSUyMHN3ZWF0JTIwc3VpdCUyMHdpdGglMjB6aXBwZXIlMkMlMjByZWxlYXNlJTIwc3dlYXQlMkMlMjBnYWluJTIwY29uZmlkZW5jZSUyQyUyMGFuZCUyMHJlZGVmaW5lJTIwYSUyMGhlYWx0aHklMjBsaWZlISUyMiUyQyUyMnNlbnRlbmNlJTIyJTNBMCUyQyUyMmNoaWxkU2VudGVuY2UlMjIlM0EwJTdEJTVEJTdEJTVE\">Vista um elegante moletom de manga comprida para sauna emagrecedora com z\u00edper, libere o suor, ganhe confian\u00e7a e redefina uma vida saud\u00e1vel!<\/span><\/p>","protected":false},"featured_media":8414,"comment_status":"open","ping_status":"closed","template":"","meta":{"site-sidebar-layout":"default","site-content-layout":"","ast-site-content-layout":"default","site-content-style":"default","site-sidebar-style":"default","ast-global-header-display":"","ast-banner-title-visibility":"","ast-main-header-display":"","ast-hfb-above-header-display":"","ast-hfb-below-header-display":"","ast-hfb-mobile-header-display":"","site-post-title":"","ast-breadcrumbs-content":"","ast-featured-img":"","footer-sml-layout":"","ast-disable-related-posts":"","theme-transparent-header-meta":"default","adv-header-id-meta":"","stick-header-meta":"default","header-above-stick-meta":"","header-main-stick-meta":"","header-below-stick-meta":"","astra-migrate-meta-layouts":"set","ast-page-background-enabled":"default","ast-page-background-meta":{"desktop":{"background-color":"","background-image":"","background-repeat":"repeat","background-position":"center center","background-size":"auto","background-attachment":"scroll","background-type":"","background-media":"","overlay-type":"","overlay-color":"","overlay-opacity":"","overlay-gradient":""},"tablet":{"background-color":"","background-image":"","background-repeat":"repeat","background-position":"center center","background-size":"auto","background-attachment":"scroll","background-type":"","background-media":"","overlay-type":"","overlay-color":"","overlay-opacity":"","overlay-gradient":""},"mobile":{"background-color":"","background-image":"","background-repeat":"repeat","background-position":"center center","background-size":"auto","background-attachment":"scroll","background-type":"","background-media":"","overlay-type":"","overlay-color":"","overlay-opacity":"","overlay-gradient":""}},"ast-content-background-meta":{"desktop":{"background-color":"var(--ast-global-color-5)","background-image":"","background-repeat":"repeat","background-position":"center center","background-size":"auto","background-attachment":"scroll","background-type":"","background-media":"","overlay-type":"","overlay-color":"","overlay-opacity":"","overlay-gradient":""},"tablet":{"background-color":"var(--ast-global-color-5)","background-image":"","background-repeat":"repeat","background-position":"center center","background-size":"auto","background-attachment":"scroll","background-type":"","background-media":"","overlay-type":"","overlay-color":"","overlay-opacity":"","overlay-gradient":""},"mobile":{"background-color":"var(--ast-global-color-5)","background-image":"","background-repeat":"repeat","background-position":"center center","background-size":"auto","background-attachment":"scroll","background-type":"","background-media":"","overlay-type":"","overlay-color":"","overlay-opacity":"","overlay-gradient":""}}},"product_brand":[],"product_cat":[65,76,97,102,98,99],"product_tag":[421,183,634,638,548,550],"class_list":{"0":"post-8411","1":"product","2":"type-product","3":"status-publish","4":"has-post-thumbnail","6":"product_cat-best-sellers","7":"product_cat-new-arrivels","8":"product_cat-sauna-suit","9":"product_cat-full-body-sweat-suit","10":"product_cat-sauna-jacket","11":"product_cat-sauna-pants","12":"product_tag-fashions","13":"product_tag-long-sleeve","14":"product_tag-sauna-jacket","15":"product_tag-sauna-pants","16":"product_tag-sauna-sweat","17":"product_tag-with-zipper","18":"pa_color-black-jacket","19":"pa_color-black-pant","20":"pa_size-l","21":"pa_size-m","22":"pa_size-s","23":"pa_size-xl","24":"pa_size-xxl","25":"pa_size-xxxl","26":"desktop-align-center","27":"tablet-align-left","28":"mobile-align-left","29":"ast-product-gallery-layout-horizontal-slider","30":"ast-product-single-variable","31":"ast-product-tabs-layout-horizontal","32":"ast-qv-on-image","34":"first","35":"instock","36":"shipping-taxable","37":"purchasable","38":"product-type-variable"},"tiered_pricing_type":"fixed","tiered_pricing_fixed_rules":{"2":6.5,"50":5.5,"100":5},"tiered_pricing_product_settings":{"layout":"default","base_unit_name":{"singular":null,"plural":null},"default_variation":null},"tiered_pricing_minimum_quantity":null,"tiered_pricing_roles_data":[],"tiered_pricing_percentage_rules":[],"_links":{"self":[{"href":"https:\/\/yume-silm.com\/pt\/wp-json\/wp\/v2\/product\/8411","targetHints":{"allow":["GET"]}}],"collection":[{"href":"https:\/\/yume-silm.com\/pt\/wp-json\/wp\/v2\/product"}],"about":[{"href":"https:\/\/yume-silm.com\/pt\/wp-json\/wp\/v2\/types\/product"}],"replies":[{"embeddable":true,"href":"https:\/\/yume-silm.com\/pt\/wp-json\/wp\/v2\/comments?post=8411"}],"wp:featuredmedia":[{"embeddable":true,"href":"https:\/\/yume-silm.com\/pt\/wp-json\/wp\/v2\/media\/8414"}],"wp:attachment":[{"href":"https:\/\/yume-silm.com\/pt\/wp-json\/wp\/v2\/media?parent=8411"}],"wp:term":[{"taxonomy":"product_brand","embeddable":true,"href":"https:\/\/yume-silm.com\/pt\/wp-json\/wp\/v2\/product_brand?post=8411"},{"taxonomy":"product_cat","embeddable":true,"href":"https:\/\/yume-silm.com\/pt\/wp-json\/wp\/v2\/product_cat?post=8411"},{"taxonomy":"product_tag","embeddable":true,"href":"https:\/\/yume-silm.com\/pt\/wp-json\/wp\/v2\/product_tag?post=8411"}],"curies":[{"name":"wp","href":"https:\/\/api.w.org\/{rel}","templated":true}]}}