{"id":8505,"date":"2024-06-14T08:17:44","date_gmt":"2024-06-14T08:17:44","guid":{"rendered":"https:\/\/yume-silm.com\/?post_type=product&#038;p=8505"},"modified":"2024-12-10T09:35:22","modified_gmt":"2024-12-10T09:35:22","slug":"fato-de-sauna-de-manga-comprida-com-capuz-e-ziper","status":"publish","type":"product","link":"https:\/\/yume-silm.com\/pt\/produto\/fato-de-sauna-de-manga-comprida-com-capuz-e-ziper\/","title":{"rendered":"Fato de sauna de manga comprida com capuz e z\u00edper"},"content":{"rendered":"<h5>Caracter\u00edsticas de design<\/h5>\n<ul>\n<li data-slate-node=\"element\"><span data-slate-node=\"text\"><span class=\"21\" data-slate-leaf=\"true\"><strong>TERNOS DE SAUNA UNIVERSAIS PARA HOMENS E MULHERES:<\/strong> O traje t\u00e9rmico de corpo inteiro de mangas compridas com capuz torna mais conveniente para voc\u00ea se exercitar ao ar livre. <\/span><\/span><span data-slate-node=\"text\"><span class=\"22\" data-slate-leaf=\"true\">Os trajes esportivos pretos de sauna proporcionam uma sensa\u00e7\u00e3o de mist\u00e9rio e poder que chama muito a aten\u00e7\u00e3o.<\/span><\/span><\/li>\n<li data-slate-node=\"element\"><span data-slate-node=\"text\"><span class=\"41\" data-slate-leaf=\"true\"><strong>EFEITO SAUNA EFICAZ:<\/strong> As cal\u00e7as de sauna de mangas compridas para treino de gin\u00e1stica s\u00e3o feitas de uma camada interna de neoprene, que aumenta rapidamente a temperatura corporal e transpira profusamente; promove o metabolismo e queima gordura para perda de peso saud\u00e1vel.<\/span><\/span><\/li>\n<li data-slate-node=\"element\"><span data-slate-node=\"text\"><span class=\"61\" data-slate-leaf=\"true\"><strong>ALTA ELASTICIDADE E DUR\u00c1VEL:<\/strong> Nossos trajes de sauna para perda de peso garantem que n\u00e3o rasgar\u00e3o facilmente, mesmo durante exerc\u00edcios extenuantes. <\/span><\/span><span class=\"\" data-slate-node=\"text\"><span class=\"62\" data-slate-leaf=\"true\"><span data-slate-string=\"true\">O traje de sauna de manga comprida com capuz e z\u00edper \u00e9 macio e mais el\u00e1stico, adaptando-se facilmente a qualquer exerc\u00edcio que voc\u00ea fizer.<\/span><\/span><\/span><\/li>\n<li data-slate-node=\"element\"><span data-slate-node=\"text\"><span class=\"81\" data-slate-leaf=\"true\"><strong>VENTO E IMPERME\u00c1VEL:<\/strong> Nossa linha de jaquetas com z\u00edper para treino de boxe, emagrecimento, academia, corrida, \u00e9 garantidamente resistente ao vento e \u00e0 prova d&#039;\u00e1gua, com z\u00edperes selados e cinturas e punhos justos projetados para maximizar a capacidade do seu corpo de suar rapidamente e como um louco.<\/span><\/span><\/li>\n<\/ul>\n<h6><em>Jaqueta de sauna leggings de sauna para perda de peso<\/em><\/h6>\n<p><img fetchpriority=\"high\" decoding=\"async\" class=\"alignnone size-medium wp-image-8506\" src=\"https:\/\/yume-silm.com\/wp-content\/uploads\/2024\/06\/long-sleeve-sauna-suit-with-hood-and-zipper-weight-loss-men-and-women-5-300x300.jpg\" alt=\"Fato de sauna de manga comprida com capuz e z\u00edper para perda de peso, homens e mulheres\" width=\"300\" height=\"300\" title=\"\" srcset=\"https:\/\/yume-silm.com\/wp-content\/uploads\/2024\/06\/long-sleeve-sauna-suit-with-hood-and-zipper-weight-loss-men-and-women-5-300x300.jpg 300w, https:\/\/yume-silm.com\/wp-content\/uploads\/2024\/06\/long-sleeve-sauna-suit-with-hood-and-zipper-weight-loss-men-and-women-5-150x150.jpg 150w, https:\/\/yume-silm.com\/wp-content\/uploads\/2024\/06\/long-sleeve-sauna-suit-with-hood-and-zipper-weight-loss-men-and-women-5-12x12.jpg 12w, https:\/\/yume-silm.com\/wp-content\/uploads\/2024\/06\/long-sleeve-sauna-suit-with-hood-and-zipper-weight-loss-men-and-women-5-100x100.jpg 100w, https:\/\/yume-silm.com\/wp-content\/uploads\/2024\/06\/long-sleeve-sauna-suit-with-hood-and-zipper-weight-loss-men-and-women-5.jpg 600w\" sizes=\"(max-width: 300px) 100vw, 300px\" \/><img decoding=\"async\" class=\"alignnone size-medium wp-image-8507\" src=\"https:\/\/yume-silm.com\/wp-content\/uploads\/2024\/06\/long-sleeve-sauna-suit-with-hood-and-zipper-weight-loss-men-and-women-3-300x300.jpg\" alt=\"Fato de sauna de manga comprida com capuz e z\u00edper para perda de peso, homens e mulheres\" width=\"300\" height=\"300\" title=\"\" srcset=\"https:\/\/yume-silm.com\/wp-content\/uploads\/2024\/06\/long-sleeve-sauna-suit-with-hood-and-zipper-weight-loss-men-and-women-3-300x300.jpg 300w, https:\/\/yume-silm.com\/wp-content\/uploads\/2024\/06\/long-sleeve-sauna-suit-with-hood-and-zipper-weight-loss-men-and-women-3-150x150.jpg 150w, https:\/\/yume-silm.com\/wp-content\/uploads\/2024\/06\/long-sleeve-sauna-suit-with-hood-and-zipper-weight-loss-men-and-women-3-768x768.jpg 768w, https:\/\/yume-silm.com\/wp-content\/uploads\/2024\/06\/long-sleeve-sauna-suit-with-hood-and-zipper-weight-loss-men-and-women-3-12x12.jpg 12w, https:\/\/yume-silm.com\/wp-content\/uploads\/2024\/06\/long-sleeve-sauna-suit-with-hood-and-zipper-weight-loss-men-and-women-3-100x100.jpg 100w, https:\/\/yume-silm.com\/wp-content\/uploads\/2024\/06\/long-sleeve-sauna-suit-with-hood-and-zipper-weight-loss-men-and-women-3.jpg 800w\" sizes=\"(max-width: 300px) 100vw, 300px\" \/><\/p>\n<ul>\n<li data-slate-node=\"element\"><span data-slate-node=\"text\"><span class=\"101\" data-slate-leaf=\"true\"><strong>365 DIAS:<\/strong> Use nosso conjunto de cal\u00e7as masculinas e femininas para suar 5 vezes mais do que o normal. <\/span><\/span><span data-slate-node=\"text\"><span class=\"102\" data-slate-leaf=\"true\">Adequado para todas as esta\u00e7\u00f5es do ano, permite-lhe obter o dobro do suor e um efeito de sauna eficiente no gin\u00e1sio. <\/span><\/span><span data-slate-node=\"text\"><span class=\"103\" data-slate-leaf=\"true\">Deixe voc\u00ea aquecer seu corpo rapidamente no inverno frio.<\/span><\/span><\/li>\n<li data-slate-node=\"element\" data-slate-fragment=\"JTVCJTdCJTIydHlwZSUyMiUzQSUyMnBhcmFncmFwaCUyMiUyQyUyMmNoaWxkcmVuJTIyJTNBJTVCJTdCJTIydGV4dCUyMiUzQSUyMlVOSVZFUlNBTCUyMFNBVU5BJTIwU1VJVFMlMjBGT1IlMjBNRU4lMjBBTkQlMjBXT01FTiUzQSUyMFRoZSUyMGxvbmctc2xlZXZlZCUyMGZ1bGwtYm9keSUyMHN3ZWF0JTIwaGVhdCUyMHN1aXQlMjB3aXRoJTIwaG9vZCUyMG1ha2VzJTIwaXQlMjBtb3JlJTIwY29udmVuaWVudCUyMGZvciUyMHlvdSUyMHRvJTIwZXhlcmNpc2UlMjBvdXRkb29ycy4lMjAlMjIlMkMlMjJzZW50ZW5jZSUyMiUzQTIlMkMlMjJjaGlsZFNlbnRlbmNlJTIyJTNBMSU3RCUyQyU3QiUyMnRleHQlMjIlM0ElMjJCbGFjayUyMHNwb3J0cyUyMHNhdW5hJTIwc3VpdHMlMjBnaXZlJTIweW91JTIwYSUyMHNlbnNlJTIwb2YlMjBteXN0ZXJ5JTIwYW5kJTIwcG93ZXIlMjB0aGF0JTIwaXMlMjB2ZXJ5JTIwYXR0ZW50aW9uLWdyYWJiaW5nLiUyMiUyQyUyMnNlbnRlbmNlJTIyJTNBMiUyQyUyMmNoaWxkU2VudGVuY2UlMjIlM0EyJTdEJTVEJTdEJTJDJTdCJTIydHlwZSUyMiUzQSUyMnBhcmFncmFwaCUyMiUyQyUyMmNoaWxkcmVuJTIyJTNBJTVCJTdCJTIydGV4dCUyMiUzQSUyMiUyMiUyQyUyMnNlbnRlbmNlJTIyJTNBMyUyQyUyMmNoaWxkU2VudGVuY2UlMjIlM0ExJTdEJTVEJTdEJTJDJTdCJTIydHlwZSUyMiUzQSUyMnBhcmFncmFwaCUyMiUyQyUyMmNoaWxkcmVuJTIyJTNBJTVCJTdCJTIydGV4dCUyMiUzQSUyMkVGRkVDVElWRSUyMFNBVU5BJTIwRUZGRUNUJTNBJTIwVGhlJTIwbG9uZy1zbGVldmVkJTIwc2F1bmElMjBwYW50cyUyMHNhdW5hJTIwdG9wJTIwZ3ltJTIwd29ya291dCUyMGlzJTIwbWFkZSUyMG9mJTIwYSUyMG5lb3ByZW5lJTIwaW5uZXIlMjBsYXllciUyQyUyMHdoaWNoJTIwcmFwaWRseSUyMHJhaXNlcyUyMHRoZSUyMGJvZHklMjB0ZW1wZXJhdHVyZSUyMGFuZCUyMHN3ZWF0JTIwcHJvZnVzZWx5JTNCJTIwcHJvbW90ZXMlMjBtZXRhYm9saXNtJTJDJTIwYW5kJTIwYnVybnMlMjBmYXQlMjBmb3IlMjBoZWFsdGh5JTIwd2VpZ2h0JTIwbG9zcy4lMjIlMkMlMjJzZW50ZW5jZSUyMiUzQTQlMkMlMjJjaGlsZFNlbnRlbmNlJTIyJTNBMSU3RCU1RCU3RCUyQyU3QiUyMnR5cGUlMjIlM0ElMjJwYXJhZ3JhcGglMjIlMkMlMjJjaGlsZHJlbiUyMiUzQSU1QiU3QiUyMnRleHQlMjIlM0ElMjIlMjIlMkMlMjJzZW50ZW5jZSUyMiUzQTUlMkMlMjJjaGlsZFNlbnRlbmNlJTIyJTNBMSU3RCU1RCU3RCUyQyU3QiUyMnR5cGUlMjIlM0ElMjJwYXJhZ3JhcGglMjIlMkMlMjJjaGlsZHJlbiUyMiUzQSU1QiU3QiUyMnRleHQlMjIlM0ElMjJISUdIJTIwRUxBU1RJQ0lUWSUyMEFORCUyMERVUkFCTEUlM0ElMjBPdXIlMjBzYXVuYSUyMHN1aXRzJTIwZm9yJTIwd2VpZ2h0JTIwbG9zcyUyMGFyZSUyMGd1YXJhbnRlZWQlMjBub3QlMjB0byUyMHRlYXIlMjBlYXNpbHklMjBldmVuJTIwZHVyaW5nJTIwc3RyZW51b3VzJTIwZXhlcmNpc2UuJTIwJTIyJTJDJTIyc2VudGVuY2UlMjIlM0E2JTJDJTIyY2hpbGRTZW50ZW5jZSUyMiUzQTElN0QlMkMlN0IlMjJ0ZXh0JTIyJTNBJTIyVGhlJTIwc2F1bmElMjBzdWl0cyUyMGFyZSUyMHNvZnQlMjBhbmQlMjBtb3JlJTIwZWxhc3RpYyUyQyUyMGVhc2lseSUyMGFkYXB0aW5nJTIwdG8lMjBhbnklMjBleGVyY2lzZSUyMHlvdSUyMGRvLiUyMiUyQyUyMnNlbnRlbmNlJTIyJTNBNiUyQyUyMmNoaWxkU2VudGVuY2UlMjIlM0EyJTdEJTVEJTdEJTJDJTdCJTIydHlwZSUyMiUzQSUyMnBhcmFncmFwaCUyMiUyQyUyMmNoaWxkcmVuJTIyJTNBJTVCJTdCJTIydGV4dCUyMiUzQSUyMiUyMiUyQyUyMnNlbnRlbmNlJTIyJTNBNyUyQyUyMmNoaWxkU2VudGVuY2UlMjIlM0ExJTdEJTVEJTdEJTJDJTdCJTIydHlwZSUyMiUzQSUyMnBhcmFncmFwaCUyMiUyQyUyMmNoaWxkcmVuJTIyJTNBJTVCJTdCJTIydGV4dCUyMiUzQSUyMldJTkQlMjBBTkQlMjBXQVRFUlBST09GJTNBJTIwT3VyJTIwcmFuZ2UlMjBvZiUyMGJveGluZyUyMHNsaW1taW5nJTIwZ3ltJTIwZml0bmVzcyUyMHJ1bm5pbmclMjB3b3Jrb3V0JTIwemlwcGVyJTIwamFja2V0JTIwaXMlMjBndWFyYW50ZWVkJTIwdG8lMjBiZSUyMHdpbmQlMjBhbmQlMjB3YXRlcnByb29mJTJDJTIwd2l0aCUyMHNlYWxlZCUyMHppcHBlcnMlMjBhbmQlMjB0aWdodC1maXR0aW5nJTIwd2Fpc3RiYW5kcyUyMGFuZCUyMGN1ZmZzJTIwZGVzaWduZWQlMjB0byUyMG1heGltaXplJTIweW91ciUyMGJvZHkncyUyMGFiaWxpdHklMjB0byUyMHN3ZWF0JTIwcXVpY2tseSUyMGFuZCUyMGxpa2UlMjBjcmF6eS4lMjIlMkMlMjJzZW50ZW5jZSUyMiUzQTglMkMlMjJjaGlsZFNlbnRlbmNlJTIyJTNBMSU3RCU1RCU3RCUyQyU3QiUyMnR5cGUlMjIlM0ElMjJwYXJhZ3JhcGglMjIlMkMlMjJjaGlsZHJlbiUyMiUzQSU1QiU3QiUyMnRleHQlMjIlM0ElMjIlMjIlMkMlMjJzZW50ZW5jZSUyMiUzQTklMkMlMjJjaGlsZFNlbnRlbmNlJTIyJTNBMSU3RCU1RCU3RCUyQyU3QiUyMnR5cGUlMjIlM0ElMjJwYXJhZ3JhcGglMjIlMkMlMjJjaGlsZHJlbiUyMiUzQSU1QiU3QiUyMnRleHQlMjIlM0ElMjIzNjUlMjBEQVlTJTNBJTIwV2VhciUyMG91ciUyMG1lbiUyMHdvbWVuJTIwdG9wJTIwdHJvdXNlciUyMHNldCUyMHRvJTIwZ2V0JTIwNSUyMHRpbWVzJTIwbW9yZSUyMHN3ZWF0JTIwdGhhbiUyMHVzdWFsLiUyMCUyMiUyQyUyMnNlbnRlbmNlJTIyJTNBMTAlMkMlMjJjaGlsZFNlbnRlbmNlJTIyJTNBMSU3RCUyQyU3QiUyMnRleHQlMjIlM0ElMjJTdWl0YWJsZSUyMGZvciUyMGFsbCUyMHNlYXNvbnMlMjBvZiUyMHRoZSUyMHllYXIlMkMlMjBsZXRzJTIweW91JTIwZ2V0JTIwZG91YmxlJTIwdGhlJTIwc3dlYXQlMjBhbmQlMjBlZmZpY2llbnQlMjBzYXVuYSUyMGVmZmVjdCUyMGluJTIwdGhlJTIwZ3ltLiUyMCUyMiUyQyUyMnNlbnRlbmNlJTIyJTNBMTAlMkMlMjJjaGlsZFNlbnRlbmNlJTIyJTNBMiU3RCUyQyU3QiUyMnRleHQlMjIlM0ElMjJMZXQlMjB5b3UlMjB3YXJtJTIweW91ciUyMGJvZHklMjBxdWlja2x5JTIwaW4lMjB0aGUlMjBjb2xkJTIwd2ludGVyLiUyMiUyQyUyMnNlbnRlbmNlJTIyJTNBMTAlMkMlMjJjaGlsZFNlbnRlbmNlJTIyJTNBMyU3RCU1RCU3RCUyQyU3QiUyMnR5cGUlMjIlM0ElMjJwYXJhZ3JhcGglMjIlMkMlMjJjaGlsZHJlbiUyMiUzQSU1QiU3QiUyMnRleHQlMjIlM0ElMjIlMjIlMkMlMjJzZW50ZW5jZSUyMiUzQTExJTJDJTIyY2hpbGRTZW50ZW5jZSUyMiUzQTElN0QlNUQlN0QlMkMlN0IlMjJ0eXBlJTIyJTNBJTIycGFyYWdyYXBoJTIyJTJDJTIyY2hpbGRyZW4lMjIlM0ElNUIlN0IlMjJ0ZXh0JTIyJTNBJTIyTVVMVElQTEUlMjBPQ0NBU0lPTlMlMjBBUFBMSUNBQkxFJTNBJTIwVGhpcyUyMGxvbmclMjBzbGVldmUlMjBzYXVuYSUyMHN1aXQlMjB3aXRoJTIwaG9vZCUyMGFuZCUyMHppcHBlciUyMGlzJTIwY29tZm9ydGFibGUlMjB0byUyMHdlYXIlMjBhbGwlMjBkYXklMjBsb25nLiUyMCUyMiUyQyUyMnNlbnRlbmNlJTIyJTNBMTIlMkMlMjJjaGlsZFNlbnRlbmNlJTIyJTNBMSU3RCUyQyU3QiUyMnRleHQlMjIlM0ElMjJIZWxwJTIweW91JTIwYnVybiUyMGNhbG9yaWVzJTIwYW55dGltZSUyMGFuZCUyMGFueXdoZXJlJTJDJTIwbGV0JTIweW91JTIwZW5qb3klMjB5b3VyJTIwd29ya291dCUyMGFuZCUyMHN3ZWF0LiUyMCUyMiUyQyUyMnNlbnRlbmNlJTIyJTNBMTIlMkMlMjJjaGlsZFNlbnRlbmNlJTIyJTNBMiU3RCUyQyU3QiUyMnRleHQlMjIlM0ElMjJTdWl0YWJsZSUyMGZvciUyMGd5bSUyMHRyYWluaW5nJTJDJTIwcnVubmluZyUyQyUyMGJveGluZyUyQyUyMHdlaWdodCUyMGxpZnRpbmclMkMlMjB5b2dhJTIwYW5kJTIwc28lMjBvbi4lMjIlMkMlMjJzZW50ZW5jZSUyMiUzQTEyJTJDJTIyY2hpbGRTZW50ZW5jZSUyMiUzQTMlN0QlNUQlN0QlNUQ=\"><span data-slate-node=\"text\"><span class=\"121\" data-slate-leaf=\"true\"><strong>M\u00daLTIPLAS OCASI\u00d5ES APLIC\u00c1VEIS:<\/strong> Este traje de sauna de manga comprida com capuz e z\u00edper \u00e9 confort\u00e1vel de usar o dia todo. <\/span><\/span><span data-slate-node=\"text\"><span class=\"122\" data-slate-leaf=\"true\">Ajud\u00e1-lo a queimar calorias a qualquer hora e em qualquer lugar, permitindo que voc\u00ea aproveite seu treino e suor. <\/span><\/span><span data-slate-node=\"text\"><span class=\"123\" data-slate-leaf=\"true\">Adequado para treinamento de gin\u00e1stica, corrida, boxe, levantamento de peso, ioga e assim por diante.<\/span><\/span><\/li>\n<\/ul>","protected":false},"excerpt":{"rendered":"<p>Vista um elegante traje de sauna de manga comprida com capuz e z\u00edper para homens e mulheres que perdem peso, libere o suor, ganhe confian\u00e7a e redefina uma vida saud\u00e1vel!<\/p>","protected":false},"featured_media":8508,"comment_status":"open","ping_status":"closed","template":"","meta":{"site-sidebar-layout":"default","site-content-layout":"","ast-site-content-layout":"default","site-content-style":"default","site-sidebar-style":"default","ast-global-header-display":"","ast-banner-title-visibility":"","ast-main-header-display":"","ast-hfb-above-header-display":"","ast-hfb-below-header-display":"","ast-hfb-mobile-header-display":"","site-post-title":"","ast-breadcrumbs-content":"","ast-featured-img":"","footer-sml-layout":"","ast-disable-related-posts":"","theme-transparent-header-meta":"default","adv-header-id-meta":"","stick-header-meta":"default","header-above-stick-meta":"","header-main-stick-meta":"","header-below-stick-meta":"","astra-migrate-meta-layouts":"set","ast-page-background-enabled":"default","ast-page-background-meta":{"desktop":{"background-color":"","background-image":"","background-repeat":"repeat","background-position":"center center","background-size":"auto","background-attachment":"scroll","background-type":"","background-media":"","overlay-type":"","overlay-color":"","overlay-opacity":"","overlay-gradient":""},"tablet":{"background-color":"","background-image":"","background-repeat":"repeat","background-position":"center center","background-size":"auto","background-attachment":"scroll","background-type":"","background-media":"","overlay-type":"","overlay-color":"","overlay-opacity":"","overlay-gradient":""},"mobile":{"background-color":"","background-image":"","background-repeat":"repeat","background-position":"center center","background-size":"auto","background-attachment":"scroll","background-type":"","background-media":"","overlay-type":"","overlay-color":"","overlay-opacity":"","overlay-gradient":""}},"ast-content-background-meta":{"desktop":{"background-color":"var(--ast-global-color-5)","background-image":"","background-repeat":"repeat","background-position":"center center","background-size":"auto","background-attachment":"scroll","background-type":"","background-media":"","overlay-type":"","overlay-color":"","overlay-opacity":"","overlay-gradient":""},"tablet":{"background-color":"var(--ast-global-color-5)","background-image":"","background-repeat":"repeat","background-position":"center center","background-size":"auto","background-attachment":"scroll","background-type":"","background-media":"","overlay-type":"","overlay-color":"","overlay-opacity":"","overlay-gradient":""},"mobile":{"background-color":"var(--ast-global-color-5)","background-image":"","background-repeat":"repeat","background-position":"center center","background-size":"auto","background-attachment":"scroll","background-type":"","background-media":"","overlay-type":"","overlay-color":"","overlay-opacity":"","overlay-gradient":""}}},"product_brand":[],"product_cat":[65,76,97,102,98,99],"product_tag":[634,632,638,548,154,550],"class_list":{"0":"post-8505","1":"product","2":"type-product","3":"status-publish","4":"has-post-thumbnail","6":"product_cat-best-sellers","7":"product_cat-new-arrivels","8":"product_cat-sauna-suit","9":"product_cat-full-body-sweat-suit","10":"product_cat-sauna-jacket","11":"product_cat-sauna-pants","12":"product_tag-sauna-jacket","13":"product_tag-sauna-lover","14":"product_tag-sauna-pants","15":"product_tag-sauna-sweat","16":"product_tag-with-hooks","17":"product_tag-with-zipper","18":"pa_color-silver","19":"pa_size-l","20":"pa_size-m","21":"pa_size-s","22":"pa_size-xl","23":"pa_size-xxl","24":"pa_size-xxxl","25":"desktop-align-center","26":"tablet-align-left","27":"mobile-align-left","28":"ast-product-gallery-layout-horizontal-slider","29":"ast-product-single-variable","30":"ast-product-tabs-layout-horizontal","31":"ast-qv-on-image","33":"first","34":"instock","35":"sale","36":"shipping-taxable","37":"purchasable","38":"product-type-variable"},"tiered_pricing_type":"fixed","tiered_pricing_fixed_rules":{"5":14.5,"50":13,"100":11.5},"tiered_pricing_product_settings":{"layout":"default","base_unit_name":{"singular":null,"plural":null},"default_variation":null},"tiered_pricing_minimum_quantity":null,"tiered_pricing_roles_data":[],"tiered_pricing_percentage_rules":[],"_links":{"self":[{"href":"https:\/\/yume-silm.com\/pt\/wp-json\/wp\/v2\/product\/8505","targetHints":{"allow":["GET"]}}],"collection":[{"href":"https:\/\/yume-silm.com\/pt\/wp-json\/wp\/v2\/product"}],"about":[{"href":"https:\/\/yume-silm.com\/pt\/wp-json\/wp\/v2\/types\/product"}],"replies":[{"embeddable":true,"href":"https:\/\/yume-silm.com\/pt\/wp-json\/wp\/v2\/comments?post=8505"}],"wp:featuredmedia":[{"embeddable":true,"href":"https:\/\/yume-silm.com\/pt\/wp-json\/wp\/v2\/media\/8508"}],"wp:attachment":[{"href":"https:\/\/yume-silm.com\/pt\/wp-json\/wp\/v2\/media?parent=8505"}],"wp:term":[{"taxonomy":"product_brand","embeddable":true,"href":"https:\/\/yume-silm.com\/pt\/wp-json\/wp\/v2\/product_brand?post=8505"},{"taxonomy":"product_cat","embeddable":true,"href":"https:\/\/yume-silm.com\/pt\/wp-json\/wp\/v2\/product_cat?post=8505"},{"taxonomy":"product_tag","embeddable":true,"href":"https:\/\/yume-silm.com\/pt\/wp-json\/wp\/v2\/product_tag?post=8505"}],"curies":[{"name":"wp","href":"https:\/\/api.w.org\/{rel}","templated":true}]}}