{"id":8679,"date":"2024-07-03T07:12:18","date_gmt":"2024-07-03T07:12:18","guid":{"rendered":"https:\/\/yume-silm.com\/?post_type=product&#038;p=8679"},"modified":"2024-08-17T07:06:58","modified_gmt":"2024-08-17T07:06:58","slug":"cintura-trainer-sutia-espartilho-bodysuit-controle-de-barriga","status":"publish","type":"product","link":"https:\/\/yume-silm.com\/pt\/produto\/cintura-trainer-sutia-espartilho-bodysuit-controle-de-barriga\/","title":{"rendered":"Cintura trainer suti\u00e3 espartilho controle de barriga bodysuit para mulheres"},"content":{"rendered":"<h5>Caracter\u00edsticas de design<\/h5>\n<ul>\n<li>O modelador de tanga em concha tem um design de 5 ossos, que tem um efeito de amarra\u00e7\u00e3o nos seios muito bom.<\/li>\n<li>O tecido de malha especial do corpo modelador do espartilho abdominal torna-o respir\u00e1vel e confort\u00e1vel de usar.<\/li>\n<li>As al\u00e7as remov\u00edveis do modelador de roupa \u00edntima de uma pe\u00e7a s\u00e3o f\u00e1ceis de ajustar.<\/li>\n<li>A virilha do modelador de corpo do espartilho do suti\u00e3 adota um design de bot\u00e3o conveniente, o que torna muito conveniente ir ao banheiro.<\/li>\n<\/ul>\n<p><a href=\"https:\/\/yume-silm.com\/wp-content\/uploads\/2024\/07\/Womens-Unique-Hollow-Design-Slimming-Bodysuit-02.jpg\"><img fetchpriority=\"high\" decoding=\"async\" class=\"alignnone wp-image-8703 size-medium\" src=\"https:\/\/yume-silm.com\/wp-content\/uploads\/2024\/07\/Womens-Unique-Hollow-Design-Slimming-Bodysuit-02-300x300.jpg\" alt=\"Cintura trainer suti\u00e3 espartilho controle de barriga bodysuit para mulher\" width=\"300\" height=\"300\" title=\"\" srcset=\"https:\/\/yume-silm.com\/wp-content\/uploads\/2024\/07\/Womens-Unique-Hollow-Design-Slimming-Bodysuit-02-300x300.jpg 300w, https:\/\/yume-silm.com\/wp-content\/uploads\/2024\/07\/Womens-Unique-Hollow-Design-Slimming-Bodysuit-02-150x150.jpg 150w, https:\/\/yume-silm.com\/wp-content\/uploads\/2024\/07\/Womens-Unique-Hollow-Design-Slimming-Bodysuit-02-768x768.jpg 768w, https:\/\/yume-silm.com\/wp-content\/uploads\/2024\/07\/Womens-Unique-Hollow-Design-Slimming-Bodysuit-02-12x12.jpg 12w, https:\/\/yume-silm.com\/wp-content\/uploads\/2024\/07\/Womens-Unique-Hollow-Design-Slimming-Bodysuit-02-100x100.jpg 100w, https:\/\/yume-silm.com\/wp-content\/uploads\/2024\/07\/Womens-Unique-Hollow-Design-Slimming-Bodysuit-02.jpg 800w\" sizes=\"(max-width: 300px) 100vw, 300px\" \/><\/a><\/p>\n<p>&nbsp;<\/p>\n<h6><em>Suti\u00e3 de malha bodysuit levantamento de bunda controle de barriga roupa \u00edntima modeladora para mulheres<\/em><\/h6>\n<ul>\n<li><strong>Ocasi\u00e3o:<\/strong> O espartilho levantador de bumbum feminino com controle de barriga tamb\u00e9m se tornou um dos itens vers\u00e1teis, que pode ser usado no dia a dia, no atendimento, em viagens ou em um jantar, agregando um estilo diferente \u00e0s roupas do dia a dia.<\/li>\n<li><strong>Versatilidade:<\/strong> O body de controle de barriga com suti\u00e3 modelador de cintura pode n\u00e3o apenas levantar o peito, mas tamb\u00e9m as n\u00e1degas. O modelador de corpo do suti\u00e3 de contorno emagrecedor integra funcionalidade e moda e \u00e9 um produto mais vendido.<\/li>\n<\/ul>","protected":false},"excerpt":{"rendered":"<p>Eleve sua silhueta com nosso novo body para controle de barriga com suti\u00e3 modelador de cintura. Meticulosamente confeccionado em n\u00e1ilon e elastano, este modelador de corpo moderno e real\u00e7ador de quadril plus size real\u00e7a suas curvas, oferecendo uma mistura perfeita de conforto e estilo. Mergulhe em uma experi\u00eancia transformadora que redefine eleg\u00e2ncia e confian\u00e7a<\/p>","protected":false},"featured_media":8704,"comment_status":"open","ping_status":"closed","template":"","meta":{"site-sidebar-layout":"default","site-content-layout":"","ast-site-content-layout":"default","site-content-style":"default","site-sidebar-style":"default","ast-global-header-display":"","ast-banner-title-visibility":"","ast-main-header-display":"","ast-hfb-above-header-display":"","ast-hfb-below-header-display":"","ast-hfb-mobile-header-display":"","site-post-title":"","ast-breadcrumbs-content":"","ast-featured-img":"","footer-sml-layout":"","ast-disable-related-posts":"","theme-transparent-header-meta":"default","adv-header-id-meta":"","stick-header-meta":"default","header-above-stick-meta":"","header-main-stick-meta":"","header-below-stick-meta":"","astra-migrate-meta-layouts":"set","ast-page-background-enabled":"default","ast-page-background-meta":{"desktop":{"background-color":"","background-image":"","background-repeat":"repeat","background-position":"center center","background-size":"auto","background-attachment":"scroll","background-type":"","background-media":"","overlay-type":"","overlay-color":"","overlay-opacity":"","overlay-gradient":""},"tablet":{"background-color":"","background-image":"","background-repeat":"repeat","background-position":"center center","background-size":"auto","background-attachment":"scroll","background-type":"","background-media":"","overlay-type":"","overlay-color":"","overlay-opacity":"","overlay-gradient":""},"mobile":{"background-color":"","background-image":"","background-repeat":"repeat","background-position":"center center","background-size":"auto","background-attachment":"scroll","background-type":"","background-media":"","overlay-type":"","overlay-color":"","overlay-opacity":"","overlay-gradient":""}},"ast-content-background-meta":{"desktop":{"background-color":"var(--ast-global-color-5)","background-image":"","background-repeat":"repeat","background-position":"center center","background-size":"auto","background-attachment":"scroll","background-type":"","background-media":"","overlay-type":"","overlay-color":"","overlay-opacity":"","overlay-gradient":""},"tablet":{"background-color":"var(--ast-global-color-5)","background-image":"","background-repeat":"repeat","background-position":"center center","background-size":"auto","background-attachment":"scroll","background-type":"","background-media":"","overlay-type":"","overlay-color":"","overlay-opacity":"","overlay-gradient":""},"mobile":{"background-color":"var(--ast-global-color-5)","background-image":"","background-repeat":"repeat","background-position":"center center","background-size":"auto","background-attachment":"scroll","background-type":"","background-media":"","overlay-type":"","overlay-color":"","overlay-opacity":"","overlay-gradient":""}}},"product_brand":[],"product_cat":[65,76,77,82,81,80],"product_tag":[492,647,490,648,500,452],"class_list":{"0":"post-8679","1":"product","2":"type-product","3":"status-publish","4":"has-post-thumbnail","6":"product_cat-best-sellers","7":"product_cat-new-arrivels","8":"product_cat-wholesale-womens-shapewear","9":"product_cat-wholesale-shapewear-bodysuit","10":"product_cat-wholesale-slimming-tank-top","11":"product_cat-wholesale-butt-lift-underwear","12":"product_tag-breathable","13":"product_tag-convenience","14":"product_tag-corset","15":"product_tag-lift-chest","16":"product_tag-tummy-control","17":"product_tag-waist-corsets","18":"pa_color-black","19":"pa_color-skin","20":"pa_size-l","21":"pa_size-m","22":"pa_size-s","23":"pa_size-xl","24":"pa_size-xxl","25":"pa_size-xxxl","26":"desktop-align-center","27":"tablet-align-left","28":"mobile-align-left","29":"ast-product-gallery-layout-horizontal-slider","30":"ast-product-single-variable","31":"ast-product-tabs-layout-horizontal","32":"ast-qv-on-image","34":"first","35":"instock","36":"shipping-taxable","37":"product-type-variable"},"tiered_pricing_type":"fixed","tiered_pricing_fixed_rules":{"2":9.95,"50":8.85,"100":7.7},"tiered_pricing_product_settings":{"layout":"default","base_unit_name":{"singular":null,"plural":null},"default_variation":null},"tiered_pricing_minimum_quantity":null,"tiered_pricing_roles_data":[],"tiered_pricing_percentage_rules":[],"_links":{"self":[{"href":"https:\/\/yume-silm.com\/pt\/wp-json\/wp\/v2\/product\/8679","targetHints":{"allow":["GET"]}}],"collection":[{"href":"https:\/\/yume-silm.com\/pt\/wp-json\/wp\/v2\/product"}],"about":[{"href":"https:\/\/yume-silm.com\/pt\/wp-json\/wp\/v2\/types\/product"}],"replies":[{"embeddable":true,"href":"https:\/\/yume-silm.com\/pt\/wp-json\/wp\/v2\/comments?post=8679"}],"wp:featuredmedia":[{"embeddable":true,"href":"https:\/\/yume-silm.com\/pt\/wp-json\/wp\/v2\/media\/8704"}],"wp:attachment":[{"href":"https:\/\/yume-silm.com\/pt\/wp-json\/wp\/v2\/media?parent=8679"}],"wp:term":[{"taxonomy":"product_brand","embeddable":true,"href":"https:\/\/yume-silm.com\/pt\/wp-json\/wp\/v2\/product_brand?post=8679"},{"taxonomy":"product_cat","embeddable":true,"href":"https:\/\/yume-silm.com\/pt\/wp-json\/wp\/v2\/product_cat?post=8679"},{"taxonomy":"product_tag","embeddable":true,"href":"https:\/\/yume-silm.com\/pt\/wp-json\/wp\/v2\/product_tag?post=8679"}],"curies":[{"name":"wp","href":"https:\/\/api.w.org\/{rel}","templated":true}]}}