{"id":8780,"date":"2024-07-04T08:30:44","date_gmt":"2024-07-04T08:30:44","guid":{"rendered":"https:\/\/yume-silm.com\/?post_type=product&#038;p=8780"},"modified":"2024-07-16T01:35:05","modified_gmt":"2024-07-16T01:35:05","slug":"macacoes","status":"publish","type":"product","link":"https:\/\/yume-silm.com\/pt\/produto\/macacoes\/","title":{"rendered":"Mulheres sem costura barriga controle bunda levantador macac\u00e3o bodysuits"},"content":{"rendered":"<h5>Caracter\u00edsticas de design<\/h5>\n<ul>\n<li><strong>ELEVADOR DE QUADRIL PODEROSO:<\/strong> O novo macac\u00e3o sem costura com controle de barriga e levantador de bunda adota um design de cintura alta para reduzir a circunfer\u00eancia da cintura, liberar suavemente a curva do quadril, moldar efetivamente a curva C do quadril e da cintura e fazer seus quadris parecerem mais cheios e mais sexy.<\/li>\n<li><strong>PROJETO SEM EMENDA:<\/strong> O macac\u00e3o feminino sem costura para controle de barriga e levantador de bumbum \u00e9 feito de material de mistura de nylon spandex, que \u00e9 altamente el\u00e1stico, confort\u00e1vel e respir\u00e1vel, e se ajusta perfeitamente ao seu corpo, permitindo que voc\u00ea fique confort\u00e1vel e exiba seu formato de ampulheta ao longo do dia.<\/li>\n<li><strong>OCASI\u00c3O:<\/strong> Nosso macac\u00e3o curto modelador emagrecedor sem costura \u00e9 moderno, simples e vers\u00e1til. Usar este body justo e confort\u00e1vel pode mostrar o que h\u00e1 de melhor, seja em uma presen\u00e7a ou em uma festa, ele pode combinar perfeitamente.<\/li>\n<li><strong>SELE\u00c7\u00c3O DE TAMANHO:<\/strong> Voc\u00ea pode seguir nossa tabela de tamanhos para encontrar o tamanho que melhor destaca sua figura. Quando voc\u00ea obtiver a primeira rea\u00e7\u00e3o, n\u00e3o se surpreenda. Esse macac\u00e3o de barriga pode parecer pequeno, mas tem super elasticidade, fique confiante e use.<\/li>\n<\/ul>\n<p><a href=\"https:\/\/yume-silm.com\/wp-content\/uploads\/2024\/07\/Women-Seamless-Tummy-Control-Butt-Lifter-Jumpsuit-Bodysuits-1.jpg\"><img fetchpriority=\"high\" decoding=\"async\" class=\"alignnone wp-image-8781 size-medium\" src=\"https:\/\/yume-silm.com\/wp-content\/uploads\/2024\/07\/Women-Seamless-Tummy-Control-Butt-Lifter-Jumpsuit-Bodysuits-1-300x300.jpg\" alt=\"Macac\u00e3o feminino sem costura para controle de barriga e levantador de bunda\" width=\"300\" height=\"300\" title=\"\" srcset=\"https:\/\/yume-silm.com\/wp-content\/uploads\/2024\/07\/Women-Seamless-Tummy-Control-Butt-Lifter-Jumpsuit-Bodysuits-1-300x300.jpg 300w, https:\/\/yume-silm.com\/wp-content\/uploads\/2024\/07\/Women-Seamless-Tummy-Control-Butt-Lifter-Jumpsuit-Bodysuits-1-150x150.jpg 150w, https:\/\/yume-silm.com\/wp-content\/uploads\/2024\/07\/Women-Seamless-Tummy-Control-Butt-Lifter-Jumpsuit-Bodysuits-1-768x768.jpg 768w, https:\/\/yume-silm.com\/wp-content\/uploads\/2024\/07\/Women-Seamless-Tummy-Control-Butt-Lifter-Jumpsuit-Bodysuits-1-12x12.jpg 12w, https:\/\/yume-silm.com\/wp-content\/uploads\/2024\/07\/Women-Seamless-Tummy-Control-Butt-Lifter-Jumpsuit-Bodysuits-1-800x800.jpg 800w, https:\/\/yume-silm.com\/wp-content\/uploads\/2024\/07\/Women-Seamless-Tummy-Control-Butt-Lifter-Jumpsuit-Bodysuits-1-100x100.jpg 100w, https:\/\/yume-silm.com\/wp-content\/uploads\/2024\/07\/Women-Seamless-Tummy-Control-Butt-Lifter-Jumpsuit-Bodysuits-1.jpg 1200w\" sizes=\"(max-width: 300px) 100vw, 300px\" \/><\/a><a href=\"https:\/\/yume-silm.com\/wp-content\/uploads\/2024\/07\/Women-Seamless-Tummy-Control-Butt-Lifter-Jumpsuit-Bodysuits-2.jpg\"><img decoding=\"async\" class=\"alignnone wp-image-8782 size-medium\" src=\"https:\/\/yume-silm.com\/wp-content\/uploads\/2024\/07\/Women-Seamless-Tummy-Control-Butt-Lifter-Jumpsuit-Bodysuits-2-300x300.jpg\" alt=\"Macac\u00e3o feminino sem costura para controle de barriga e levantador de bunda\" width=\"300\" height=\"300\" title=\"\" srcset=\"https:\/\/yume-silm.com\/wp-content\/uploads\/2024\/07\/Women-Seamless-Tummy-Control-Butt-Lifter-Jumpsuit-Bodysuits-2-300x300.jpg 300w, https:\/\/yume-silm.com\/wp-content\/uploads\/2024\/07\/Women-Seamless-Tummy-Control-Butt-Lifter-Jumpsuit-Bodysuits-2-150x150.jpg 150w, https:\/\/yume-silm.com\/wp-content\/uploads\/2024\/07\/Women-Seamless-Tummy-Control-Butt-Lifter-Jumpsuit-Bodysuits-2-768x768.jpg 768w, https:\/\/yume-silm.com\/wp-content\/uploads\/2024\/07\/Women-Seamless-Tummy-Control-Butt-Lifter-Jumpsuit-Bodysuits-2-12x12.jpg 12w, https:\/\/yume-silm.com\/wp-content\/uploads\/2024\/07\/Women-Seamless-Tummy-Control-Butt-Lifter-Jumpsuit-Bodysuits-2-800x800.jpg 800w, https:\/\/yume-silm.com\/wp-content\/uploads\/2024\/07\/Women-Seamless-Tummy-Control-Butt-Lifter-Jumpsuit-Bodysuits-2-100x100.jpg 100w, https:\/\/yume-silm.com\/wp-content\/uploads\/2024\/07\/Women-Seamless-Tummy-Control-Butt-Lifter-Jumpsuit-Bodysuits-2.jpg 1200w\" sizes=\"(max-width: 300px) 100vw, 300px\" \/><\/a><\/p>\n<h6><em>Macac\u00e3o feminino super el\u00e1stico na barriga e quadril<\/em><\/h6>\n<ul>\n<li>Nosso modelador de barriga e modelador de quadril combina design de pesco\u00e7o quadrado e design sem costura com tom de cor simples e moderno, usando-o, toda a pessoa parece magra e bonita. Clientes que buscam beleza simulada, entrem em contato conosco.<\/li>\n<\/ul>","protected":false},"excerpt":{"rendered":"<p>Use nossos novos macac\u00f5es sem costura para levantamento de bunda com controle de barriga, exiba sua figura em forma de ampulheta e voc\u00ea poder\u00e1 brilhar com confian\u00e7a em qualquer situa\u00e7\u00e3o. Obtenha-o e receba uma vers\u00e3o melhor de si mesmo.<\/p>","protected":false},"featured_media":8783,"comment_status":"open","ping_status":"closed","template":"","meta":{"site-sidebar-layout":"default","site-content-layout":"","ast-site-content-layout":"default","site-content-style":"default","site-sidebar-style":"default","ast-global-header-display":"","ast-banner-title-visibility":"","ast-main-header-display":"","ast-hfb-above-header-display":"","ast-hfb-below-header-display":"","ast-hfb-mobile-header-display":"","site-post-title":"","ast-breadcrumbs-content":"","ast-featured-img":"","footer-sml-layout":"","ast-disable-related-posts":"","theme-transparent-header-meta":"default","adv-header-id-meta":"","stick-header-meta":"default","header-above-stick-meta":"","header-main-stick-meta":"","header-below-stick-meta":"","astra-migrate-meta-layouts":"set","ast-page-background-enabled":"default","ast-page-background-meta":{"desktop":{"background-color":"","background-image":"","background-repeat":"repeat","background-position":"center center","background-size":"auto","background-attachment":"scroll","background-type":"","background-media":"","overlay-type":"","overlay-color":"","overlay-opacity":"","overlay-gradient":""},"tablet":{"background-color":"","background-image":"","background-repeat":"repeat","background-position":"center center","background-size":"auto","background-attachment":"scroll","background-type":"","background-media":"","overlay-type":"","overlay-color":"","overlay-opacity":"","overlay-gradient":""},"mobile":{"background-color":"","background-image":"","background-repeat":"repeat","background-position":"center center","background-size":"auto","background-attachment":"scroll","background-type":"","background-media":"","overlay-type":"","overlay-color":"","overlay-opacity":"","overlay-gradient":""}},"ast-content-background-meta":{"desktop":{"background-color":"var(--ast-global-color-5)","background-image":"","background-repeat":"repeat","background-position":"center center","background-size":"auto","background-attachment":"scroll","background-type":"","background-media":"","overlay-type":"","overlay-color":"","overlay-opacity":"","overlay-gradient":""},"tablet":{"background-color":"var(--ast-global-color-5)","background-image":"","background-repeat":"repeat","background-position":"center center","background-size":"auto","background-attachment":"scroll","background-type":"","background-media":"","overlay-type":"","overlay-color":"","overlay-opacity":"","overlay-gradient":""},"mobile":{"background-color":"var(--ast-global-color-5)","background-image":"","background-repeat":"repeat","background-position":"center center","background-size":"auto","background-attachment":"scroll","background-type":"","background-media":"","overlay-type":"","overlay-color":"","overlay-opacity":"","overlay-gradient":""}}},"product_brand":[],"product_cat":[65,76,77,79,78],"product_tag":[137,423,491,500],"class_list":{"0":"post-8780","1":"product","2":"type-product","3":"status-publish","4":"has-post-thumbnail","6":"product_cat-best-sellers","7":"product_cat-new-arrivels","8":"product_cat-wholesale-womens-shapewear","9":"product_cat-wholesale-seemless-shaperwear","10":"product_cat-wholesale-full-body-shaper","11":"product_tag-butt-lift","12":"product_tag-hip-lifting-panties","13":"product_tag-seamless","14":"product_tag-tummy-control","15":"pa_color-black","16":"pa_color-blue","17":"pa_color-brown","18":"pa_color-pink","19":"pa_color-white","20":"pa_size-l","21":"pa_size-m","22":"pa_size-s","23":"pa_size-xl","24":"pa_size-xs","25":"pa_size-xxl","26":"desktop-align-center","27":"tablet-align-left","28":"mobile-align-left","29":"ast-product-gallery-layout-horizontal-slider","30":"ast-product-single-variable","31":"ast-product-tabs-layout-horizontal","32":"ast-qv-on-image","34":"first","35":"instock","36":"shipping-taxable","37":"purchasable","38":"product-type-variable"},"tiered_pricing_type":"fixed","tiered_pricing_fixed_rules":{"2":7.3,"50":6.5,"100":5.7},"tiered_pricing_product_settings":{"layout":"default","base_unit_name":{"singular":null,"plural":null},"default_variation":null},"tiered_pricing_minimum_quantity":null,"tiered_pricing_roles_data":[],"tiered_pricing_percentage_rules":[],"_links":{"self":[{"href":"https:\/\/yume-silm.com\/pt\/wp-json\/wp\/v2\/product\/8780","targetHints":{"allow":["GET"]}}],"collection":[{"href":"https:\/\/yume-silm.com\/pt\/wp-json\/wp\/v2\/product"}],"about":[{"href":"https:\/\/yume-silm.com\/pt\/wp-json\/wp\/v2\/types\/product"}],"replies":[{"embeddable":true,"href":"https:\/\/yume-silm.com\/pt\/wp-json\/wp\/v2\/comments?post=8780"}],"wp:featuredmedia":[{"embeddable":true,"href":"https:\/\/yume-silm.com\/pt\/wp-json\/wp\/v2\/media\/8783"}],"wp:attachment":[{"href":"https:\/\/yume-silm.com\/pt\/wp-json\/wp\/v2\/media?parent=8780"}],"wp:term":[{"taxonomy":"product_brand","embeddable":true,"href":"https:\/\/yume-silm.com\/pt\/wp-json\/wp\/v2\/product_brand?post=8780"},{"taxonomy":"product_cat","embeddable":true,"href":"https:\/\/yume-silm.com\/pt\/wp-json\/wp\/v2\/product_cat?post=8780"},{"taxonomy":"product_tag","embeddable":true,"href":"https:\/\/yume-silm.com\/pt\/wp-json\/wp\/v2\/product_tag?post=8780"}],"curies":[{"name":"wp","href":"https:\/\/api.w.org\/{rel}","templated":true}]}}