{"id":8914,"date":"2024-07-06T06:54:07","date_gmt":"2024-07-06T06:54:07","guid":{"rendered":"https:\/\/yume-silm.com\/?post_type=product&#038;p=8914"},"modified":"2025-11-07T05:51:01","modified_gmt":"2025-11-07T05:51:01","slug":"modelador-abdominal-manga-longa-2","status":"publish","type":"product","link":"https:\/\/yume-silm.com\/pt\/produto\/modelador-abdominal-manga-longa-2\/","title":{"rendered":"Modelador corporal de mangas compridas moderno e confort\u00e1vel para mulheres"},"content":{"rendered":"<h5>Caracter\u00edsticas de design<\/h5>\n<ul>\n<li><strong>SHAPER ABDOMINAL COM BOT\u00d5ES<\/strong>: Fecho duplo de press\u00e3o no refor\u00e7o, aberturas de perna de corte alto, na parte de tr\u00e1s da tanga que mant\u00eam o modelador abdominal de manga longa invis\u00edvel, a virilha \u00e9 projetada com um gancho para tornar o uso e a ida ao banheiro mais f\u00e1cil e conveniente.<\/li>\n<li><strong>CARACTER\u00cdSTICAS<\/strong>: O modelador abdominal de manga comprida emagrecedor feminino enfatiza a beleza natural dos seios femininos, removendo as pesadas almofadas no peito e an\u00e9is de a\u00e7o, charmoso pesco\u00e7o redondo, respir\u00e1vel, design simples, sem costura.<\/li>\n<li>\n<div data-slate-node=\"element\"><span data-slate-node=\"text\"><span class=\"00\" data-slate-leaf=\"true\"><strong>PROJETO DE PESCO\u00c7O REDONDO<\/strong>: modelador abdominal de manga comprida com decote redondo suave e lisonjeiro adiciona um toque de eleg\u00e2ncia a cada ocasi\u00e3o e tamb\u00e9m proporciona um efeito leve com um \u00f3timo efeito de suaviza\u00e7\u00e3o.<\/span><\/span><\/div>\n<\/li>\n<li>\n<div data-slate-node=\"element\"><span class=\"\" data-slate-node=\"text\"><span class=\"11\" data-slate-leaf=\"true\"><span data-slate-string=\"true\"><strong>CONTROLE DE BARRIGA E EFEITO DE LEVANTAMENTO DE QUADRIL<\/strong>: Esta meia-cal\u00e7a de manga comprida para controle de barriga e levantamento de quadril apresenta um design traseiro de levantamento de quadril, que molda efetivamente as curvas da cintura e dos quadris, formando um lindo formato de C e real\u00e7ando sua beleza natural.<\/span><\/span><\/span><\/div>\n<\/li>\n<\/ul>\n<p><a href=\"https:\/\/yume-silm.com\/wp-content\/uploads\/2024\/07\/Womens-abdominal-Long-Sleeve-shaper-1.jpg\"><img fetchpriority=\"high\" decoding=\"async\" class=\"alignnone wp-image-8947 size-medium\" src=\"https:\/\/yume-silm.com\/wp-content\/uploads\/2024\/07\/Womens-abdominal-Long-Sleeve-shaper-1-300x300.jpg\" alt=\"modelador abdominal feminino manga longa\" width=\"300\" height=\"300\" title=\"\" srcset=\"https:\/\/yume-silm.com\/wp-content\/uploads\/2024\/07\/Womens-abdominal-Long-Sleeve-shaper-1-300x300.jpg 300w, https:\/\/yume-silm.com\/wp-content\/uploads\/2024\/07\/Womens-abdominal-Long-Sleeve-shaper-1-150x150.jpg 150w, https:\/\/yume-silm.com\/wp-content\/uploads\/2024\/07\/Womens-abdominal-Long-Sleeve-shaper-1-768x768.jpg 768w, https:\/\/yume-silm.com\/wp-content\/uploads\/2024\/07\/Womens-abdominal-Long-Sleeve-shaper-1-12x12.jpg 12w, https:\/\/yume-silm.com\/wp-content\/uploads\/2024\/07\/Womens-abdominal-Long-Sleeve-shaper-1-100x100.jpg 100w, https:\/\/yume-silm.com\/wp-content\/uploads\/2024\/07\/Womens-abdominal-Long-Sleeve-shaper-1.jpg 800w\" sizes=\"(max-width: 300px) 100vw, 300px\" \/><\/a><a href=\"https:\/\/yume-silm.com\/wp-content\/uploads\/2024\/07\/Womens-abdominal-Long-Sleeve-shaper-2.jpg\"><img decoding=\"async\" class=\"alignnone wp-image-8948 size-medium\" src=\"https:\/\/yume-silm.com\/wp-content\/uploads\/2024\/07\/Womens-abdominal-Long-Sleeve-shaper-2-300x300.jpg\" alt=\"modelador de corpo de mangas compridas elegante e confort\u00e1vel\" width=\"300\" height=\"300\" title=\"\" srcset=\"https:\/\/yume-silm.com\/wp-content\/uploads\/2024\/07\/Womens-abdominal-Long-Sleeve-shaper-2-300x300.jpg 300w, https:\/\/yume-silm.com\/wp-content\/uploads\/2024\/07\/Womens-abdominal-Long-Sleeve-shaper-2-150x150.jpg 150w, https:\/\/yume-silm.com\/wp-content\/uploads\/2024\/07\/Womens-abdominal-Long-Sleeve-shaper-2-768x768.jpg 768w, https:\/\/yume-silm.com\/wp-content\/uploads\/2024\/07\/Womens-abdominal-Long-Sleeve-shaper-2-12x12.jpg 12w, https:\/\/yume-silm.com\/wp-content\/uploads\/2024\/07\/Womens-abdominal-Long-Sleeve-shaper-2-100x100.jpg 100w, https:\/\/yume-silm.com\/wp-content\/uploads\/2024\/07\/Womens-abdominal-Long-Sleeve-shaper-2.jpg 800w\" sizes=\"(max-width: 300px) 100vw, 300px\" \/><\/a><\/p>\n<p>&nbsp;<\/p>\n<h6><em>Modeladores femininos para emagrecer e levantar o quadril<\/em><\/h6>\n<ul>\n<li><span data-slate-fragment=\"JTVCJTdCJTIydHlwZSUyMiUzQSUyMnBhcmFncmFwaCUyMiUyQyUyMmNoaWxkcmVuJTIyJTNBJTVCJTdCJTIydGV4dCUyMiUzQSUyMlRoZSUyMGNyb3RjaCUyMG9mJTIwdGhpcyUyMGxvbmctc2xlZXZlZCUyMHNsaW1taW5nJTIwYm9keXN1aXQlMjBpcyUyMGRlc2lnbmVkJTIwd2l0aCUyMGhvb2tzJTIwbWludXMlMjB0aGUlMjBoZWF2eSUyMGNoZXN0JTIwcGFkcyUyMGFuZCUyMHN0ZWVsJTIwcmluZ3MlMkMlMjBtYWtpbmclMjBlYXNpZXIlMjBmb3IlMjB5b3UlMjB0byUyMHdlYXIlMjBhbmQlMjB0aGUlMjBjb2xvciUyMGlzJTIwc2ltcGxlJTIwdGhhdCUyMHlvdSUyMGNhbiUyMHdlYXIlMjBkaWZmZXJlbnQlMjBsaWZlLiUyMiUyQyUyMnNlbnRlbmNlJTIyJTNBMCUyQyUyMmNoaWxkU2VudGVuY2UlMjIlM0EwJTdEJTVEJTdEJTVE\">A virilha deste modelador de corpo de manga comprida elegante e confort\u00e1vel \u00e9 projetada com ganchos sem as pesadas almofadas no peito e an\u00e9is de a\u00e7o, tornando mais f\u00e1cil para voc\u00ea usar e a cor \u00e9 simples que voc\u00ea pode usar em diferentes vidas.<\/span><\/li>\n<\/ul>","protected":false},"excerpt":{"rendered":"<p>Use nosso macac\u00e3o de emagrecimento com controle de barriga para achatar o abd\u00f4men, completar a curva da cintura e aumentar a curva do quadril. Modelador de corpo de mangas compridas elegante e confort\u00e1vel \u00e9 essencial para usar nosso modelador<\/p>","protected":false},"featured_media":15913,"comment_status":"open","ping_status":"closed","template":"","meta":{"site-sidebar-layout":"default","site-content-layout":"","ast-site-content-layout":"default","site-content-style":"default","site-sidebar-style":"default","ast-global-header-display":"","ast-banner-title-visibility":"","ast-main-header-display":"","ast-hfb-above-header-display":"","ast-hfb-below-header-display":"","ast-hfb-mobile-header-display":"","site-post-title":"","ast-breadcrumbs-content":"","ast-featured-img":"","footer-sml-layout":"","ast-disable-related-posts":"","theme-transparent-header-meta":"default","adv-header-id-meta":"","stick-header-meta":"default","header-above-stick-meta":"","header-main-stick-meta":"","header-below-stick-meta":"","astra-migrate-meta-layouts":"set","ast-page-background-enabled":"default","ast-page-background-meta":{"desktop":{"background-color":"","background-image":"","background-repeat":"repeat","background-position":"center center","background-size":"auto","background-attachment":"scroll","background-type":"","background-media":"","overlay-type":"","overlay-color":"","overlay-opacity":"","overlay-gradient":""},"tablet":{"background-color":"","background-image":"","background-repeat":"repeat","background-position":"center center","background-size":"auto","background-attachment":"scroll","background-type":"","background-media":"","overlay-type":"","overlay-color":"","overlay-opacity":"","overlay-gradient":""},"mobile":{"background-color":"","background-image":"","background-repeat":"repeat","background-position":"center center","background-size":"auto","background-attachment":"scroll","background-type":"","background-media":"","overlay-type":"","overlay-color":"","overlay-opacity":"","overlay-gradient":""}},"ast-content-background-meta":{"desktop":{"background-color":"var(--ast-global-color-5)","background-image":"","background-repeat":"repeat","background-position":"center center","background-size":"auto","background-attachment":"scroll","background-type":"","background-media":"","overlay-type":"","overlay-color":"","overlay-opacity":"","overlay-gradient":""},"tablet":{"background-color":"var(--ast-global-color-5)","background-image":"","background-repeat":"repeat","background-position":"center center","background-size":"auto","background-attachment":"scroll","background-type":"","background-media":"","overlay-type":"","overlay-color":"","overlay-opacity":"","overlay-gradient":""},"mobile":{"background-color":"var(--ast-global-color-5)","background-image":"","background-repeat":"repeat","background-position":"center center","background-size":"auto","background-attachment":"scroll","background-type":"","background-media":"","overlay-type":"","overlay-color":"","overlay-opacity":"","overlay-gradient":""}}},"product_brand":[],"product_cat":[65,76,77,79,82,81],"product_tag":[662,492,659,183,503,491,661,535,660,500],"class_list":{"0":"post-8914","1":"product","2":"type-product","3":"status-publish","4":"has-post-thumbnail","6":"product_cat-best-sellers","7":"product_cat-new-arrivels","8":"product_cat-wholesale-womens-shapewear","9":"product_cat-wholesale-seemless-shaperwear","10":"product_cat-wholesale-shapewear-bodysuit","11":"product_cat-wholesale-slimming-tank-top","12":"product_tag-abdominal","13":"product_tag-breathable","14":"product_tag-hip-lift","15":"product_tag-long-sleeve","16":"product_tag-round-neck","17":"product_tag-seamless","18":"product_tag-simple","19":"product_tag-slimming","20":"product_tag-smooth","21":"product_tag-tummy-control","22":"pa_color-beige","23":"pa_color-black","24":"pa_color-brown","25":"pa_size-3xl","26":"pa_size-l","27":"pa_size-m","28":"pa_size-s","29":"pa_size-xl","30":"pa_size-xs","31":"pa_size-xxl","32":"desktop-align-center","33":"tablet-align-left","34":"mobile-align-left","35":"ast-product-gallery-layout-horizontal-slider","36":"ast-product-single-variable","37":"ast-product-tabs-layout-horizontal","38":"ast-qv-on-image","40":"first","41":"instock","42":"shipping-taxable","43":"purchasable","44":"product-type-variable"},"tiered_pricing_type":"fixed","tiered_pricing_fixed_rules":{"2":12.05,"50":10.7,"100":9.35},"tiered_pricing_product_settings":{"layout":"default","base_unit_name":{"singular":null,"plural":null},"default_variation":null},"tiered_pricing_minimum_quantity":null,"tiered_pricing_roles_data":[],"tiered_pricing_percentage_rules":[],"_links":{"self":[{"href":"https:\/\/yume-silm.com\/pt\/wp-json\/wp\/v2\/product\/8914","targetHints":{"allow":["GET"]}}],"collection":[{"href":"https:\/\/yume-silm.com\/pt\/wp-json\/wp\/v2\/product"}],"about":[{"href":"https:\/\/yume-silm.com\/pt\/wp-json\/wp\/v2\/types\/product"}],"replies":[{"embeddable":true,"href":"https:\/\/yume-silm.com\/pt\/wp-json\/wp\/v2\/comments?post=8914"}],"wp:featuredmedia":[{"embeddable":true,"href":"https:\/\/yume-silm.com\/pt\/wp-json\/wp\/v2\/media\/15913"}],"wp:attachment":[{"href":"https:\/\/yume-silm.com\/pt\/wp-json\/wp\/v2\/media?parent=8914"}],"wp:term":[{"taxonomy":"product_brand","embeddable":true,"href":"https:\/\/yume-silm.com\/pt\/wp-json\/wp\/v2\/product_brand?post=8914"},{"taxonomy":"product_cat","embeddable":true,"href":"https:\/\/yume-silm.com\/pt\/wp-json\/wp\/v2\/product_cat?post=8914"},{"taxonomy":"product_tag","embeddable":true,"href":"https:\/\/yume-silm.com\/pt\/wp-json\/wp\/v2\/product_tag?post=8914"}],"curies":[{"name":"wp","href":"https:\/\/api.w.org\/{rel}","templated":true}]}}