{"id":9033,"date":"2024-07-06T08:35:07","date_gmt":"2024-07-06T08:35:07","guid":{"rendered":"https:\/\/yume-silm.com\/?post_type=product&#038;p=9033"},"modified":"2025-04-16T00:38:53","modified_gmt":"2025-04-16T00:38:53","slug":"body-treinador-de-cintura-para-coxa-com-controle-de-barriga","status":"publish","type":"product","link":"https:\/\/yume-silm.com\/pt\/produto\/body-treinador-de-cintura-para-coxa-com-controle-de-barriga\/","title":{"rendered":"Shapewear de corpo inteiro com z\u00edperes laterais para mulheres"},"content":{"rendered":"<div data-slate-node=\"element\">\n<h5>Caracter\u00edsticas de design<\/h5>\n<\/div>\n<ul>\n<li data-slate-node=\"element\"><strong>CAL\u00c7AS DE COMPRESS\u00c3O DUPLA:<\/strong> Adequado para body de treinamento de cintura de coxa com controle de barriga, o design de tecido de 2 camadas aumenta a for\u00e7a de compress\u00e3o no abd\u00f4men. Modeladores de corpo inteiro com z\u00edperes laterais para mulheres com for\u00e7a de compress\u00e3o moderada podem apertar a gordura solta e ajudar a restaurar melhor a figura.<\/li>\n<li data-slate-node=\"element\"><strong>PROJETO DE PEITO ABERTO:<\/strong> Um design em forma de U e al\u00e7as largas podem efetivamente aliviar a press\u00e3o nos ombros. Depois de remover as almofadas pesadas no peito, voc\u00ea pode usar seu pr\u00f3prio suti\u00e3, modelador de barriga, quadril e busto enfatizando a beleza natural das mulheres.<\/li>\n<li data-slate-node=\"element\"><strong>BODY ABDOMINAL APERTADO PARA MULHER:<\/strong> O controle da barriga e o formato do corpo da coxa s\u00e3o feitos de tecido el\u00e1stico de alta resist\u00eancia, e o body sem costura para todo o corpo ajuda a suavizar e modificar sua figura, envolvendo-a e mostrando \u00e0s pessoas sua figura em forma de ampulheta.<\/li>\n<li data-slate-node=\"element\"><strong>OCASI\u00c3O:<\/strong> Modelador de corpo inteiro, controle de barriga, levantador de bunda, coxa, body mais fino, z\u00edper lateral, adequado para qualquer ocasi\u00e3o, voc\u00ea pode combin\u00e1-lo com qualquer cor, vers\u00e1til e moderno, e simples, voc\u00ea pode usar modelador de barriga em festas, atendimentos e encontros, escond\u00ea-lo sob sua saia , ou cal\u00e7as, e mostre o seu melhor.<\/li>\n<\/ul>\n<p><a href=\"https:\/\/yume-silm.com\/wp-content\/uploads\/2024\/07\/tummy-control-thigh-body-shaper-short-waist-trainer-bodysuit-01.jpg\"><img fetchpriority=\"high\" decoding=\"async\" class=\"alignnone wp-image-9051 size-medium\" src=\"https:\/\/yume-silm.com\/wp-content\/uploads\/2024\/07\/tummy-control-thigh-body-shaper-short-waist-trainer-bodysuit-02-300x300.jpg\" alt=\"Body modelador de corpo para coxa e controle de barriga, cintura curta\" width=\"300\" height=\"300\" title=\"\" srcset=\"https:\/\/yume-silm.com\/wp-content\/uploads\/2024\/07\/tummy-control-thigh-body-shaper-short-waist-trainer-bodysuit-02-300x300.jpg 300w, https:\/\/yume-silm.com\/wp-content\/uploads\/2024\/07\/tummy-control-thigh-body-shaper-short-waist-trainer-bodysuit-02-150x150.jpg 150w, https:\/\/yume-silm.com\/wp-content\/uploads\/2024\/07\/tummy-control-thigh-body-shaper-short-waist-trainer-bodysuit-02-768x768.jpg 768w, https:\/\/yume-silm.com\/wp-content\/uploads\/2024\/07\/tummy-control-thigh-body-shaper-short-waist-trainer-bodysuit-02-12x12.jpg 12w, https:\/\/yume-silm.com\/wp-content\/uploads\/2024\/07\/tummy-control-thigh-body-shaper-short-waist-trainer-bodysuit-02-100x100.jpg 100w, https:\/\/yume-silm.com\/wp-content\/uploads\/2024\/07\/tummy-control-thigh-body-shaper-short-waist-trainer-bodysuit-02.jpg 800w\" sizes=\"(max-width: 300px) 100vw, 300px\" \/><img decoding=\"async\" class=\"alignnone wp-image-9050 size-medium\" src=\"https:\/\/yume-silm.com\/wp-content\/uploads\/2024\/07\/tummy-control-thigh-body-shaper-short-waist-trainer-bodysuit-01-300x300.jpg\" alt=\"Shapewear de corpo inteiro com z\u00edperes laterais para mulheres\" width=\"300\" height=\"300\" title=\"\" srcset=\"https:\/\/yume-silm.com\/wp-content\/uploads\/2024\/07\/tummy-control-thigh-body-shaper-short-waist-trainer-bodysuit-01-300x300.jpg 300w, https:\/\/yume-silm.com\/wp-content\/uploads\/2024\/07\/tummy-control-thigh-body-shaper-short-waist-trainer-bodysuit-01-150x150.jpg 150w, https:\/\/yume-silm.com\/wp-content\/uploads\/2024\/07\/tummy-control-thigh-body-shaper-short-waist-trainer-bodysuit-01-768x768.jpg 768w, https:\/\/yume-silm.com\/wp-content\/uploads\/2024\/07\/tummy-control-thigh-body-shaper-short-waist-trainer-bodysuit-01-12x12.jpg 12w, https:\/\/yume-silm.com\/wp-content\/uploads\/2024\/07\/tummy-control-thigh-body-shaper-short-waist-trainer-bodysuit-01-100x100.jpg 100w, https:\/\/yume-silm.com\/wp-content\/uploads\/2024\/07\/tummy-control-thigh-body-shaper-short-waist-trainer-bodysuit-01.jpg 800w\" sizes=\"(max-width: 300px) 100vw, 300px\" \/><\/a><\/p>\n<h6><em>Adequado para modeladores de cintura feminina<\/em><\/h6>\n<ul>\n<li>O modelador de corpo inteiro com z\u00edperes laterais para tecido feminino \u00e9 macio, altamente el\u00e1stico, absorvente de suor, absorve a umidade e n\u00e3o irrita a pele, ajudando a criar uma figura de ampulheta bonita e atraente.<\/li>\n<\/ul>","protected":false},"excerpt":{"rendered":"<p><span data-slate-fragment=\"JTVCJTdCJTIydHlwZSUyMiUzQSUyMnBhcmFncmFwaCUyMiUyQyUyMmNoaWxkcmVuJTIyJTNBJTVCJTdCJTIydGV4dCUyMiUzQSUyMlRoaXMlMjBCZWxseSUyMFRoaWdoJTIwU2hhcGUlMjBXYWlzdCUyMFRyYWluaW5nJTIwU2hhcGV3ZWFyJTIwaXMlMjBub3QlMjBvbmx5JTIwcHJhY3RpY2FsJTIwYW5kJTIwc3R1cmR5JTJDJTIwYnV0JTIwYWxzbyUyMGVsYXN0aWMlMjBlbm91Z2glMjB0byUyMGxldCUyMHlvdSUyMHdlYXIlMjBhbnklMjBjbG90aGVzJTIwYW5kJTIwaGVscCUyMHlvdSUyMGFjaGlldmUlMjBhbiUyMGhvdXJnbGFzcyUyMHNoYXBlLiUyMiUyQyUyMnNlbnRlbmNlJTIyJTNBNiUyQyUyMmNoaWxkU2VudGVuY2UlMjIlM0ExJTdEJTVEJTdEJTVE\">Este modelador de corpo inteiro com controle de barriga e z\u00edperes laterais para mulheres n\u00e3o \u00e9 apenas pr\u00e1tico e resistente, mas tamb\u00e9m el\u00e1stico o suficiente para permitir que voc\u00ea use qualquer roupa e ajud\u00e1-lo a obter um formato de ampulheta.<\/span><\/p>","protected":false},"featured_media":9049,"comment_status":"open","ping_status":"closed","template":"","meta":{"site-sidebar-layout":"default","site-content-layout":"","ast-site-content-layout":"default","site-content-style":"default","site-sidebar-style":"default","ast-global-header-display":"","ast-banner-title-visibility":"","ast-main-header-display":"","ast-hfb-above-header-display":"","ast-hfb-below-header-display":"","ast-hfb-mobile-header-display":"","site-post-title":"","ast-breadcrumbs-content":"","ast-featured-img":"","footer-sml-layout":"","ast-disable-related-posts":"","theme-transparent-header-meta":"default","adv-header-id-meta":"","stick-header-meta":"default","header-above-stick-meta":"","header-main-stick-meta":"","header-below-stick-meta":"","astra-migrate-meta-layouts":"set","ast-page-background-enabled":"default","ast-page-background-meta":{"desktop":{"background-color":"","background-image":"","background-repeat":"repeat","background-position":"center center","background-size":"auto","background-attachment":"scroll","background-type":"","background-media":"","overlay-type":"","overlay-color":"","overlay-opacity":"","overlay-gradient":""},"tablet":{"background-color":"","background-image":"","background-repeat":"repeat","background-position":"center center","background-size":"auto","background-attachment":"scroll","background-type":"","background-media":"","overlay-type":"","overlay-color":"","overlay-opacity":"","overlay-gradient":""},"mobile":{"background-color":"","background-image":"","background-repeat":"repeat","background-position":"center center","background-size":"auto","background-attachment":"scroll","background-type":"","background-media":"","overlay-type":"","overlay-color":"","overlay-opacity":"","overlay-gradient":""}},"ast-content-background-meta":{"desktop":{"background-color":"var(--ast-global-color-5)","background-image":"","background-repeat":"repeat","background-position":"center center","background-size":"auto","background-attachment":"scroll","background-type":"","background-media":"","overlay-type":"","overlay-color":"","overlay-opacity":"","overlay-gradient":""},"tablet":{"background-color":"var(--ast-global-color-5)","background-image":"","background-repeat":"repeat","background-position":"center center","background-size":"auto","background-attachment":"scroll","background-type":"","background-media":"","overlay-type":"","overlay-color":"","overlay-opacity":"","overlay-gradient":""},"mobile":{"background-color":"var(--ast-global-color-5)","background-image":"","background-repeat":"repeat","background-position":"center center","background-size":"auto","background-attachment":"scroll","background-type":"","background-media":"","overlay-type":"","overlay-color":"","overlay-opacity":"","overlay-gradient":""}}},"product_brand":[],"product_cat":[65,76,77,78,82],"product_tag":[662,663,419,489,426,491,416,660,654,500,214],"class_list":{"0":"post-9033","1":"product","2":"type-product","3":"status-publish","4":"has-post-thumbnail","6":"product_cat-best-sellers","7":"product_cat-new-arrivels","8":"product_cat-wholesale-womens-shapewear","9":"product_cat-wholesale-full-body-shaper","10":"product_cat-wholesale-shapewear-bodysuit","11":"product_tag-abdominal","12":"product_tag-belly","13":"product_tag-bodysuit","14":"product_tag-compression","15":"product_tag-jumpsuit","16":"product_tag-seamless","17":"product_tag-shapewear","18":"product_tag-smooth","19":"product_tag-tight","20":"product_tag-tummy-control","21":"product_tag-waist-trainer","22":"pa_color-black","23":"pa_size-l","24":"pa_size-m","25":"pa_size-s","26":"pa_size-xl","27":"pa_size-xs","28":"pa_size-xxl","29":"pa_size-xxxl","30":"desktop-align-center","31":"tablet-align-left","32":"mobile-align-left","33":"ast-product-gallery-layout-horizontal-slider","34":"ast-product-single-variable","35":"ast-product-tabs-layout-horizontal","36":"ast-qv-on-image","38":"first","39":"instock","40":"shipping-taxable","41":"purchasable","42":"product-type-variable"},"tiered_pricing_type":"fixed","tiered_pricing_fixed_rules":{"2":20.75,"50":18.45,"100":16.1},"tiered_pricing_product_settings":{"layout":"default","base_unit_name":{"singular":null,"plural":null},"default_variation":null},"tiered_pricing_minimum_quantity":null,"tiered_pricing_roles_data":[],"tiered_pricing_percentage_rules":[],"_links":{"self":[{"href":"https:\/\/yume-silm.com\/pt\/wp-json\/wp\/v2\/product\/9033","targetHints":{"allow":["GET"]}}],"collection":[{"href":"https:\/\/yume-silm.com\/pt\/wp-json\/wp\/v2\/product"}],"about":[{"href":"https:\/\/yume-silm.com\/pt\/wp-json\/wp\/v2\/types\/product"}],"replies":[{"embeddable":true,"href":"https:\/\/yume-silm.com\/pt\/wp-json\/wp\/v2\/comments?post=9033"}],"wp:featuredmedia":[{"embeddable":true,"href":"https:\/\/yume-silm.com\/pt\/wp-json\/wp\/v2\/media\/9049"}],"wp:attachment":[{"href":"https:\/\/yume-silm.com\/pt\/wp-json\/wp\/v2\/media?parent=9033"}],"wp:term":[{"taxonomy":"product_brand","embeddable":true,"href":"https:\/\/yume-silm.com\/pt\/wp-json\/wp\/v2\/product_brand?post=9033"},{"taxonomy":"product_cat","embeddable":true,"href":"https:\/\/yume-silm.com\/pt\/wp-json\/wp\/v2\/product_cat?post=9033"},{"taxonomy":"product_tag","embeddable":true,"href":"https:\/\/yume-silm.com\/pt\/wp-json\/wp\/v2\/product_tag?post=9033"}],"curies":[{"name":"wp","href":"https:\/\/api.w.org\/{rel}","templated":true}]}}