{"id":9143,"date":"2024-07-09T07:23:56","date_gmt":"2024-07-09T07:23:56","guid":{"rendered":"https:\/\/yume-silm.com\/?post_type=product&#038;p=9143"},"modified":"2024-11-06T02:48:41","modified_gmt":"2024-11-06T02:48:41","slug":"shorts-modeladores-de-corpo-acolchoados-e-antiderrapantes","status":"publish","type":"product","link":"https:\/\/yume-silm.com\/pt\/produto\/shorts-modeladores-de-corpo-acolchoados-e-antiderrapantes\/","title":{"rendered":"Corpo acolchoado antiderrapante para quadril, short modelador de quadril tridimensional"},"content":{"rendered":"<h5>Caracter\u00edsticas de design<\/h5>\n<ul>\n<li><strong>LEVANTAMENTO DE QUADRIL TRIDIMENSIONAL<\/strong>:<span data-slate-fragment=\"JTVCJTdCJTIydHlwZSUyMiUzQSUyMnBhcmFncmFwaCUyMiUyQyUyMmNoaWxkcmVuJTIyJTNBJTVCJTdCJTIydGV4dCUyMiUzQSUyMlRoZSUyMGxhdGVzdCUyMHVwZ3JhZGVkJTIwdmVyc2lvbiUyMG9mJTIwbm9uJTIwc2xpcCUyMGhpcCUyMHBhZGRlZCUyMGJvZHklMjBzaGFwaW5nJTIwc2hvcnRzJTIwaGlwJTIwbGlmdGluZyUyMHRocmVlJTIwZGltZW5zaW9uYWwlMjBoYXMlMjBhJTIwbXVsdGktZGlyZWN0aW9uYWwlMjBmaXQlMjBhbmQlMjBjb21mb3J0YWJsZSUyMG1hdGVyaWFsJTJDJTIwdGhlJTIwdXBwZXIlMjBib2R5JTIwZWZmZWN0JTIwaXMlMjB2ZXJ5JTIwdGhpbiUyQyUyMHNleHklMkMlMjBhbmQlMjBjaGFybWluZy4lMjIlN0QlNUQlN0QlNUQ=\">A mais recente vers\u00e3o atualizada de shorts modeladores de corpo acolchoados de quadril antiderrapante tridimensional tem um ajuste multidirecional e material respir\u00e1vel confort\u00e1vel, o efeito da parte superior do corpo \u00e9 muito fino, sexy e charmoso.<\/span><\/li>\n<li><strong>LEVANTAMENTO DE BUNDA IMEDIATO<\/strong>: Esta roupa \u00edntima de renda foi projetada para melhorar os shorts modeladores de corpo acolchoados e antiderrapantes de mulheres com n\u00e1degas planas. As almofadas respir\u00e1veis para as n\u00e1degas s\u00e3o moldadas para adicionar volume \u00e0s n\u00e1degas, tornando-as mais cheias e atraentes.<\/li>\n<li><strong>CINTURA ALTA ANTIDERRAPANTE<\/strong>: A cintura deste short modelador abdominal sem costura usa silicone antiderrapante para garantir que n\u00e3o seja f\u00e1cil escorregar durante o uso prolongado. O design de cintura alta pode controlar efetivamente a parte inferior do abd\u00f4men. O modelador feminino para levantar a barriga e o quadril pode ajudar a suavizar a barriga protuberante, mesmo se voc\u00ea desafiar qualquer meia-cal\u00e7a, voc\u00ea n\u00e3o precisa se preocupar com linhas abdominais \u00f3bvias!<\/li>\n<li><strong>ALMOFADAS DE QUADRIL REMOV\u00cdVEIS<\/strong>: As almofadas macias e grossas para modelar o quadril garantem que seus quadris sejam levantados suavemente e permane\u00e7am no lugar por um longo tempo. A apar\u00eancia perfeita de nossos shorts modeladores de cintura alta torna voc\u00ea efetivamente invis\u00edvel. Mesmo se voc\u00ea usar, parece que voc\u00ea n\u00e3o est\u00e1 usando, ent\u00e3o voc\u00ea pode desfrutar de seus quadris sensuais e lindas curvas a qualquer momento.<\/li>\n<\/ul>\n<p><a href=\"https:\/\/yume-silm.com\/wp-content\/uploads\/2024\/07\/Non-Slip-Hip-Padded-Body-Shaping-Shorts-Hip-Lifting-Three-Dimensional-back.jpg\"><img fetchpriority=\"high\" decoding=\"async\" class=\"alignnone wp-image-9141 size-medium\" style=\"font-weight: inherit;\" src=\"https:\/\/yume-silm.com\/wp-content\/uploads\/2024\/07\/Non-Slip-Hip-Padded-Body-Shaping-Shorts-Hip-Lifting-Three-Dimensional-back-300x300.jpg\" alt=\"Shorts modeladores de corpo acolchoados para quadril antiderrapante levantamento de quadril tridimensional\" width=\"300\" height=\"300\" title=\"\" srcset=\"https:\/\/yume-silm.com\/wp-content\/uploads\/2024\/07\/Non-Slip-Hip-Padded-Body-Shaping-Shorts-Hip-Lifting-Three-Dimensional-back-300x300.jpg 300w, https:\/\/yume-silm.com\/wp-content\/uploads\/2024\/07\/Non-Slip-Hip-Padded-Body-Shaping-Shorts-Hip-Lifting-Three-Dimensional-back-150x150.jpg 150w, https:\/\/yume-silm.com\/wp-content\/uploads\/2024\/07\/Non-Slip-Hip-Padded-Body-Shaping-Shorts-Hip-Lifting-Three-Dimensional-back-768x768.jpg 768w, https:\/\/yume-silm.com\/wp-content\/uploads\/2024\/07\/Non-Slip-Hip-Padded-Body-Shaping-Shorts-Hip-Lifting-Three-Dimensional-back-12x12.jpg 12w, https:\/\/yume-silm.com\/wp-content\/uploads\/2024\/07\/Non-Slip-Hip-Padded-Body-Shaping-Shorts-Hip-Lifting-Three-Dimensional-back-100x100.jpg 100w, https:\/\/yume-silm.com\/wp-content\/uploads\/2024\/07\/Non-Slip-Hip-Padded-Body-Shaping-Shorts-Hip-Lifting-Three-Dimensional-back.jpg 800w\" sizes=\"(max-width: 300px) 100vw, 300px\" \/><\/a><a href=\"https:\/\/yume-silm.com\/wp-content\/uploads\/2024\/07\/Non-Slip-Hip-Padded-Body-Shaping-Shorts-Hip-Lifting-Three-Dimensional-side.jpg\"><img decoding=\"async\" class=\"alignnone wp-image-9142 size-medium\" src=\"https:\/\/yume-silm.com\/wp-content\/uploads\/2024\/07\/Non-Slip-Hip-Padded-Body-Shaping-Shorts-Hip-Lifting-Three-Dimensional-side-300x300.jpg\" alt=\"Shorts modeladores de corpo acolchoados para quadril antiderrapante levantamento de quadril tridimensional\" width=\"300\" height=\"300\" title=\"\" srcset=\"https:\/\/yume-silm.com\/wp-content\/uploads\/2024\/07\/Non-Slip-Hip-Padded-Body-Shaping-Shorts-Hip-Lifting-Three-Dimensional-side-300x300.jpg 300w, https:\/\/yume-silm.com\/wp-content\/uploads\/2024\/07\/Non-Slip-Hip-Padded-Body-Shaping-Shorts-Hip-Lifting-Three-Dimensional-side-150x150.jpg 150w, https:\/\/yume-silm.com\/wp-content\/uploads\/2024\/07\/Non-Slip-Hip-Padded-Body-Shaping-Shorts-Hip-Lifting-Three-Dimensional-side-768x768.jpg 768w, https:\/\/yume-silm.com\/wp-content\/uploads\/2024\/07\/Non-Slip-Hip-Padded-Body-Shaping-Shorts-Hip-Lifting-Three-Dimensional-side-12x12.jpg 12w, https:\/\/yume-silm.com\/wp-content\/uploads\/2024\/07\/Non-Slip-Hip-Padded-Body-Shaping-Shorts-Hip-Lifting-Three-Dimensional-side-100x100.jpg 100w, https:\/\/yume-silm.com\/wp-content\/uploads\/2024\/07\/Non-Slip-Hip-Padded-Body-Shaping-Shorts-Hip-Lifting-Three-Dimensional-side.jpg 800w\" sizes=\"(max-width: 300px) 100vw, 300px\" \/><\/a><\/p>\n<p>&nbsp;<\/p>\n<h6><em>S\u00d3BRIO E ESTILO<\/em><\/h6>\n<ul>\n<li>Este short com formato de levantador de bunda e barriga f\u00e1cil de usar \u00e9 adequado para qualquer ocasi\u00e3o e f\u00e1cil de combinar com qualquer roupa. Estes shorts emagrecedores de cintura alta s\u00e3o perfeitos para uma variedade de roupas, como jeans skinny, vestidos justos, ternos, vestidos, etc.<\/li>\n<\/ul>","protected":false},"excerpt":{"rendered":"<p>O short modelador de corpo acolchoado antiderrapante tridimensional \u00e9 perfeito para uso di\u00e1rio, casamentos, compras, namoro, trabalho, festas, viagens, vida noturna, etc.<\/p>","protected":false},"featured_media":9134,"comment_status":"open","ping_status":"closed","template":"","meta":{"site-sidebar-layout":"default","site-content-layout":"","ast-site-content-layout":"default","site-content-style":"default","site-sidebar-style":"default","ast-global-header-display":"","ast-banner-title-visibility":"","ast-main-header-display":"","ast-hfb-above-header-display":"","ast-hfb-below-header-display":"","ast-hfb-mobile-header-display":"","site-post-title":"","ast-breadcrumbs-content":"","ast-featured-img":"","footer-sml-layout":"","ast-disable-related-posts":"","theme-transparent-header-meta":"default","adv-header-id-meta":"","stick-header-meta":"default","header-above-stick-meta":"","header-main-stick-meta":"","header-below-stick-meta":"","astra-migrate-meta-layouts":"set","ast-page-background-enabled":"default","ast-page-background-meta":{"desktop":{"background-color":"","background-image":"","background-repeat":"repeat","background-position":"center center","background-size":"auto","background-attachment":"scroll","background-type":"","background-media":"","overlay-type":"","overlay-color":"","overlay-opacity":"","overlay-gradient":""},"tablet":{"background-color":"","background-image":"","background-repeat":"repeat","background-position":"center center","background-size":"auto","background-attachment":"scroll","background-type":"","background-media":"","overlay-type":"","overlay-color":"","overlay-opacity":"","overlay-gradient":""},"mobile":{"background-color":"","background-image":"","background-repeat":"repeat","background-position":"center center","background-size":"auto","background-attachment":"scroll","background-type":"","background-media":"","overlay-type":"","overlay-color":"","overlay-opacity":"","overlay-gradient":""}},"ast-content-background-meta":{"desktop":{"background-color":"var(--ast-global-color-5)","background-image":"","background-repeat":"repeat","background-position":"center center","background-size":"auto","background-attachment":"scroll","background-type":"","background-media":"","overlay-type":"","overlay-color":"","overlay-opacity":"","overlay-gradient":""},"tablet":{"background-color":"var(--ast-global-color-5)","background-image":"","background-repeat":"repeat","background-position":"center center","background-size":"auto","background-attachment":"scroll","background-type":"","background-media":"","overlay-type":"","overlay-color":"","overlay-opacity":"","overlay-gradient":""},"mobile":{"background-color":"var(--ast-global-color-5)","background-image":"","background-repeat":"repeat","background-position":"center center","background-size":"auto","background-attachment":"scroll","background-type":"","background-media":"","overlay-type":"","overlay-color":"","overlay-opacity":"","overlay-gradient":""}}},"product_brand":[],"product_cat":[65,76,77,1092,79,80],"product_tag":[662,663,419,492,423,665,491,672,671],"class_list":{"0":"post-9143","1":"product","2":"type-product","3":"status-publish","4":"has-post-thumbnail","6":"product_cat-best-sellers","7":"product_cat-new-arrivels","8":"product_cat-wholesale-womens-shapewear","9":"product_cat-plus-size-shapewear","10":"product_cat-wholesale-seemless-shaperwear","11":"product_cat-wholesale-butt-lift-underwear","12":"product_tag-abdominal","13":"product_tag-belly","14":"product_tag-bodysuit","15":"product_tag-breathable","16":"product_tag-hip-lifting-panties","17":"product_tag-non-slip","18":"product_tag-seamless","19":"product_tag-shape-short","20":"product_tag-three-dimensional","21":"pa_color-beige","22":"pa_color-black","23":"pa_size-3xl","24":"pa_size-4xl","25":"pa_size-5xl","26":"pa_size-6xl","27":"pa_size-l","28":"pa_size-m","29":"pa_size-s","30":"pa_size-xl","31":"pa_size-xxl","32":"desktop-align-center","33":"tablet-align-left","34":"mobile-align-left","35":"ast-product-gallery-layout-horizontal-slider","36":"ast-product-single-variable","37":"ast-product-tabs-layout-horizontal","38":"ast-qv-on-image","40":"first","41":"instock","42":"shipping-taxable","43":"purchasable","44":"product-type-variable"},"tiered_pricing_type":"fixed","tiered_pricing_fixed_rules":{"5":7.25,"50":6.45,"100":5.6},"tiered_pricing_product_settings":{"layout":"default","base_unit_name":{"singular":null,"plural":null},"default_variation":null},"tiered_pricing_minimum_quantity":null,"tiered_pricing_roles_data":[],"tiered_pricing_percentage_rules":[],"_links":{"self":[{"href":"https:\/\/yume-silm.com\/pt\/wp-json\/wp\/v2\/product\/9143","targetHints":{"allow":["GET"]}}],"collection":[{"href":"https:\/\/yume-silm.com\/pt\/wp-json\/wp\/v2\/product"}],"about":[{"href":"https:\/\/yume-silm.com\/pt\/wp-json\/wp\/v2\/types\/product"}],"replies":[{"embeddable":true,"href":"https:\/\/yume-silm.com\/pt\/wp-json\/wp\/v2\/comments?post=9143"}],"wp:featuredmedia":[{"embeddable":true,"href":"https:\/\/yume-silm.com\/pt\/wp-json\/wp\/v2\/media\/9134"}],"wp:attachment":[{"href":"https:\/\/yume-silm.com\/pt\/wp-json\/wp\/v2\/media?parent=9143"}],"wp:term":[{"taxonomy":"product_brand","embeddable":true,"href":"https:\/\/yume-silm.com\/pt\/wp-json\/wp\/v2\/product_brand?post=9143"},{"taxonomy":"product_cat","embeddable":true,"href":"https:\/\/yume-silm.com\/pt\/wp-json\/wp\/v2\/product_cat?post=9143"},{"taxonomy":"product_tag","embeddable":true,"href":"https:\/\/yume-silm.com\/pt\/wp-json\/wp\/v2\/product_tag?post=9143"}],"curies":[{"name":"wp","href":"https:\/\/api.w.org\/{rel}","templated":true}]}}