{"id":9364,"date":"2024-07-13T06:06:56","date_gmt":"2024-07-13T06:06:56","guid":{"rendered":"https:\/\/yume-silm.com\/?post_type=product&#038;p=9364"},"modified":"2024-11-06T02:03:37","modified_gmt":"2024-11-06T02:03:37","slug":"shorts-modeladores-de-renda-para-levantamento-de-barriga","status":"publish","type":"product","link":"https:\/\/yume-silm.com\/pt\/produto\/shorts-modeladores-de-renda-para-levantamento-de-barriga\/","title":{"rendered":"Shorts femininos para levantamento de barriga em renda com ganchos"},"content":{"rendered":"<h5>Caracter\u00edsticas de design<\/h5>\n<ul>\n<li data-slate-node=\"element\"><span class=\"\" data-slate-node=\"text\"><span data-slate-leaf=\"true\"><strong>DESENHO ABDOMINAL<\/strong>: O design de cintura alta pode apertar efetivamente o abd\u00f4men, e shorts de levantamento de barriga modeladores de renda com ganchos tamb\u00e9m podem ser usados como um retentor de press\u00e3o na cintura. <\/span><\/span><span class=\"\" data-slate-node=\"text\"><span data-slate-leaf=\"true\">Existem quatro ossos el\u00e1sticos que sustentam a cintura para evitar ondula\u00e7\u00e3o.<\/span><\/span><\/li>\n<li data-slate-node=\"element\"><span data-slate-leaf=\"true\"><strong>PROJETO DE GANCHO E Z\u00cdPER<\/strong>: A virilha adota o modo de z\u00edper para facilitar a retirada do modelador e a ida ao banheiro. <\/span><span class=\"\" style=\"font-size: 16px;\" data-slate-node=\"text\"><span data-slate-leaf=\"true\">Ao mesmo tempo, a fivela de gancho de linha oferece um ajuste personalizado.<\/span><\/span><\/li>\n<li data-slate-node=\"element\"><strong>TECIDO RESPIR\u00c1VEL CONFORT\u00c1VEL<\/strong>: Tecido respir\u00e1vel confort\u00e1vel, com duas camadas de modelador de cintura emagrecedor, pode reduzir a circunfer\u00eancia da cintura e o nivelamento do quadril, criando instantaneamente curvas corporais.<\/li>\n<li data-slate-node=\"element\"><strong>F\u00c1CIL DE CUIDAR<\/strong>: Lave este modelador corporal \u00e0 m\u00e3o em \u00e1gua fria, lave-o separadamente, seque-o \u00e0 sombra, alveje-o repentinamente.<\/li>\n<\/ul>\n<p><a href=\"https:\/\/yume-silm.com\/wp-content\/uploads\/2024\/07\/womens-lace-shapewear-with-hooks-tummy-lifting-shorts-01.jpg\"><img fetchpriority=\"high\" decoding=\"async\" class=\"alignnone wp-image-9365 size-medium\" src=\"https:\/\/yume-silm.com\/wp-content\/uploads\/2024\/07\/womens-lace-shapewear-with-hooks-tummy-lifting-shorts-01-300x300.jpg\" alt=\"shorts femininos para levantamento de barriga, modelador de renda com ganchos\" width=\"300\" height=\"300\" title=\"\" srcset=\"https:\/\/yume-silm.com\/wp-content\/uploads\/2024\/07\/womens-lace-shapewear-with-hooks-tummy-lifting-shorts-01-300x300.jpg 300w, https:\/\/yume-silm.com\/wp-content\/uploads\/2024\/07\/womens-lace-shapewear-with-hooks-tummy-lifting-shorts-01-150x150.jpg 150w, https:\/\/yume-silm.com\/wp-content\/uploads\/2024\/07\/womens-lace-shapewear-with-hooks-tummy-lifting-shorts-01-768x768.jpg 768w, https:\/\/yume-silm.com\/wp-content\/uploads\/2024\/07\/womens-lace-shapewear-with-hooks-tummy-lifting-shorts-01-12x12.jpg 12w, https:\/\/yume-silm.com\/wp-content\/uploads\/2024\/07\/womens-lace-shapewear-with-hooks-tummy-lifting-shorts-01-100x100.jpg 100w, https:\/\/yume-silm.com\/wp-content\/uploads\/2024\/07\/womens-lace-shapewear-with-hooks-tummy-lifting-shorts-01.jpg 800w\" sizes=\"(max-width: 300px) 100vw, 300px\" \/><\/a><a href=\"https:\/\/yume-silm.com\/wp-content\/uploads\/2024\/07\/womens-lace-shapewear-with-hooks-tummy-lifting-shorts-02.jpg\"><img decoding=\"async\" class=\"alignnone wp-image-9366 size-medium\" src=\"https:\/\/yume-silm.com\/wp-content\/uploads\/2024\/07\/womens-lace-shapewear-with-hooks-tummy-lifting-shorts-02-300x300.jpg\" alt=\"shorts femininos para levantamento de barriga, modelador de renda com ganchos\" width=\"300\" height=\"300\" title=\"\" srcset=\"https:\/\/yume-silm.com\/wp-content\/uploads\/2024\/07\/womens-lace-shapewear-with-hooks-tummy-lifting-shorts-02-300x300.jpg 300w, https:\/\/yume-silm.com\/wp-content\/uploads\/2024\/07\/womens-lace-shapewear-with-hooks-tummy-lifting-shorts-02-150x150.jpg 150w, https:\/\/yume-silm.com\/wp-content\/uploads\/2024\/07\/womens-lace-shapewear-with-hooks-tummy-lifting-shorts-02-768x768.jpg 768w, https:\/\/yume-silm.com\/wp-content\/uploads\/2024\/07\/womens-lace-shapewear-with-hooks-tummy-lifting-shorts-02-12x12.jpg 12w, https:\/\/yume-silm.com\/wp-content\/uploads\/2024\/07\/womens-lace-shapewear-with-hooks-tummy-lifting-shorts-02-100x100.jpg 100w, https:\/\/yume-silm.com\/wp-content\/uploads\/2024\/07\/womens-lace-shapewear-with-hooks-tummy-lifting-shorts-02.jpg 800w\" sizes=\"(max-width: 300px) 100vw, 300px\" \/><\/a><\/p>\n<div data-slate-node=\"element\"><\/div>\n<h6 data-slate-node=\"element\"><em><span class=\"\" data-slate-node=\"text\">Body feminino com levantamento de quadril sem costura<\/span><\/em><\/h6>\n<ul>\n<li data-slate-node=\"element\"><span style=\"font-size: 16px;\">O design de cintura alta comprime a gordura da cintura e da barriga, e o design do z\u00edper na virilha combina materiais macios, respir\u00e1veis e opacos para moldar melhor os quadris, proporcionando uma figura instant\u00e2nea em forma de S.<\/span><\/li>\n<\/ul>","protected":false},"excerpt":{"rendered":"<p><span data-slate-fragment=\"JTVCJTdCJTIydHlwZSUyMiUzQSUyMnBhcmFncmFwaCUyMiUyQyUyMmNoaWxkcmVuJTIyJTNBJTVCJTdCJTIydGV4dCUyMiUzQSUyMlB1dCUyMG9uJTIwb3VyJTIwbmV3JTIwc2hhcGV3ZWFyJTJDJTIwc2NpZW50aWZpYyUyMHByZXNzdXJlJTIwdG8lMjBjb21wcmVzcyUyMHRoZSUyMGV4Y2VzcyUyMGZhdCUyMGluJTIweW91ciUyMGFiZG9tZW4lMjBhbmQlMjB3YWlzdCUyQyUyMGFuZCUyMHNoYXBlJTIwYW4lMjBob3VyZ2xhc3MlMjBmaWd1cmUlMjBmb3IlMjB5b3UuJTIyJTJDJTIyc2VudGVuY2UlMjIlM0E2JTJDJTIyY2hpbGRTZW50ZW5jZSUyMiUzQTElN0QlNUQlN0QlNUQ=\">Vista nossos novos shorts modeladores de renda com ganchos, press\u00e3o cient\u00edfica para comprimir o excesso de gordura em seu abd\u00f4men e cintura e moldar uma figura de ampulheta para voc\u00ea.<\/span><\/p>","protected":false},"featured_media":9367,"comment_status":"open","ping_status":"closed","template":"","meta":{"site-sidebar-layout":"default","site-content-layout":"","ast-site-content-layout":"default","site-content-style":"default","site-sidebar-style":"default","ast-global-header-display":"","ast-banner-title-visibility":"","ast-main-header-display":"","ast-hfb-above-header-display":"","ast-hfb-below-header-display":"","ast-hfb-mobile-header-display":"","site-post-title":"","ast-breadcrumbs-content":"","ast-featured-img":"","footer-sml-layout":"","ast-disable-related-posts":"","theme-transparent-header-meta":"default","adv-header-id-meta":"","stick-header-meta":"default","header-above-stick-meta":"","header-main-stick-meta":"","header-below-stick-meta":"","astra-migrate-meta-layouts":"set","ast-page-background-enabled":"default","ast-page-background-meta":{"desktop":{"background-color":"","background-image":"","background-repeat":"repeat","background-position":"center center","background-size":"auto","background-attachment":"scroll","background-type":"","background-media":"","overlay-type":"","overlay-color":"","overlay-opacity":"","overlay-gradient":""},"tablet":{"background-color":"","background-image":"","background-repeat":"repeat","background-position":"center center","background-size":"auto","background-attachment":"scroll","background-type":"","background-media":"","overlay-type":"","overlay-color":"","overlay-opacity":"","overlay-gradient":""},"mobile":{"background-color":"","background-image":"","background-repeat":"repeat","background-position":"center center","background-size":"auto","background-attachment":"scroll","background-type":"","background-media":"","overlay-type":"","overlay-color":"","overlay-opacity":"","overlay-gradient":""}},"ast-content-background-meta":{"desktop":{"background-color":"var(--ast-global-color-5)","background-image":"","background-repeat":"repeat","background-position":"center center","background-size":"auto","background-attachment":"scroll","background-type":"","background-media":"","overlay-type":"","overlay-color":"","overlay-opacity":"","overlay-gradient":""},"tablet":{"background-color":"var(--ast-global-color-5)","background-image":"","background-repeat":"repeat","background-position":"center center","background-size":"auto","background-attachment":"scroll","background-type":"","background-media":"","overlay-type":"","overlay-color":"","overlay-opacity":"","overlay-gradient":""},"mobile":{"background-color":"var(--ast-global-color-5)","background-image":"","background-repeat":"repeat","background-position":"center center","background-size":"auto","background-attachment":"scroll","background-type":"","background-media":"","overlay-type":"","overlay-color":"","overlay-opacity":"","overlay-gradient":""}}},"product_brand":[],"product_cat":[65,76,77,79,80],"product_tag":[662,663,494,419,492,139,659,198,691,491,500,692],"class_list":{"0":"post-9364","1":"product","2":"type-product","3":"status-publish","4":"has-post-thumbnail","6":"product_cat-best-sellers","7":"product_cat-new-arrivels","8":"product_cat-wholesale-womens-shapewear","9":"product_cat-wholesale-seemless-shaperwear","10":"product_cat-wholesale-butt-lift-underwear","11":"product_tag-abdominal","12":"product_tag-belly","13":"product_tag-body-shaper","14":"product_tag-bodysuit","15":"product_tag-breathable","16":"product_tag-high-waist","17":"product_tag-hip-lift","18":"product_tag-hourglass","19":"product_tag-lace-shapewear","20":"product_tag-seamless","21":"product_tag-tummy-control","22":"product_tag-with-hook-and-zipper","23":"pa_color-beige","24":"pa_color-black","25":"pa_size-2xl","26":"pa_size-3xl","27":"pa_size-l","28":"pa_size-m","29":"pa_size-s","30":"pa_size-xl","31":"pa_size-xs","32":"desktop-align-center","33":"tablet-align-left","34":"mobile-align-left","35":"ast-product-gallery-layout-horizontal-slider","36":"ast-product-single-variable","37":"ast-product-tabs-layout-horizontal","38":"ast-qv-on-image","40":"first","41":"instock","42":"shipping-taxable","43":"purchasable","44":"product-type-variable"},"tiered_pricing_type":"fixed","tiered_pricing_fixed_rules":{"5":10.8,"50":9.6,"100":8.4},"tiered_pricing_product_settings":{"layout":"default","base_unit_name":{"singular":null,"plural":null},"default_variation":null},"tiered_pricing_minimum_quantity":null,"tiered_pricing_roles_data":[],"tiered_pricing_percentage_rules":[],"_links":{"self":[{"href":"https:\/\/yume-silm.com\/pt\/wp-json\/wp\/v2\/product\/9364","targetHints":{"allow":["GET"]}}],"collection":[{"href":"https:\/\/yume-silm.com\/pt\/wp-json\/wp\/v2\/product"}],"about":[{"href":"https:\/\/yume-silm.com\/pt\/wp-json\/wp\/v2\/types\/product"}],"replies":[{"embeddable":true,"href":"https:\/\/yume-silm.com\/pt\/wp-json\/wp\/v2\/comments?post=9364"}],"wp:featuredmedia":[{"embeddable":true,"href":"https:\/\/yume-silm.com\/pt\/wp-json\/wp\/v2\/media\/9367"}],"wp:attachment":[{"href":"https:\/\/yume-silm.com\/pt\/wp-json\/wp\/v2\/media?parent=9364"}],"wp:term":[{"taxonomy":"product_brand","embeddable":true,"href":"https:\/\/yume-silm.com\/pt\/wp-json\/wp\/v2\/product_brand?post=9364"},{"taxonomy":"product_cat","embeddable":true,"href":"https:\/\/yume-silm.com\/pt\/wp-json\/wp\/v2\/product_cat?post=9364"},{"taxonomy":"product_tag","embeddable":true,"href":"https:\/\/yume-silm.com\/pt\/wp-json\/wp\/v2\/product_tag?post=9364"}],"curies":[{"name":"wp","href":"https:\/\/api.w.org\/{rel}","templated":true}]}}