{"id":9426,"date":"2024-07-18T07:00:31","date_gmt":"2024-07-18T07:00:31","guid":{"rendered":"https:\/\/yume-silm.com\/?post_type=product&#038;p=9426"},"modified":"2025-05-29T03:34:36","modified_gmt":"2025-05-29T03:34:36","slug":"fato-de-sauna-treinador-de-cintura-de-corpo-inteiro-3-em-1","status":"publish","type":"product","link":"https:\/\/yume-silm.com\/pt\/produto\/fato-de-sauna-treinador-de-cintura-de-corpo-inteiro-3-em-1\/","title":{"rendered":"Fato de sauna para emagrecimento, treinador de cintura de corpo inteiro 3 em 1"},"content":{"rendered":"<div data-slate-node=\"element\">\n<h5>Caracter\u00edsticas de design<\/h5>\n<\/div>\n<ul>\n<li data-slate-node=\"element\"><span class=\"\" data-slate-node=\"text\"><span data-slate-leaf=\"true\"><strong>PERDER PESO<\/strong>: Este traje de sauna treinador de cintura de corpo inteiro 3 em 1 apresenta tecido de pol\u00edmero com absor\u00e7\u00e3o de calor atualizado que promove transpira\u00e7\u00e3o intensa e aumenta a queima de gordura 5 vezes durante os treinos. Este tecido aumenta a temperatura corporal enquanto o modelador t\u00e9rmico ajuda a aumentar a temperatura natural do corpo e estimula a transpira\u00e7\u00e3o atrav\u00e9s da atividade f\u00edsica, levando \u00e0 perda de peso.<br \/>\n<\/span><\/span><\/li>\n<li data-slate-node=\"element\"><strong>TREINAMENTO DE CINTURA TR\u00caS EM UM<\/strong> : pode ser usado como colete de suor + aparador de bra\u00e7o + coxa mais fina, 360 \u00b0 envolve seu corpo, tornando todo o seu corpo mais magro, design de z\u00edper torna a roupa mais f\u00e1cil, axila e virilha malha respir\u00e1vel exclusiva aumenta o conforto do fitness, permitindo-nos desfrutar de mudan\u00e7as em esportes e conforto f\u00edsico.<\/li>\n<li data-slate-node=\"element\"><strong>AMIGO DA PELE E CONFORT\u00c1VEL<\/strong>: Esse <span class=\"\" data-slate-node=\"text\"><span data-slate-leaf=\"true\">Fato de sauna emagrecedor 3 em 1<\/span><\/span> \u00e9 feito de material de pol\u00edmero de absor\u00e7\u00e3o de calor prateado macio e confort\u00e1vel, que aumenta a temperatura corporal, absorve o suor e \u00e9 suave para a pele ao mesmo tempo.<\/li>\n<li data-slate-node=\"element\"><span data-slate-leaf=\"true\"><strong>\u00c0 MEDIDA<\/strong>: Estas saunas foram projetadas pensando na ergonomia, oferecendo vers\u00f5es 3D para diferentes tipos de corpo, pequenos e grandes. <\/span><span class=\"\" style=\"font-size: 16px;\" data-slate-node=\"text\"><span data-slate-leaf=\"true\">Os materiais ultrael\u00e1sticos permitem movimentos confort\u00e1veis durante os treinos, tornando-os uma op\u00e7\u00e3o elegante e pr\u00e1tica para os entusiastas do fitness.<\/span><\/span><\/li>\n<\/ul>\n<p><a href=\"https:\/\/yume-silm.com\/wp-content\/uploads\/2024\/07\/Slimming-Sauna-Suit-Full-Body-WaistT-rainer-3-In-1-tummy-control-01-1.jpg\"><img fetchpriority=\"high\" decoding=\"async\" class=\"alignnone wp-image-9428 size-medium\" src=\"https:\/\/yume-silm.com\/wp-content\/uploads\/2024\/07\/Slimming-Sauna-Suit-Full-Body-WaistT-rainer-3-In-1-tummy-control-01-1-300x300.jpg\" alt=\"Sauna de emagrecimento terno treinador de cintura de corpo inteiro 3 em 1\" width=\"300\" height=\"300\" title=\"\" srcset=\"https:\/\/yume-silm.com\/wp-content\/uploads\/2024\/07\/Slimming-Sauna-Suit-Full-Body-WaistT-rainer-3-In-1-tummy-control-01-1-300x300.jpg 300w, https:\/\/yume-silm.com\/wp-content\/uploads\/2024\/07\/Slimming-Sauna-Suit-Full-Body-WaistT-rainer-3-In-1-tummy-control-01-1-150x150.jpg 150w, https:\/\/yume-silm.com\/wp-content\/uploads\/2024\/07\/Slimming-Sauna-Suit-Full-Body-WaistT-rainer-3-In-1-tummy-control-01-1-768x768.jpg 768w, https:\/\/yume-silm.com\/wp-content\/uploads\/2024\/07\/Slimming-Sauna-Suit-Full-Body-WaistT-rainer-3-In-1-tummy-control-01-1-12x12.jpg 12w, https:\/\/yume-silm.com\/wp-content\/uploads\/2024\/07\/Slimming-Sauna-Suit-Full-Body-WaistT-rainer-3-In-1-tummy-control-01-1-100x100.jpg 100w, https:\/\/yume-silm.com\/wp-content\/uploads\/2024\/07\/Slimming-Sauna-Suit-Full-Body-WaistT-rainer-3-In-1-tummy-control-01-1.jpg 800w\" sizes=\"(max-width: 300px) 100vw, 300px\" \/><\/a> <a href=\"https:\/\/yume-silm.com\/wp-content\/uploads\/2024\/07\/Slimming-Sauna-Suit-Full-Body-WaistT-rainer-3-In-1-tummy-control-02.jpg\"><img decoding=\"async\" class=\"alignnone wp-image-9429 size-medium\" src=\"https:\/\/yume-silm.com\/wp-content\/uploads\/2024\/07\/Slimming-Sauna-Suit-Full-Body-WaistT-rainer-3-In-1-tummy-control-02-300x300.jpg\" alt=\"Sauna de emagrecimento terno treinador de cintura de corpo inteiro 3 em 1\" width=\"300\" height=\"300\" title=\"\" srcset=\"https:\/\/yume-silm.com\/wp-content\/uploads\/2024\/07\/Slimming-Sauna-Suit-Full-Body-WaistT-rainer-3-In-1-tummy-control-02-300x300.jpg 300w, https:\/\/yume-silm.com\/wp-content\/uploads\/2024\/07\/Slimming-Sauna-Suit-Full-Body-WaistT-rainer-3-In-1-tummy-control-02-150x150.jpg 150w, https:\/\/yume-silm.com\/wp-content\/uploads\/2024\/07\/Slimming-Sauna-Suit-Full-Body-WaistT-rainer-3-In-1-tummy-control-02-768x768.jpg 768w, https:\/\/yume-silm.com\/wp-content\/uploads\/2024\/07\/Slimming-Sauna-Suit-Full-Body-WaistT-rainer-3-In-1-tummy-control-02-12x12.jpg 12w, https:\/\/yume-silm.com\/wp-content\/uploads\/2024\/07\/Slimming-Sauna-Suit-Full-Body-WaistT-rainer-3-In-1-tummy-control-02-100x100.jpg 100w, https:\/\/yume-silm.com\/wp-content\/uploads\/2024\/07\/Slimming-Sauna-Suit-Full-Body-WaistT-rainer-3-In-1-tummy-control-02.jpg 800w\" sizes=\"(max-width: 300px) 100vw, 300px\" \/><\/a><\/p>\n<h6><em>Fato de sauna modelador de corpo inteiro para emagrecimento<\/em><\/h6>\n<ul>\n<li>Feito de material polim\u00e9rico prateado com absor\u00e7\u00e3o de calor, pode aumentar a velocidade de queima de gordura cinco vezes durante o exerc\u00edcio. O design 3 em 1 pode fazer com que voc\u00ea obtenha o efeito de emagrecimento em todo o corpo.<\/li>\n<\/ul>","protected":false},"excerpt":{"rendered":"<p>Usando este traje de sauna treinador de cintura de corpo inteiro 3 em 1, ele envolve seu corpo em 360 graus. A malha exclusiva e o design do tecido superel\u00e1stico s\u00e3o op\u00e7\u00f5es modernas e pr\u00e1ticas para entusiastas do fitness.<\/p>","protected":false},"featured_media":9430,"comment_status":"open","ping_status":"closed","template":"","meta":{"site-sidebar-layout":"default","site-content-layout":"","ast-site-content-layout":"default","site-content-style":"default","site-sidebar-style":"default","ast-global-header-display":"","ast-banner-title-visibility":"","ast-main-header-display":"","ast-hfb-above-header-display":"","ast-hfb-below-header-display":"","ast-hfb-mobile-header-display":"","site-post-title":"","ast-breadcrumbs-content":"","ast-featured-img":"","footer-sml-layout":"","ast-disable-related-posts":"","theme-transparent-header-meta":"default","adv-header-id-meta":"","stick-header-meta":"default","header-above-stick-meta":"","header-main-stick-meta":"","header-below-stick-meta":"","astra-migrate-meta-layouts":"set","ast-page-background-enabled":"default","ast-page-background-meta":{"desktop":{"background-color":"","background-image":"","background-repeat":"repeat","background-position":"center center","background-size":"auto","background-attachment":"scroll","background-type":"","background-media":"","overlay-type":"","overlay-color":"","overlay-opacity":"","overlay-gradient":""},"tablet":{"background-color":"","background-image":"","background-repeat":"repeat","background-position":"center center","background-size":"auto","background-attachment":"scroll","background-type":"","background-media":"","overlay-type":"","overlay-color":"","overlay-opacity":"","overlay-gradient":""},"mobile":{"background-color":"","background-image":"","background-repeat":"repeat","background-position":"center center","background-size":"auto","background-attachment":"scroll","background-type":"","background-media":"","overlay-type":"","overlay-color":"","overlay-opacity":"","overlay-gradient":""}},"ast-content-background-meta":{"desktop":{"background-color":"var(--ast-global-color-5)","background-image":"","background-repeat":"repeat","background-position":"center center","background-size":"auto","background-attachment":"scroll","background-type":"","background-media":"","overlay-type":"","overlay-color":"","overlay-opacity":"","overlay-gradient":""},"tablet":{"background-color":"var(--ast-global-color-5)","background-image":"","background-repeat":"repeat","background-position":"center center","background-size":"auto","background-attachment":"scroll","background-type":"","background-media":"","overlay-type":"","overlay-color":"","overlay-opacity":"","overlay-gradient":""},"mobile":{"background-color":"var(--ast-global-color-5)","background-image":"","background-repeat":"repeat","background-position":"center center","background-size":"auto","background-attachment":"scroll","background-type":"","background-media":"","overlay-type":"","overlay-color":"","overlay-opacity":"","overlay-gradient":""}}},"product_brand":[],"product_cat":[65,76,97,102],"product_tag":[702,700,698,699,701,697,417,696,633,214],"class_list":{"0":"post-9426","1":"product","2":"type-product","3":"status-publish","4":"has-post-thumbnail","6":"product_cat-best-sellers","7":"product_cat-new-arrivels","8":"product_cat-sauna-suit","9":"product_cat-full-body-sweat-suit","10":"product_tag-360-degrees","11":"product_tag-body-shape","12":"product_tag-breathable-mesh","13":"product_tag-comfort","14":"product_tag-fashionable","15":"product_tag-loss-weight","16":"product_tag-slim-fit","17":"product_tag-slimming-sauna-suit","18":"product_tag-sweat","19":"product_tag-waist-trainer","20":"pa_color-blue","21":"pa_color-silver","22":"pa_size-2xl","23":"pa_size-3xl","24":"pa_size-l","25":"pa_size-m","26":"pa_size-s","27":"pa_size-xl","28":"desktop-align-center","29":"tablet-align-left","30":"mobile-align-left","31":"ast-product-gallery-layout-horizontal-slider","32":"ast-product-single-variable","33":"ast-product-tabs-layout-horizontal","34":"ast-qv-on-image","36":"first","37":"instock","38":"shipping-taxable","39":"purchasable","40":"product-type-variable"},"tiered_pricing_type":"fixed","tiered_pricing_fixed_rules":{"2":5.4,"50":4.8,"100":4.2},"tiered_pricing_product_settings":{"layout":"default","base_unit_name":{"singular":null,"plural":null},"default_variation":null},"tiered_pricing_minimum_quantity":null,"tiered_pricing_roles_data":[],"tiered_pricing_percentage_rules":[],"_links":{"self":[{"href":"https:\/\/yume-silm.com\/pt\/wp-json\/wp\/v2\/product\/9426","targetHints":{"allow":["GET"]}}],"collection":[{"href":"https:\/\/yume-silm.com\/pt\/wp-json\/wp\/v2\/product"}],"about":[{"href":"https:\/\/yume-silm.com\/pt\/wp-json\/wp\/v2\/types\/product"}],"replies":[{"embeddable":true,"href":"https:\/\/yume-silm.com\/pt\/wp-json\/wp\/v2\/comments?post=9426"}],"wp:featuredmedia":[{"embeddable":true,"href":"https:\/\/yume-silm.com\/pt\/wp-json\/wp\/v2\/media\/9430"}],"wp:attachment":[{"href":"https:\/\/yume-silm.com\/pt\/wp-json\/wp\/v2\/media?parent=9426"}],"wp:term":[{"taxonomy":"product_brand","embeddable":true,"href":"https:\/\/yume-silm.com\/pt\/wp-json\/wp\/v2\/product_brand?post=9426"},{"taxonomy":"product_cat","embeddable":true,"href":"https:\/\/yume-silm.com\/pt\/wp-json\/wp\/v2\/product_cat?post=9426"},{"taxonomy":"product_tag","embeddable":true,"href":"https:\/\/yume-silm.com\/pt\/wp-json\/wp\/v2\/product_tag?post=9426"}],"curies":[{"name":"wp","href":"https:\/\/api.w.org\/{rel}","templated":true}]}}