{"id":9468,"date":"2024-07-18T07:56:57","date_gmt":"2024-07-18T07:56:57","guid":{"rendered":"https:\/\/yume-silm.com\/?post_type=product&#038;p=9468"},"modified":"2024-09-11T05:33:35","modified_gmt":"2024-09-11T05:33:35","slug":"sutia-push-up-adesivo-sem-alcas-sutia-pegajoso-manga","status":"publish","type":"product","link":"https:\/\/yume-silm.com\/pt\/produto\/sutia-push-up-adesivo-sem-alcas-sutia-pegajoso-manga\/","title":{"rendered":"Suti\u00e3 push-up adesivo sem al\u00e7as manga pegajosa para mulheres"},"content":{"rendered":"<h5>Caracter\u00edsticas de design<\/h5>\n<ul>\n<li data-slate-node=\"element\"><span class=\"\" data-slate-node=\"text\"><span data-slate-leaf=\"true\"><strong>MATERIAL AMIGO DA PELE<\/strong>: Este suti\u00e3 push-up adesivo sem al\u00e7as estilo manga \u00e9 feito de gel de silicone m\u00e9dico, que se ajusta suavemente \u00e0 pele e proporciona um efeito de franzimento natural.<\/span><\/span><\/li>\n<li data-slate-node=\"element\"><span data-slate-leaf=\"true\"><strong>DESIGN DE REUNI\u00c3O, FORMATO DE ASA \u00daNICO<\/strong>: O <span class=\"\" data-slate-node=\"text\">invis\u00edvel<\/span> O suti\u00e3 adota um design de bot\u00e3o frontal, que necessita apenas de um bot\u00e3o para sustentar o peito. <\/span><span class=\"\" style=\"font-size: 16px;\" data-slate-node=\"text\"><span data-slate-leaf=\"true\">O formato exclusivo da asa pode envolver perfeitamente o peito e a gordura das axilas, al\u00e9m de mostrar a curva sexy do peito.<\/span><\/span><\/li>\n<li data-slate-node=\"element\"><strong>DESIGN SEM AL\u00c7AS<\/strong>: Este suti\u00e3 sem al\u00e7as \u00e9 adequado para usar qualquer estilo de roupa sexy, ele pode fazer de voc\u00ea o centro das aten\u00e7\u00f5es, mais sexy e atraente.<\/li>\n<li data-slate-node=\"element\"><strong>F\u00c1CIL DE LIMPAR E USAR<\/strong>: Reutiliz\u00e1vel, bem conservado, basta molhar a superf\u00edcie adesiva com \u00e1gua morna e reagentes suaves e depois secar ao ar, retendo o adesivo quando usado novamente.<\/li>\n<\/ul>\n<p><a href=\"https:\/\/yume-silm.com\/wp-content\/uploads\/2024\/07\/Adhesive-Push-Up-Bra-Strapless-Mango-Sticky-Bra-for-Women-waterproof-reusable-01.jpg\"><img fetchpriority=\"high\" decoding=\"async\" class=\"alignnone wp-image-9451 size-medium\" src=\"https:\/\/yume-silm.com\/wp-content\/uploads\/2024\/07\/Adhesive-Push-Up-Bra-Strapless-Mango-Sticky-Bra-for-Women-waterproof-reusable-01-300x300.jpg\" alt=\"suti\u00e3 push-up adesivo sem al\u00e7as manga pegajosa para mulheres\" width=\"300\" height=\"300\" title=\"\" srcset=\"https:\/\/yume-silm.com\/wp-content\/uploads\/2024\/07\/Adhesive-Push-Up-Bra-Strapless-Mango-Sticky-Bra-for-Women-waterproof-reusable-01-300x300.jpg 300w, https:\/\/yume-silm.com\/wp-content\/uploads\/2024\/07\/Adhesive-Push-Up-Bra-Strapless-Mango-Sticky-Bra-for-Women-waterproof-reusable-01-150x150.jpg 150w, https:\/\/yume-silm.com\/wp-content\/uploads\/2024\/07\/Adhesive-Push-Up-Bra-Strapless-Mango-Sticky-Bra-for-Women-waterproof-reusable-01-768x768.jpg 768w, https:\/\/yume-silm.com\/wp-content\/uploads\/2024\/07\/Adhesive-Push-Up-Bra-Strapless-Mango-Sticky-Bra-for-Women-waterproof-reusable-01-12x12.jpg 12w, https:\/\/yume-silm.com\/wp-content\/uploads\/2024\/07\/Adhesive-Push-Up-Bra-Strapless-Mango-Sticky-Bra-for-Women-waterproof-reusable-01-100x100.jpg 100w, https:\/\/yume-silm.com\/wp-content\/uploads\/2024\/07\/Adhesive-Push-Up-Bra-Strapless-Mango-Sticky-Bra-for-Women-waterproof-reusable-01.jpg 800w\" sizes=\"(max-width: 300px) 100vw, 300px\" \/><\/a><a href=\"https:\/\/yume-silm.com\/wp-content\/uploads\/2024\/07\/Adhesive-Push-Up-Bra-Strapless-Mango-Sticky-Bra-for-Women-waterproof-reusable-02.jpg\"><img decoding=\"async\" class=\"alignnone wp-image-9452 size-medium\" src=\"https:\/\/yume-silm.com\/wp-content\/uploads\/2024\/07\/Adhesive-Push-Up-Bra-Strapless-Mango-Sticky-Bra-for-Women-waterproof-reusable-02-300x300.jpg\" alt=\"suti\u00e3 push-up adesivo sem al\u00e7as manga pegajosa para mulheres\" width=\"300\" height=\"300\" title=\"\" srcset=\"https:\/\/yume-silm.com\/wp-content\/uploads\/2024\/07\/Adhesive-Push-Up-Bra-Strapless-Mango-Sticky-Bra-for-Women-waterproof-reusable-02-300x300.jpg 300w, https:\/\/yume-silm.com\/wp-content\/uploads\/2024\/07\/Adhesive-Push-Up-Bra-Strapless-Mango-Sticky-Bra-for-Women-waterproof-reusable-02-150x150.jpg 150w, https:\/\/yume-silm.com\/wp-content\/uploads\/2024\/07\/Adhesive-Push-Up-Bra-Strapless-Mango-Sticky-Bra-for-Women-waterproof-reusable-02-768x768.jpg 768w, https:\/\/yume-silm.com\/wp-content\/uploads\/2024\/07\/Adhesive-Push-Up-Bra-Strapless-Mango-Sticky-Bra-for-Women-waterproof-reusable-02-12x12.jpg 12w, https:\/\/yume-silm.com\/wp-content\/uploads\/2024\/07\/Adhesive-Push-Up-Bra-Strapless-Mango-Sticky-Bra-for-Women-waterproof-reusable-02-100x100.jpg 100w, https:\/\/yume-silm.com\/wp-content\/uploads\/2024\/07\/Adhesive-Push-Up-Bra-Strapless-Mango-Sticky-Bra-for-Women-waterproof-reusable-02.jpg 800w\" sizes=\"(max-width: 300px) 100vw, 300px\" \/><\/a><\/p>\n<h6 data-slate-node=\"element\"><em>Suti\u00e3 invis\u00edvel para eleva\u00e7\u00e3o dos seios feminino<\/em><\/h6>\n<ul>\n<li data-slate-node=\"element\" data-slate-fragment=\"JTVCJTdCJTIydHlwZSUyMiUzQSUyMnBhcmFncmFwaCUyMiUyQyUyMmNoaWxkcmVuJTIyJTNBJTVCJTdCJTIydGV4dCUyMiUzQSUyMldvbWVuJ3MlMjBJbnZpc2libGUlMjBCcmElMjIlMkMlMjJzZW50ZW5jZSUyMiUzQTQlMkMlMjJjaGlsZFNlbnRlbmNlJTIyJTNBMSU3RCU1RCU3RCUyQyU3QiUyMnR5cGUlMjIlM0ElMjJwYXJhZ3JhcGglMjIlMkMlMjJjaGlsZHJlbiUyMiUzQSU1QiU3QiUyMnRleHQlMjIlM0ElMjJUaGUlMjBzdHJhcGxlc3MlMjBpbnZpc2libGUlMjBjaGVzdCUyMGxpZnQlMjBicmElMjBpcyUyMGRlc2lnbmVkJTIwdG8lMjBsaWZ0JTIwdGhlJTIwY2hlc3QlMjBpbnN0YW50bHklMkMlMjB3aXRoJTIwc3Ryb25nJTIwZGV0YWNoYWJsZSUyMGZyb250JTIwYnVja2xlJTJDJTIwd2hpY2glMjBjYW4lMjBlYXNpbHklMjBjbG9zZSUyMHRoZSUyMGNoZXN0JTIwYW5kJTIwbWFrZSUyMHlvdSUyMG1vcmUlMjBjb21mb3J0YWJsZS4lMjIlMkMlMjJzZW50ZW5jZSUyMiUzQTUlMkMlMjJjaGlsZFNlbnRlbmNlJTIyJTNBMSU3RCU1RCU3RCU1RA==\"><span class=\"\" data-slate-node=\"text\"><span data-slate-leaf=\"true\">O suti\u00e3 invis\u00edvel sem al\u00e7as para eleva\u00e7\u00e3o dos seios foi projetado para levantar os seios instantaneamente, com fivela frontal forte e remov\u00edvel, que pode fechar facilmente o peito e deixar voc\u00ea mais confort\u00e1vel.<\/span><\/span><\/li>\n<\/ul>","protected":false},"excerpt":{"rendered":"<p><span data-slate-fragment=\"JTVCJTdCJTIydHlwZSUyMiUzQSUyMnBhcmFncmFwaCUyMiUyQyUyMmNoaWxkcmVuJTIyJTNBJTVCJTdCJTIydGV4dCUyMiUzQSUyMldlYXIlMjB0aGlzJTIwaW52aXNpYmxlJTIwYnJhJTJDJTIwc2tpbi1mcmllbmRseSUyMG1hdGVyaWFsJTJDJTIwdW5pcXVlJTIwZ2F0aGVyaW5nJTIwZGVzaWduJTJDJTIwZWFzeSUyMHRvJTIwY2xlYW4lMkMlMjBjYW4lMjBxdWlja2x5JTIwaGVscCUyMHlvdSUyMGxpZnQlMjB5b3VyJTIwY2hlc3QlMkMlMjBtYWtlJTIweW91ciUyMGNoZXN0JTIwbW9yZSUyMHBsdW1wJTJDJTIwYW5kJTIwYXQlMjB0aGUlMjBzYW1lJTIwdGltZSUyMGNhbiUyMG5vdCUyMGh1cnQlMjB0aGUlMjBza2luJTJDJTIwY2FuJTIwYmUlMjByZXVzZWQuJTIyJTJDJTIyc2VudGVuY2UlMjIlM0E2JTJDJTIyY2hpbGRTZW50ZW5jZSUyMiUzQTElN0QlNUQlN0QlNUQ=\">Use este suti\u00e3 push-up adesivo sem al\u00e7as, suti\u00e3 pegajoso de manga, material amigo da pele, design exclusivo, f\u00e1cil de limpar, pode ajudar voc\u00ea a levantar seu peito rapidamente, deix\u00e1-lo mais volumoso e, ao mesmo tempo, n\u00e3o machuca a pele, pode ser reutilizado.<\/span><\/p>","protected":false},"featured_media":9469,"comment_status":"open","ping_status":"closed","template":"","meta":{"site-sidebar-layout":"default","site-content-layout":"","ast-site-content-layout":"default","site-content-style":"default","site-sidebar-style":"default","ast-global-header-display":"","ast-banner-title-visibility":"","ast-main-header-display":"","ast-hfb-above-header-display":"","ast-hfb-below-header-display":"","ast-hfb-mobile-header-display":"","site-post-title":"","ast-breadcrumbs-content":"","ast-featured-img":"","footer-sml-layout":"","ast-disable-related-posts":"","theme-transparent-header-meta":"default","adv-header-id-meta":"","stick-header-meta":"default","header-above-stick-meta":"","header-main-stick-meta":"","header-below-stick-meta":"","astra-migrate-meta-layouts":"set","ast-page-background-enabled":"default","ast-page-background-meta":{"desktop":{"background-color":"","background-image":"","background-repeat":"repeat","background-position":"center center","background-size":"auto","background-attachment":"scroll","background-type":"","background-media":"","overlay-type":"","overlay-color":"","overlay-opacity":"","overlay-gradient":""},"tablet":{"background-color":"","background-image":"","background-repeat":"repeat","background-position":"center center","background-size":"auto","background-attachment":"scroll","background-type":"","background-media":"","overlay-type":"","overlay-color":"","overlay-opacity":"","overlay-gradient":""},"mobile":{"background-color":"","background-image":"","background-repeat":"repeat","background-position":"center center","background-size":"auto","background-attachment":"scroll","background-type":"","background-media":"","overlay-type":"","overlay-color":"","overlay-opacity":"","overlay-gradient":""}},"ast-content-background-meta":{"desktop":{"background-color":"var(--ast-global-color-5)","background-image":"","background-repeat":"repeat","background-position":"center center","background-size":"auto","background-attachment":"scroll","background-type":"","background-media":"","overlay-type":"","overlay-color":"","overlay-opacity":"","overlay-gradient":""},"tablet":{"background-color":"var(--ast-global-color-5)","background-image":"","background-repeat":"repeat","background-position":"center center","background-size":"auto","background-attachment":"scroll","background-type":"","background-media":"","overlay-type":"","overlay-color":"","overlay-opacity":"","overlay-gradient":""},"mobile":{"background-color":"var(--ast-global-color-5)","background-image":"","background-repeat":"repeat","background-position":"center center","background-size":"auto","background-attachment":"scroll","background-type":"","background-media":"","overlay-type":"","overlay-color":"","overlay-opacity":"","overlay-gradient":""}}},"product_brand":[],"product_cat":[65,76,259,584],"product_tag":[603,706,646,707,705,602,145,704,604,140],"class_list":{"0":"post-9468","1":"product","2":"type-product","3":"status-publish","4":"has-post-thumbnail","6":"product_cat-best-sellers","7":"product_cat-new-arrivels","8":"product_cat-lingerie","9":"product_cat-adhesive-bras","10":"product_tag-adhesive","11":"product_tag-breast-lift","12":"product_tag-comfortable","13":"product_tag-invisible","14":"product_tag-plump","15":"product_tag-push-up","16":"product_tag-sexy","17":"product_tag-skin-friendly-material","18":"product_tag-sticky-bra","19":"product_tag-strapless","20":"pa_color-beige","21":"pa_color-black","22":"pa_size-a","23":"pa_size-b","24":"pa_size-c","25":"pa_size-d","26":"desktop-align-center","27":"tablet-align-left","28":"mobile-align-left","29":"ast-product-gallery-layout-horizontal-slider","30":"ast-product-single-variable","31":"ast-product-tabs-layout-horizontal","32":"ast-qv-on-image","34":"first","35":"instock","36":"shipping-taxable","37":"purchasable","38":"product-type-variable"},"tiered_pricing_type":"fixed","tiered_pricing_fixed_rules":{"5":0.65,"50":0.55,"100":0.5},"tiered_pricing_product_settings":{"layout":"default","base_unit_name":{"singular":null,"plural":null},"default_variation":null},"tiered_pricing_minimum_quantity":null,"tiered_pricing_roles_data":[],"tiered_pricing_percentage_rules":[],"_links":{"self":[{"href":"https:\/\/yume-silm.com\/pt\/wp-json\/wp\/v2\/product\/9468","targetHints":{"allow":["GET"]}}],"collection":[{"href":"https:\/\/yume-silm.com\/pt\/wp-json\/wp\/v2\/product"}],"about":[{"href":"https:\/\/yume-silm.com\/pt\/wp-json\/wp\/v2\/types\/product"}],"replies":[{"embeddable":true,"href":"https:\/\/yume-silm.com\/pt\/wp-json\/wp\/v2\/comments?post=9468"}],"wp:featuredmedia":[{"embeddable":true,"href":"https:\/\/yume-silm.com\/pt\/wp-json\/wp\/v2\/media\/9469"}],"wp:attachment":[{"href":"https:\/\/yume-silm.com\/pt\/wp-json\/wp\/v2\/media?parent=9468"}],"wp:term":[{"taxonomy":"product_brand","embeddable":true,"href":"https:\/\/yume-silm.com\/pt\/wp-json\/wp\/v2\/product_brand?post=9468"},{"taxonomy":"product_cat","embeddable":true,"href":"https:\/\/yume-silm.com\/pt\/wp-json\/wp\/v2\/product_cat?post=9468"},{"taxonomy":"product_tag","embeddable":true,"href":"https:\/\/yume-silm.com\/pt\/wp-json\/wp\/v2\/product_tag?post=9468"}],"curies":[{"name":"wp","href":"https:\/\/api.w.org\/{rel}","templated":true}]}}