{"id":9479,"date":"2024-07-18T08:52:00","date_gmt":"2024-07-18T08:52:00","guid":{"rendered":"https:\/\/yume-silm.com\/?post_type=product&#038;p=9479"},"modified":"2024-11-08T08:19:14","modified_gmt":"2024-11-08T08:19:14","slug":"treinador-de-cintura-esportiva-plus-size-com-ziper","status":"publish","type":"product","link":"https:\/\/yume-silm.com\/pt\/produto\/treinador-de-cintura-esportiva-plus-size-com-ziper\/","title":{"rendered":"Cinta esportiva plus size com z\u00edper"},"content":{"rendered":"<h5>Caracter\u00edsticas de design<\/h5>\n<ul>\n<li data-slate-node=\"element\"><span class=\"\" data-slate-node=\"text\"><span data-slate-leaf=\"true\"><strong>CINTURA 360 GRAUS SLIM<\/strong>: Nosso treinador de cintura esportiva plus size com z\u00edper possui cintos el\u00e1sticos e tecidos de compress\u00e3o para toda a \u00e1rea abdominal. Os ganchos de 3 est\u00e1gios da faixa feminina em formato de barriga garantem que voc\u00ea maximize e aprimore sua figura elegante em todos os est\u00e1gios.<\/span><\/span><\/li>\n<li data-slate-node=\"element\"><strong>MELHORAR O EFEITO DE EMAGRECIMENTO<\/strong>: O modelador de cintura vem com z\u00edper e c\u00f3s refor\u00e7ado para real\u00e7ar sua figura, enquanto o design inovador do espartilho facilita a obten\u00e7\u00e3o do formato corporal ideal.<\/li>\n<li data-slate-node=\"element\"><strong>PROJETO DE TAMANHO MAIS<\/strong>: O design plus size foi projetado para pessoas que usam tamanhos extragrandes. Possui emagrecimento de cintura de 360 graus, abd\u00f4men mais firme e queima gordura ao redor da cintura. Este treinador de cintura esportiva plus size garante um ajuste lisonjeiro e molda curvas perfeitas.<\/li>\n<li data-slate-node=\"element\"><strong>OCASI\u00c3O<\/strong>: Crie uma figura de ampulheta sob qualquer roupa, perfeita para atividades di\u00e1rias, trabalho, recupera\u00e7\u00e3o p\u00f3s-parto, etc. Este modelador de cintura \u00e9 uma escolha de suporte vers\u00e1til para suas necessidades de modelagem corporal.<\/li>\n<\/ul>\n<p><a href=\"https:\/\/yume-silm.com\/wp-content\/uploads\/2024\/07\/Plus-Size-Sports-Waist-Trainer-with-Zipper-tummy-control-01-1.jpg\"><img fetchpriority=\"high\" decoding=\"async\" class=\"alignnone wp-image-9482 size-medium\" src=\"https:\/\/yume-silm.com\/wp-content\/uploads\/2024\/07\/Plus-Size-Sports-Waist-Trainer-with-Zipper-tummy-control-01-1-300x300.jpg\" alt=\"treinador de cintura esportiva plus size com z\u00edper\" width=\"300\" height=\"300\" title=\"\" srcset=\"https:\/\/yume-silm.com\/wp-content\/uploads\/2024\/07\/Plus-Size-Sports-Waist-Trainer-with-Zipper-tummy-control-01-1-300x300.jpg 300w, https:\/\/yume-silm.com\/wp-content\/uploads\/2024\/07\/Plus-Size-Sports-Waist-Trainer-with-Zipper-tummy-control-01-1-150x150.jpg 150w, https:\/\/yume-silm.com\/wp-content\/uploads\/2024\/07\/Plus-Size-Sports-Waist-Trainer-with-Zipper-tummy-control-01-1-768x768.jpg 768w, https:\/\/yume-silm.com\/wp-content\/uploads\/2024\/07\/Plus-Size-Sports-Waist-Trainer-with-Zipper-tummy-control-01-1-12x12.jpg 12w, https:\/\/yume-silm.com\/wp-content\/uploads\/2024\/07\/Plus-Size-Sports-Waist-Trainer-with-Zipper-tummy-control-01-1-100x100.jpg 100w, https:\/\/yume-silm.com\/wp-content\/uploads\/2024\/07\/Plus-Size-Sports-Waist-Trainer-with-Zipper-tummy-control-01-1.jpg 800w\" sizes=\"(max-width: 300px) 100vw, 300px\" \/><\/a><a href=\"https:\/\/yume-silm.com\/wp-content\/uploads\/2024\/07\/Plus-Size-Sports-Waist-Trainer-with-Zipper-tummy-control-02.jpg\"><img decoding=\"async\" class=\"alignnone wp-image-9483 size-medium\" src=\"https:\/\/yume-silm.com\/wp-content\/uploads\/2024\/07\/Plus-Size-Sports-Waist-Trainer-with-Zipper-tummy-control-02-300x300.jpg\" alt=\"treinador de cintura esportiva plus size com z\u00edper\" width=\"300\" height=\"300\" title=\"\" srcset=\"https:\/\/yume-silm.com\/wp-content\/uploads\/2024\/07\/Plus-Size-Sports-Waist-Trainer-with-Zipper-tummy-control-02-300x300.jpg 300w, https:\/\/yume-silm.com\/wp-content\/uploads\/2024\/07\/Plus-Size-Sports-Waist-Trainer-with-Zipper-tummy-control-02-150x150.jpg 150w, https:\/\/yume-silm.com\/wp-content\/uploads\/2024\/07\/Plus-Size-Sports-Waist-Trainer-with-Zipper-tummy-control-02-768x768.jpg 768w, https:\/\/yume-silm.com\/wp-content\/uploads\/2024\/07\/Plus-Size-Sports-Waist-Trainer-with-Zipper-tummy-control-02-12x12.jpg 12w, https:\/\/yume-silm.com\/wp-content\/uploads\/2024\/07\/Plus-Size-Sports-Waist-Trainer-with-Zipper-tummy-control-02-100x100.jpg 100w, https:\/\/yume-silm.com\/wp-content\/uploads\/2024\/07\/Plus-Size-Sports-Waist-Trainer-with-Zipper-tummy-control-02.jpg 800w\" sizes=\"(max-width: 300px) 100vw, 300px\" \/><\/a><\/p>\n<h6 data-slate-node=\"element\"><em><span class=\"\" data-slate-node=\"text\">Treinadores abdominais e de cintura justos para mulheres<\/span><\/em><\/h6>\n<ul>\n<li data-slate-node=\"element\" data-slate-fragment=\"JTVCJTdCJTIydHlwZSUyMiUzQSUyMnBhcmFncmFwaCUyMiUyQyUyMmNoaWxkcmVuJTIyJTNBJTVCJTdCJTIydGV4dCUyMiUzQSUyMlRpZ2h0JTIwQWJkb21pbmFsJTIwYW5kJTIwV2Fpc3QlMjBUcmFpbmVycyUyMGZvciUyMFdvbWVuJTIyJTJDJTIyc2VudGVuY2UlMjIlM0E0JTJDJTIyY2hpbGRTZW50ZW5jZSUyMiUzQTAlN0QlNUQlN0QlMkMlN0IlMjJ0eXBlJTIyJTNBJTIycGFyYWdyYXBoJTIyJTJDJTIyY2hpbGRyZW4lMjIlM0ElNUIlN0IlMjJ0ZXh0JTIyJTNBJTIyVGhlJTIwdGlnaHQtZml0dGluZyUyMGRlc2lnbiUyMGNhbiUyMGJldHRlciUyMGNvbXByZXNzJTIwdGhlJTIwZmF0JTIwYXJvdW5kJTIwdGhlJTIwd2Fpc3QlMkMlMjBzbGltbWluZyUyMHRoZSUyMHdhaXN0JTIwaW4lMjBhbGwlMjBkaXJlY3Rpb25zJTJDJTIwZW5zdXJpbmclMjB0aGF0JTIweW91ciUyMG1vdmVtZW50cyUyMGFyZSUyMG1pbmltYWwlMkMlMjB3aGljaCUyMGNhbiUyMGhlbHAlMjB5b3UlMjBzaGFwZSUyMHlvdXIlMjBpZGVhbCUyMGZpZ3VyZSUyMHRvJTIwdGhlJTIwZ3JlYXRlc3QlMjBleHRlbnQuJTIyJTJDJTIyc2VudGVuY2UlMjIlM0E1JTJDJTIyY2hpbGRTZW50ZW5jZSUyMiUzQTAlN0QlNUQlN0QlNUQ=\"><span class=\"\" data-slate-node=\"text\"><span data-slate-leaf=\"true\">O design justo pode comprimir melhor a gordura ao redor da cintura, afinando a cintura em todas as dire\u00e7\u00f5es, garantindo que seus movimentos sejam m\u00ednimos, o que pode ajud\u00e1-lo a moldar ao m\u00e1ximo sua figura ideal.<\/span><\/span><\/li>\n<\/ul>","protected":false},"excerpt":{"rendered":"<p><span data-slate-fragment=\"JTVCJTdCJTIydHlwZSUyMiUzQSUyMnBhcmFncmFwaCUyMiUyQyUyMmNoaWxkcmVuJTIyJTNBJTVCJTdCJTIydGV4dCUyMiUzQSUyMldlYXJpbmclMjB0aGlzJTIwd2Fpc3QlMjB0cmFpbmVyJTJDJTIwdGhlJTIwdWx0cmEtZWxhc3RpYyUyMGZhYnJpYyUyMGFuZCUyMGJhY2slMjBwbGF0ZSUyMGFyZSUyMGVxdWlwcGVkJTIwd2l0aCUyMDQlMjBlbGFzdGljJTIwc3RlZWwlMjBmcmFtZXMlMkMlMjBhbmQlMjB0aGUlMjBiZWx0J3MlMjBhc3Npc3RhbmNlJTIwdG8lMjBhdm9pZCUyMHJvbGxpbmclMjBjYW4lMjBtYWtlJTIweW91ciUyMHdhaXN0JTIwY3VydmUlMjBtb3JlJTIwYXR0cmFjdGl2ZSUyQyUyMG5vdCUyMG9ubHklMjBpbXByb3ZpbmclMjB5b3VyJTIwcG9zdHVyZSUyQyUyMGJ1dCUyMGFsc28lMjByZWR1Y2luZyUyMGJhY2slMjBzdHJhaW4uJTIyJTJDJTIyc2VudGVuY2UlMjIlM0E2JTJDJTIyY2hpbGRTZW50ZW5jZSUyMiUzQTAlN0QlNUQlN0QlNUQ=\">Usando este treinador de cintura esportiva plus size com z\u00edper, o tecido ultrael\u00e1stico e a placa traseira s\u00e3o equipados com 4 arma\u00e7\u00f5es de a\u00e7o el\u00e1stico, e a assist\u00eancia do cinto para evitar rolar pode tornar a curva da sua cintura mais atraente, n\u00e3o s\u00f3 melhorando sua postura, mas tamb\u00e9m reduzindo tens\u00e3o nas costas.<\/span><\/p>","protected":false},"featured_media":9484,"comment_status":"open","ping_status":"closed","template":"","meta":{"site-sidebar-layout":"default","site-content-layout":"","ast-site-content-layout":"default","site-content-style":"default","site-sidebar-style":"default","ast-global-header-display":"","ast-banner-title-visibility":"","ast-main-header-display":"","ast-hfb-above-header-display":"","ast-hfb-below-header-display":"","ast-hfb-mobile-header-display":"","site-post-title":"","ast-breadcrumbs-content":"","ast-featured-img":"","footer-sml-layout":"","ast-disable-related-posts":"","theme-transparent-header-meta":"default","adv-header-id-meta":"","stick-header-meta":"default","header-above-stick-meta":"","header-main-stick-meta":"","header-below-stick-meta":"","astra-migrate-meta-layouts":"set","ast-page-background-enabled":"default","ast-page-background-meta":{"desktop":{"background-color":"","background-image":"","background-repeat":"repeat","background-position":"center center","background-size":"auto","background-attachment":"scroll","background-type":"","background-media":"","overlay-type":"","overlay-color":"","overlay-opacity":"","overlay-gradient":""},"tablet":{"background-color":"","background-image":"","background-repeat":"repeat","background-position":"center center","background-size":"auto","background-attachment":"scroll","background-type":"","background-media":"","overlay-type":"","overlay-color":"","overlay-opacity":"","overlay-gradient":""},"mobile":{"background-color":"","background-image":"","background-repeat":"repeat","background-position":"center center","background-size":"auto","background-attachment":"scroll","background-type":"","background-media":"","overlay-type":"","overlay-color":"","overlay-opacity":"","overlay-gradient":""}},"ast-content-background-meta":{"desktop":{"background-color":"var(--ast-global-color-5)","background-image":"","background-repeat":"repeat","background-position":"center center","background-size":"auto","background-attachment":"scroll","background-type":"","background-media":"","overlay-type":"","overlay-color":"","overlay-opacity":"","overlay-gradient":""},"tablet":{"background-color":"var(--ast-global-color-5)","background-image":"","background-repeat":"repeat","background-position":"center center","background-size":"auto","background-attachment":"scroll","background-type":"","background-media":"","overlay-type":"","overlay-color":"","overlay-opacity":"","overlay-gradient":""},"mobile":{"background-color":"var(--ast-global-color-5)","background-image":"","background-repeat":"repeat","background-position":"center center","background-size":"auto","background-attachment":"scroll","background-type":"","background-media":"","overlay-type":"","overlay-color":"","overlay-opacity":"","overlay-gradient":""}}},"product_brand":[],"product_cat":[65,76,90,93,95],"product_tag":[662,712,489,198,141,709,711,535,654,710,214],"class_list":{"0":"post-9479","1":"product","2":"type-product","3":"status-publish","4":"has-post-thumbnail","6":"product_cat-best-sellers","7":"product_cat-new-arrivels","8":"product_cat-wholesale-waist-trainer","9":"product_cat-wholesale-plus-size-waist-trainer","10":"product_cat-waist-cincher","11":"product_tag-abdominal","12":"product_tag-bodyshape","13":"product_tag-compression","14":"product_tag-hourglass","15":"product_tag-plus-size","16":"product_tag-postpartum-recovery","17":"product_tag-reinforced","18":"product_tag-slimming","19":"product_tag-tight","20":"product_tag-ultra-elastic","21":"product_tag-waist-trainer","22":"pa_color-black","23":"pa_size-2xl","24":"pa_size-3xl","25":"pa_size-4xl","26":"pa_size-5xl","27":"pa_size-6xl","28":"pa_size-l","29":"pa_size-m","30":"pa_size-s","31":"pa_size-xl","32":"desktop-align-center","33":"tablet-align-left","34":"mobile-align-left","35":"ast-product-gallery-layout-horizontal-slider","36":"ast-product-single-variable","37":"ast-product-tabs-layout-horizontal","38":"ast-qv-on-image","40":"first","41":"instock","42":"shipping-taxable","43":"purchasable","44":"product-type-variable"},"tiered_pricing_type":"fixed","tiered_pricing_fixed_rules":{"5":11.45,"50":10.15,"100":8.9},"tiered_pricing_product_settings":{"layout":"default","base_unit_name":{"singular":null,"plural":null},"default_variation":null},"tiered_pricing_minimum_quantity":null,"tiered_pricing_roles_data":[],"tiered_pricing_percentage_rules":[],"_links":{"self":[{"href":"https:\/\/yume-silm.com\/pt\/wp-json\/wp\/v2\/product\/9479","targetHints":{"allow":["GET"]}}],"collection":[{"href":"https:\/\/yume-silm.com\/pt\/wp-json\/wp\/v2\/product"}],"about":[{"href":"https:\/\/yume-silm.com\/pt\/wp-json\/wp\/v2\/types\/product"}],"replies":[{"embeddable":true,"href":"https:\/\/yume-silm.com\/pt\/wp-json\/wp\/v2\/comments?post=9479"}],"wp:featuredmedia":[{"embeddable":true,"href":"https:\/\/yume-silm.com\/pt\/wp-json\/wp\/v2\/media\/9484"}],"wp:attachment":[{"href":"https:\/\/yume-silm.com\/pt\/wp-json\/wp\/v2\/media?parent=9479"}],"wp:term":[{"taxonomy":"product_brand","embeddable":true,"href":"https:\/\/yume-silm.com\/pt\/wp-json\/wp\/v2\/product_brand?post=9479"},{"taxonomy":"product_cat","embeddable":true,"href":"https:\/\/yume-silm.com\/pt\/wp-json\/wp\/v2\/product_cat?post=9479"},{"taxonomy":"product_tag","embeddable":true,"href":"https:\/\/yume-silm.com\/pt\/wp-json\/wp\/v2\/product_tag?post=9479"}],"curies":[{"name":"wp","href":"https:\/\/api.w.org\/{rel}","templated":true}]}}