{"id":9499,"date":"2024-07-19T02:34:12","date_gmt":"2024-07-19T02:34:12","guid":{"rendered":"https:\/\/yume-silm.com\/?post_type=product&#038;p=9499"},"modified":"2025-05-29T03:34:47","modified_gmt":"2025-05-29T03:34:47","slug":"sutia-invisivel-de-uma-peca","status":"publish","type":"product","link":"https:\/\/yume-silm.com\/pt\/produto\/sutia-invisivel-de-uma-peca\/","title":{"rendered":"Suti\u00e3 invis\u00edvel de uma pe\u00e7a para mulheres 2024 novo"},"content":{"rendered":"<h5>Caracter\u00edsticas de design<\/h5>\n<ul>\n<li>\n<div data-slate-node=\"element\"><span data-slate-fragment=\"JTVCJTdCJTIydHlwZSUyMiUzQSUyMnBhcmFncmFwaCUyMiUyQyUyMmNoaWxkcmVuJTIyJTNBJTVCJTdCJTIydGV4dCUyMiUzQSUyMkdhdGhlcmluZyUyMiUyQyUyMnNlbnRlbmNlJTIyJTNBMyUyQyUyMmNoaWxkU2VudGVuY2UlMjIlM0EwJTdEJTVEJTdEJTVE\"><strong>REUNI\u00c3O<\/strong>:<\/span>Al\u00e7as transparentes, suti\u00e3 invis\u00edvel de pe\u00e7a \u00fanica \u00e9 feito de material de silicone de alta ader\u00eancia, que pode manter seus seios em uma posi\u00e7\u00e3o boa e confort\u00e1vel e deixar seus seios mais levantados.<\/div>\n<\/li>\n<li>\n<div data-slate-node=\"element\"><span class=\"\" data-slate-node=\"text\"><span data-slate-leaf=\"true\"><strong>PROJETO V PROFUNDO<\/strong>: Este suti\u00e3 disforme de pe\u00e7a \u00fanica foi projetado para maximizar o seu decote enquanto permanece confort\u00e1vel, proporcionando uma exibi\u00e7\u00e3o natural do decote e aumentando o seu peito.<\/span><\/span><\/div>\n<\/li>\n<li>\n<div data-slate-node=\"element\"><span class=\"\" data-slate-node=\"text\"><span data-slate-leaf=\"true\"><strong>AL\u00c7A DE OMBRO REMOV\u00cdVEL<\/strong>: Voc\u00ea pode cruzar a linda cueca traseira, e o ombro di\u00e1rio tamb\u00e9m pode ser usado como uma cueca vers\u00e1til para voc\u00ea escolher.<\/span><\/span><\/div>\n<\/li>\n<li>\n<div data-slate-node=\"element\"><span class=\"\" data-slate-node=\"text\"><span data-slate-leaf=\"true\"><strong>OCASI\u00c3O<\/strong>: O design de cor s\u00f3lida \u00e9 ideal para tops decotados, vestidos de noiva, dan\u00e7as, uso di\u00e1rio ou roupas transparentes sem al\u00e7as, damas de honra, vestidos de baile e vestidos de noite formais<\/span><\/span><\/div>\n<\/li>\n<\/ul>\n<p><a href=\"https:\/\/yume-silm.com\/wp-content\/uploads\/2024\/07\/Bra-for-Women-2024-New-adhesive-bra-reusable-strapless-silicone-bra-bikini-02.jpg\"><img fetchpriority=\"high\" decoding=\"async\" class=\"alignnone wp-image-9506 size-medium\" src=\"https:\/\/yume-silm.com\/wp-content\/uploads\/2024\/07\/Bra-for-Women-2024-New-adhesive-bra-reusable-strapless-silicone-bra-bikini-02-300x300.jpg\" alt=\"suti\u00e3 invis\u00edvel de uma pe\u00e7a para mulher 2024 novo\" width=\"300\" height=\"300\" title=\"\" srcset=\"https:\/\/yume-silm.com\/wp-content\/uploads\/2024\/07\/Bra-for-Women-2024-New-adhesive-bra-reusable-strapless-silicone-bra-bikini-02-300x300.jpg 300w, https:\/\/yume-silm.com\/wp-content\/uploads\/2024\/07\/Bra-for-Women-2024-New-adhesive-bra-reusable-strapless-silicone-bra-bikini-02-150x150.jpg 150w, https:\/\/yume-silm.com\/wp-content\/uploads\/2024\/07\/Bra-for-Women-2024-New-adhesive-bra-reusable-strapless-silicone-bra-bikini-02-768x768.jpg 768w, https:\/\/yume-silm.com\/wp-content\/uploads\/2024\/07\/Bra-for-Women-2024-New-adhesive-bra-reusable-strapless-silicone-bra-bikini-02-12x12.jpg 12w, https:\/\/yume-silm.com\/wp-content\/uploads\/2024\/07\/Bra-for-Women-2024-New-adhesive-bra-reusable-strapless-silicone-bra-bikini-02-100x100.jpg 100w, https:\/\/yume-silm.com\/wp-content\/uploads\/2024\/07\/Bra-for-Women-2024-New-adhesive-bra-reusable-strapless-silicone-bra-bikini-02.jpg 800w\" sizes=\"(max-width: 300px) 100vw, 300px\" \/><\/a><a href=\"https:\/\/yume-silm.com\/wp-content\/uploads\/2024\/07\/One-Piece-Invisible-Bra-for-Women-2024-New-adhesive-bra-reusable-strapless-silicone-bra-02.jpg\"><img decoding=\"async\" class=\"alignnone wp-image-9502 size-medium\" src=\"https:\/\/yume-silm.com\/wp-content\/uploads\/2024\/07\/One-Piece-Invisible-Bra-for-Women-2024-New-adhesive-bra-reusable-strapless-silicone-bra-02-300x300.jpg\" alt=\"suti\u00e3 invis\u00edvel de uma pe\u00e7a para mulher 2024 novo\" width=\"300\" height=\"300\" title=\"\" srcset=\"https:\/\/yume-silm.com\/wp-content\/uploads\/2024\/07\/One-Piece-Invisible-Bra-for-Women-2024-New-adhesive-bra-reusable-strapless-silicone-bra-02-300x300.jpg 300w, https:\/\/yume-silm.com\/wp-content\/uploads\/2024\/07\/One-Piece-Invisible-Bra-for-Women-2024-New-adhesive-bra-reusable-strapless-silicone-bra-02-150x150.jpg 150w, https:\/\/yume-silm.com\/wp-content\/uploads\/2024\/07\/One-Piece-Invisible-Bra-for-Women-2024-New-adhesive-bra-reusable-strapless-silicone-bra-02-768x768.jpg 768w, https:\/\/yume-silm.com\/wp-content\/uploads\/2024\/07\/One-Piece-Invisible-Bra-for-Women-2024-New-adhesive-bra-reusable-strapless-silicone-bra-02-12x12.jpg 12w, https:\/\/yume-silm.com\/wp-content\/uploads\/2024\/07\/One-Piece-Invisible-Bra-for-Women-2024-New-adhesive-bra-reusable-strapless-silicone-bra-02-100x100.jpg 100w, https:\/\/yume-silm.com\/wp-content\/uploads\/2024\/07\/One-Piece-Invisible-Bra-for-Women-2024-New-adhesive-bra-reusable-strapless-silicone-bra-02.jpg 800w\" sizes=\"(max-width: 300px) 100vw, 300px\" \/><\/a><\/p>\n<p>&nbsp;<\/p>\n<h6 data-slate-node=\"element\"><em><span style=\"font-size: 16px;\">Suti\u00e3 feminino de silicone sem al\u00e7as sem costas<\/span><\/em><\/h6>\n<ul>\n<li data-slate-node=\"element\" data-slate-fragment=\"JTVCJTdCJTIydHlwZSUyMiUzQSUyMnBhcmFncmFwaCUyMiUyQyUyMmNoaWxkcmVuJTIyJTNBJTVCJTdCJTIydGV4dCUyMiUzQSUyMldvbWVuJ3MlMjBTaWxpY29uZSUyMEJhY2tsZXNzJTIwU3RyYXBsZXNzJTIwVW5kZXJ3ZWFyJTIyJTJDJTIyc2VudGVuY2UlMjIlM0EwJTJDJTIyY2hpbGRTZW50ZW5jZSUyMiUzQTAlN0QlNUQlN0QlMkMlN0IlMjJ0eXBlJTIyJTNBJTIycGFyYWdyYXBoJTIyJTJDJTIyY2hpbGRyZW4lMjIlM0ElNUIlN0IlMjJ0ZXh0JTIyJTNBJTIySGlnaCUyMGFkaGVzaW9uJTIwc2lsaWNvbmUlMjBtYXRlcmlhbCUyMHdpdGglMjBzdHJhcGxlc3MlMjBkZXNpZ24lMkMlMjBjYW4lMjBiZSUyMG1hdGNoZWQlMjB3aXRoJTIwYW55JTIwY2xvdGhpbmclMjBpbiUyMGRhaWx5JTIwbGlmZSUyQyUyMHVuaXF1ZSUyMGRlc2lnbiUyMG1ha2VzJTIweW91JTIwbW9yZSUyMGRhenpsaW5nJTIwaW4lMjB0aGUlMjBjcm93ZCUyMiUyQyUyMnNlbnRlbmNlJTIyJTNBMSUyQyUyMmNoaWxkU2VudGVuY2UlMjIlM0EwJTdEJTVEJTdEJTVE\">Este suti\u00e3 invis\u00edvel de silicone sem al\u00e7as sem al\u00e7as para mulheres \u00e9 feito de material de silicone de alta viscosidade, com um design sem al\u00e7as, que pode ser combinado com qualquer roupa do dia a dia, e o design exclusivo deixa voc\u00ea mais deslumbrante na multid\u00e3o<\/li>\n<\/ul>","protected":false},"excerpt":{"rendered":"<p>Use este suti\u00e3 invis\u00edvel feminino de pe\u00e7a \u00fanica para deixar seu peito mais franzido, e com o design sexy de V profundo e o aumento de almofadas grossas, seu peito fica mais cheio.<\/p>","protected":false},"featured_media":9500,"comment_status":"open","ping_status":"closed","template":"","meta":{"site-sidebar-layout":"default","site-content-layout":"","ast-site-content-layout":"default","site-content-style":"default","site-sidebar-style":"default","ast-global-header-display":"","ast-banner-title-visibility":"","ast-main-header-display":"","ast-hfb-above-header-display":"","ast-hfb-below-header-display":"","ast-hfb-mobile-header-display":"","site-post-title":"","ast-breadcrumbs-content":"","ast-featured-img":"","footer-sml-layout":"","ast-disable-related-posts":"","theme-transparent-header-meta":"default","adv-header-id-meta":"","stick-header-meta":"default","header-above-stick-meta":"","header-main-stick-meta":"","header-below-stick-meta":"","astra-migrate-meta-layouts":"set","ast-page-background-enabled":"default","ast-page-background-meta":{"desktop":{"background-color":"","background-image":"","background-repeat":"repeat","background-position":"center center","background-size":"auto","background-attachment":"scroll","background-type":"","background-media":"","overlay-type":"","overlay-color":"","overlay-opacity":"","overlay-gradient":""},"tablet":{"background-color":"","background-image":"","background-repeat":"repeat","background-position":"center center","background-size":"auto","background-attachment":"scroll","background-type":"","background-media":"","overlay-type":"","overlay-color":"","overlay-opacity":"","overlay-gradient":""},"mobile":{"background-color":"","background-image":"","background-repeat":"repeat","background-position":"center center","background-size":"auto","background-attachment":"scroll","background-type":"","background-media":"","overlay-type":"","overlay-color":"","overlay-opacity":"","overlay-gradient":""}},"ast-content-background-meta":{"desktop":{"background-color":"var(--ast-global-color-5)","background-image":"","background-repeat":"repeat","background-position":"center center","background-size":"auto","background-attachment":"scroll","background-type":"","background-media":"","overlay-type":"","overlay-color":"","overlay-opacity":"","overlay-gradient":""},"tablet":{"background-color":"var(--ast-global-color-5)","background-image":"","background-repeat":"repeat","background-position":"center center","background-size":"auto","background-attachment":"scroll","background-type":"","background-media":"","overlay-type":"","overlay-color":"","overlay-opacity":"","overlay-gradient":""},"mobile":{"background-color":"var(--ast-global-color-5)","background-image":"","background-repeat":"repeat","background-position":"center center","background-size":"auto","background-attachment":"scroll","background-type":"","background-media":"","overlay-type":"","overlay-color":"","overlay-opacity":"","overlay-gradient":""}}},"product_brand":[],"product_cat":[65,259,584],"product_tag":[714,143,646,619,713,707,148,715,145,716,502,140],"class_list":{"0":"post-9499","1":"product","2":"type-product","3":"status-publish","4":"has-post-thumbnail","6":"product_cat-best-sellers","7":"product_cat-lingerie","8":"product_cat-adhesive-bras","9":"product_tag-adhesion-silicone","10":"product_tag-backless","11":"product_tag-comfortable","12":"product_tag-deep-v","13":"product_tag-gather","14":"product_tag-invisible","15":"product_tag-one-piece","16":"product_tag-pushed-up","17":"product_tag-sexy","18":"product_tag-shapeless","19":"product_tag-solid-color","20":"product_tag-strapless","21":"pa_color-beige","22":"pa_color-black","23":"pa_size-a","24":"pa_size-b","25":"pa_size-c","26":"pa_size-d","27":"desktop-align-center","28":"tablet-align-left","29":"mobile-align-left","30":"ast-product-gallery-layout-horizontal-slider","31":"ast-product-single-variable","32":"ast-product-tabs-layout-horizontal","33":"ast-qv-on-image","35":"first","36":"instock","37":"shipping-taxable","38":"purchasable","39":"product-type-variable"},"tiered_pricing_type":"fixed","tiered_pricing_fixed_rules":{"5":1.75,"50":1.55,"100":1.35},"tiered_pricing_product_settings":{"layout":"default","base_unit_name":{"singular":null,"plural":null},"default_variation":null},"tiered_pricing_minimum_quantity":null,"tiered_pricing_roles_data":[],"tiered_pricing_percentage_rules":[],"_links":{"self":[{"href":"https:\/\/yume-silm.com\/pt\/wp-json\/wp\/v2\/product\/9499","targetHints":{"allow":["GET"]}}],"collection":[{"href":"https:\/\/yume-silm.com\/pt\/wp-json\/wp\/v2\/product"}],"about":[{"href":"https:\/\/yume-silm.com\/pt\/wp-json\/wp\/v2\/types\/product"}],"replies":[{"embeddable":true,"href":"https:\/\/yume-silm.com\/pt\/wp-json\/wp\/v2\/comments?post=9499"}],"wp:featuredmedia":[{"embeddable":true,"href":"https:\/\/yume-silm.com\/pt\/wp-json\/wp\/v2\/media\/9500"}],"wp:attachment":[{"href":"https:\/\/yume-silm.com\/pt\/wp-json\/wp\/v2\/media?parent=9499"}],"wp:term":[{"taxonomy":"product_brand","embeddable":true,"href":"https:\/\/yume-silm.com\/pt\/wp-json\/wp\/v2\/product_brand?post=9499"},{"taxonomy":"product_cat","embeddable":true,"href":"https:\/\/yume-silm.com\/pt\/wp-json\/wp\/v2\/product_cat?post=9499"},{"taxonomy":"product_tag","embeddable":true,"href":"https:\/\/yume-silm.com\/pt\/wp-json\/wp\/v2\/product_tag?post=9499"}],"curies":[{"name":"wp","href":"https:\/\/api.w.org\/{rel}","templated":true}]}}