{"id":9520,"date":"2024-07-19T03:33:21","date_gmt":"2024-07-19T03:33:21","guid":{"rendered":"https:\/\/yume-silm.com\/?post_type=product&#038;p=9520"},"modified":"2025-05-26T00:39:39","modified_gmt":"2025-05-26T00:39:39","slug":"laco-redondo-adesivo-forte-peito-invisivel","status":"publish","type":"product","link":"https:\/\/yume-silm.com\/pt\/produto\/laco-redondo-adesivo-forte-peito-invisivel\/","title":{"rendered":"Remendo de peito invis\u00edvel adesivo redondo forte de renda de ver\u00e3o"},"content":{"rendered":"<h5>Caracter\u00edsticas de design<\/h5>\n<ul>\n<li data-slate-node=\"element\"><span class=\"\" data-slate-node=\"text\"><span data-slate-leaf=\"true\"><strong>DESIGN \u00daNICO<\/strong>: O remendo de peito invis\u00edvel adesivo redondo forte de renda adota um formato de p\u00e9tala exclusivo e adiciona design de padr\u00e3o de renda, o que o torna mais sexy. Voc\u00ea n\u00e3o precisa se preocupar com o formato da p\u00e9tala expondo facilmente seu corpo, ent\u00e3o voc\u00ea pode us\u00e1-lo com confian\u00e7a e ousadia.<\/span><\/span><\/li>\n<li data-slate-node=\"element\"><strong>PORT\u00c1TIL<\/strong>: Esta p\u00e9tala de bico adesivo descart\u00e1vel feminino \u00e9 pequena e leve, f\u00e1cil de transportar, de design pequeno, pode ser colocada em uma bolsa, f\u00e1cil de transportar e pode atender \u00e0s necessidades de substitui\u00e7\u00e3o de diferentes ocasi\u00f5es<\/li>\n<li data-slate-node=\"element\"><strong>VISCOSE DE ALTA QUALIDADE<\/strong>: feito de bioadesivo, viscoso e dif\u00edcil de cair, leve e leve, e n\u00e3o causar\u00e1 constrangimento ao nadar.<\/li>\n<li data-slate-node=\"element\"><strong>OCASI\u00c3O<\/strong>: anti-dente que n\u00e3o deixa marcas, pode ser usado para casamentos, banquetes, viagens, tops, compromissos ou performances para tirar fotos, etc., pode deixar voc\u00ea mais bonita.<\/li>\n<\/ul>\n<p><a href=\"https:\/\/yume-silm.com\/wp-content\/uploads\/2024\/07\/Disposable-Adhesive-Nipple-Petals-for-Women-1.jpg\"><img fetchpriority=\"high\" decoding=\"async\" class=\"alignnone wp-image-9522 size-medium\" src=\"https:\/\/yume-silm.com\/wp-content\/uploads\/2024\/07\/Disposable-Adhesive-Nipple-Petals-for-Women-1-300x300.jpg\" alt=\"Remendo de peito invis\u00edvel redondo de renda de ver\u00e3o adesivo forte\" width=\"300\" height=\"300\" title=\"\" srcset=\"https:\/\/yume-silm.com\/wp-content\/uploads\/2024\/07\/Disposable-Adhesive-Nipple-Petals-for-Women-1-300x300.jpg 300w, https:\/\/yume-silm.com\/wp-content\/uploads\/2024\/07\/Disposable-Adhesive-Nipple-Petals-for-Women-1-150x150.jpg 150w, https:\/\/yume-silm.com\/wp-content\/uploads\/2024\/07\/Disposable-Adhesive-Nipple-Petals-for-Women-1-768x768.jpg 768w, https:\/\/yume-silm.com\/wp-content\/uploads\/2024\/07\/Disposable-Adhesive-Nipple-Petals-for-Women-1-12x12.jpg 12w, https:\/\/yume-silm.com\/wp-content\/uploads\/2024\/07\/Disposable-Adhesive-Nipple-Petals-for-Women-1-100x100.jpg 100w, https:\/\/yume-silm.com\/wp-content\/uploads\/2024\/07\/Disposable-Adhesive-Nipple-Petals-for-Women-1.jpg 800w\" sizes=\"(max-width: 300px) 100vw, 300px\" \/><\/a><a href=\"https:\/\/yume-silm.com\/wp-content\/uploads\/2024\/07\/Disposable-Adhesive-Nipple-Petals-for-Women-2.jpg\"><img decoding=\"async\" class=\"alignnone wp-image-9523 size-medium\" src=\"https:\/\/yume-silm.com\/wp-content\/uploads\/2024\/07\/Disposable-Adhesive-Nipple-Petals-for-Women-2-300x300.jpg\" alt=\"Remendo de peito invis\u00edvel redondo de renda de ver\u00e3o adesivo forte\" width=\"300\" height=\"300\" title=\"\" srcset=\"https:\/\/yume-silm.com\/wp-content\/uploads\/2024\/07\/Disposable-Adhesive-Nipple-Petals-for-Women-2-300x300.jpg 300w, https:\/\/yume-silm.com\/wp-content\/uploads\/2024\/07\/Disposable-Adhesive-Nipple-Petals-for-Women-2-150x150.jpg 150w, https:\/\/yume-silm.com\/wp-content\/uploads\/2024\/07\/Disposable-Adhesive-Nipple-Petals-for-Women-2-768x768.jpg 768w, https:\/\/yume-silm.com\/wp-content\/uploads\/2024\/07\/Disposable-Adhesive-Nipple-Petals-for-Women-2-12x12.jpg 12w, https:\/\/yume-silm.com\/wp-content\/uploads\/2024\/07\/Disposable-Adhesive-Nipple-Petals-for-Women-2-100x100.jpg 100w, https:\/\/yume-silm.com\/wp-content\/uploads\/2024\/07\/Disposable-Adhesive-Nipple-Petals-for-Women-2.jpg 800w\" sizes=\"(max-width: 300px) 100vw, 300px\" \/><\/a><\/p>\n<h6 data-slate-node=\"element\"><em>Patch de peito de renda sexy descart\u00e1vel feminino<\/em><\/h6>\n<ul>\n<li data-slate-node=\"element\" data-slate-fragment=\"JTVCJTdCJTIydHlwZSUyMiUzQSUyMnBhcmFncmFwaCUyMiUyQyUyMmNoaWxkcmVuJTIyJTNBJTVCJTdCJTIydGV4dCUyMiUzQSUyMkxhZGllcyUyMHNleHklMjBsYWNlJTIwcGF0Y2glMjIlMkMlMjJzZW50ZW5jZSUyMiUzQTAlMkMlMjJjaGlsZFNlbnRlbmNlJTIyJTNBMCU3RCU1RCU3RCUyQyU3QiUyMnR5cGUlMjIlM0ElMjJwYXJhZ3JhcGglMjIlMkMlMjJjaGlsZHJlbiUyMiUzQSU1QiU3QiUyMnRleHQlMjIlM0ElMjJBbnRpLXBpdHRpbmclMjBpbnZpc2libGUlMjBicmVhdGhhYmxlJTJDJTIwbGlnaHQlMjBub24td292ZW4lMjBmYWJyaWMlMjBtYXRlcmlhbCUyQyUyMHBhdGNoJTIwZWRnZSUyMHdpdGglMjBsYWNlJTIwYXMlMjBlbWJlbGxpc2htZW50JTJDJTIwbWFrZSUyMHlvdSUyMG1vcmUlMjBzZXh5JTIwZmFzaGlvbiUyMGNoYXJtaW5nJTJDJTIweW91JTIwY2FuJTIwaGlkZSUyMGl0JTIwaW4lMjB5b3VyJTIwc3VzcGVuZGVyJTIwZHJlc3MlMkMlMjBzd2ltc3VpdCUyQyUyMHdlZGRpbmclMjBkcmVzcyUyQyUyMGRvJTIwbm90JTIwd29ycnklMjBhYm91dCUyMGRldyUyMHBvaW50LiUyMiUyQyUyMnNlbnRlbmNlJTIyJTNBMSUyQyUyMmNoaWxkU2VudGVuY2UlMjIlM0ExJTdEJTVEJTdEJTVE\"><span class=\"\" data-slate-node=\"text\"><span data-slate-leaf=\"true\">Anti-corros\u00e3o invis\u00edvel respir\u00e1vel, material de tecido n\u00e3o tecido leve, borda de remendo com renda como enfeite, deixa voc\u00ea mais sexy e charmoso, voc\u00ea pode escond\u00ea-lo em seu vestido suspensor, mai\u00f4, vestido de noiva, n\u00e3o se preocupe com o ponto de orvalho.<\/span><\/span><\/li>\n<\/ul>","protected":false},"excerpt":{"rendered":"<p><span class=\"\" data-slate-node=\"text\"><span data-slate-leaf=\"true\">Coloque nosso adesivo invis\u00edvel redondo de renda de ver\u00e3o para mostrar sua confian\u00e7a e charme. <\/span><\/span><span class=\"\" data-slate-node=\"text\"><span data-slate-leaf=\"true\">Voc\u00ea pode jogar fora o adesivo de leite descart\u00e1vel quando ele acabar para proteger seios sens\u00edveis, o que \u00e9 seguro e sem preocupa\u00e7\u00f5es. <\/span><\/span><span class=\"\" data-slate-node=\"text\" data-slate-fragment=\"JTVCJTdCJTIydHlwZSUyMiUzQSUyMnBhcmFncmFwaCUyMiUyQyUyMmNoaWxkcmVuJTIyJTNBJTVCJTdCJTIydGV4dCUyMiUzQSUyMlB1dCUyMG9uJTIwb3VyJTIwbGFjZSUyMHNleHklMjBtaWxrJTIwc3RpY2tlciUyMHRvJTIwc2hvdyUyMHlvdXIlMjBjb25maWRlbmNlJTIwYW5kJTIwY2hhcm0uJTIwJTIyJTJDJTIyc2VudGVuY2UlMjIlM0EyJTJDJTIyY2hpbGRTZW50ZW5jZSUyMiUzQTElN0QlMkMlN0IlMjJ0ZXh0JTIyJTNBJTIyWW91JTIwY2FuJTIwdGhyb3clMjBhd2F5JTIwdGhlJTIwZGlzcG9zYWJsZSUyMG1pbGslMjBzdGlja2VyJTIwd2hlbiUyMGl0JTIwaXMlMjB1c2VkJTIwdXAlMjB0byUyMHByb3RlY3QlMjBzZW5zaXRpdmUlMjBicmVhc3RzJTJDJTIwd2hpY2glMjBpcyUyMHNhZmUlMjBhbmQlMjB3b3JyeS1mcmVlLiUyMCUyMiUyQyUyMnNlbnRlbmNlJTIyJTNBMiUyQyUyMmNoaWxkU2VudGVuY2UlMjIlM0EyJTdEJTJDJTdCJTIydGV4dCUyMiUzQSUyMlRoZXJlJTIwaXMlMjBubyUyMGdsdWUlMjBpbiUyMHRoZSUyMG1pZGRsZSUyMG9mJTIwdGhlJTIwbWlsayUyMHN0aWNrZXIlMjB0byUyMHByb3RlY3QlMjBzZW5zaXRpdmUlMjBicmVhc3RzJTIwZnJvbSUyMGdsdWUlMjBkYW1hZ2UlMkMlMjBzbyUyMHRoYXQlMjB5b3UlMjBjYW4lMjB1c2UlMjBhbmQlMjBzaG93JTIwd2l0aCUyMG1vcmUlMjBjb25maWRlbmNlLiUyMiUyQyUyMnNlbnRlbmNlJTIyJTNBMiUyQyUyMmNoaWxkU2VudGVuY2UlMjIlM0EzJTdEJTVEJTdEJTVE\"><span data-slate-leaf=\"true\">N\u00e3o h\u00e1 cola no meio do adesivo de leite para proteger os seios sens\u00edveis dos danos da cola, para que voc\u00ea possa usar e mostrar com mais confian\u00e7a.<\/span><\/span><\/p>","protected":false},"featured_media":9521,"comment_status":"open","ping_status":"closed","template":"","meta":{"site-sidebar-layout":"default","site-content-layout":"","ast-site-content-layout":"default","site-content-style":"default","site-sidebar-style":"default","ast-global-header-display":"","ast-banner-title-visibility":"","ast-main-header-display":"","ast-hfb-above-header-display":"","ast-hfb-below-header-display":"","ast-hfb-mobile-header-display":"","site-post-title":"","ast-breadcrumbs-content":"","ast-featured-img":"","footer-sml-layout":"","ast-disable-related-posts":"","theme-transparent-header-meta":"default","adv-header-id-meta":"","stick-header-meta":"default","header-above-stick-meta":"","header-main-stick-meta":"","header-below-stick-meta":"","astra-migrate-meta-layouts":"set","ast-page-background-enabled":"default","ast-page-background-meta":{"desktop":{"background-color":"","background-image":"","background-repeat":"repeat","background-position":"center center","background-size":"auto","background-attachment":"scroll","background-type":"","background-media":"","overlay-type":"","overlay-color":"","overlay-opacity":"","overlay-gradient":""},"tablet":{"background-color":"","background-image":"","background-repeat":"repeat","background-position":"center center","background-size":"auto","background-attachment":"scroll","background-type":"","background-media":"","overlay-type":"","overlay-color":"","overlay-opacity":"","overlay-gradient":""},"mobile":{"background-color":"","background-image":"","background-repeat":"repeat","background-position":"center center","background-size":"auto","background-attachment":"scroll","background-type":"","background-media":"","overlay-type":"","overlay-color":"","overlay-opacity":"","overlay-gradient":""}},"ast-content-background-meta":{"desktop":{"background-color":"var(--ast-global-color-5)","background-image":"","background-repeat":"repeat","background-position":"center center","background-size":"auto","background-attachment":"scroll","background-type":"","background-media":"","overlay-type":"","overlay-color":"","overlay-opacity":"","overlay-gradient":""},"tablet":{"background-color":"var(--ast-global-color-5)","background-image":"","background-repeat":"repeat","background-position":"center center","background-size":"auto","background-attachment":"scroll","background-type":"","background-media":"","overlay-type":"","overlay-color":"","overlay-opacity":"","overlay-gradient":""},"mobile":{"background-color":"var(--ast-global-color-5)","background-image":"","background-repeat":"repeat","background-position":"center center","background-size":"auto","background-attachment":"scroll","background-type":"","background-media":"","overlay-type":"","overlay-color":"","overlay-opacity":"","overlay-gradient":""}}},"product_brand":[],"product_cat":[65,76,259,584],"product_tag":[603,721,499,718,707,473,723,720,722,145,719],"class_list":{"0":"post-9520","1":"product","2":"type-product","3":"status-publish","4":"has-post-thumbnail","6":"product_cat-best-sellers","7":"product_cat-new-arrivels","8":"product_cat-lingerie","9":"product_cat-adhesive-bras","10":"product_tag-adhesive","11":"product_tag-breast-patch","12":"product_tag-confidence","13":"product_tag-disposable","14":"product_tag-invisible","15":"product_tag-lace","16":"product_tag-portable","17":"product_tag-round","18":"product_tag-sensitive","19":"product_tag-sexy","20":"product_tag-unique-design","21":"pa_color-black","22":"pa_color-skin","23":"pa_size-6-5cm","24":"desktop-align-center","25":"tablet-align-left","26":"mobile-align-left","27":"ast-product-gallery-layout-horizontal-slider","28":"ast-product-single-variable","29":"ast-product-tabs-layout-horizontal","30":"ast-qv-on-image","32":"first","33":"instock","34":"shipping-taxable","35":"purchasable","36":"product-type-variable"},"tiered_pricing_type":"fixed","tiered_pricing_fixed_rules":{"10":0.65,"50":0.55,"100":0.5},"tiered_pricing_product_settings":{"layout":"default","base_unit_name":{"singular":null,"plural":null},"default_variation":null},"tiered_pricing_minimum_quantity":null,"tiered_pricing_roles_data":[],"tiered_pricing_percentage_rules":[],"_links":{"self":[{"href":"https:\/\/yume-silm.com\/pt\/wp-json\/wp\/v2\/product\/9520","targetHints":{"allow":["GET"]}}],"collection":[{"href":"https:\/\/yume-silm.com\/pt\/wp-json\/wp\/v2\/product"}],"about":[{"href":"https:\/\/yume-silm.com\/pt\/wp-json\/wp\/v2\/types\/product"}],"replies":[{"embeddable":true,"href":"https:\/\/yume-silm.com\/pt\/wp-json\/wp\/v2\/comments?post=9520"}],"wp:featuredmedia":[{"embeddable":true,"href":"https:\/\/yume-silm.com\/pt\/wp-json\/wp\/v2\/media\/9521"}],"wp:attachment":[{"href":"https:\/\/yume-silm.com\/pt\/wp-json\/wp\/v2\/media?parent=9520"}],"wp:term":[{"taxonomy":"product_brand","embeddable":true,"href":"https:\/\/yume-silm.com\/pt\/wp-json\/wp\/v2\/product_brand?post=9520"},{"taxonomy":"product_cat","embeddable":true,"href":"https:\/\/yume-silm.com\/pt\/wp-json\/wp\/v2\/product_cat?post=9520"},{"taxonomy":"product_tag","embeddable":true,"href":"https:\/\/yume-silm.com\/pt\/wp-json\/wp\/v2\/product_tag?post=9520"}],"curies":[{"name":"wp","href":"https:\/\/api.w.org\/{rel}","templated":true}]}}