{"id":9652,"date":"2024-07-27T07:40:28","date_gmt":"2024-07-27T07:40:28","guid":{"rendered":"https:\/\/yume-silm.com\/?post_type=product&#038;p=9652"},"modified":"2025-05-26T00:36:28","modified_gmt":"2025-05-26T00:36:28","slug":"shorts-femininos-de-ioga-com-cintura-alta-e-levantamento-de-quadril","status":"publish","type":"product","link":"https:\/\/yume-silm.com\/pt\/produto\/shorts-femininos-de-ioga-com-cintura-alta-e-levantamento-de-quadril\/","title":{"rendered":"Shorts femininos de ioga com cintura alta e cintura alta para levantamento de quadril"},"content":{"rendered":"<h5>Caracter\u00edsticas de design<\/h5>\n<ul>\n<li><strong>CAL\u00c7AS DE IOGA COM BARRIGA DE CINTURA ALTA<\/strong>: Estes shorts femininos de ioga com cintura alta e levantamento de quadril t\u00eam cintura alta com cinto el\u00e1stico, projetados para ficarem planos na pele e no abd\u00f4men, podem apertar melhor a gordura entre a cintura e o abd\u00f4men, criar curvas suaves, contornos atraentes e modelagem de eleva\u00e7\u00e3o do quadril<\/li>\n<li><strong>DESIGN PLISSADO<\/strong>::Estes shorts femininos de ioga com cintura alta e levantamento de quadril t\u00eam um efeito de levantamento de quadril para criar um perfil atraente, ajud\u00e1-lo a ter um quadril cor de p\u00eassego e fazer voc\u00ea parecer mais sexy e atraente.<\/li>\n<li><strong>CONFORTO MATERIAL<\/strong>: A combina\u00e7\u00e3o de n\u00e1ilon e spandex cria um tecido muito el\u00e1stico e confort\u00e1vel que pode se mover com voc\u00ea durante o exerc\u00edcio.<\/li>\n<li><strong>OCASI\u00c3O<\/strong>: Esses shorts de ioga s\u00e3o vers\u00e1teis e pr\u00e1ticos, ideais para atividades de ioga, corrida, ciclismo, fitness, dan\u00e7a e lazer.<\/li>\n<\/ul>\n<p><a href=\"https:\/\/yume-silm.com\/wp-content\/uploads\/2024\/07\/Womens-Tie-Dye-High-Waist-Hip-Lifting-Yoga-Shorts-.png\"><img fetchpriority=\"high\" decoding=\"async\" class=\"alignnone wp-image-9653 size-medium\" src=\"https:\/\/yume-silm.com\/wp-content\/uploads\/2024\/07\/Womens-Tie-Dye-High-Waist-Hip-Lifting-Yoga-Shorts--300x300.png\" alt=\"shorts de ioga femininos tie dye cintura alta levantamento de quadril\" width=\"300\" height=\"300\" title=\"\" srcset=\"https:\/\/yume-silm.com\/wp-content\/uploads\/2024\/07\/Womens-Tie-Dye-High-Waist-Hip-Lifting-Yoga-Shorts--300x300.png 300w, https:\/\/yume-silm.com\/wp-content\/uploads\/2024\/07\/Womens-Tie-Dye-High-Waist-Hip-Lifting-Yoga-Shorts--150x150.png 150w, https:\/\/yume-silm.com\/wp-content\/uploads\/2024\/07\/Womens-Tie-Dye-High-Waist-Hip-Lifting-Yoga-Shorts--768x768.png 768w, https:\/\/yume-silm.com\/wp-content\/uploads\/2024\/07\/Womens-Tie-Dye-High-Waist-Hip-Lifting-Yoga-Shorts--12x12.png 12w, https:\/\/yume-silm.com\/wp-content\/uploads\/2024\/07\/Womens-Tie-Dye-High-Waist-Hip-Lifting-Yoga-Shorts--100x100.png 100w, https:\/\/yume-silm.com\/wp-content\/uploads\/2024\/07\/Womens-Tie-Dye-High-Waist-Hip-Lifting-Yoga-Shorts-.png 800w\" sizes=\"(max-width: 300px) 100vw, 300px\" \/><\/a><\/p>\n<h6><em>Shorts femininos de ioga tie-dye de cintura alta para levantamento de quadril<\/em><\/h6>\n<ul>\n<li><span data-slate-fragment=\"JTVCJTdCJTIydHlwZSUyMiUzQSUyMnBhcmFncmFwaCUyMiUyQyUyMmNoaWxkcmVuJTIyJTNBJTVCJTdCJTIydGV4dCUyMiUzQSUyMlRoaXMlMjB3b21lbidzJTIwdGllLWR5ZSUyMGhpZ2gtd2Fpc3RlZCUyMGhpcC1saWZ0aW5nJTIweW9nYSUyMHNob3J0cyUyQyUyMGElMjB2YXJpZXR5JTIwb2YlMjBjb2xvciUyMG9wdGlvbnMlMkMlMjB1c2luZyUyMHN1cGVyJTIwc29mdCUyQyUyMGJyZWF0aGFibGUlMjBmYWJyaWNzJTJDJTIwaGlnaC13YWlzdGVkJTIwZGVzaWduJTIwY2FuJTIwY3JlYXRlJTIwYSUyMHNtb290aCUyMGN1cnZlJTIwYW5kJTIwcGxlYXRlZCUyMGRlc2lnbiUyMGZvciUyMHlvdSUyQyUyMHdoaWNoJTIwY2FuJTIwcXVpY2tseSUyMGhlbHAlMjB5b3UlMjBoYXZlJTIwcGVhY2glMjBidXR0b2NrcyUyMGFuZCUyMG1ha2UlMjB5b3UlMjBsb29rJTIwbW9yZSUyMHNleHklMjBhbmQlMjBjaGFybWluZy4lMjIlMkMlMjJzZW50ZW5jZSUyMiUzQTAlMkMlMjJjaGlsZFNlbnRlbmNlJTIyJTNBMCU3RCU1RCU3RCU1RA==\">Tem uma variedade de op\u00e7\u00f5es de cores, usando tecidos supermacios e respir\u00e1veis, o design de cintura alta pode criar uma curva suave e design plissado para voc\u00ea, o que pode ajud\u00e1-lo rapidamente a ter n\u00e1degas cor de p\u00eassego e fazer voc\u00ea parecer mais sexy e charmosa.<\/span><\/li>\n<\/ul>","protected":false},"excerpt":{"rendered":"<p>Estes shorts femininos de ioga com cintura alta e levantamento de quadril apresentam um design sem costura e costas sem costura em forma de V. A combina\u00e7\u00e3o de n\u00e1ilon e spandex esfria a parte superior do corpo e permite que voc\u00ea se exercite com mais liberdade.<\/p>","protected":false},"featured_media":9682,"comment_status":"open","ping_status":"closed","template":"","meta":{"site-sidebar-layout":"default","site-content-layout":"","ast-site-content-layout":"default","site-content-style":"default","site-sidebar-style":"default","ast-global-header-display":"","ast-banner-title-visibility":"","ast-main-header-display":"","ast-hfb-above-header-display":"","ast-hfb-below-header-display":"","ast-hfb-mobile-header-display":"","site-post-title":"","ast-breadcrumbs-content":"","ast-featured-img":"","footer-sml-layout":"","ast-disable-related-posts":"","theme-transparent-header-meta":"default","adv-header-id-meta":"","stick-header-meta":"default","header-above-stick-meta":"","header-main-stick-meta":"","header-below-stick-meta":"","astra-migrate-meta-layouts":"set","ast-page-background-enabled":"default","ast-page-background-meta":{"desktop":{"background-color":"","background-image":"","background-repeat":"repeat","background-position":"center center","background-size":"auto","background-attachment":"scroll","background-type":"","background-media":"","overlay-type":"","overlay-color":"","overlay-opacity":"","overlay-gradient":""},"tablet":{"background-color":"","background-image":"","background-repeat":"repeat","background-position":"center center","background-size":"auto","background-attachment":"scroll","background-type":"","background-media":"","overlay-type":"","overlay-color":"","overlay-opacity":"","overlay-gradient":""},"mobile":{"background-color":"","background-image":"","background-repeat":"repeat","background-position":"center center","background-size":"auto","background-attachment":"scroll","background-type":"","background-media":"","overlay-type":"","overlay-color":"","overlay-opacity":"","overlay-gradient":""}},"ast-content-background-meta":{"desktop":{"background-color":"var(--ast-global-color-5)","background-image":"","background-repeat":"repeat","background-position":"center center","background-size":"auto","background-attachment":"scroll","background-type":"","background-media":"","overlay-type":"","overlay-color":"","overlay-opacity":"","overlay-gradient":""},"tablet":{"background-color":"var(--ast-global-color-5)","background-image":"","background-repeat":"repeat","background-position":"center center","background-size":"auto","background-attachment":"scroll","background-type":"","background-media":"","overlay-type":"","overlay-color":"","overlay-opacity":"","overlay-gradient":""},"mobile":{"background-color":"var(--ast-global-color-5)","background-image":"","background-repeat":"repeat","background-position":"center center","background-size":"auto","background-attachment":"scroll","background-type":"","background-media":"","overlay-type":"","overlay-color":"","overlay-opacity":"","overlay-gradient":""}}},"product_brand":[],"product_cat":[65,76,734,736],"product_tag":[731,492,675,646,759,139,679,491,145,749,654,760,681],"class_list":{"0":"post-9652","1":"product","2":"type-product","3":"status-publish","4":"has-post-thumbnail","6":"product_cat-best-sellers","7":"product_cat-new-arrivels","8":"product_cat-yoga-suits","9":"product_cat-yoga-shorts","10":"product_tag-attractive","11":"product_tag-breathable","12":"product_tag-charming","13":"product_tag-comfortable","14":"product_tag-free","15":"product_tag-high-waist","16":"product_tag-hip-lifter","17":"product_tag-seamless","18":"product_tag-sexy","19":"product_tag-tie-dye","20":"product_tag-tight","21":"product_tag-v-shaped","22":"product_tag-yoga-short","23":"pa_color-black","24":"pa_color-grey-and-black","25":"pa_color-blackwhite","26":"pa_color-brown","27":"pa_color-dark-grey","28":"pa_color-gray","29":"pa_color-light-grey","30":"pa_color-navy","31":"pa_size-l","32":"pa_size-m","33":"pa_size-s","34":"desktop-align-center","35":"tablet-align-left","36":"mobile-align-left","37":"ast-product-gallery-layout-horizontal-slider","38":"ast-product-single-variable","39":"ast-product-tabs-layout-horizontal","40":"ast-qv-on-image","42":"first","43":"instock","44":"shipping-taxable","45":"purchasable","46":"product-type-variable"},"tiered_pricing_type":"fixed","tiered_pricing_fixed_rules":{"5":4.15,"50":3.65,"100":3.2},"tiered_pricing_product_settings":{"layout":"default","base_unit_name":{"singular":null,"plural":null},"default_variation":null},"tiered_pricing_minimum_quantity":null,"tiered_pricing_roles_data":[],"tiered_pricing_percentage_rules":[],"_links":{"self":[{"href":"https:\/\/yume-silm.com\/pt\/wp-json\/wp\/v2\/product\/9652","targetHints":{"allow":["GET"]}}],"collection":[{"href":"https:\/\/yume-silm.com\/pt\/wp-json\/wp\/v2\/product"}],"about":[{"href":"https:\/\/yume-silm.com\/pt\/wp-json\/wp\/v2\/types\/product"}],"replies":[{"embeddable":true,"href":"https:\/\/yume-silm.com\/pt\/wp-json\/wp\/v2\/comments?post=9652"}],"wp:featuredmedia":[{"embeddable":true,"href":"https:\/\/yume-silm.com\/pt\/wp-json\/wp\/v2\/media\/9682"}],"wp:attachment":[{"href":"https:\/\/yume-silm.com\/pt\/wp-json\/wp\/v2\/media?parent=9652"}],"wp:term":[{"taxonomy":"product_brand","embeddable":true,"href":"https:\/\/yume-silm.com\/pt\/wp-json\/wp\/v2\/product_brand?post=9652"},{"taxonomy":"product_cat","embeddable":true,"href":"https:\/\/yume-silm.com\/pt\/wp-json\/wp\/v2\/product_cat?post=9652"},{"taxonomy":"product_tag","embeddable":true,"href":"https:\/\/yume-silm.com\/pt\/wp-json\/wp\/v2\/product_tag?post=9652"}],"curies":[{"name":"wp","href":"https:\/\/api.w.org\/{rel}","templated":true}]}}