{"id":9757,"date":"2024-07-29T04:00:03","date_gmt":"2024-07-29T04:00:03","guid":{"rendered":"https:\/\/yume-silm.com\/?post_type=product&#038;p=9757"},"modified":"2025-05-26T00:44:08","modified_gmt":"2025-05-26T00:44:08","slug":"shorts-femininos-de-ioga-com-controle-de-barriga-tie-dye","status":"publish","type":"product","link":"https:\/\/yume-silm.com\/pt\/produto\/shorts-femininos-de-ioga-com-controle-de-barriga-tie-dye\/","title":{"rendered":"Shorts femininos de ioga com controle de barriga tie-dye"},"content":{"rendered":"<h5>Caracter\u00edsticas de design<\/h5>\n<ul>\n<li><strong>CAL\u00c7AS DE IOGA COM BARRIGA DE CINTURA ALTA<\/strong>: Esses shorts femininos de ioga com controle de barriga tie-dye t\u00eam cintura alta com cinto el\u00e1stico, projetados para ficarem planos na pele e no abd\u00f4men, podem apertar melhor a gordura entre a cintura e o abd\u00f4men, criar curvas suaves, contornos atraentes e modelagem de eleva\u00e7\u00e3o do quadril<\/li>\n<li><strong>DESIGN PLISSADO<\/strong>:: Estes shorts femininos de ioga com controle de barriga tie-dye t\u00eam um efeito de eleva\u00e7\u00e3o do quadril para criar um perfil atraente, ajudam voc\u00ea a ter um quadril cor de p\u00eassego e fazem voc\u00ea parecer mais sexy e atraente.<\/li>\n<li><strong>CONFORTO MATERIAL<\/strong>: A combina\u00e7\u00e3o de n\u00e1ilon e spandex cria um tecido muito el\u00e1stico e confort\u00e1vel que pode se mover com voc\u00ea durante o exerc\u00edcio.<\/li>\n<li><strong>OCASI\u00c3O<\/strong>: Esses shorts de ioga s\u00e3o vers\u00e1teis e pr\u00e1ticos, ideais para atividades de ioga, corrida, ciclismo, fitness, dan\u00e7a e lazer.<\/li>\n<\/ul>\n<h6><a href=\"https:\/\/yume-silm.com\/wp-content\/uploads\/2024\/07\/Womens-Tie-Dye-Tummy-Control-Yoga-Shorts-dark-green.jpg\"><img fetchpriority=\"high\" decoding=\"async\" class=\"alignnone wp-image-9758 size-medium\" src=\"https:\/\/yume-silm.com\/wp-content\/uploads\/2024\/07\/Womens-Tie-Dye-Tummy-Control-Yoga-Shorts-dark-green-300x300.jpg\" alt=\"shorts de ioga com controle de barriga tie dye feminino\" width=\"300\" height=\"300\" title=\"\" srcset=\"https:\/\/yume-silm.com\/wp-content\/uploads\/2024\/07\/Womens-Tie-Dye-Tummy-Control-Yoga-Shorts-dark-green-300x300.jpg 300w, https:\/\/yume-silm.com\/wp-content\/uploads\/2024\/07\/Womens-Tie-Dye-Tummy-Control-Yoga-Shorts-dark-green-150x150.jpg 150w, https:\/\/yume-silm.com\/wp-content\/uploads\/2024\/07\/Womens-Tie-Dye-Tummy-Control-Yoga-Shorts-dark-green-768x768.jpg 768w, https:\/\/yume-silm.com\/wp-content\/uploads\/2024\/07\/Womens-Tie-Dye-Tummy-Control-Yoga-Shorts-dark-green-12x12.jpg 12w, https:\/\/yume-silm.com\/wp-content\/uploads\/2024\/07\/Womens-Tie-Dye-Tummy-Control-Yoga-Shorts-dark-green-100x100.jpg 100w, https:\/\/yume-silm.com\/wp-content\/uploads\/2024\/07\/Womens-Tie-Dye-Tummy-Control-Yoga-Shorts-dark-green.jpg 800w\" sizes=\"(max-width: 300px) 100vw, 300px\" \/><\/a><\/h6>\n<h6><em>Shorts femininos de ioga tie-dye de cintura alta para levantamento de quadril<\/em><\/h6>\n<ul>\n<li><span data-slate-fragment=\"JTVCJTdCJTIydHlwZSUyMiUzQSUyMnBhcmFncmFwaCUyMiUyQyUyMmNoaWxkcmVuJTIyJTNBJTVCJTdCJTIydGV4dCUyMiUzQSUyMlRoaXMlMjB3b21lbidzJTIwdGllLWR5ZSUyMGhpZ2gtd2Fpc3RlZCUyMGhpcC1saWZ0aW5nJTIweW9nYSUyMHNob3J0cyUyQyUyMGElMjB2YXJpZXR5JTIwb2YlMjBjb2xvciUyMG9wdGlvbnMlMkMlMjB1c2luZyUyMHN1cGVyJTIwc29mdCUyQyUyMGJyZWF0aGFibGUlMjBmYWJyaWNzJTJDJTIwaGlnaC13YWlzdGVkJTIwZGVzaWduJTIwY2FuJTIwY3JlYXRlJTIwYSUyMHNtb290aCUyMGN1cnZlJTIwYW5kJTIwcGxlYXRlZCUyMGRlc2lnbiUyMGZvciUyMHlvdSUyQyUyMHdoaWNoJTIwY2FuJTIwcXVpY2tseSUyMGhlbHAlMjB5b3UlMjBoYXZlJTIwcGVhY2glMjBidXR0b2NrcyUyMGFuZCUyMG1ha2UlMjB5b3UlMjBsb29rJTIwbW9yZSUyMHNleHklMjBhbmQlMjBjaGFybWluZy4lMjIlMkMlMjJzZW50ZW5jZSUyMiUzQTAlMkMlMjJjaGlsZFNlbnRlbmNlJTIyJTNBMCU3RCU1RCU3RCU1RA==\">Tem uma variedade de op\u00e7\u00f5es de cores, usando tecidos supermacios e respir\u00e1veis, o design de cintura alta pode criar uma curva suave e design plissado para voc\u00ea, o que pode ajud\u00e1-lo rapidamente a ter n\u00e1degas cor de p\u00eassego e fazer voc\u00ea parecer mais sexy e charmosa.<\/span><\/li>\n<\/ul>","protected":false},"excerpt":{"rendered":"<p>Estes shorts femininos de ioga com controle de barriga tie-dye apresentam um design sem costura e costas sem costura em forma de V. A combina\u00e7\u00e3o de n\u00e1ilon e spandex esfria a parte superior do corpo e permite que voc\u00ea se exercite com mais liberdade.<\/p>","protected":false},"featured_media":9760,"comment_status":"open","ping_status":"closed","template":"","meta":{"site-sidebar-layout":"default","site-content-layout":"","ast-site-content-layout":"default","site-content-style":"default","site-sidebar-style":"default","ast-global-header-display":"","ast-banner-title-visibility":"","ast-main-header-display":"","ast-hfb-above-header-display":"","ast-hfb-below-header-display":"","ast-hfb-mobile-header-display":"","site-post-title":"","ast-breadcrumbs-content":"","ast-featured-img":"","footer-sml-layout":"","ast-disable-related-posts":"","theme-transparent-header-meta":"default","adv-header-id-meta":"","stick-header-meta":"default","header-above-stick-meta":"","header-main-stick-meta":"","header-below-stick-meta":"","astra-migrate-meta-layouts":"set","ast-page-background-enabled":"default","ast-page-background-meta":{"desktop":{"background-color":"","background-image":"","background-repeat":"repeat","background-position":"center center","background-size":"auto","background-attachment":"scroll","background-type":"","background-media":"","overlay-type":"","overlay-color":"","overlay-opacity":"","overlay-gradient":""},"tablet":{"background-color":"","background-image":"","background-repeat":"repeat","background-position":"center center","background-size":"auto","background-attachment":"scroll","background-type":"","background-media":"","overlay-type":"","overlay-color":"","overlay-opacity":"","overlay-gradient":""},"mobile":{"background-color":"","background-image":"","background-repeat":"repeat","background-position":"center center","background-size":"auto","background-attachment":"scroll","background-type":"","background-media":"","overlay-type":"","overlay-color":"","overlay-opacity":"","overlay-gradient":""}},"ast-content-background-meta":{"desktop":{"background-color":"var(--ast-global-color-5)","background-image":"","background-repeat":"repeat","background-position":"center center","background-size":"auto","background-attachment":"scroll","background-type":"","background-media":"","overlay-type":"","overlay-color":"","overlay-opacity":"","overlay-gradient":""},"tablet":{"background-color":"var(--ast-global-color-5)","background-image":"","background-repeat":"repeat","background-position":"center center","background-size":"auto","background-attachment":"scroll","background-type":"","background-media":"","overlay-type":"","overlay-color":"","overlay-opacity":"","overlay-gradient":""},"mobile":{"background-color":"var(--ast-global-color-5)","background-image":"","background-repeat":"repeat","background-position":"center center","background-size":"auto","background-attachment":"scroll","background-type":"","background-media":"","overlay-type":"","overlay-color":"","overlay-opacity":"","overlay-gradient":""}}},"product_brand":[],"product_cat":[65,76,734,736],"product_tag":[731,492,675,759,768,659,491,145,749,500,760,681],"class_list":{"0":"post-9757","1":"product","2":"type-product","3":"status-publish","4":"has-post-thumbnail","6":"product_cat-best-sellers","7":"product_cat-new-arrivels","8":"product_cat-yoga-suits","9":"product_cat-yoga-shorts","10":"product_tag-attractive","11":"product_tag-breathable","12":"product_tag-charming","13":"product_tag-free","14":"product_tag-highwaist","15":"product_tag-hip-lift","16":"product_tag-seamless","17":"product_tag-sexy","18":"product_tag-tie-dye","19":"product_tag-tummy-control","20":"product_tag-v-shaped","21":"product_tag-yoga-short","22":"pa_color-dark-green","23":"pa_color-green","24":"pa_color-light-green","25":"pa_color-yellow","26":"pa_color-yellow-and-white","27":"pa_size-l","28":"pa_size-m","29":"pa_size-s","30":"desktop-align-center","31":"tablet-align-left","32":"mobile-align-left","33":"ast-product-gallery-layout-horizontal-slider","34":"ast-product-single-variable","35":"ast-product-tabs-layout-horizontal","36":"ast-qv-on-image","38":"first","39":"instock","40":"shipping-taxable","41":"purchasable","42":"product-type-variable"},"tiered_pricing_type":"fixed","tiered_pricing_fixed_rules":{"5":4.15,"50":3.65,"100":3.2},"tiered_pricing_product_settings":{"layout":"default","base_unit_name":{"singular":null,"plural":null},"default_variation":null},"tiered_pricing_minimum_quantity":null,"tiered_pricing_roles_data":[],"tiered_pricing_percentage_rules":[],"_links":{"self":[{"href":"https:\/\/yume-silm.com\/pt\/wp-json\/wp\/v2\/product\/9757","targetHints":{"allow":["GET"]}}],"collection":[{"href":"https:\/\/yume-silm.com\/pt\/wp-json\/wp\/v2\/product"}],"about":[{"href":"https:\/\/yume-silm.com\/pt\/wp-json\/wp\/v2\/types\/product"}],"replies":[{"embeddable":true,"href":"https:\/\/yume-silm.com\/pt\/wp-json\/wp\/v2\/comments?post=9757"}],"wp:featuredmedia":[{"embeddable":true,"href":"https:\/\/yume-silm.com\/pt\/wp-json\/wp\/v2\/media\/9760"}],"wp:attachment":[{"href":"https:\/\/yume-silm.com\/pt\/wp-json\/wp\/v2\/media?parent=9757"}],"wp:term":[{"taxonomy":"product_brand","embeddable":true,"href":"https:\/\/yume-silm.com\/pt\/wp-json\/wp\/v2\/product_brand?post=9757"},{"taxonomy":"product_cat","embeddable":true,"href":"https:\/\/yume-silm.com\/pt\/wp-json\/wp\/v2\/product_cat?post=9757"},{"taxonomy":"product_tag","embeddable":true,"href":"https:\/\/yume-silm.com\/pt\/wp-json\/wp\/v2\/product_tag?post=9757"}],"curies":[{"name":"wp","href":"https:\/\/api.w.org\/{rel}","templated":true}]}}