{"id":9790,"date":"2024-07-31T09:13:33","date_gmt":"2024-07-31T09:13:33","guid":{"rendered":"https:\/\/yume-silm.com\/?post_type=product&#038;p=9790"},"modified":"2024-08-01T01:34:42","modified_gmt":"2024-08-01T01:34:42","slug":"leggings-elasticas-de-ioga-de-cintura-alta-para-mulheres","status":"publish","type":"product","link":"https:\/\/yume-silm.com\/pt\/produto\/leggings-elasticas-de-ioga-de-cintura-alta-para-mulheres\/","title":{"rendered":"Leggings femininas el\u00e1sticas de cintura alta para ioga"},"content":{"rendered":"<h5>Caracter\u00edsticas de design<\/h5>\n<ul>\n<li><strong>PROJETO DE ALTA ELASTICIDADE:<\/strong> As leggings femininas el\u00e1sticas de cintura alta para ioga adotam um design de alta elasticidade, moderno e generoso, com camadas sexy e elegantes, o design sem costura proporciona conforto ideal durante ioga e exerc\u00edcios.<\/li>\n<li><strong>PROJETO DE CINTURA ALTA:<\/strong>O design de cintura alta nos quadris e na cintura da barriga pode adicionar um destaque moderno \u00e0 bela vers\u00e3o, ajudando voc\u00ea a se tornar o foco da moda, e o tecido supermacio pode se ajustar perfeitamente \u00e0 curva do seu corpo, sempre mantendo sua figura sexy perfeita.<\/li>\n<li><strong>ABSOR\u00c7\u00c3O DE UMIDADE:<\/strong> Tecido respir\u00e1vel, macio e el\u00e1stico proporciona cobertura total e boa respirabilidade. Ao mesmo tempo, o design de cintura alta aperta os quadris e o abd\u00f4men sem expor o abd\u00f4men, destacando a curva perfeita do seu corpo.<\/li>\n<li><strong>OCASI\u00c3O:<\/strong> Quer voc\u00ea esteja praticando esportes ou brincando com os amigos, o tecido respir\u00e1vel e super el\u00e1stico vai fazer voc\u00ea se sentir relaxado, perfeito para ioga, corrida, academia, qualquer tipo de esporte, qualquer esta\u00e7\u00e3o do ano ou uso di\u00e1rio.<\/li>\n<\/ul>\n<h6><a href=\"https:\/\/yume-silm.com\/wp-content\/uploads\/2024\/07\/Womens-Stretchy-High-Waist-Yoga-Leggings-1.jpg\"><img fetchpriority=\"high\" decoding=\"async\" class=\"alignnone wp-image-9792 size-medium\" src=\"https:\/\/yume-silm.com\/wp-content\/uploads\/2024\/07\/Womens-Stretchy-High-Waist-Yoga-Leggings-1-300x300.jpg\" alt=\"leggings femininas de ioga de cintura alta el\u00e1stica \" width=\"300\" height=\"300\" title=\"\" srcset=\"https:\/\/yume-silm.com\/wp-content\/uploads\/2024\/07\/Womens-Stretchy-High-Waist-Yoga-Leggings-1-300x300.jpg 300w, https:\/\/yume-silm.com\/wp-content\/uploads\/2024\/07\/Womens-Stretchy-High-Waist-Yoga-Leggings-1-150x150.jpg 150w, https:\/\/yume-silm.com\/wp-content\/uploads\/2024\/07\/Womens-Stretchy-High-Waist-Yoga-Leggings-1-768x768.jpg 768w, https:\/\/yume-silm.com\/wp-content\/uploads\/2024\/07\/Womens-Stretchy-High-Waist-Yoga-Leggings-1-12x12.jpg 12w, https:\/\/yume-silm.com\/wp-content\/uploads\/2024\/07\/Womens-Stretchy-High-Waist-Yoga-Leggings-1-100x100.jpg 100w, https:\/\/yume-silm.com\/wp-content\/uploads\/2024\/07\/Womens-Stretchy-High-Waist-Yoga-Leggings-1.jpg 800w\" sizes=\"(max-width: 300px) 100vw, 300px\" \/><\/a><a href=\"https:\/\/yume-silm.com\/wp-content\/uploads\/2024\/07\/Womens-Stretchy-High-Waist-Yoga-Leggings-2.jpg\"><img decoding=\"async\" class=\"alignnone wp-image-9793 size-medium\" src=\"https:\/\/yume-silm.com\/wp-content\/uploads\/2024\/07\/Womens-Stretchy-High-Waist-Yoga-Leggings-2-300x300.jpg\" alt=\"leggings femininas de ioga de cintura alta el\u00e1stica\" width=\"300\" height=\"300\" title=\"\" srcset=\"https:\/\/yume-silm.com\/wp-content\/uploads\/2024\/07\/Womens-Stretchy-High-Waist-Yoga-Leggings-2-300x300.jpg 300w, https:\/\/yume-silm.com\/wp-content\/uploads\/2024\/07\/Womens-Stretchy-High-Waist-Yoga-Leggings-2-150x150.jpg 150w, https:\/\/yume-silm.com\/wp-content\/uploads\/2024\/07\/Womens-Stretchy-High-Waist-Yoga-Leggings-2-768x768.jpg 768w, https:\/\/yume-silm.com\/wp-content\/uploads\/2024\/07\/Womens-Stretchy-High-Waist-Yoga-Leggings-2-12x12.jpg 12w, https:\/\/yume-silm.com\/wp-content\/uploads\/2024\/07\/Womens-Stretchy-High-Waist-Yoga-Leggings-2-100x100.jpg 100w, https:\/\/yume-silm.com\/wp-content\/uploads\/2024\/07\/Womens-Stretchy-High-Waist-Yoga-Leggings-2.jpg 800w\" sizes=\"(max-width: 300px) 100vw, 300px\" \/><\/a><\/h6>\n<h6><em>Cal\u00e7as femininas de ioga para barriga e quadril<\/em><\/h6>\n<ul>\n<li>Esta legging el\u00e1stica de cintura alta para ioga feminina tem um cinto largo, que pode controlar melhor seu abd\u00f4men. Ao mesmo tempo, adota tecnologia de tric\u00f4 4D sem costura para comprimir e apertar o corpo. Pode ser constantemente enrolado no corpo durante o exerc\u00edcio, n\u00e3o fica solto, escorrega e evita constrangimentos. Deixe voc\u00ea mais confiante.<\/li>\n<\/ul>","protected":false},"excerpt":{"rendered":"<p>Estas leggings femininas el\u00e1sticas de cintura alta para ioga podem se ajustar perfeitamente \u00e0 curva da sua figura, cintura alta, abd\u00f4men e design de eleva\u00e7\u00e3o do quadril podem sempre manter uma figura perfeita para voc\u00ea, qualquer roupa combinando, n\u00e3o haver\u00e1 perspectiva, use-a, deixe voc\u00ea se tornar seu monitor de figura .<\/p>","protected":false},"featured_media":9791,"comment_status":"open","ping_status":"closed","template":"","meta":{"site-sidebar-layout":"default","site-content-layout":"","ast-site-content-layout":"default","site-content-style":"default","site-sidebar-style":"default","ast-global-header-display":"","ast-banner-title-visibility":"","ast-main-header-display":"","ast-hfb-above-header-display":"","ast-hfb-below-header-display":"","ast-hfb-mobile-header-display":"","site-post-title":"","ast-breadcrumbs-content":"","ast-featured-img":"","footer-sml-layout":"","ast-disable-related-posts":"","theme-transparent-header-meta":"default","adv-header-id-meta":"","stick-header-meta":"default","header-above-stick-meta":"","header-main-stick-meta":"","header-below-stick-meta":"","astra-migrate-meta-layouts":"set","ast-page-background-enabled":"default","ast-page-background-meta":{"desktop":{"background-color":"","background-image":"","background-repeat":"repeat","background-position":"center center","background-size":"auto","background-attachment":"scroll","background-type":"","background-media":"","overlay-type":"","overlay-color":"","overlay-opacity":"","overlay-gradient":""},"tablet":{"background-color":"","background-image":"","background-repeat":"repeat","background-position":"center center","background-size":"auto","background-attachment":"scroll","background-type":"","background-media":"","overlay-type":"","overlay-color":"","overlay-opacity":"","overlay-gradient":""},"mobile":{"background-color":"","background-image":"","background-repeat":"repeat","background-position":"center center","background-size":"auto","background-attachment":"scroll","background-type":"","background-media":"","overlay-type":"","overlay-color":"","overlay-opacity":"","overlay-gradient":""}},"ast-content-background-meta":{"desktop":{"background-color":"var(--ast-global-color-5)","background-image":"","background-repeat":"repeat","background-position":"center center","background-size":"auto","background-attachment":"scroll","background-type":"","background-media":"","overlay-type":"","overlay-color":"","overlay-opacity":"","overlay-gradient":""},"tablet":{"background-color":"var(--ast-global-color-5)","background-image":"","background-repeat":"repeat","background-position":"center center","background-size":"auto","background-attachment":"scroll","background-type":"","background-media":"","overlay-type":"","overlay-color":"","overlay-opacity":"","overlay-gradient":""},"mobile":{"background-color":"var(--ast-global-color-5)","background-image":"","background-repeat":"repeat","background-position":"center center","background-size":"auto","background-attachment":"scroll","background-type":"","background-media":"","overlay-type":"","overlay-color":"","overlay-opacity":"","overlay-gradient":""}}},"product_brand":[],"product_cat":[734,65,76,737],"product_tag":[662,663,492,777,701,460,773,776,145,687,775,774],"class_list":{"0":"post-9790","1":"product","2":"type-product","3":"status-publish","4":"has-post-thumbnail","6":"product_cat-yoga-suits","7":"product_cat-best-sellers","8":"product_cat-new-arrivels","9":"product_cat-yoga-leggings","10":"product_tag-abdominal","11":"product_tag-belly","12":"product_tag-breathable","13":"product_tag-confident","14":"product_tag-fashionable","15":"product_tag-high-elasticity","16":"product_tag-high-wasit","17":"product_tag-highlight","18":"product_tag-sexy","19":"product_tag-soft","20":"product_tag-stretchy","21":"product_tag-yoga-legging","22":"pa_color-armygreen","23":"pa_color-claret","24":"pa_color-purple","25":"pa_color-watermelon-red","26":"pa_color-yellow","27":"pa_size-l","28":"pa_size-m","29":"pa_size-s","30":"desktop-align-center","31":"tablet-align-left","32":"mobile-align-left","33":"ast-product-gallery-layout-horizontal-slider","34":"ast-product-single-variable","35":"ast-product-tabs-layout-horizontal","36":"ast-qv-on-image","38":"first","39":"instock","40":"shipping-taxable","41":"purchasable","42":"product-type-variable"},"tiered_pricing_type":"fixed","tiered_pricing_fixed_rules":{"5":6.65,"50":5.9,"100":5.2},"tiered_pricing_product_settings":{"layout":"default","base_unit_name":{"singular":null,"plural":null},"default_variation":null},"tiered_pricing_minimum_quantity":null,"tiered_pricing_roles_data":[],"tiered_pricing_percentage_rules":[],"_links":{"self":[{"href":"https:\/\/yume-silm.com\/pt\/wp-json\/wp\/v2\/product\/9790","targetHints":{"allow":["GET"]}}],"collection":[{"href":"https:\/\/yume-silm.com\/pt\/wp-json\/wp\/v2\/product"}],"about":[{"href":"https:\/\/yume-silm.com\/pt\/wp-json\/wp\/v2\/types\/product"}],"replies":[{"embeddable":true,"href":"https:\/\/yume-silm.com\/pt\/wp-json\/wp\/v2\/comments?post=9790"}],"wp:featuredmedia":[{"embeddable":true,"href":"https:\/\/yume-silm.com\/pt\/wp-json\/wp\/v2\/media\/9791"}],"wp:attachment":[{"href":"https:\/\/yume-silm.com\/pt\/wp-json\/wp\/v2\/media?parent=9790"}],"wp:term":[{"taxonomy":"product_brand","embeddable":true,"href":"https:\/\/yume-silm.com\/pt\/wp-json\/wp\/v2\/product_brand?post=9790"},{"taxonomy":"product_cat","embeddable":true,"href":"https:\/\/yume-silm.com\/pt\/wp-json\/wp\/v2\/product_cat?post=9790"},{"taxonomy":"product_tag","embeddable":true,"href":"https:\/\/yume-silm.com\/pt\/wp-json\/wp\/v2\/product_tag?post=9790"}],"curies":[{"name":"wp","href":"https:\/\/api.w.org\/{rel}","templated":true}]}}