{"id":9878,"date":"2024-08-05T07:23:28","date_gmt":"2024-08-05T07:23:28","guid":{"rendered":"https:\/\/yume-silm.com\/?post_type=product&#038;p=9878"},"modified":"2024-08-28T08:29:35","modified_gmt":"2024-08-28T08:29:35","slug":"sutia-feminino-push-up-para-ioga-fitness-a-prova-de-choque","status":"publish","type":"product","link":"https:\/\/yume-silm.com\/pt\/produto\/sutia-feminino-push-up-para-ioga-fitness-a-prova-de-choque\/","title":{"rendered":"Suti\u00e3 push up para ioga fitness feminino \u00e0 prova de choque"},"content":{"rendered":"<h5>Caracter\u00edsticas de design<\/h5>\n<ul>\n<li><strong>DESIGN \u00daNICO:<\/strong> A parte de tr\u00e1s deste suti\u00e3 push-up para ioga fitness feminino \u00e0 prova de choque apresenta um design de viga de trabalho para reduzir a press\u00e3o nos ombros, e uma bainha el\u00e1stica mais larga aumenta o suporte no peito.<\/li>\n<li><strong>TECIDO RESPIR\u00c1VEL:<\/strong>Use um tecido macio e respir\u00e1vel, altamente el\u00e1stico, leve e que se ajuste melhor ao corpo, o que ajuda a refrescar a pele.<\/li>\n<li><strong>PROJETO DE MALHA:<\/strong> O design de malha em losango \u00e9 colocado nas costas, permitindo que voc\u00ea obtenha uma transpira\u00e7\u00e3o eficaz durante o exerc\u00edcio ou exerc\u00edcio, mantendo seu corpo fresco e seco e fazendo voc\u00ea se sentir confort\u00e1vel por muito tempo.<\/li>\n<li><strong>OCASI\u00c3O:<\/strong>Esteja voc\u00ea correndo, fazendo exerc\u00edcios, andando de bicicleta ou fazendo outros exerc\u00edcios de alta intensidade, voc\u00ea pode usar esta roupa \u00edntima de ioga que absorve o suor e absorve a umidade, mantendo voc\u00ea atualizado durante todo o dia.<\/li>\n<\/ul>\n<p><img fetchpriority=\"high\" decoding=\"async\" class=\"alignnone size-medium wp-image-10760\" src=\"https:\/\/yume-silm.com\/wp-content\/uploads\/2024\/08\/yumesilm-womens-shockproof-push-up-crop-fitness-yoga-bra-01-300x300.jpg\" alt=\"Suti\u00e3 push up para ioga fitness feminino \u00e0 prova de choque\" width=\"300\" height=\"300\" title=\"\" srcset=\"https:\/\/yume-silm.com\/wp-content\/uploads\/2024\/08\/yumesilm-womens-shockproof-push-up-crop-fitness-yoga-bra-01-300x300.jpg 300w, https:\/\/yume-silm.com\/wp-content\/uploads\/2024\/08\/yumesilm-womens-shockproof-push-up-crop-fitness-yoga-bra-01-150x150.jpg 150w, https:\/\/yume-silm.com\/wp-content\/uploads\/2024\/08\/yumesilm-womens-shockproof-push-up-crop-fitness-yoga-bra-01-768x768.jpg 768w, https:\/\/yume-silm.com\/wp-content\/uploads\/2024\/08\/yumesilm-womens-shockproof-push-up-crop-fitness-yoga-bra-01-12x12.jpg 12w, https:\/\/yume-silm.com\/wp-content\/uploads\/2024\/08\/yumesilm-womens-shockproof-push-up-crop-fitness-yoga-bra-01-100x100.jpg 100w, https:\/\/yume-silm.com\/wp-content\/uploads\/2024\/08\/yumesilm-womens-shockproof-push-up-crop-fitness-yoga-bra-01.jpg 800w\" sizes=\"(max-width: 300px) 100vw, 300px\" \/><\/p>\n<p>&nbsp;<\/p>\n<h6><em>Linda roupa \u00edntima feminina de ioga para corrida respir\u00e1vel nas costas<\/em><\/h6>\n<ul>\n<li>Este suti\u00e3 push up para ioga feminino \u00e0 prova de choque, el\u00e1stico em quatro dire\u00e7\u00f5es, respir\u00e1vel, de secagem r\u00e1pida, com viga em I foi projetado para aliviar a press\u00e3o dos ombros, evitar flacidez no peito ao correr e melhorar a postura das costas. O tecido de camada dupla \u00e9 melhor para o seu corpo.<\/li>\n<\/ul>","protected":false},"excerpt":{"rendered":"<p>Use este suti\u00e3 feminino push up para ioga fitness \u00e0 prova de choque, uma variedade de tamanhos para voc\u00ea escolher, o tecido respir\u00e1vel de alta elasticidade oferece o m\u00e1ximo conforto e prote\u00e7\u00e3o, deixando voc\u00ea mais confiante e ousado.<\/p>","protected":false},"featured_media":9882,"comment_status":"open","ping_status":"closed","template":"","meta":{"site-sidebar-layout":"default","site-content-layout":"","ast-site-content-layout":"default","site-content-style":"default","site-sidebar-style":"default","ast-global-header-display":"","ast-banner-title-visibility":"","ast-main-header-display":"","ast-hfb-above-header-display":"","ast-hfb-below-header-display":"","ast-hfb-mobile-header-display":"","site-post-title":"","ast-breadcrumbs-content":"","ast-featured-img":"","footer-sml-layout":"","ast-disable-related-posts":"","theme-transparent-header-meta":"default","adv-header-id-meta":"","stick-header-meta":"default","header-above-stick-meta":"","header-main-stick-meta":"","header-below-stick-meta":"","astra-migrate-meta-layouts":"set","ast-page-background-enabled":"default","ast-page-background-meta":{"desktop":{"background-color":"","background-image":"","background-repeat":"repeat","background-position":"center center","background-size":"auto","background-attachment":"scroll","background-type":"","background-media":"","overlay-type":"","overlay-color":"","overlay-opacity":"","overlay-gradient":""},"tablet":{"background-color":"","background-image":"","background-repeat":"repeat","background-position":"center center","background-size":"auto","background-attachment":"scroll","background-type":"","background-media":"","overlay-type":"","overlay-color":"","overlay-opacity":"","overlay-gradient":""},"mobile":{"background-color":"","background-image":"","background-repeat":"repeat","background-position":"center center","background-size":"auto","background-attachment":"scroll","background-type":"","background-media":"","overlay-type":"","overlay-color":"","overlay-opacity":"","overlay-gradient":""}},"ast-content-background-meta":{"desktop":{"background-color":"var(--ast-global-color-5)","background-image":"","background-repeat":"repeat","background-position":"center center","background-size":"auto","background-attachment":"scroll","background-type":"","background-media":"","overlay-type":"","overlay-color":"","overlay-opacity":"","overlay-gradient":""},"tablet":{"background-color":"var(--ast-global-color-5)","background-image":"","background-repeat":"repeat","background-position":"center center","background-size":"auto","background-attachment":"scroll","background-type":"","background-media":"","overlay-type":"","overlay-color":"","overlay-opacity":"","overlay-gradient":""},"mobile":{"background-color":"var(--ast-global-color-5)","background-image":"","background-repeat":"repeat","background-position":"center center","background-size":"auto","background-attachment":"scroll","background-type":"","background-media":"","overlay-type":"","overlay-color":"","overlay-opacity":"","overlay-gradient":""}}},"product_brand":[],"product_cat":[734,65,76,735],"product_tag":[789,788,492,787,791,413,782,602,790,786,719],"class_list":{"0":"post-9878","1":"product","2":"type-product","3":"status-publish","4":"has-post-thumbnail","6":"product_cat-yoga-suits","7":"product_cat-best-sellers","8":"product_cat-new-arrivels","9":"product_cat-yoga-tops","10":"product_tag-beautiful","11":"product_tag-bold","12":"product_tag-breathable","13":"product_tag-comfident","14":"product_tag-elastic","15":"product_tag-fitness","16":"product_tag-mesh","17":"product_tag-push-up","18":"product_tag-quick-drying","19":"product_tag-shockproof","20":"product_tag-unique-design","21":"pa_color-black","22":"pa_color-dark-blue","23":"pa_color-light-green","24":"pa_color-pink","25":"pa_color-plum-purple","26":"pa_size-2xl","27":"pa_size-3xl","28":"pa_size-l","29":"pa_size-m","30":"pa_size-s","31":"pa_size-xl","32":"desktop-align-center","33":"tablet-align-left","34":"mobile-align-left","35":"ast-product-gallery-layout-horizontal-slider","36":"ast-product-single-variable","37":"ast-product-tabs-layout-horizontal","38":"ast-qv-on-image","40":"first","41":"instock","42":"shipping-taxable","43":"purchasable","44":"product-type-variable"},"tiered_pricing_type":"fixed","tiered_pricing_fixed_rules":{"5":7.9,"50":6.7,"100":5.8},"tiered_pricing_product_settings":{"layout":"default","base_unit_name":{"singular":null,"plural":null},"default_variation":null},"tiered_pricing_minimum_quantity":null,"tiered_pricing_roles_data":[],"tiered_pricing_percentage_rules":[],"_links":{"self":[{"href":"https:\/\/yume-silm.com\/pt\/wp-json\/wp\/v2\/product\/9878","targetHints":{"allow":["GET"]}}],"collection":[{"href":"https:\/\/yume-silm.com\/pt\/wp-json\/wp\/v2\/product"}],"about":[{"href":"https:\/\/yume-silm.com\/pt\/wp-json\/wp\/v2\/types\/product"}],"replies":[{"embeddable":true,"href":"https:\/\/yume-silm.com\/pt\/wp-json\/wp\/v2\/comments?post=9878"}],"wp:featuredmedia":[{"embeddable":true,"href":"https:\/\/yume-silm.com\/pt\/wp-json\/wp\/v2\/media\/9882"}],"wp:attachment":[{"href":"https:\/\/yume-silm.com\/pt\/wp-json\/wp\/v2\/media?parent=9878"}],"wp:term":[{"taxonomy":"product_brand","embeddable":true,"href":"https:\/\/yume-silm.com\/pt\/wp-json\/wp\/v2\/product_brand?post=9878"},{"taxonomy":"product_cat","embeddable":true,"href":"https:\/\/yume-silm.com\/pt\/wp-json\/wp\/v2\/product_cat?post=9878"},{"taxonomy":"product_tag","embeddable":true,"href":"https:\/\/yume-silm.com\/pt\/wp-json\/wp\/v2\/product_tag?post=9878"}],"curies":[{"name":"wp","href":"https:\/\/api.w.org\/{rel}","templated":true}]}}