{"id":9947,"date":"2024-08-06T01:23:30","date_gmt":"2024-08-06T01:23:30","guid":{"rendered":"https:\/\/yume-silm.com\/?post_type=product&#038;p=9947"},"modified":"2024-08-06T06:26:39","modified_gmt":"2024-08-06T06:26:39","slug":"levantador-de-bunda-feminino-compressao-alongamento-ioga","status":"publish","type":"product","link":"https:\/\/yume-silm.com\/pt\/produto\/levantador-de-bunda-feminino-compressao-alongamento-ioga\/","title":{"rendered":"Leggings femininas para ioga com compress\u00e3o para levantador de bumbum"},"content":{"rendered":"<h5>Caracter\u00edsticas de design<\/h5>\n<ul>\n<li><strong>PROJETO DE CINTURA ALTA:<\/strong>Esta ioga el\u00e1stica de compress\u00e3o para levantador de bunda feminina projetada com suporte de cintura alta, cintura larga com nervuras com elasticidade em quatro dire\u00e7\u00f5es e tecido n\u00e3o transparente, pode se tornar fina, ajustada e contornada com cada postura e movimento, o que pode delinear melhor a curva corporal perfeita .<\/li>\n<li><strong>TECIDO CONFORT\u00c1VEL E MACIO:<\/strong>O tecido el\u00e1stico cuidadosamente selecionado garante o m\u00e1ximo conforto e o design de malha jacquard em ambos os lados da coxa \u00e9 respir\u00e1vel, ent\u00e3o voc\u00ea n\u00e3o notar\u00e1 isso ao usar estas leggings de ioga de compress\u00e3o para levantador de quadris.<\/li>\n<li><strong>PROJETO SEM EMENDA:<\/strong>As cal\u00e7as de ioga com tecido de malha sem costura, corte lisonjeiro na cintura alta e design de viseira que melhora o corpo, s\u00e3o projetadas para um desempenho ideal e permitem que voc\u00ea mostre sua melhor apar\u00eancia.<\/li>\n<li><strong>OCASI\u00c3O:<\/strong>Esteja voc\u00ea saindo para brincar ou fazer exerc\u00edcios, voc\u00ea pode usar nossas cal\u00e7as de ioga el\u00e1sticas de compress\u00e3o para levantador de bunda feminina, essas cal\u00e7as de ioga s\u00e3o modernas e vers\u00e1teis, perfeitas para ioga, corrida, academia, qualquer tipo de esporte, qualquer esta\u00e7\u00e3o ou uso di\u00e1rio. .<\/li>\n<\/ul>\n<p><a href=\"https:\/\/yume-silm.com\/wp-content\/uploads\/2024\/08\/Womens-Butt-Lifter-Compression-Stretch-Yoga-Leggings-1.jpg\"><img fetchpriority=\"high\" decoding=\"async\" class=\"alignnone wp-image-9949 size-medium\" src=\"https:\/\/yume-silm.com\/wp-content\/uploads\/2024\/08\/Womens-Butt-Lifter-Compression-Stretch-Yoga-Leggings-1-300x300.jpg\" alt=\"leggings femininas de ioga com compress\u00e3o el\u00e1stica e levantadora de bumbum\" width=\"300\" height=\"300\" title=\"\" srcset=\"https:\/\/yume-silm.com\/wp-content\/uploads\/2024\/08\/Womens-Butt-Lifter-Compression-Stretch-Yoga-Leggings-1-300x300.jpg 300w, https:\/\/yume-silm.com\/wp-content\/uploads\/2024\/08\/Womens-Butt-Lifter-Compression-Stretch-Yoga-Leggings-1-150x150.jpg 150w, https:\/\/yume-silm.com\/wp-content\/uploads\/2024\/08\/Womens-Butt-Lifter-Compression-Stretch-Yoga-Leggings-1-768x768.jpg 768w, https:\/\/yume-silm.com\/wp-content\/uploads\/2024\/08\/Womens-Butt-Lifter-Compression-Stretch-Yoga-Leggings-1-12x12.jpg 12w, https:\/\/yume-silm.com\/wp-content\/uploads\/2024\/08\/Womens-Butt-Lifter-Compression-Stretch-Yoga-Leggings-1-100x100.jpg 100w, https:\/\/yume-silm.com\/wp-content\/uploads\/2024\/08\/Womens-Butt-Lifter-Compression-Stretch-Yoga-Leggings-1.jpg 800w\" sizes=\"(max-width: 300px) 100vw, 300px\" \/><\/a><a href=\"https:\/\/yume-silm.com\/wp-content\/uploads\/2024\/08\/Womens-Butt-Lifter-Compression-Stretch-Yoga-Leggings-2.jpg\"><img decoding=\"async\" class=\"alignnone wp-image-9950 size-medium\" src=\"https:\/\/yume-silm.com\/wp-content\/uploads\/2024\/08\/Womens-Butt-Lifter-Compression-Stretch-Yoga-Leggings-2-300x300.jpg\" alt=\"leggings femininas de ioga com compress\u00e3o el\u00e1stica e levantadora de bumbum\" width=\"300\" height=\"300\" title=\"\" srcset=\"https:\/\/yume-silm.com\/wp-content\/uploads\/2024\/08\/Womens-Butt-Lifter-Compression-Stretch-Yoga-Leggings-2-300x300.jpg 300w, https:\/\/yume-silm.com\/wp-content\/uploads\/2024\/08\/Womens-Butt-Lifter-Compression-Stretch-Yoga-Leggings-2-150x150.jpg 150w, https:\/\/yume-silm.com\/wp-content\/uploads\/2024\/08\/Womens-Butt-Lifter-Compression-Stretch-Yoga-Leggings-2-768x768.jpg 768w, https:\/\/yume-silm.com\/wp-content\/uploads\/2024\/08\/Womens-Butt-Lifter-Compression-Stretch-Yoga-Leggings-2-12x12.jpg 12w, https:\/\/yume-silm.com\/wp-content\/uploads\/2024\/08\/Womens-Butt-Lifter-Compression-Stretch-Yoga-Leggings-2-100x100.jpg 100w, https:\/\/yume-silm.com\/wp-content\/uploads\/2024\/08\/Womens-Butt-Lifter-Compression-Stretch-Yoga-Leggings-2.jpg 800w\" sizes=\"(max-width: 300px) 100vw, 300px\" \/><\/a><\/p>\n<h6><em>Cal\u00e7as de ioga sexy de cintura alta feminina<\/em><\/h6>\n<ul>\n<li>Estas cal\u00e7as de ioga sexy de cintura alta femininas adotam design de cintura alta e compress\u00e3o de tecido de camada dupla, que pode espremer melhor sua gordura abdominal e da cintura, permitindo que voc\u00ea destaque mais perfeitamente sua figura sexy.<\/li>\n<\/ul>","protected":false},"excerpt":{"rendered":"<p>Usar estas leggings femininas de ioga com compress\u00e3o para levantar o bumbum deixar\u00e1 voc\u00ea mais confiante e florescendo. O design perfeito permite que voc\u00ea mostre sua melhor apar\u00eancia. Obtenha e entre em contato conosco agora.<\/p>","protected":false},"featured_media":9948,"comment_status":"open","ping_status":"closed","template":"","meta":{"site-sidebar-layout":"default","site-content-layout":"","ast-site-content-layout":"default","site-content-style":"default","site-sidebar-style":"default","ast-global-header-display":"","ast-banner-title-visibility":"","ast-main-header-display":"","ast-hfb-above-header-display":"","ast-hfb-below-header-display":"","ast-hfb-mobile-header-display":"","site-post-title":"","ast-breadcrumbs-content":"","ast-featured-img":"","footer-sml-layout":"","ast-disable-related-posts":"","theme-transparent-header-meta":"default","adv-header-id-meta":"","stick-header-meta":"default","header-above-stick-meta":"","header-main-stick-meta":"","header-below-stick-meta":"","astra-migrate-meta-layouts":"set","ast-page-background-enabled":"default","ast-page-background-meta":{"desktop":{"background-color":"","background-image":"","background-repeat":"repeat","background-position":"center center","background-size":"auto","background-attachment":"scroll","background-type":"","background-media":"","overlay-type":"","overlay-color":"","overlay-opacity":"","overlay-gradient":""},"tablet":{"background-color":"","background-image":"","background-repeat":"repeat","background-position":"center center","background-size":"auto","background-attachment":"scroll","background-type":"","background-media":"","overlay-type":"","overlay-color":"","overlay-opacity":"","overlay-gradient":""},"mobile":{"background-color":"","background-image":"","background-repeat":"repeat","background-position":"center center","background-size":"auto","background-attachment":"scroll","background-type":"","background-media":"","overlay-type":"","overlay-color":"","overlay-opacity":"","overlay-gradient":""}},"ast-content-background-meta":{"desktop":{"background-color":"var(--ast-global-color-5)","background-image":"","background-repeat":"repeat","background-position":"center center","background-size":"auto","background-attachment":"scroll","background-type":"","background-media":"","overlay-type":"","overlay-color":"","overlay-opacity":"","overlay-gradient":""},"tablet":{"background-color":"var(--ast-global-color-5)","background-image":"","background-repeat":"repeat","background-position":"center center","background-size":"auto","background-attachment":"scroll","background-type":"","background-media":"","overlay-type":"","overlay-color":"","overlay-opacity":"","overlay-gradient":""},"mobile":{"background-color":"var(--ast-global-color-5)","background-image":"","background-repeat":"repeat","background-position":"center center","background-size":"auto","background-attachment":"scroll","background-type":"","background-media":"","overlay-type":"","overlay-color":"","overlay-opacity":"","overlay-gradient":""}}},"product_brand":[],"product_cat":[734,65,76,737],"product_tag":[662,492,686,646,489,795,139,796,797,491,525,687,775,779],"class_list":{"0":"post-9947","1":"product","2":"type-product","3":"status-publish","4":"has-post-thumbnail","6":"product_cat-yoga-suits","7":"product_cat-best-sellers","8":"product_cat-new-arrivels","9":"product_cat-yoga-leggings","10":"product_tag-abdominal","11":"product_tag-breathable","12":"product_tag-butt-lifter","13":"product_tag-comfortable","14":"product_tag-compression","15":"product_tag-double-layer-fabric","16":"product_tag-high-waist","17":"product_tag-hips-lifter","18":"product_tag-movement","19":"product_tag-seamless","20":"product_tag-slim","21":"product_tag-soft","22":"product_tag-stretchy","23":"product_tag-yoga-leggings","24":"pa_color-armygreen","25":"pa_color-black","26":"pa_color-blue","27":"pa_color-dark-grey","28":"pa_color-light-grey","29":"pa_size-l","30":"pa_size-m","31":"pa_size-s","32":"desktop-align-center","33":"tablet-align-left","34":"mobile-align-left","35":"ast-product-gallery-layout-horizontal-slider","36":"ast-product-single-variable","37":"ast-product-tabs-layout-horizontal","38":"ast-qv-on-image","40":"first","41":"instock","42":"shipping-taxable","43":"purchasable","44":"product-type-variable"},"tiered_pricing_type":"fixed","tiered_pricing_fixed_rules":{"5":7.5,"50":6.5,"100":5.4},"tiered_pricing_product_settings":{"layout":"default","base_unit_name":{"singular":null,"plural":null},"default_variation":null},"tiered_pricing_minimum_quantity":null,"tiered_pricing_roles_data":[],"tiered_pricing_percentage_rules":[],"_links":{"self":[{"href":"https:\/\/yume-silm.com\/pt\/wp-json\/wp\/v2\/product\/9947","targetHints":{"allow":["GET"]}}],"collection":[{"href":"https:\/\/yume-silm.com\/pt\/wp-json\/wp\/v2\/product"}],"about":[{"href":"https:\/\/yume-silm.com\/pt\/wp-json\/wp\/v2\/types\/product"}],"replies":[{"embeddable":true,"href":"https:\/\/yume-silm.com\/pt\/wp-json\/wp\/v2\/comments?post=9947"}],"wp:featuredmedia":[{"embeddable":true,"href":"https:\/\/yume-silm.com\/pt\/wp-json\/wp\/v2\/media\/9948"}],"wp:attachment":[{"href":"https:\/\/yume-silm.com\/pt\/wp-json\/wp\/v2\/media?parent=9947"}],"wp:term":[{"taxonomy":"product_brand","embeddable":true,"href":"https:\/\/yume-silm.com\/pt\/wp-json\/wp\/v2\/product_brand?post=9947"},{"taxonomy":"product_cat","embeddable":true,"href":"https:\/\/yume-silm.com\/pt\/wp-json\/wp\/v2\/product_cat?post=9947"},{"taxonomy":"product_tag","embeddable":true,"href":"https:\/\/yume-silm.com\/pt\/wp-json\/wp\/v2\/product_tag?post=9947"}],"curies":[{"name":"wp","href":"https:\/\/api.w.org\/{rel}","templated":true}]}}