{"id":9975,"date":"2024-08-06T02:10:24","date_gmt":"2024-08-06T02:10:24","guid":{"rendered":"https:\/\/yume-silm.com\/?post_type=product&#038;p=9975"},"modified":"2024-08-06T06:24:49","modified_gmt":"2024-08-06T06:24:49","slug":"collants-elasticos-femininos-leggings-de-ioga-para-levantamento-de-quadril","status":"publish","type":"product","link":"https:\/\/yume-silm.com\/pt\/produto\/collants-elasticos-femininos-leggings-de-ioga-para-levantamento-de-quadril\/","title":{"rendered":"Cal\u00e7as el\u00e1sticas femininas para ioga com levantamento de quadril"},"content":{"rendered":"<h5>Caracter\u00edsticas de design<\/h5>\n<ul>\n<li><strong>PROJETO DE CINTURA ALTA:<\/strong>Estas cal\u00e7as el\u00e1sticas femininas para ioga com levantamento de quadril projetadas com suporte de cintura alta, cintura larga com nervuras com elasticidade em quatro dire\u00e7\u00f5es e tecido n\u00e3o transparente, podem se tornar finas, ajustadas e contornadas com cada postura e movimento, o que pode delinear melhor o corpo perfeito curva.<\/li>\n<li><strong>TECIDO CONFORT\u00c1VEL E MACIO:<\/strong>O tecido el\u00e1stico cuidadosamente selecionado garante o m\u00e1ximo conforto e o design de malha jacquard em ambos os lados da coxa \u00e9 respir\u00e1vel, ent\u00e3o voc\u00ea n\u00e3o notar\u00e1 isso ao usar essas leggings el\u00e1sticas para ioga com levantamento de quadril.<\/li>\n<li><strong>PROJETO SEM EMENDA:<\/strong>As cal\u00e7as de ioga com tecido de malha sem costura, corte lisonjeiro de cintura alta e design de viseira que real\u00e7a o corpo, s\u00e3o projetadas para ter o melhor desempenho e deixar voc\u00ea com a melhor apar\u00eancia.<\/li>\n<li><strong>OCASI\u00c3O:<\/strong>Se voc\u00ea vai sair para brincar ou fazer exerc\u00edcios, voc\u00ea pode usar nossas cal\u00e7as de ioga femininas el\u00e1sticas para levantamento de quadril, essas cal\u00e7as de ioga s\u00e3o modernas e vers\u00e1teis, perfeitas para ioga, corrida, academia, qualquer tipo de esporte, qualquer esta\u00e7\u00e3o ou uso di\u00e1rio. .<\/li>\n<\/ul>\n<p><a href=\"https:\/\/yume-silm.com\/wp-content\/uploads\/2024\/08\/Womens-Butt-Lifter-Compression-Stretch-Yoga-Leggings-1.jpg\"><img fetchpriority=\"high\" decoding=\"async\" class=\"alignnone wp-image-9949 size-medium\" src=\"https:\/\/yume-silm.com\/wp-content\/uploads\/2024\/08\/Womens-Butt-Lifter-Compression-Stretch-Yoga-Leggings-1-300x300.jpg\" alt=\"leggings de ioga com levantamento de quadril el\u00e1sticas femininas\" width=\"300\" height=\"300\" title=\"\" srcset=\"https:\/\/yume-silm.com\/wp-content\/uploads\/2024\/08\/Womens-Butt-Lifter-Compression-Stretch-Yoga-Leggings-1-300x300.jpg 300w, https:\/\/yume-silm.com\/wp-content\/uploads\/2024\/08\/Womens-Butt-Lifter-Compression-Stretch-Yoga-Leggings-1-150x150.jpg 150w, https:\/\/yume-silm.com\/wp-content\/uploads\/2024\/08\/Womens-Butt-Lifter-Compression-Stretch-Yoga-Leggings-1-768x768.jpg 768w, https:\/\/yume-silm.com\/wp-content\/uploads\/2024\/08\/Womens-Butt-Lifter-Compression-Stretch-Yoga-Leggings-1-12x12.jpg 12w, https:\/\/yume-silm.com\/wp-content\/uploads\/2024\/08\/Womens-Butt-Lifter-Compression-Stretch-Yoga-Leggings-1-100x100.jpg 100w, https:\/\/yume-silm.com\/wp-content\/uploads\/2024\/08\/Womens-Butt-Lifter-Compression-Stretch-Yoga-Leggings-1.jpg 800w\" sizes=\"(max-width: 300px) 100vw, 300px\" \/><\/a><a href=\"https:\/\/yume-silm.com\/wp-content\/uploads\/2024\/08\/Womens-Butt-Lifter-Compression-Stretch-Yoga-Leggings-2.jpg\"><img decoding=\"async\" class=\"alignnone wp-image-9950 size-medium\" src=\"https:\/\/yume-silm.com\/wp-content\/uploads\/2024\/08\/Womens-Butt-Lifter-Compression-Stretch-Yoga-Leggings-2-300x300.jpg\" alt=\"leggings de ioga com levantamento de quadril el\u00e1sticas femininas\" width=\"300\" height=\"300\" title=\"\" srcset=\"https:\/\/yume-silm.com\/wp-content\/uploads\/2024\/08\/Womens-Butt-Lifter-Compression-Stretch-Yoga-Leggings-2-300x300.jpg 300w, https:\/\/yume-silm.com\/wp-content\/uploads\/2024\/08\/Womens-Butt-Lifter-Compression-Stretch-Yoga-Leggings-2-150x150.jpg 150w, https:\/\/yume-silm.com\/wp-content\/uploads\/2024\/08\/Womens-Butt-Lifter-Compression-Stretch-Yoga-Leggings-2-768x768.jpg 768w, https:\/\/yume-silm.com\/wp-content\/uploads\/2024\/08\/Womens-Butt-Lifter-Compression-Stretch-Yoga-Leggings-2-12x12.jpg 12w, https:\/\/yume-silm.com\/wp-content\/uploads\/2024\/08\/Womens-Butt-Lifter-Compression-Stretch-Yoga-Leggings-2-100x100.jpg 100w, https:\/\/yume-silm.com\/wp-content\/uploads\/2024\/08\/Womens-Butt-Lifter-Compression-Stretch-Yoga-Leggings-2.jpg 800w\" sizes=\"(max-width: 300px) 100vw, 300px\" \/><\/a><\/p>\n<h6><em>Cal\u00e7as de ioga sexy de cintura alta feminina<\/em><\/h6>\n<ul>\n<li>Estas cal\u00e7as de ioga sexy de cintura alta femininas adotam design de cintura alta e compress\u00e3o de tecido de camada dupla, que pode espremer melhor sua gordura abdominal e da cintura, permitindo que voc\u00ea destaque mais perfeitamente sua figura sexy.<\/li>\n<\/ul>","protected":false},"excerpt":{"rendered":"<p>Usar essas cal\u00e7as el\u00e1sticas femininas para ioga com levantamento de quadril deixar\u00e1 voc\u00ea mais confiante e florescente. O design perfeito permite que voc\u00ea mostre sua melhor apar\u00eancia. Obtenha e entre em contato conosco agora.<\/p>","protected":false},"featured_media":9976,"comment_status":"open","ping_status":"closed","template":"","meta":{"site-sidebar-layout":"default","site-content-layout":"","ast-site-content-layout":"default","site-content-style":"default","site-sidebar-style":"default","ast-global-header-display":"","ast-banner-title-visibility":"","ast-main-header-display":"","ast-hfb-above-header-display":"","ast-hfb-below-header-display":"","ast-hfb-mobile-header-display":"","site-post-title":"","ast-breadcrumbs-content":"","ast-featured-img":"","footer-sml-layout":"","ast-disable-related-posts":"","theme-transparent-header-meta":"default","adv-header-id-meta":"","stick-header-meta":"default","header-above-stick-meta":"","header-main-stick-meta":"","header-below-stick-meta":"","astra-migrate-meta-layouts":"set","ast-page-background-enabled":"default","ast-page-background-meta":{"desktop":{"background-color":"","background-image":"","background-repeat":"repeat","background-position":"center center","background-size":"auto","background-attachment":"scroll","background-type":"","background-media":"","overlay-type":"","overlay-color":"","overlay-opacity":"","overlay-gradient":""},"tablet":{"background-color":"","background-image":"","background-repeat":"repeat","background-position":"center center","background-size":"auto","background-attachment":"scroll","background-type":"","background-media":"","overlay-type":"","overlay-color":"","overlay-opacity":"","overlay-gradient":""},"mobile":{"background-color":"","background-image":"","background-repeat":"repeat","background-position":"center center","background-size":"auto","background-attachment":"scroll","background-type":"","background-media":"","overlay-type":"","overlay-color":"","overlay-opacity":"","overlay-gradient":""}},"ast-content-background-meta":{"desktop":{"background-color":"var(--ast-global-color-5)","background-image":"","background-repeat":"repeat","background-position":"center center","background-size":"auto","background-attachment":"scroll","background-type":"","background-media":"","overlay-type":"","overlay-color":"","overlay-opacity":"","overlay-gradient":""},"tablet":{"background-color":"var(--ast-global-color-5)","background-image":"","background-repeat":"repeat","background-position":"center center","background-size":"auto","background-attachment":"scroll","background-type":"","background-media":"","overlay-type":"","overlay-color":"","overlay-opacity":"","overlay-gradient":""},"mobile":{"background-color":"var(--ast-global-color-5)","background-image":"","background-repeat":"repeat","background-position":"center center","background-size":"auto","background-attachment":"scroll","background-type":"","background-media":"","overlay-type":"","overlay-color":"","overlay-opacity":"","overlay-gradient":""}}},"product_brand":[],"product_cat":[65,76,734,737],"product_tag":[787,799,791,139,679,801,491,145,687,654,779,800],"class_list":{"0":"post-9975","1":"product","2":"type-product","3":"status-publish","4":"has-post-thumbnail","6":"product_cat-best-sellers","7":"product_cat-new-arrivels","8":"product_cat-yoga-suits","9":"product_cat-yoga-leggings","10":"product_tag-comfident","11":"product_tag-confortable","12":"product_tag-elastic","13":"product_tag-high-waist","14":"product_tag-hip-lifter","15":"product_tag-non-see-through","16":"product_tag-seamless","17":"product_tag-sexy","18":"product_tag-soft","19":"product_tag-tight","20":"product_tag-yoga-leggings","21":"product_tag-yoga-pants","22":"pa_color-green","23":"pa_color-light-purple","24":"pa_color-pink","25":"pa_color-purple","26":"pa_color-watermelon-red","27":"pa_color-yellow","28":"pa_size-l","29":"pa_size-m","30":"pa_size-s","31":"desktop-align-center","32":"tablet-align-left","33":"mobile-align-left","34":"ast-product-gallery-layout-horizontal-slider","35":"ast-product-single-variable","36":"ast-product-tabs-layout-horizontal","37":"ast-qv-on-image","39":"first","40":"instock","41":"shipping-taxable","42":"purchasable","43":"product-type-variable"},"tiered_pricing_type":"fixed","tiered_pricing_fixed_rules":{"5":7.5,"50":6.5,"100":5.4},"tiered_pricing_product_settings":{"layout":"default","base_unit_name":{"singular":null,"plural":null},"default_variation":null},"tiered_pricing_minimum_quantity":null,"tiered_pricing_roles_data":[],"tiered_pricing_percentage_rules":[],"_links":{"self":[{"href":"https:\/\/yume-silm.com\/pt\/wp-json\/wp\/v2\/product\/9975","targetHints":{"allow":["GET"]}}],"collection":[{"href":"https:\/\/yume-silm.com\/pt\/wp-json\/wp\/v2\/product"}],"about":[{"href":"https:\/\/yume-silm.com\/pt\/wp-json\/wp\/v2\/types\/product"}],"replies":[{"embeddable":true,"href":"https:\/\/yume-silm.com\/pt\/wp-json\/wp\/v2\/comments?post=9975"}],"wp:featuredmedia":[{"embeddable":true,"href":"https:\/\/yume-silm.com\/pt\/wp-json\/wp\/v2\/media\/9976"}],"wp:attachment":[{"href":"https:\/\/yume-silm.com\/pt\/wp-json\/wp\/v2\/media?parent=9975"}],"wp:term":[{"taxonomy":"product_brand","embeddable":true,"href":"https:\/\/yume-silm.com\/pt\/wp-json\/wp\/v2\/product_brand?post=9975"},{"taxonomy":"product_cat","embeddable":true,"href":"https:\/\/yume-silm.com\/pt\/wp-json\/wp\/v2\/product_cat?post=9975"},{"taxonomy":"product_tag","embeddable":true,"href":"https:\/\/yume-silm.com\/pt\/wp-json\/wp\/v2\/product_tag?post=9975"}],"curies":[{"name":"wp","href":"https:\/\/api.w.org\/{rel}","templated":true}]}}