{"id":9996,"date":"2024-08-06T03:16:01","date_gmt":"2024-08-06T03:16:01","guid":{"rendered":"https:\/\/yume-silm.com\/?post_type=product&#038;p=9996"},"modified":"2024-08-06T06:14:39","modified_gmt":"2024-08-06T06:14:39","slug":"leggings-femininas-de-ioga-com-cintura-apertada-sem-costura-pessego","status":"publish","type":"product","link":"https:\/\/yume-silm.com\/pt\/produto\/leggings-femininas-de-ioga-com-cintura-apertada-sem-costura-pessego\/","title":{"rendered":"Leggings femininas de ioga com cintura justa e p\u00eassego sem costura"},"content":{"rendered":"<h5>Caracter\u00edsticas de design<\/h5>\n<ul>\n<li><strong>PROJETO DE CINTURA ALTA:<\/strong> Estas leggings femininas de ioga com cintura justa p\u00eassego sem costura t\u00eam tecido el\u00e1stico n\u00e3o transparente em 8 dire\u00e7\u00f5es, absorve o suor e a cintura larga proporciona um ajuste suave e seguro, mostrando as curvas do seu corpo com mais perfei\u00e7\u00e3o.<\/li>\n<li><strong>PROJETO SEM EMENDA:<\/strong>Projetadas para alcan\u00e7ar o conforto ideal e maior liberdade de movimentos, reduzindo o n\u00famero de costuras, essas cal\u00e7as de ioga sem costura s\u00e3o feitas de tecido altamente el\u00e1stico, macio e respir\u00e1vel para melhor se ajustar ao seu corpo, dando-lhe mais confian\u00e7a.<\/li>\n<li><strong>M\u00daLTIPLAS CORES:<\/strong> Nossas cal\u00e7as de ioga com cintura justa t\u00eam uma variedade de cores para voc\u00ea escolher, que est\u00e3o muito na moda e na moda, permitindo que voc\u00ea tenha seu estilo de vestir \u00fanico em cada esta\u00e7\u00e3o e aceite um eu diferente.<\/li>\n<li><strong>OCASI\u00c3O:<\/strong> Estas leggings de ioga femininas sem costura p\u00eassego com cintura apertada s\u00e3o adequadas para qualquer esta\u00e7\u00e3o e qualquer ocasi\u00e3o, n\u00e3o apenas adequadas para ioga, esportes, fitness, Pilates, corrida, esta cal\u00e7a de ioga tamb\u00e9m pode ser usada como roupa casual ou ir \u00e0s compras, voc\u00ea pode decidir o seu roupa de acordo com seu estilo de vida.<\/li>\n<\/ul>\n<p><a href=\"https:\/\/yume-silm.com\/wp-content\/uploads\/2024\/08\/Womens-Seamless-Peach-Tight-Waist-Yoga-Legging-blue.jpg\"><img fetchpriority=\"high\" decoding=\"async\" class=\"alignnone wp-image-9999 size-medium\" src=\"https:\/\/yume-silm.com\/wp-content\/uploads\/2024\/08\/Womens-Seamless-Peach-Tight-Waist-Yoga-Legging-blue-300x300.jpg\" alt=\"leggings femininas sem costura p\u00eassego cintura justa yoga\" width=\"300\" height=\"300\" title=\"\" srcset=\"https:\/\/yume-silm.com\/wp-content\/uploads\/2024\/08\/Womens-Seamless-Peach-Tight-Waist-Yoga-Legging-blue-300x300.jpg 300w, https:\/\/yume-silm.com\/wp-content\/uploads\/2024\/08\/Womens-Seamless-Peach-Tight-Waist-Yoga-Legging-blue-150x150.jpg 150w, https:\/\/yume-silm.com\/wp-content\/uploads\/2024\/08\/Womens-Seamless-Peach-Tight-Waist-Yoga-Legging-blue-768x768.jpg 768w, https:\/\/yume-silm.com\/wp-content\/uploads\/2024\/08\/Womens-Seamless-Peach-Tight-Waist-Yoga-Legging-blue-12x12.jpg 12w, https:\/\/yume-silm.com\/wp-content\/uploads\/2024\/08\/Womens-Seamless-Peach-Tight-Waist-Yoga-Legging-blue-100x100.jpg 100w, https:\/\/yume-silm.com\/wp-content\/uploads\/2024\/08\/Womens-Seamless-Peach-Tight-Waist-Yoga-Legging-blue.jpg 800w\" sizes=\"(max-width: 300px) 100vw, 300px\" \/><\/a><\/p>\n<h6><em>Cal\u00e7as femininas respir\u00e1veis de ioga de cintura alta<\/em><\/h6>\n<ul>\n<li>Adote tecido respir\u00e1vel e compress\u00e3o de camada dupla para deixar a cintura e a gordura da barriga mais apertadas. O tecido respir\u00e1vel e macio pode se ajustar ao m\u00e1ximo ao seu corpo, proporcionando uma figura mais esguia<\/li>\n<\/ul>","protected":false},"excerpt":{"rendered":"<p>Use estas leggings femininas de ioga com cintura justa e p\u00eassego sem costura. V\u00e1rias op\u00e7\u00f5es de cores permitem que voc\u00ea se desafie com estilos diferentes. O design de cintura alta tamb\u00e9m se adapta bem \u00e0s curvas do seu corpo. Deixe voc\u00ea mais confiante.<\/p>","protected":false},"featured_media":10001,"comment_status":"open","ping_status":"closed","template":"","meta":{"site-sidebar-layout":"default","site-content-layout":"","ast-site-content-layout":"default","site-content-style":"default","site-sidebar-style":"default","ast-global-header-display":"","ast-banner-title-visibility":"","ast-main-header-display":"","ast-hfb-above-header-display":"","ast-hfb-below-header-display":"","ast-hfb-mobile-header-display":"","site-post-title":"","ast-breadcrumbs-content":"","ast-featured-img":"","footer-sml-layout":"","ast-disable-related-posts":"","theme-transparent-header-meta":"default","adv-header-id-meta":"","stick-header-meta":"default","header-above-stick-meta":"","header-main-stick-meta":"","header-below-stick-meta":"","astra-migrate-meta-layouts":"set","ast-page-background-enabled":"default","ast-page-background-meta":{"desktop":{"background-color":"","background-image":"","background-repeat":"repeat","background-position":"center center","background-size":"auto","background-attachment":"scroll","background-type":"","background-media":"","overlay-type":"","overlay-color":"","overlay-opacity":"","overlay-gradient":""},"tablet":{"background-color":"","background-image":"","background-repeat":"repeat","background-position":"center center","background-size":"auto","background-attachment":"scroll","background-type":"","background-media":"","overlay-type":"","overlay-color":"","overlay-opacity":"","overlay-gradient":""},"mobile":{"background-color":"","background-image":"","background-repeat":"repeat","background-position":"center center","background-size":"auto","background-attachment":"scroll","background-type":"","background-media":"","overlay-type":"","overlay-color":"","overlay-opacity":"","overlay-gradient":""}},"ast-content-background-meta":{"desktop":{"background-color":"var(--ast-global-color-5)","background-image":"","background-repeat":"repeat","background-position":"center center","background-size":"auto","background-attachment":"scroll","background-type":"","background-media":"","overlay-type":"","overlay-color":"","overlay-opacity":"","overlay-gradient":""},"tablet":{"background-color":"var(--ast-global-color-5)","background-image":"","background-repeat":"repeat","background-position":"center center","background-size":"auto","background-attachment":"scroll","background-type":"","background-media":"","overlay-type":"","overlay-color":"","overlay-opacity":"","overlay-gradient":""},"mobile":{"background-color":"var(--ast-global-color-5)","background-image":"","background-repeat":"repeat","background-position":"center center","background-size":"auto","background-attachment":"scroll","background-type":"","background-media":"","overlay-type":"","overlay-color":"","overlay-opacity":"","overlay-gradient":""}}},"product_brand":[],"product_cat":[737,65,76,734],"product_tag":[492,777,701,139,805,804,803,491,806,779],"class_list":{"0":"post-9996","1":"product","2":"type-product","3":"status-publish","4":"has-post-thumbnail","6":"product_cat-yoga-leggings","7":"product_cat-best-sellers","8":"product_cat-new-arrivels","9":"product_cat-yoga-suits","10":"product_tag-breathable","11":"product_tag-confident","12":"product_tag-fashionable","13":"product_tag-high-waist","14":"product_tag-highly-elastic","15":"product_tag-multiple-colors","16":"product_tag-peach","17":"product_tag-seamless","18":"product_tag-sweat-wicking","19":"product_tag-yoga-leggings","20":"pa_color-black","21":"pa_color-blue","22":"pa_color-bluegrey","23":"pa_color-brown","24":"pa_color-green","25":"pa_color-khaki","26":"pa_color-pink","27":"pa_color-purple","28":"pa_size-l","29":"pa_size-m","30":"pa_size-s","31":"pa_size-xl","32":"desktop-align-center","33":"tablet-align-left","34":"mobile-align-left","35":"ast-product-gallery-layout-horizontal-slider","36":"ast-product-single-variable","37":"ast-product-tabs-layout-horizontal","38":"ast-qv-on-image","40":"first","41":"instock","42":"shipping-taxable","43":"purchasable","44":"product-type-variable"},"tiered_pricing_type":"fixed","tiered_pricing_fixed_rules":{"5":6.2,"50":5.6,"100":4.9},"tiered_pricing_product_settings":{"layout":"default","base_unit_name":{"singular":null,"plural":null},"default_variation":null},"tiered_pricing_minimum_quantity":null,"tiered_pricing_roles_data":[],"tiered_pricing_percentage_rules":[],"_links":{"self":[{"href":"https:\/\/yume-silm.com\/pt\/wp-json\/wp\/v2\/product\/9996","targetHints":{"allow":["GET"]}}],"collection":[{"href":"https:\/\/yume-silm.com\/pt\/wp-json\/wp\/v2\/product"}],"about":[{"href":"https:\/\/yume-silm.com\/pt\/wp-json\/wp\/v2\/types\/product"}],"replies":[{"embeddable":true,"href":"https:\/\/yume-silm.com\/pt\/wp-json\/wp\/v2\/comments?post=9996"}],"wp:featuredmedia":[{"embeddable":true,"href":"https:\/\/yume-silm.com\/pt\/wp-json\/wp\/v2\/media\/10001"}],"wp:attachment":[{"href":"https:\/\/yume-silm.com\/pt\/wp-json\/wp\/v2\/media?parent=9996"}],"wp:term":[{"taxonomy":"product_brand","embeddable":true,"href":"https:\/\/yume-silm.com\/pt\/wp-json\/wp\/v2\/product_brand?post=9996"},{"taxonomy":"product_cat","embeddable":true,"href":"https:\/\/yume-silm.com\/pt\/wp-json\/wp\/v2\/product_cat?post=9996"},{"taxonomy":"product_tag","embeddable":true,"href":"https:\/\/yume-silm.com\/pt\/wp-json\/wp\/v2\/product_tag?post=9996"}],"curies":[{"name":"wp","href":"https:\/\/api.w.org\/{rel}","templated":true}]}}